{"id":450,"date":"2025-09-12T16:58:30","date_gmt":"2025-09-12T14:58:30","guid":{"rendered":"https:\/\/pierredelune-sceaux.fr\/?page_id=450"},"modified":"2026-02-13T16:45:46","modified_gmt":"2026-02-13T15:45:46","slug":"cocon-de-flottaison","status":"publish","type":"page","link":"https:\/\/pierredelune-sceaux.fr\/index.php\/cocon-de-flottaison\/","title":{"rendered":"Cocon de flottaison"},"content":{"rendered":"\t\t<div data-elementor-type=\"wp-page\" data-elementor-id=\"450\" class=\"elementor elementor-450\">\n\t\t\t\t<div class=\"elementor-element elementor-element-3a8ced9 e-flex e-con-boxed e-con e-parent\" data-id=\"3a8ced9\" data-element_type=\"container\" data-e-type=\"container\">\n\t\t\t\t\t<div class=\"e-con-inner\">\n\t\t<div class=\"elementor-element elementor-element-da0484c e-con-full e-flex e-con e-child\" data-id=\"da0484c\" data-element_type=\"container\" data-e-type=\"container\">\n\t\t\t\t<div class=\"elementor-element elementor-element-c79e3f7 elementor-widget elementor-widget-heading\" data-id=\"c79e3f7\" data-element_type=\"widget\" data-e-type=\"widget\" data-widget_type=\"heading.default\">\n\t\t\t\t\t<h2 class=\"elementor-heading-title elementor-size-default\">Offrez-vous de la d\u00e9contraction en flottant dans le cocon !<\/h2>\t\t\t\t<\/div>\n\t\t\t\t<div class=\"elementor-element elementor-element-203a154 elementor-widget elementor-widget-text-editor\" data-id=\"203a154\" data-element_type=\"widget\" data-e-type=\"widget\" data-widget_type=\"text-editor.default\">\n\t\t\t\t\t\t\t\t\t<p>Allongez-vous dans un bain en forme de bulle diffusant les premi\u00e8res minutes une lumi\u00e8re douce et relaxante \u00e0 la surface de l&rsquo;eau. Cette lumi\u00e8re peut \u00eatre conserv\u00e9e durant tout le soin si vous le d\u00e9sirez.<\/p><p>Pr\u00e9conis\u00e9 contre le stress, les insomnies, les douleurs musculaires et articulaires.<\/p>\t\t\t\t\t\t\t\t<\/div>\n\t\t\t\t<\/div>\n\t\t<div class=\"elementor-element elementor-element-5978017 e-con-full e-flex e-con e-child\" data-id=\"5978017\" data-element_type=\"container\" data-e-type=\"container\">\n\t\t\t\t<\/div>\n\t\t<div class=\"elementor-element elementor-element-a544d04 e-con-full e-flex e-con e-child\" data-id=\"a544d04\" data-element_type=\"container\" data-e-type=\"container\">\n\t\t\t\t<div class=\"elementor-element elementor-element-a496841 elementor-widget elementor-widget-image\" data-id=\"a496841\" data-element_type=\"widget\" data-e-type=\"widget\" data-widget_type=\"image.default\">\n\t\t\t\t\t\t\t\t\t\t\t\t\t\t\t<img fetchpriority=\"high\" decoding=\"async\" width=\"1200\" height=\"700\" src=\"https:\/\/pierredelune-sceaux.fr\/wp-content\/uploads\/2025\/09\/CoconOPeche-e1757783257354-1200x700.jpg\" class=\"attachment-ocean-thumb-l size-ocean-thumb-l wp-image-1317\" alt=\"\" \/>\t\t\t\t\t\t\t\t\t\t\t\t\t\t\t<\/div>\n\t\t\t\t<\/div>\n\t\t<div class=\"elementor-element elementor-element-6c297b2 e-con-full e-flex e-con e-child\" data-id=\"6c297b2\" data-element_type=\"container\" data-e-type=\"container\">\n\t\t\t\t<div class=\"elementor-element elementor-element-a6a1ca9 elementor-widget elementor-widget-heading\" data-id=\"a6a1ca9\" data-element_type=\"widget\" data-e-type=\"widget\" data-widget_type=\"heading.default\">\n\t\t\t\t\t<h2 class=\"elementor-heading-title elementor-size-default\">Quel est son secret ?<\/h2>\t\t\t\t<\/div>\n\t\t\t\t<div class=\"elementor-element elementor-element-b0cc14f elementor-widget elementor-widget-text-editor\" data-id=\"b0cc14f\" data-element_type=\"widget\" data-e-type=\"widget\" data-widget_type=\"text-editor.default\">\n\t\t\t\t\t\t\t\t\t<p style=\"text-align: center;\">Un bain de 800 litres, compos\u00e9 de 550kg de sel d&rsquo;Epsom permettant de maintenir le corps en apesanteur !<\/p><p style=\"text-align: left;\">Cette concentration de sel d&rsquo;Epsom, permet de flotter sans souci ni effort tout en conservant le visage en dehors de l&rsquo;eau, procurant cette l\u00e9g\u00e8ret\u00e9. La flottaison a des b\u00e9n\u00e9fices tels que la relaxation profonde des muscles et articulations. Ce sel permet la remin\u00e9ralisation et d\u00e9toxification du corps, il a \u00e9galement des vertus cicatrisantes.<\/p>\t\t\t\t\t\t\t\t<\/div>\n\t\t\t\t<\/div>\n\t\t\t\t\t<\/div>\n\t\t\t\t<\/div>\n\t\t<div class=\"elementor-element elementor-element-19528b2 e-flex e-con-boxed e-con e-parent\" data-id=\"19528b2\" data-element_type=\"container\" data-e-type=\"container\">\n\t\t\t\t\t<div class=\"e-con-inner\">\n\t\t<div class=\"elementor-element elementor-element-89a4b12 e-con-full e-flex e-con e-child\" data-id=\"89a4b12\" data-element_type=\"container\" data-e-type=\"container\">\n\t\t\t\t<div class=\"elementor-element elementor-element-1f997f1 elementor-widget elementor-widget-heading\" data-id=\"1f997f1\" data-element_type=\"widget\" data-e-type=\"widget\" data-widget_type=\"heading.default\">\n\t\t\t\t\t<h2 class=\"elementor-heading-title elementor-size-default\">Les bienfaits du cocon<\/h2>\t\t\t\t<\/div>\n\t\t\t\t<div class=\"elementor-element elementor-element-f4b25f2 elementor-widget elementor-widget-text-editor\" data-id=\"f4b25f2\" data-element_type=\"widget\" data-e-type=\"widget\" data-widget_type=\"text-editor.default\">\n\t\t\t\t\t\t\t\t\t<p>\u2013 apaise les inflammations<br \/>\u2013 repositionne le corps<br \/>\u2013 am\u00e9liore la concentration<br \/>\u2013 am\u00e9liore le syst\u00e8me immunitaire<br \/>\u2013 diminue les risques des maladies cardio-vasculaires<br \/>\u2013 r\u00e9duit l&rsquo;anxi\u00e9t\u00e9, la peur, et la d\u00e9tresse (anti-d\u00e9presseur naturel)<\/p>\t\t\t\t\t\t\t\t<\/div>\n\t\t\t\t<\/div>\n\t\t<div class=\"elementor-element elementor-element-f01ab0c e-con-full e-flex e-con e-child\" data-id=\"f01ab0c\" data-element_type=\"container\" data-e-type=\"container\">\n\t\t\t\t<\/div>\n\t\t<div class=\"elementor-element elementor-element-99aea73 e-con-full e-flex e-con e-child\" data-id=\"99aea73\" data-element_type=\"container\" data-e-type=\"container\">\n\t\t\t\t<div class=\"elementor-element elementor-element-447a6da elementor-widget elementor-widget-image\" data-id=\"447a6da\" data-element_type=\"widget\" data-e-type=\"widget\" data-widget_type=\"image.default\">\n\t\t\t\t\t\t\t\t\t\t\t\t\t\t\t<img decoding=\"async\" width=\"600\" height=\"600\" src=\"https:\/\/pierredelune-sceaux.fr\/wp-content\/uploads\/2025\/09\/CoconFVert-600x600.jpg\" class=\"attachment-ocean-thumb-m size-ocean-thumb-m wp-image-1322\" alt=\"\" srcset=\"https:\/\/pierredelune-sceaux.fr\/wp-content\/uploads\/2025\/09\/CoconFVert-600x600.jpg 600w, https:\/\/pierredelune-sceaux.fr\/wp-content\/uploads\/2025\/09\/CoconFVert-300x300.jpg 300w, https:\/\/pierredelune-sceaux.fr\/wp-content\/uploads\/2025\/09\/CoconFVert-100x100.jpg 100w, https:\/\/pierredelune-sceaux.fr\/wp-content\/uploads\/2025\/09\/CoconFVert-150x150.jpg 150w\" sizes=\"(max-width: 600px) 100vw, 600px\" \/>\t\t\t\t\t\t\t\t\t\t\t\t\t\t\t<\/div>\n\t\t\t\t<\/div>\n\t\t<div class=\"elementor-element elementor-element-f077405 e-con-full e-flex e-con e-child\" data-id=\"f077405\" data-element_type=\"container\" data-e-type=\"container\">\n\t\t\t\t<div class=\"elementor-element elementor-element-0cebde1 elementor-widget elementor-widget-heading\" data-id=\"0cebde1\" data-element_type=\"widget\" data-e-type=\"widget\" data-widget_type=\"heading.default\">\n\t\t\t\t\t<h2 class=\"elementor-heading-title elementor-size-default\">La garantie d'une eau irr\u00e9prochable<\/h2>\t\t\t\t<\/div>\n\t\t\t\t<div class=\"elementor-element elementor-element-3dfc535 elementor-widget elementor-widget-text-editor\" data-id=\"3dfc535\" data-element_type=\"widget\" data-e-type=\"widget\" data-widget_type=\"text-editor.default\">\n\t\t\t\t\t\t\t\t\t<p>Tout d&rsquo;abord, la saturation de l&rsquo;eau du caisson en sel d&rsquo;Epsom (5 fois la concentration de la mer Morte, qui porte bien son nom!) a pour effet de tuer les micro-organismes.<\/p><p>De plus, en accord avec nos valeurs fondamentales, le caisson est \u00e9quip\u00e9 d&rsquo;un syst\u00e8me de filtration et de d\u00e9sinfection dont l&rsquo;efficacit\u00e9 est bien sup\u00e9rieure aux standards et normes d&rsquo;hygi\u00e8ne du secteur.<\/p><p style=\"text-align: center;\">En effet, apr\u00e8s chaque s\u00e9ance, l\u2019eau est filtr\u00e9e enti\u00e8rement 4 fois et b\u00e9n\u00e9ficie de<\/p><p style=\"text-align: left;\">\u2013 d\u00e9sinfections \u00e0 l&rsquo;Eau Oxyg\u00e9n\u00e9e (Peroxyde d\u2019Hydrog\u00e8ne, composant du gel hydroalcoolique), un puissant biocide naturel<br \/>\u2013 filtrations hyper fines (filtre d\u20191 micron = 75 fois plus fin qu\u2019un cheveu) qui permettent de retenir les micro-particules.<\/p>\t\t\t\t\t\t\t\t<\/div>\n\t\t\t\t<\/div>\n\t\t\t\t\t<\/div>\n\t\t\t\t<\/div>\n\t\t<div class=\"elementor-element elementor-element-5ccc319 e-flex e-con-boxed e-con e-parent\" data-id=\"5ccc319\" data-element_type=\"container\" data-e-type=\"container\">\n\t\t\t\t\t<div class=\"e-con-inner\">\n\t\t\t\t<div class=\"elementor-element elementor-element-eb24aa7 elementor-widget elementor-widget-heading\" data-id=\"eb24aa7\" data-element_type=\"widget\" data-e-type=\"widget\" data-widget_type=\"heading.default\">\n\t\t\t\t\t<h2 class=\"elementor-heading-title elementor-size-default\">Les contre-indications<\/h2>\t\t\t\t<\/div>\n\t\t\t\t\t<\/div>\n\t\t\t\t<\/div>\n\t\t<div class=\"elementor-element elementor-element-32436d0 e-flex e-con-boxed e-con e-parent\" data-id=\"32436d0\" data-element_type=\"container\" data-e-type=\"container\">\n\t\t\t\t\t<div class=\"e-con-inner\">\n\t\t<div class=\"elementor-element elementor-element-2cb9a5a e-con-full e-flex e-con e-child\" data-id=\"2cb9a5a\" data-element_type=\"container\" data-e-type=\"container\">\n\t\t\t\t<div class=\"elementor-element elementor-element-0360876 elementor-widget elementor-widget-text-editor\" data-id=\"0360876\" data-element_type=\"widget\" data-e-type=\"widget\" data-widget_type=\"text-editor.default\">\n\t\t\t\t\t\t\t\t\t<p>\u2013 Pr\u00e9-\u00e9clampsie<br \/>\u2013 Femme enceinte 1er trimestre<br \/>\u2013 Insuffisance r\u00e9nale<br \/>\u2013 Hypertension art\u00e9rielle non stabilis\u00e9e<br \/>\u2013 Coupures ou plaies ouvertes<br \/>\u2013 D\u00e9conseill\u00e9 aux jeunes filles n&rsquo;ayant pas eu leurs premi\u00e8res r\u00e8gles<\/p>\t\t\t\t\t\t\t\t<\/div>\n\t\t\t\t<\/div>\n\t\t<div class=\"elementor-element elementor-element-85898b3 e-con-full e-flex e-con e-child\" data-id=\"85898b3\" data-element_type=\"container\" data-e-type=\"container\">\n\t\t\t\t<div class=\"elementor-element elementor-element-0fa9a9d elementor-widget elementor-widget-text-editor\" data-id=\"0fa9a9d\" data-element_type=\"widget\" data-e-type=\"widget\" data-widget_type=\"text-editor.default\">\n\t\t\t\t\t\t\t\t\t<p>\u2013 \u00c9pilepsie ou attaques psychotiques (si pas stabilis\u00e9)<br \/>\u2013 Manque de mobilit\u00e9 personnelle<br \/>\u2013 Maladies de peau (psoriasis, ecz\u00e9ma\u2026) n\u2019interdisent pas la flottaison (\u00e0 condition qu\u2019elles<br \/>ne soient pas contagieuses et que l\u2019\u00e9piderme<br \/>ne soit pas \u00e0 vif)<\/p>\t\t\t\t\t\t\t\t<\/div>\n\t\t\t\t<\/div>\n\t\t<div class=\"elementor-element elementor-element-e7b6be9 e-con-full e-flex e-con e-child\" data-id=\"e7b6be9\" data-element_type=\"container\" data-e-type=\"container\">\n\t\t\t\t<div class=\"elementor-element elementor-element-2fee82a elementor-widget elementor-widget-text-editor\" data-id=\"2fee82a\" data-element_type=\"widget\" data-e-type=\"widget\" data-widget_type=\"text-editor.default\">\n\t\t\t\t\t\t\t\t\t<p>\u2013 Incontinence<br \/>\u2013 Naus\u00e9es<br \/>\u2013 Maladie cardiaque grave ou stimulateur cardiaque<br \/>\u2013 Sous influence de drogues, alcool ou substances ill\u00e9gales<br \/><span style=\"font-family: Roboto, sans-serif; font-size: 14px; font-style: normal; font-variant-ligatures: normal; font-variant-caps: normal; font-weight: 400;\">\u2013 Infections de l&rsquo;oreille ou ant\u00e9c\u00e9dents d&rsquo;infections de l&rsquo;oreille<\/span><\/p>\t\t\t\t\t\t\t\t<\/div>\n\t\t\t\t<\/div>\n\t\t\t\t\t<\/div>\n\t\t\t\t<\/div>\n\t\t<div class=\"elementor-element elementor-element-a05b295 e-flex e-con-boxed e-con e-parent\" data-id=\"a05b295\" data-element_type=\"container\" data-e-type=\"container\">\n\t\t\t\t\t<div class=\"e-con-inner\">\n\t\t<div class=\"elementor-element elementor-element-06ebac9 e-con-full e-flex e-con e-child\" data-id=\"06ebac9\" data-element_type=\"container\" data-e-type=\"container\">\n\t\t\t\t<div class=\"elementor-element elementor-element-8faf33d elementor-widget elementor-widget-button\" data-id=\"8faf33d\" data-element_type=\"widget\" data-e-type=\"widget\" data-widget_type=\"button.default\">\n\t\t\t\t\t\t\t\t\t\t<a class=\"elementor-button elementor-button-link elementor-size-sm elementor-animation-grow\" href=\"https:\/\/pierredelune-sceaux.fr\/index.php\/prestations\/\">\n\t\t\t\t\t\t<span class=\"elementor-button-content-wrapper\">\n\t\t\t\t\t\t\t\t\t<span class=\"elementor-button-text\">Menu prestations<\/span>\n\t\t\t\t\t<\/span>\n\t\t\t\t\t<\/a>\n\t\t\t\t\t\t\t\t<\/div>\n\t\t\t\t<\/div>\n\t\t\t\t\t<\/div>\n\t\t\t\t<\/div>\n\t\t<div class=\"elementor-element elementor-element-f60e270 e-flex e-con-boxed e-con e-parent\" data-id=\"f60e270\" data-element_type=\"container\" data-e-type=\"container\">\n\t\t\t\t\t<div class=\"e-con-inner\">\n\t\t\t\t<div class=\"elementor-element elementor-element-b13ac2c elementor-pagination-position-outside elementor-widget elementor-widget-image-carousel\" data-id=\"b13ac2c\" data-element_type=\"widget\" data-e-type=\"widget\" data-settings=\"{&quot;slides_to_show&quot;:&quot;4&quot;,&quot;navigation&quot;:&quot;dots&quot;,&quot;autoplay_speed&quot;:900000,&quot;slides_to_scroll&quot;:&quot;1&quot;,&quot;autoplay&quot;:&quot;yes&quot;,&quot;pause_on_interaction&quot;:&quot;yes&quot;,&quot;infinite&quot;:&quot;yes&quot;,&quot;speed&quot;:500}\" data-widget_type=\"image-carousel.default\">\n\t\t\t\t\t\t\t<div class=\"elementor-image-carousel-wrapper swiper\" role=\"region\" aria-roledescription=\"carousel\" aria-label=\"Carrousel d\u2019images\" dir=\"ltr\">\n\t\t\t<div class=\"elementor-image-carousel swiper-wrapper\" aria-live=\"off\">\n\t\t\t\t\t\t\t\t<div class=\"swiper-slide\" role=\"group\" aria-roledescription=\"slide\" aria-label=\"1 sur 11\"><figure class=\"swiper-slide-inner\"><img decoding=\"async\" class=\"swiper-slide-image\" src=\"https:\/\/pierredelune-sceaux.fr\/wp-content\/uploads\/2025\/09\/CoconOPeche-e1757783257354-600x600.jpg\" alt=\"CoconOPeche\" \/><\/figure><\/div><div class=\"swiper-slide\" role=\"group\" aria-roledescription=\"slide\" aria-label=\"2 sur 11\"><figure class=\"swiper-slide-inner\"><img decoding=\"async\" class=\"swiper-slide-image\" src=\"https:\/\/pierredelune-sceaux.fr\/wp-content\/uploads\/2025\/09\/CoconOBlanc-600x600.jpg\" alt=\"CoconOBlanc\" \/><\/figure><\/div><div class=\"swiper-slide\" role=\"group\" aria-roledescription=\"slide\" aria-label=\"3 sur 11\"><figure class=\"swiper-slide-inner\"><img decoding=\"async\" class=\"swiper-slide-image\" src=\"https:\/\/pierredelune-sceaux.fr\/wp-content\/uploads\/2025\/09\/CoconOVertClair-600x600.jpg\" alt=\"CoconOVertClair\" \/><\/figure><\/div><div class=\"swiper-slide\" role=\"group\" aria-roledescription=\"slide\" aria-label=\"4 sur 11\"><figure class=\"swiper-slide-inner\"><img decoding=\"async\" class=\"swiper-slide-image\" src=\"https:\/\/pierredelune-sceaux.fr\/wp-content\/uploads\/2025\/09\/CoconOVert-600x600.jpg\" alt=\"CoconOVert\" \/><\/figure><\/div><div class=\"swiper-slide\" role=\"group\" aria-roledescription=\"slide\" aria-label=\"5 sur 11\"><figure class=\"swiper-slide-inner\"><img decoding=\"async\" class=\"swiper-slide-image\" src=\"https:\/\/pierredelune-sceaux.fr\/wp-content\/uploads\/2025\/09\/CoconOBleu-600x600.jpg\" alt=\"CoconOBleu\" \/><\/figure><\/div><div class=\"swiper-slide\" role=\"group\" aria-roledescription=\"slide\" aria-label=\"6 sur 11\"><figure class=\"swiper-slide-inner\"><img decoding=\"async\" class=\"swiper-slide-image\" src=\"https:\/\/pierredelune-sceaux.fr\/wp-content\/uploads\/2025\/09\/CoconORouge-600x600.jpg\" alt=\"CoconORouge\" \/><\/figure><\/div><div class=\"swiper-slide\" role=\"group\" aria-roledescription=\"slide\" aria-label=\"7 sur 11\"><figure class=\"swiper-slide-inner\"><img decoding=\"async\" class=\"swiper-slide-image\" src=\"https:\/\/pierredelune-sceaux.fr\/wp-content\/uploads\/2025\/09\/CoconFOrange-600x600.jpg\" alt=\"CoconFOrange\" \/><\/figure><\/div><div class=\"swiper-slide\" role=\"group\" aria-roledescription=\"slide\" aria-label=\"8 sur 11\"><figure class=\"swiper-slide-inner\"><img decoding=\"async\" class=\"swiper-slide-image\" src=\"https:\/\/pierredelune-sceaux.fr\/wp-content\/uploads\/2025\/09\/CoconFRosePale-600x600.jpg\" alt=\"CoconFRosePale\" \/><\/figure><\/div><div class=\"swiper-slide\" role=\"group\" aria-roledescription=\"slide\" aria-label=\"9 sur 11\"><figure class=\"swiper-slide-inner\"><img decoding=\"async\" class=\"swiper-slide-image\" src=\"https:\/\/pierredelune-sceaux.fr\/wp-content\/uploads\/2025\/09\/CoconFVertClair-600x600.jpg\" alt=\"CoconFVertClair\" \/><\/figure><\/div><div class=\"swiper-slide\" role=\"group\" aria-roledescription=\"slide\" aria-label=\"10 sur 11\"><figure class=\"swiper-slide-inner\"><img decoding=\"async\" class=\"swiper-slide-image\" src=\"https:\/\/pierredelune-sceaux.fr\/wp-content\/uploads\/2025\/09\/CoconFVert-600x600.jpg\" alt=\"CoconFVert\" \/><\/figure><\/div><div class=\"swiper-slide\" role=\"group\" aria-roledescription=\"slide\" aria-label=\"11 sur 11\"><figure class=\"swiper-slide-inner\"><img decoding=\"async\" class=\"swiper-slide-image\" src=\"https:\/\/pierredelune-sceaux.fr\/wp-content\/uploads\/2025\/09\/CoconFRouge-600x600.jpg\" alt=\"\" \/><\/figure><\/div>\t\t\t<\/div>\n\t\t\t\t\t\t\t\n\t\t\t\t\t\t\t\t\t<div class=\"swiper-pagination\"><\/div>\n\t\t\t\t\t\t\t\t\t<\/div>\n\t\t\t\t\t\t<\/div>\n\t\t\t\t\t<\/div>\n\t\t\t\t<\/div>\n\t\t\t\t<\/div>\n\t\t","protected":false},"excerpt":{"rendered":"<p>Offrez-vous de la d\u00e9contraction en flottant dans le cocon ! Allongez-vous dans un bain en forme de bulle diffusant les premi\u00e8res minutes une lumi\u00e8re douce et relaxante \u00e0 la surface de l&rsquo;eau. Cette lumi\u00e8re peut \u00eatre conserv\u00e9e durant tout le soin si vous le d\u00e9sirez. Pr\u00e9conis\u00e9 contre le stress, les insomnies, les douleurs musculaires et [&hellip;]<\/p>\n","protected":false},"author":1,"featured_media":0,"parent":0,"menu_order":0,"comment_status":"closed","ping_status":"closed","template":"elementor_header_footer","meta":{"ocean_post_layout":"","ocean_both_sidebars_style":"","ocean_both_sidebars_content_width":0,"ocean_both_sidebars_sidebars_width":0,"ocean_sidebar":"","ocean_second_sidebar":"","ocean_disable_margins":"enable","ocean_add_body_class":"","ocean_shortcode_before_top_bar":"","ocean_shortcode_after_top_bar":"","ocean_shortcode_before_header":"","ocean_shortcode_after_header":"","ocean_has_shortcode":"","ocean_shortcode_after_title":"","ocean_shortcode_before_footer_widgets":"","ocean_shortcode_after_footer_widgets":"","ocean_shortcode_before_footer_bottom":"","ocean_shortcode_after_footer_bottom":"","ocean_display_top_bar":"default","ocean_display_header":"default","ocean_header_style":"","ocean_center_header_left_menu":"","ocean_custom_header_template":"","ocean_custom_logo":0,"ocean_custom_retina_logo":0,"ocean_custom_logo_max_width":0,"ocean_custom_logo_tablet_max_width":0,"ocean_custom_logo_mobile_max_width":0,"ocean_custom_logo_max_height":0,"ocean_custom_logo_tablet_max_height":0,"ocean_custom_logo_mobile_max_height":0,"ocean_header_custom_menu":"","ocean_menu_typo_font_family":"","ocean_menu_typo_font_subset":"","ocean_menu_typo_font_size":0,"ocean_menu_typo_font_size_tablet":0,"ocean_menu_typo_font_size_mobile":0,"ocean_menu_typo_font_size_unit":"px","ocean_menu_typo_font_weight":"","ocean_menu_typo_font_weight_tablet":"","ocean_menu_typo_font_weight_mobile":"","ocean_menu_typo_transform":"","ocean_menu_typo_transform_tablet":"","ocean_menu_typo_transform_mobile":"","ocean_menu_typo_line_height":0,"ocean_menu_typo_line_height_tablet":0,"ocean_menu_typo_line_height_mobile":0,"ocean_menu_typo_line_height_unit":"","ocean_menu_typo_spacing":0,"ocean_menu_typo_spacing_tablet":0,"ocean_menu_typo_spacing_mobile":0,"ocean_menu_typo_spacing_unit":"","ocean_menu_link_color":"","ocean_menu_link_color_hover":"","ocean_menu_link_color_active":"","ocean_menu_link_background":"","ocean_menu_link_hover_background":"","ocean_menu_link_active_background":"","ocean_menu_social_links_bg":"","ocean_menu_social_hover_links_bg":"","ocean_menu_social_links_color":"","ocean_menu_social_hover_links_color":"","ocean_disable_title":"default","ocean_disable_heading":"default","ocean_post_title":"","ocean_post_subheading":"","ocean_post_title_style":"","ocean_post_title_background_color":"","ocean_post_title_background":0,"ocean_post_title_bg_image_position":"","ocean_post_title_bg_image_attachment":"","ocean_post_title_bg_image_repeat":"","ocean_post_title_bg_image_size":"","ocean_post_title_height":0,"ocean_post_title_bg_overlay":0.5,"ocean_post_title_bg_overlay_color":"","ocean_disable_breadcrumbs":"default","ocean_breadcrumbs_color":"","ocean_breadcrumbs_separator_color":"","ocean_breadcrumbs_links_color":"","ocean_breadcrumbs_links_hover_color":"","ocean_display_footer_widgets":"default","ocean_display_footer_bottom":"default","ocean_custom_footer_template":"","footnotes":""},"class_list":["post-450","page","type-page","status-publish","hentry","entry","owp-thumbs-layout-horizontal","owp-btn-normal","owp-tabs-layout-horizontal","has-no-thumbnails","has-product-nav"],"_links":{"self":[{"href":"https:\/\/pierredelune-sceaux.fr\/index.php\/wp-json\/wp\/v2\/pages\/450","targetHints":{"allow":["GET"]}}],"collection":[{"href":"https:\/\/pierredelune-sceaux.fr\/index.php\/wp-json\/wp\/v2\/pages"}],"about":[{"href":"https:\/\/pierredelune-sceaux.fr\/index.php\/wp-json\/wp\/v2\/types\/page"}],"author":[{"embeddable":true,"href":"https:\/\/pierredelune-sceaux.fr\/index.php\/wp-json\/wp\/v2\/users\/1"}],"replies":[{"embeddable":true,"href":"https:\/\/pierredelune-sceaux.fr\/index.php\/wp-json\/wp\/v2\/comments?post=450"}],"version-history":[{"count":181,"href":"https:\/\/pierredelune-sceaux.fr\/index.php\/wp-json\/wp\/v2\/pages\/450\/revisions"}],"predecessor-version":[{"id":2543,"href":"https:\/\/pierredelune-sceaux.fr\/index.php\/wp-json\/wp\/v2\/pages\/450\/revisions\/2543"}],"wp:attachment":[{"href":"https:\/\/pierredelune-sceaux.fr\/index.php\/wp-json\/wp\/v2\/media?parent=450"}],"curies":[{"name":"wp","href":"https:\/\/api.w.org\/{rel}","templated":true}]}}