{"id":468,"date":"2025-09-12T17:00:58","date_gmt":"2025-09-12T15:00:58","guid":{"rendered":"https:\/\/pierredelune-sceaux.fr\/?page_id=468"},"modified":"2026-02-13T17:10:15","modified_gmt":"2026-02-13T16:10:15","slug":"e-sculpt","status":"publish","type":"page","link":"https:\/\/pierredelune-sceaux.fr\/index.php\/e-sculpt\/","title":{"rendered":"E.Sculpt"},"content":{"rendered":"\t\t<div data-elementor-type=\"wp-page\" data-elementor-id=\"468\" class=\"elementor elementor-468\">\n\t\t\t\t<div class=\"elementor-element elementor-element-5f2aaef e-flex e-con-boxed e-con e-parent\" data-id=\"5f2aaef\" data-element_type=\"container\" data-e-type=\"container\">\n\t\t\t\t\t<div class=\"e-con-inner\">\n\t\t<div class=\"elementor-element elementor-element-73565e9 e-con-full e-flex e-con e-child\" data-id=\"73565e9\" data-element_type=\"container\" data-e-type=\"container\">\n\t\t\t\t<div class=\"elementor-element elementor-element-21869e1 elementor-widget elementor-widget-heading\" data-id=\"21869e1\" data-element_type=\"widget\" data-e-type=\"widget\" data-widget_type=\"heading.default\">\n\t\t\t\t\t<h2 class=\"elementor-heading-title elementor-size-default\">Venez d\u00e9couvrir l'appareil permettant l'amincissement de la silhouette\net le renforcement des muscles !<\/h2>\t\t\t\t<\/div>\n\t\t\t\t<div class=\"elementor-element elementor-element-ddb0c71 elementor-widget elementor-widget-text-editor\" data-id=\"ddb0c71\" data-element_type=\"widget\" data-e-type=\"widget\" data-widget_type=\"text-editor.default\">\n\t\t\t\t\t\t\t\t\t<p>Premi\u00e8re et seule technique au monde permettant de d\u00e9velopper la musculature et de r\u00e9duire la masse graisseuse de mani\u00e8re non invasive. Technique agr\u00e9\u00e9e par la FDA dont 7 \u00e9tudes cliniques publi\u00e9es.<\/p><p>Bas\u00e9e sur l\u2019\u00c9nergie \u00c9lectromagn\u00e9tique focalis\u00e9e de haute intensit\u00e9, dont le principe repose sur un \u00e9lectromagn\u00e9tisme cibl\u00e9 \u00e0 haute intensit\u00e9. Elle permet d\u2019atteindre 20 000 contractions musculaires,<\/p><p style=\"text-align: center;\">\u2013 soit 20000 squats ou crunchs, en 30 minutes, non atteignables volontairement \u2013<\/p>\t\t\t\t\t\t\t\t<\/div>\n\t\t\t\t<\/div>\n\t\t<div class=\"elementor-element elementor-element-6212633 e-con-full e-flex e-con e-child\" data-id=\"6212633\" data-element_type=\"container\" data-e-type=\"container\">\n\t\t\t\t<div class=\"elementor-element elementor-element-1119889 elementor-widget elementor-widget-image\" data-id=\"1119889\" data-element_type=\"widget\" data-e-type=\"widget\" data-widget_type=\"image.default\">\n\t\t\t\t\t\t\t\t\t\t\t\t\t\t\t<img fetchpriority=\"high\" decoding=\"async\" width=\"600\" height=\"600\" src=\"https:\/\/pierredelune-sceaux.fr\/wp-content\/uploads\/2025\/09\/PXL_20250912_074042583-1-600x600.jpg\" class=\"attachment-ocean-thumb-m size-ocean-thumb-m wp-image-1436\" alt=\"\" srcset=\"https:\/\/pierredelune-sceaux.fr\/wp-content\/uploads\/2025\/09\/PXL_20250912_074042583-1-600x600.jpg 600w, https:\/\/pierredelune-sceaux.fr\/wp-content\/uploads\/2025\/09\/PXL_20250912_074042583-1-300x300.jpg 300w, https:\/\/pierredelune-sceaux.fr\/wp-content\/uploads\/2025\/09\/PXL_20250912_074042583-1-100x100.jpg 100w, https:\/\/pierredelune-sceaux.fr\/wp-content\/uploads\/2025\/09\/PXL_20250912_074042583-1-150x150.jpg 150w\" sizes=\"(max-width: 600px) 100vw, 600px\" \/>\t\t\t\t\t\t\t\t\t\t\t\t\t\t\t<\/div>\n\t\t\t\t<\/div>\n\t\t<div class=\"elementor-element elementor-element-63ebe7b e-con-full e-flex e-con e-child\" data-id=\"63ebe7b\" data-element_type=\"container\" data-e-type=\"container\">\n\t\t\t\t<\/div>\n\t\t<div class=\"elementor-element elementor-element-753eb8e e-con-full e-flex e-con e-child\" data-id=\"753eb8e\" data-element_type=\"container\" data-e-type=\"container\">\n\t\t\t\t<div class=\"elementor-element elementor-element-39492a5 elementor-widget elementor-widget-heading\" data-id=\"39492a5\" data-element_type=\"widget\" data-e-type=\"widget\" data-widget_type=\"heading.default\">\n\t\t\t\t\t<h2 class=\"elementor-heading-title elementor-size-default\">Comment fonctionne-t-il ?<\/h2>\t\t\t\t<\/div>\n\t\t\t\t<div class=\"elementor-element elementor-element-b79c33f elementor-widget elementor-widget-text-editor\" data-id=\"b79c33f\" data-element_type=\"widget\" data-e-type=\"widget\" data-widget_type=\"text-editor.default\">\n\t\t\t\t\t\t\t\t\t<p>Le E.Sculpt provoque des contractions des muscles extr\u00eames jusqu\u2019\u00e0 1000 fois en quelques secondes, en ciblant la perte de graisse dans la r\u00e9gion du muscle.<\/p><p>Au cours de ces pulsations intenses, les muscles lib\u00e8rent des signaux aux cellules adipeuses les poussant \u00e0 se d\u00e9composer et \u00e0 se transformer en acides gras libres. L\u2019abondance en acides gras entra\u00eene la destruction des cellules et leur \u00e9limination progressive par voies naturelles. Les muscles, quant \u00e0 eux, subissent des modifications cellulaires associ\u00e9s \u00e0 un \u00e9paississement et un renforcement du tissu musculaire de la zone trait\u00e9e.<\/p><p>Il assure ainsi un remodelage corporel non invasif \u2013 comparable \u00e0 6 mois d\u2019entra\u00eenements physiques intensifs avec un r\u00e9gime alimentaire \u2013 Contrairement aux autres techniques m\u00e9dico-esth\u00e9tiques actuelles d\u2019amincissement, le E.Sculpt favorise le gain de muscles et pas seulement la perte de graisse sous-cutan\u00e9e comme la cryolipolyse.<\/p>\t\t\t\t\t\t\t\t<\/div>\n\t\t\t\t<\/div>\n\t\t\t\t\t<\/div>\n\t\t\t\t<\/div>\n\t\t<div class=\"elementor-element elementor-element-a6dc634 e-flex e-con-boxed e-con e-parent\" data-id=\"a6dc634\" data-element_type=\"container\" data-e-type=\"container\">\n\t\t\t\t\t<div class=\"e-con-inner\">\n\t\t<div class=\"elementor-element elementor-element-3e736e5 e-con-full e-flex e-con e-child\" data-id=\"3e736e5\" data-element_type=\"container\" data-e-type=\"container\">\n\t\t\t\t<div class=\"elementor-element elementor-element-2186eb7 elementor-widget elementor-widget-heading\" data-id=\"2186eb7\" data-element_type=\"widget\" data-e-type=\"widget\" data-widget_type=\"heading.default\">\n\t\t\t\t\t<h2 class=\"elementor-heading-title elementor-size-default\">Les avantages<\/h2>\t\t\t\t<\/div>\n\t\t\t\t<div class=\"elementor-element elementor-element-fd16d5c elementor-widget elementor-widget-text-editor\" data-id=\"fd16d5c\" data-element_type=\"widget\" data-e-type=\"widget\" data-widget_type=\"text-editor.default\">\n\t\t\t\t\t\t\t\t\t<p>\u2013 des r\u00e9sultats d\u00e8s la 1\u00e8re s\u00e9ance<br \/>\u2013 la s\u00e9ance d\u00e9veloppe la musculature en sculptant la silhouette en 4 s\u00e9ances, on observe :<\/p><p style=\"text-align: center;\">&#8211; 19% de masse graisseuse<br \/>+ 16% de masse musculaire<\/p>\t\t\t\t\t\t\t\t<\/div>\n\t\t\t\t<\/div>\n\t\t<div class=\"elementor-element elementor-element-6d460f6 e-con-full e-flex e-con e-child\" data-id=\"6d460f6\" data-element_type=\"container\" data-e-type=\"container\">\n\t\t\t\t<\/div>\n\t\t<div class=\"elementor-element elementor-element-dd09769 e-con-full e-flex e-con e-child\" data-id=\"dd09769\" data-element_type=\"container\" data-e-type=\"container\">\n\t\t\t\t<div class=\"elementor-element elementor-element-fd36b88 elementor-widget elementor-widget-image\" data-id=\"fd36b88\" data-element_type=\"widget\" data-e-type=\"widget\" data-widget_type=\"image.default\">\n\t\t\t\t\t\t\t\t\t\t\t\t\t\t\t<img decoding=\"async\" width=\"600\" height=\"600\" src=\"https:\/\/pierredelune-sceaux.fr\/wp-content\/uploads\/2025\/09\/PXL_20250912_073914225-2-600x600.jpg\" class=\"attachment-ocean-thumb-m size-ocean-thumb-m wp-image-1437\" alt=\"\" srcset=\"https:\/\/pierredelune-sceaux.fr\/wp-content\/uploads\/2025\/09\/PXL_20250912_073914225-2-600x600.jpg 600w, https:\/\/pierredelune-sceaux.fr\/wp-content\/uploads\/2025\/09\/PXL_20250912_073914225-2-300x300.jpg 300w, https:\/\/pierredelune-sceaux.fr\/wp-content\/uploads\/2025\/09\/PXL_20250912_073914225-2-100x100.jpg 100w, https:\/\/pierredelune-sceaux.fr\/wp-content\/uploads\/2025\/09\/PXL_20250912_073914225-2-150x150.jpg 150w\" sizes=\"(max-width: 600px) 100vw, 600px\" \/>\t\t\t\t\t\t\t\t\t\t\t\t\t\t\t<\/div>\n\t\t\t\t<\/div>\n\t\t<div class=\"elementor-element elementor-element-c2f3cee e-con-full e-flex e-con e-child\" data-id=\"c2f3cee\" data-element_type=\"container\" data-e-type=\"container\">\n\t\t\t\t<div class=\"elementor-element elementor-element-eca6a9e elementor-widget elementor-widget-heading\" data-id=\"eca6a9e\" data-element_type=\"widget\" data-e-type=\"widget\" data-widget_type=\"heading.default\">\n\t\t\t\t\t<h2 class=\"elementor-heading-title elementor-size-default\">Pour qui ?<\/h2>\t\t\t\t<\/div>\n\t\t\t\t<div class=\"elementor-element elementor-element-5f0e50e elementor-widget elementor-widget-text-editor\" data-id=\"5f0e50e\" data-element_type=\"widget\" data-e-type=\"widget\" data-widget_type=\"text-editor.default\">\n\t\t\t\t\t\t\t\t\t<p style=\"text-align: center;\">Vous d\u00e9sirez raffermir vos fesses ? \u00c9liminer vos bourrelets graisseux ?<br \/>Am\u00e9liorer votre tonicit\u00e9 musculaire (notamment au niveau de l\u2019abdomen, des fesses, et des cuisses\u2026) ?<\/p><p>Cette machine permet \u00e9galement de galber le bas des fesses, seul cet appareil peut travailler sur cette zone, intraitable par injections.<\/p><p>La technique qu&rsquo;elle utilise permet l\u2019am\u00e9lioration du tonus abdominal, le renforcement des muscles abdominaux, le d\u00e9veloppement d\u2019un abdomen plus ferme, ainsi que le renforcement, la tonification et le raffermissement des fesses, des quadriceps et des bras.<\/p><p style=\"text-align: center;\">Sculpter son corps sans effort en conservant une ligne harmonieuse sur toute la silhouette est destin\u00e9 \u00e0 <span style=\"color: #cc99ff;\">tous et toutes<\/span> (sauf contre-indications).<\/p>\t\t\t\t\t\t\t\t<\/div>\n\t\t\t\t<\/div>\n\t\t\t\t\t<\/div>\n\t\t\t\t<\/div>\n\t\t<div class=\"elementor-element elementor-element-5c524da e-flex e-con-boxed e-con e-parent\" data-id=\"5c524da\" data-element_type=\"container\" data-e-type=\"container\">\n\t\t\t\t\t<div class=\"e-con-inner\">\n\t\t<div class=\"elementor-element elementor-element-668ab06 e-con-full e-flex e-con e-child\" data-id=\"668ab06\" data-element_type=\"container\" data-e-type=\"container\">\n\t\t<div class=\"elementor-element elementor-element-eb130bd e-con-full e-flex e-con e-child\" data-id=\"eb130bd\" data-element_type=\"container\" data-e-type=\"container\">\n\t\t\t\t<div class=\"elementor-element elementor-element-3a5663f elementor-widget elementor-widget-heading\" data-id=\"3a5663f\" data-element_type=\"widget\" data-e-type=\"widget\" data-widget_type=\"heading.default\">\n\t\t\t\t\t<h2 class=\"elementor-heading-title elementor-size-default\">Les contre-indications<\/h2>\t\t\t\t<\/div>\n\t\t\t\t<div class=\"elementor-element elementor-element-8cd4e9b elementor-widget elementor-widget-text-editor\" data-id=\"8cd4e9b\" data-element_type=\"widget\" data-e-type=\"widget\" data-widget_type=\"text-editor.default\">\n\t\t\t\t\t\t\t\t\t<p>\u2013 personnes porteuses de pacemakers<\/p><p>\u2013 personnes ayant implants m\u00e9talliques<\/p><p>\u2013 les femmes enceintes<\/p>\t\t\t\t\t\t\t\t<\/div>\n\t\t\t\t<\/div>\n\t\t\t\t<\/div>\n\t\t<div class=\"elementor-element elementor-element-bb69bd0 e-con-full e-flex e-con e-child\" data-id=\"bb69bd0\" data-element_type=\"container\" data-e-type=\"container\">\n\t\t\t\t<\/div>\n\t\t\t\t\t<\/div>\n\t\t\t\t<\/div>\n\t\t<div class=\"elementor-element elementor-element-1c41ef3 e-flex e-con-boxed e-con e-parent\" data-id=\"1c41ef3\" data-element_type=\"container\" data-e-type=\"container\">\n\t\t\t\t\t<div class=\"e-con-inner\">\n\t\t<div class=\"elementor-element elementor-element-6bc114a e-con-full e-flex e-con e-child\" data-id=\"6bc114a\" data-element_type=\"container\" data-e-type=\"container\">\n\t\t\t\t<div class=\"elementor-element elementor-element-ee54967 elementor-widget elementor-widget-button\" data-id=\"ee54967\" data-element_type=\"widget\" data-e-type=\"widget\" data-widget_type=\"button.default\">\n\t\t\t\t\t\t\t\t\t\t<a class=\"elementor-button elementor-button-link elementor-size-sm elementor-animation-grow\" href=\"https:\/\/pierredelune-sceaux.fr\/index.php\/prestations\/\">\n\t\t\t\t\t\t<span class=\"elementor-button-content-wrapper\">\n\t\t\t\t\t\t\t\t\t<span class=\"elementor-button-text\">Menu prestations<\/span>\n\t\t\t\t\t<\/span>\n\t\t\t\t\t<\/a>\n\t\t\t\t\t\t\t\t<\/div>\n\t\t\t\t<\/div>\n\t\t\t\t\t<\/div>\n\t\t\t\t<\/div>\n\t\t<div class=\"elementor-element elementor-element-1e0e89f e-flex e-con-boxed e-con e-parent\" data-id=\"1e0e89f\" data-element_type=\"container\" data-e-type=\"container\">\n\t\t\t\t\t<div class=\"e-con-inner\">\n\t\t\t\t\t<\/div>\n\t\t\t\t<\/div>\n\t\t<div class=\"elementor-element elementor-element-42eaf2f e-flex e-con-boxed e-con e-parent\" data-id=\"42eaf2f\" data-element_type=\"container\" data-e-type=\"container\">\n\t\t\t\t\t<div class=\"e-con-inner\">\n\t\t\t\t<div class=\"elementor-element elementor-element-92afcde elementor-pagination-position-outside elementor-widget elementor-widget-image-carousel\" data-id=\"92afcde\" data-element_type=\"widget\" data-e-type=\"widget\" data-settings=\"{&quot;slides_to_show&quot;:&quot;4&quot;,&quot;navigation&quot;:&quot;dots&quot;,&quot;autoplay_speed&quot;:9000,&quot;autoplay&quot;:&quot;yes&quot;,&quot;pause_on_interaction&quot;:&quot;yes&quot;,&quot;infinite&quot;:&quot;yes&quot;,&quot;speed&quot;:500}\" data-widget_type=\"image-carousel.default\">\n\t\t\t\t\t\t\t<div class=\"elementor-image-carousel-wrapper swiper\" role=\"region\" aria-roledescription=\"carousel\" aria-label=\"Carrousel d\u2019images\" dir=\"ltr\">\n\t\t\t<div class=\"elementor-image-carousel swiper-wrapper\" aria-live=\"off\">\n\t\t\t\t\t\t\t\t<div class=\"swiper-slide\" role=\"group\" aria-roledescription=\"slide\" aria-label=\"1 sur 6\"><figure class=\"swiper-slide-inner\"><img decoding=\"async\" class=\"swiper-slide-image\" src=\"https:\/\/pierredelune-sceaux.fr\/wp-content\/uploads\/2025\/09\/PXL_20250912_073914225-2-600x600.jpg\" alt=\"\" \/><\/figure><\/div><div class=\"swiper-slide\" role=\"group\" aria-roledescription=\"slide\" aria-label=\"2 sur 6\"><figure class=\"swiper-slide-inner\"><img decoding=\"async\" class=\"swiper-slide-image\" src=\"https:\/\/pierredelune-sceaux.fr\/wp-content\/uploads\/2025\/09\/PXL_20250912_074204336-600x600.jpg\" alt=\"PXL_20250912_074204336\" \/><\/figure><\/div><div class=\"swiper-slide\" role=\"group\" aria-roledescription=\"slide\" aria-label=\"3 sur 6\"><figure class=\"swiper-slide-inner\"><img decoding=\"async\" class=\"swiper-slide-image\" src=\"https:\/\/pierredelune-sceaux.fr\/wp-content\/uploads\/2025\/09\/PXL_20250912_080612699-600x600.jpg\" alt=\"PXL_20250912_080612699\" \/><\/figure><\/div><div class=\"swiper-slide\" role=\"group\" aria-roledescription=\"slide\" aria-label=\"4 sur 6\"><figure class=\"swiper-slide-inner\"><img decoding=\"async\" class=\"swiper-slide-image\" src=\"https:\/\/pierredelune-sceaux.fr\/wp-content\/uploads\/2025\/09\/PXL_20250912_080559026-600x600.jpg\" alt=\"\" \/><\/figure><\/div><div class=\"swiper-slide\" role=\"group\" aria-roledescription=\"slide\" aria-label=\"5 sur 6\"><figure class=\"swiper-slide-inner\"><img decoding=\"async\" class=\"swiper-slide-image\" src=\"https:\/\/pierredelune-sceaux.fr\/wp-content\/uploads\/2025\/09\/PXL_20250912_080520693-600x600.jpg\" alt=\"PXL_20250912_080520693\" \/><\/figure><\/div><div class=\"swiper-slide\" role=\"group\" aria-roledescription=\"slide\" aria-label=\"6 sur 6\"><figure class=\"swiper-slide-inner\"><img decoding=\"async\" class=\"swiper-slide-image\" src=\"https:\/\/pierredelune-sceaux.fr\/wp-content\/uploads\/2025\/09\/PXL_20250912_074024649-600x600.jpg\" alt=\"PXL_20250912_074024649\" \/><\/figure><\/div>\t\t\t<\/div>\n\t\t\t\t\t\t\t\n\t\t\t\t\t\t\t\t\t<div class=\"swiper-pagination\"><\/div>\n\t\t\t\t\t\t\t\t\t<\/div>\n\t\t\t\t\t\t<\/div>\n\t\t\t\t\t<\/div>\n\t\t\t\t<\/div>\n\t\t\t\t<\/div>\n\t\t","protected":false},"excerpt":{"rendered":"<p>Venez d\u00e9couvrir l&rsquo;appareil permettant l&rsquo;amincissement de la silhouette et le renforcement des muscles ! Premi\u00e8re et seule technique au monde permettant de d\u00e9velopper la musculature et de r\u00e9duire la masse graisseuse de mani\u00e8re non invasive. Technique agr\u00e9\u00e9e par la FDA dont 7 \u00e9tudes cliniques publi\u00e9es. Bas\u00e9e sur l\u2019\u00c9nergie \u00c9lectromagn\u00e9tique focalis\u00e9e de haute intensit\u00e9, dont le [&hellip;]<\/p>\n","protected":false},"author":1,"featured_media":0,"parent":0,"menu_order":0,"comment_status":"closed","ping_status":"closed","template":"elementor_header_footer","meta":{"ocean_post_layout":"","ocean_both_sidebars_style":"","ocean_both_sidebars_content_width":0,"ocean_both_sidebars_sidebars_width":0,"ocean_sidebar":"","ocean_second_sidebar":"","ocean_disable_margins":"enable","ocean_add_body_class":"","ocean_shortcode_before_top_bar":"","ocean_shortcode_after_top_bar":"","ocean_shortcode_before_header":"","ocean_shortcode_after_header":"","ocean_has_shortcode":"","ocean_shortcode_after_title":"","ocean_shortcode_before_footer_widgets":"","ocean_shortcode_after_footer_widgets":"","ocean_shortcode_before_footer_bottom":"","ocean_shortcode_after_footer_bottom":"","ocean_display_top_bar":"default","ocean_display_header":"default","ocean_header_style":"","ocean_center_header_left_menu":"","ocean_custom_header_template":"","ocean_custom_logo":0,"ocean_custom_retina_logo":0,"ocean_custom_logo_max_width":0,"ocean_custom_logo_tablet_max_width":0,"ocean_custom_logo_mobile_max_width":0,"ocean_custom_logo_max_height":0,"ocean_custom_logo_tablet_max_height":0,"ocean_custom_logo_mobile_max_height":0,"ocean_header_custom_menu":"","ocean_menu_typo_font_family":"","ocean_menu_typo_font_subset":"","ocean_menu_typo_font_size":0,"ocean_menu_typo_font_size_tablet":0,"ocean_menu_typo_font_size_mobile":0,"ocean_menu_typo_font_size_unit":"px","ocean_menu_typo_font_weight":"","ocean_menu_typo_font_weight_tablet":"","ocean_menu_typo_font_weight_mobile":"","ocean_menu_typo_transform":"","ocean_menu_typo_transform_tablet":"","ocean_menu_typo_transform_mobile":"","ocean_menu_typo_line_height":0,"ocean_menu_typo_line_height_tablet":0,"ocean_menu_typo_line_height_mobile":0,"ocean_menu_typo_line_height_unit":"","ocean_menu_typo_spacing":0,"ocean_menu_typo_spacing_tablet":0,"ocean_menu_typo_spacing_mobile":0,"ocean_menu_typo_spacing_unit":"","ocean_menu_link_color":"","ocean_menu_link_color_hover":"","ocean_menu_link_color_active":"","ocean_menu_link_background":"","ocean_menu_link_hover_background":"","ocean_menu_link_active_background":"","ocean_menu_social_links_bg":"","ocean_menu_social_hover_links_bg":"","ocean_menu_social_links_color":"","ocean_menu_social_hover_links_color":"","ocean_disable_title":"default","ocean_disable_heading":"default","ocean_post_title":"","ocean_post_subheading":"","ocean_post_title_style":"","ocean_post_title_background_color":"","ocean_post_title_background":0,"ocean_post_title_bg_image_position":"","ocean_post_title_bg_image_attachment":"","ocean_post_title_bg_image_repeat":"","ocean_post_title_bg_image_size":"","ocean_post_title_height":0,"ocean_post_title_bg_overlay":0.5,"ocean_post_title_bg_overlay_color":"","ocean_disable_breadcrumbs":"default","ocean_breadcrumbs_color":"","ocean_breadcrumbs_separator_color":"","ocean_breadcrumbs_links_color":"","ocean_breadcrumbs_links_hover_color":"","ocean_display_footer_widgets":"default","ocean_display_footer_bottom":"default","ocean_custom_footer_template":"","footnotes":""},"class_list":["post-468","page","type-page","status-publish","hentry","entry","owp-thumbs-layout-horizontal","owp-btn-normal","owp-tabs-layout-horizontal","has-no-thumbnails","has-product-nav"],"_links":{"self":[{"href":"https:\/\/pierredelune-sceaux.fr\/index.php\/wp-json\/wp\/v2\/pages\/468","targetHints":{"allow":["GET"]}}],"collection":[{"href":"https:\/\/pierredelune-sceaux.fr\/index.php\/wp-json\/wp\/v2\/pages"}],"about":[{"href":"https:\/\/pierredelune-sceaux.fr\/index.php\/wp-json\/wp\/v2\/types\/page"}],"author":[{"embeddable":true,"href":"https:\/\/pierredelune-sceaux.fr\/index.php\/wp-json\/wp\/v2\/users\/1"}],"replies":[{"embeddable":true,"href":"https:\/\/pierredelune-sceaux.fr\/index.php\/wp-json\/wp\/v2\/comments?post=468"}],"version-history":[{"count":85,"href":"https:\/\/pierredelune-sceaux.fr\/index.php\/wp-json\/wp\/v2\/pages\/468\/revisions"}],"predecessor-version":[{"id":2619,"href":"https:\/\/pierredelune-sceaux.fr\/index.php\/wp-json\/wp\/v2\/pages\/468\/revisions\/2619"}],"wp:attachment":[{"href":"https:\/\/pierredelune-sceaux.fr\/index.php\/wp-json\/wp\/v2\/media?parent=468"}],"curies":[{"name":"wp","href":"https:\/\/api.w.org\/{rel}","templated":true}]}}