{"id":1869,"date":"2025-11-13T22:58:18","date_gmt":"2025-11-13T21:58:18","guid":{"rendered":"https:\/\/pierredelune-sceaux.fr\/?post_type=product&#038;p=1869"},"modified":"2025-11-13T22:58:18","modified_gmt":"2025-11-13T21:58:18","slug":"bonbons-douleurs-inflammation-nobilis","status":"publish","type":"product","link":"https:\/\/pierredelune-sceaux.fr\/index.php\/produit\/bonbons-douleurs-inflammation-nobilis\/","title":{"rendered":"Bonbons douleurs &#038; inflammation &#8211; Nobilis"},"content":{"rendered":"<p>Nos bonbons enrichis en CBD et CBG feront le plus grand bonheur des personnes qui souffrent de douleurs :<\/p>\n<ul>\n<li>Articulaires (arthrite, arthrose et rhumatismes en g\u00e9n\u00e9ral) ;<\/li>\n<li>Musculaires (notamment en cas de courbatures apr\u00e8s l\u2019effort physique)<\/li>\n<li>Chroniques ;<\/li>\n<li>Inflammatoires.<\/li>\n<\/ul>\n<p>En effet, le cannabidiol (CBD) a des effets anti douleur largement document\u00e9s dans la presse scientifique. Il est notamment efficace en cas de\u00a0douleurs chroniques, tandis que le cannabigerol (CBG) est \u00e9tudi\u00e9 pour ses propri\u00e9t\u00e9s anti inflammatoires.<\/p>\n<p>Les +<\/p>\n<ul>\n<li>Fabrication fran\u00e7aise \ud83c\uddeb\ud83c\uddf7\u00a0: le CBG et le CBD contenus dans nos bonbons sont extraits de fleurs de chanvre bio cultiv\u00e9es en France et transform\u00e9s dans un laboratoire fran\u00e7ais ;<\/li>\n<li>Contient des terp\u00e8nes naturellement pr\u00e9sents dans les fleurs. Ces substances apportent un petit go\u00fbt de chanvre \u00e0 la saveur myrtille des bonbons. En plus de cela, ils permettent de potentialiser les propri\u00e9t\u00e9s du CBG et du CBD ;<\/li>\n<li>Dosage CBD\/CBG id\u00e9al : 2 bonbons par jour suffisent pour r\u00e9duire vos douleurs.<\/li>\n<\/ul>\n<p>&nbsp;<\/p>\n<p>Quantit\u00e9 : environ 30 unit\u00e9s\/sachet<br \/>\nCBD par bonbon : 8mg<br \/>\nCBG par bonbon : 2mg<br \/>\nIngr\u00e9dients : Sirop de glucose, sucre de betterave, eau, pectine, cannabidiol, cannabigerol, terp\u00e8nes naturels, ar\u00f4mes, colorants naturels, agents acidifiants.<\/p>\n","protected":false},"excerpt":{"rendered":"<p>Envie de profiter\u00a0d\u2019effets anti-douleurs et anti inflammatoires\u00a0en toute simplicit\u00e9, tout en d\u00e9lectant vos papilles d\u2019une agr\u00e9able saveur de myrtilles ? Go\u00fbtez nos bonbons enrichis en cannabidiol (CBD) et cannabigerol (CBG) !<\/p>\n","protected":false},"featured_media":1890,"template":"","meta":{"ocean_post_layout":"","ocean_both_sidebars_style":"","ocean_both_sidebars_content_width":0,"ocean_both_sidebars_sidebars_width":0,"ocean_sidebar":"0","ocean_second_sidebar":"0","ocean_disable_margins":"enable","ocean_add_body_class":"","ocean_shortcode_before_top_bar":"","ocean_shortcode_after_top_bar":"","ocean_shortcode_before_header":"","ocean_shortcode_after_header":"","ocean_has_shortcode":"","ocean_shortcode_after_title":"","ocean_shortcode_before_footer_widgets":"","ocean_shortcode_after_footer_widgets":"","ocean_shortcode_before_footer_bottom":"","ocean_shortcode_after_footer_bottom":"","ocean_display_top_bar":"default","ocean_display_header":"default","ocean_header_style":"","ocean_center_header_left_menu":"0","ocean_custom_header_template":"0","ocean_custom_logo":0,"ocean_custom_retina_logo":0,"ocean_custom_logo_max_width":0,"ocean_custom_logo_tablet_max_width":0,"ocean_custom_logo_mobile_max_width":0,"ocean_custom_logo_max_height":0,"ocean_custom_logo_tablet_max_height":0,"ocean_custom_logo_mobile_max_height":0,"ocean_header_custom_menu":"0","ocean_menu_typo_font_family":"0","ocean_menu_typo_font_subset":"","ocean_menu_typo_font_size":0,"ocean_menu_typo_font_size_tablet":0,"ocean_menu_typo_font_size_mobile":0,"ocean_menu_typo_font_size_unit":"px","ocean_menu_typo_font_weight":"","ocean_menu_typo_font_weight_tablet":"","ocean_menu_typo_font_weight_mobile":"","ocean_menu_typo_transform":"","ocean_menu_typo_transform_tablet":"","ocean_menu_typo_transform_mobile":"","ocean_menu_typo_line_height":0,"ocean_menu_typo_line_height_tablet":0,"ocean_menu_typo_line_height_mobile":0,"ocean_menu_typo_line_height_unit":"","ocean_menu_typo_spacing":0,"ocean_menu_typo_spacing_tablet":0,"ocean_menu_typo_spacing_mobile":0,"ocean_menu_typo_spacing_unit":"","ocean_menu_link_color":"","ocean_menu_link_color_hover":"","ocean_menu_link_color_active":"","ocean_menu_link_background":"","ocean_menu_link_hover_background":"","ocean_menu_link_active_background":"","ocean_menu_social_links_bg":"","ocean_menu_social_hover_links_bg":"","ocean_menu_social_links_color":"","ocean_menu_social_hover_links_color":"","ocean_disable_title":"default","ocean_disable_heading":"default","ocean_post_title":"","ocean_post_subheading":"","ocean_post_title_style":"","ocean_post_title_background_color":"","ocean_post_title_background":0,"ocean_post_title_bg_image_position":"","ocean_post_title_bg_image_attachment":"","ocean_post_title_bg_image_repeat":"","ocean_post_title_bg_image_size":"","ocean_post_title_height":0,"ocean_post_title_bg_overlay":0.5,"ocean_post_title_bg_overlay_color":"","ocean_disable_breadcrumbs":"default","ocean_breadcrumbs_color":"","ocean_breadcrumbs_separator_color":"","ocean_breadcrumbs_links_color":"","ocean_breadcrumbs_links_hover_color":"","ocean_display_footer_widgets":"default","ocean_display_footer_bottom":"default","ocean_custom_footer_template":"0"},"product_brand":[36],"product_cat":[32,29],"product_tag":[],"class_list":{"0":"post-1869","1":"product","2":"type-product","3":"status-publish","4":"has-post-thumbnail","6":"product_brand-le-grossiste-du-cbd","7":"product_cat-bonbons","8":"product_cat-produits-a-base-de-cbd","10":"entry","11":"has-media","13":"first","14":"instock","15":"shipping-taxable","16":"purchasable","17":"product-type-simple","18":"has-product-nav","19":"col","20":"span_1_of_4","21":"owp-content-center","22":"owp-thumbs-layout-horizontal","23":"owp-btn-normal","24":"owp-tabs-layout-horizontal","25":"has-no-thumbnails"},"_links":{"self":[{"href":"https:\/\/pierredelune-sceaux.fr\/index.php\/wp-json\/wp\/v2\/product\/1869","targetHints":{"allow":["GET"]}}],"collection":[{"href":"https:\/\/pierredelune-sceaux.fr\/index.php\/wp-json\/wp\/v2\/product"}],"about":[{"href":"https:\/\/pierredelune-sceaux.fr\/index.php\/wp-json\/wp\/v2\/types\/product"}],"wp:featuredmedia":[{"embeddable":true,"href":"https:\/\/pierredelune-sceaux.fr\/index.php\/wp-json\/wp\/v2\/media\/1890"}],"wp:attachment":[{"href":"https:\/\/pierredelune-sceaux.fr\/index.php\/wp-json\/wp\/v2\/media?parent=1869"}],"wp:term":[{"taxonomy":"product_brand","embeddable":true,"href":"https:\/\/pierredelune-sceaux.fr\/index.php\/wp-json\/wp\/v2\/product_brand?post=1869"},{"taxonomy":"product_cat","embeddable":true,"href":"https:\/\/pierredelune-sceaux.fr\/index.php\/wp-json\/wp\/v2\/product_cat?post=1869"},{"taxonomy":"product_tag","embeddable":true,"href":"https:\/\/pierredelune-sceaux.fr\/index.php\/wp-json\/wp\/v2\/product_tag?post=1869"}],"curies":[{"name":"wp","href":"https:\/\/api.w.org\/{rel}","templated":true}]}}