{"id":1873,"date":"2025-11-13T22:57:38","date_gmt":"2025-11-13T21:57:38","guid":{"rendered":"https:\/\/pierredelune-sceaux.fr\/?post_type=product&#038;p=1873"},"modified":"2025-11-13T22:57:38","modified_gmt":"2025-11-13T21:57:38","slug":"infusion-cbd-bio-relaxation","status":"publish","type":"product","link":"https:\/\/pierredelune-sceaux.fr\/index.php\/produit\/infusion-cbd-bio-relaxation\/","title":{"rendered":"Infusion CBD Bio &#8211; Relaxation"},"content":{"rendered":"<p>Notre infusion CBD bio Relaxation existe d\u00e9sormais en sachet individuel. Emmenez votre tisane au CBD partout avec vous et b\u00e9n\u00e9ficiez des bienfaits des plantes et du chanvre o\u00f9 que vous soyez. Un concentr\u00e9 de plantes bio pour l\u00e2cher prise.<\/p>\n<p>La citronnelle est reconnue pour ses vertus digestives et calmantes. Le chanvre, calmant, apaisant, on le pare de multiples vertus. C&rsquo;est l&rsquo;ingr\u00e9dient indispensable de notre complexe de plantes. La val\u00e9riane est consid\u00e9r\u00e9e comme un des tranquillisants v\u00e9g\u00e9taux les plus efficaces, elle est relaxante et favorise l&rsquo;apaisement. La sauge r\u00e9gule les troubles digestifs, les ballonnements, les douleurs abdominales. Riche en antioxydant le curcuma renforce le syst\u00e8me immunitaire.<\/p>\n<p>Pr\u00e9paration et usage :<\/p>\n<p>Pour la pr\u00e9parer, fa\u00eetes chauffer 20\/25cl d&rsquo;eau \u00e0 100 degr\u00e9s puis versez-la dans une tasse. Il ne vous reste plus qu&rsquo;\u00e0 faire infuser votre sachet pendant 9 \u00e0 10 minutes.<\/p>\n<p>Cette tisane CBD \u00e9labor\u00e9e uniquement avec des plantes ne contient pas de th\u00e9ine ou caf\u00e9ine. Elle peut donc se consommer \u00e0 tout moment de la journ\u00e9e que ce soit pour un instant de relaxation ou pour lutter contre le stress. Nous vous conseillons vivement de la consommer pendant une p\u00e9riode d&rsquo;au moins 2 semaines, id\u00e9alement en alternance avec d&rsquo;autres infusions au chanvre POP CBD afin de maximiser les effets \u00e0 raison de 2 \u00e0 3 infusions par jour.<\/p>\n<p>Pourquoi la relaxation est-elle importante pour notre bien-\u00eatre\u00a0?<\/p>\n<p>Non, se relaxer ne nuit pas \u00e0 votre productivit\u00e9 ! La relaxation est un moyen tr\u00e8s efficace de recharger ses batteries sans faire de sieste ou passer de longues heures au lit. En plus du sommeil qui nous aide \u00e0 r\u00e9cup\u00e9rer et \u00e0 nous d\u00e9tendre, la relaxation joue un r\u00f4le important dans la qualit\u00e9 de nos journ\u00e9es. Puisque nous savons que la fatigue et le stress s\u2019accumulent au cours de nos p\u00e9riodes de travail, il est n\u00e9cessaire de prendre soin de ces moments pour soi pour s\u2019arr\u00eater un instant avant de poursuivre nos activit\u00e9s du moment. Si Socrate nous dit que \u00ab le temps libre est la meilleure des acquisitions \u00bb, il est reconnu que plus le stress est pr\u00e9sent, plus nous avons besoin de temps pour nous ressourcer. Faire des pauses r\u00e9guli\u00e8res et s\u2019adonner \u00e0 la relaxation est donc un moyen efficace de prendre soin de notre sant\u00e9 et de notre bien-\u00eatre.<\/p>\n<p>Ingr\u00e9dients : Chanvre CBD 30%*, citronnelle*, fleurs de tilleul*, camomille*, m\u00e9lisse*, \u00e9corces de citron*, gingembre,* anis*, b\u00e2tons de cannelle*, val\u00e9riane*, sauge*, clou de girofle*, curcuma*, myrte citronn\u00e9e* (*issu de l&rsquo;agriculture biologique)<\/p>\n","protected":false},"excerpt":{"rendered":"<p>La tisane CBD relaxation a tout pour plaire ! Nous avons s\u00e9lectionn\u00e9 les meilleures plantes pour favoriser la d\u00e9tente et le rel\u00e2chement. Tilleul, camomille, m\u00e9lisse mais aussi val\u00e9riane et sauge sans oublier notre chanvre riche en CBD et CBG. Ce combo gagnant permet d&rsquo;agir sur le stress gr\u00e2ce au tilleul, la relaxation mais aussi sur le sommeil \u00e0 l&rsquo;aide de la val\u00e9riane.<\/p>\n<p>Cette tisane est donc adapt\u00e9e aussi bien \u00e0 la relaxation, qu\u2019au bien-\u00eatre ou \u00e0 la gestion du stress. Sa saveur rafra\u00eechissante et revitalisante en fait l\u2019alli\u00e9 id\u00e9al de votre bien-\u00eatre.<\/p>\n","protected":false},"featured_media":1884,"template":"","meta":{"ocean_post_layout":"","ocean_both_sidebars_style":"","ocean_both_sidebars_content_width":0,"ocean_both_sidebars_sidebars_width":0,"ocean_sidebar":"0","ocean_second_sidebar":"0","ocean_disable_margins":"enable","ocean_add_body_class":"","ocean_shortcode_before_top_bar":"","ocean_shortcode_after_top_bar":"","ocean_shortcode_before_header":"","ocean_shortcode_after_header":"","ocean_has_shortcode":"","ocean_shortcode_after_title":"","ocean_shortcode_before_footer_widgets":"","ocean_shortcode_after_footer_widgets":"","ocean_shortcode_before_footer_bottom":"","ocean_shortcode_after_footer_bottom":"","ocean_display_top_bar":"default","ocean_display_header":"default","ocean_header_style":"","ocean_center_header_left_menu":"0","ocean_custom_header_template":"0","ocean_custom_logo":0,"ocean_custom_retina_logo":0,"ocean_custom_logo_max_width":0,"ocean_custom_logo_tablet_max_width":0,"ocean_custom_logo_mobile_max_width":0,"ocean_custom_logo_max_height":0,"ocean_custom_logo_tablet_max_height":0,"ocean_custom_logo_mobile_max_height":0,"ocean_header_custom_menu":"0","ocean_menu_typo_font_family":"0","ocean_menu_typo_font_subset":"","ocean_menu_typo_font_size":0,"ocean_menu_typo_font_size_tablet":0,"ocean_menu_typo_font_size_mobile":0,"ocean_menu_typo_font_size_unit":"px","ocean_menu_typo_font_weight":"","ocean_menu_typo_font_weight_tablet":"","ocean_menu_typo_font_weight_mobile":"","ocean_menu_typo_transform":"","ocean_menu_typo_transform_tablet":"","ocean_menu_typo_transform_mobile":"","ocean_menu_typo_line_height":0,"ocean_menu_typo_line_height_tablet":0,"ocean_menu_typo_line_height_mobile":0,"ocean_menu_typo_line_height_unit":"","ocean_menu_typo_spacing":0,"ocean_menu_typo_spacing_tablet":0,"ocean_menu_typo_spacing_mobile":0,"ocean_menu_typo_spacing_unit":"","ocean_menu_link_color":"","ocean_menu_link_color_hover":"","ocean_menu_link_color_active":"","ocean_menu_link_background":"","ocean_menu_link_hover_background":"","ocean_menu_link_active_background":"","ocean_menu_social_links_bg":"","ocean_menu_social_hover_links_bg":"","ocean_menu_social_links_color":"","ocean_menu_social_hover_links_color":"","ocean_disable_title":"default","ocean_disable_heading":"default","ocean_post_title":"","ocean_post_subheading":"","ocean_post_title_style":"","ocean_post_title_background_color":"","ocean_post_title_background":0,"ocean_post_title_bg_image_position":"","ocean_post_title_bg_image_attachment":"","ocean_post_title_bg_image_repeat":"","ocean_post_title_bg_image_size":"","ocean_post_title_height":0,"ocean_post_title_bg_overlay":0.5,"ocean_post_title_bg_overlay_color":"","ocean_disable_breadcrumbs":"default","ocean_breadcrumbs_color":"","ocean_breadcrumbs_separator_color":"","ocean_breadcrumbs_links_color":"","ocean_breadcrumbs_links_hover_color":"","ocean_display_footer_widgets":"default","ocean_display_footer_bottom":"default","ocean_custom_footer_template":"0"},"product_brand":[36],"product_cat":[33,29],"product_tag":[],"class_list":{"0":"post-1873","1":"product","2":"type-product","3":"status-publish","4":"has-post-thumbnail","6":"product_brand-le-grossiste-du-cbd","7":"product_cat-infusions","8":"product_cat-produits-a-base-de-cbd","10":"entry","11":"has-media","13":"first","14":"instock","15":"shipping-taxable","16":"purchasable","17":"product-type-simple","18":"has-product-nav","19":"col","20":"span_1_of_4","21":"owp-content-center","22":"owp-thumbs-layout-horizontal","23":"owp-btn-normal","24":"owp-tabs-layout-horizontal","25":"has-no-thumbnails"},"_links":{"self":[{"href":"https:\/\/pierredelune-sceaux.fr\/index.php\/wp-json\/wp\/v2\/product\/1873","targetHints":{"allow":["GET"]}}],"collection":[{"href":"https:\/\/pierredelune-sceaux.fr\/index.php\/wp-json\/wp\/v2\/product"}],"about":[{"href":"https:\/\/pierredelune-sceaux.fr\/index.php\/wp-json\/wp\/v2\/types\/product"}],"wp:featuredmedia":[{"embeddable":true,"href":"https:\/\/pierredelune-sceaux.fr\/index.php\/wp-json\/wp\/v2\/media\/1884"}],"wp:attachment":[{"href":"https:\/\/pierredelune-sceaux.fr\/index.php\/wp-json\/wp\/v2\/media?parent=1873"}],"wp:term":[{"taxonomy":"product_brand","embeddable":true,"href":"https:\/\/pierredelune-sceaux.fr\/index.php\/wp-json\/wp\/v2\/product_brand?post=1873"},{"taxonomy":"product_cat","embeddable":true,"href":"https:\/\/pierredelune-sceaux.fr\/index.php\/wp-json\/wp\/v2\/product_cat?post=1873"},{"taxonomy":"product_tag","embeddable":true,"href":"https:\/\/pierredelune-sceaux.fr\/index.php\/wp-json\/wp\/v2\/product_tag?post=1873"}],"curies":[{"name":"wp","href":"https:\/\/api.w.org\/{rel}","templated":true}]}}