{"id":1919,"date":"2025-11-13T22:57:00","date_gmt":"2025-11-13T21:57:00","guid":{"rendered":"https:\/\/pierredelune-sceaux.fr\/?post_type=product&#038;p=1919"},"modified":"2026-02-16T18:32:47","modified_gmt":"2026-02-16T17:32:47","slug":"creme-reparatrice-mains-ongles","status":"publish","type":"product","link":"https:\/\/pierredelune-sceaux.fr\/index.php\/produit\/creme-reparatrice-mains-ongles\/","title":{"rendered":"Cr\u00e8me r\u00e9paratrice mains &#038; ongles"},"content":{"rendered":"<p>Reconnu pour son action hydratante et calmante, le Chanvre est utilis\u00e9 par de nombreuses population partout sur la plan\u00e8te, et est un des atouts majeurs de la nature pour r\u00e9parer votre \u00e9piderme.<\/p>\n<p>Dans cette cr\u00e8me mains ont \u00e9t\u00e9 combin\u00e9s le Chanvre, le CBD \u00e0 l\u2019action anti-oxydante, et le beurre de karit\u00e9 biologique.<\/p>\n<p>Le CBD est \u00e9galement reconnu pour son action anti-inflammatoire, qui permettra de soulager vos mains.<\/p>\n<p>Le beurre de karit\u00e9 quant \u00e0 lui est riche en acide gras, k\u00e9ratine, vitamine A et alcools terp\u00e9niques qui absorbent en partie les rayons UV. Il viendra donc parfaitement compl\u00e9ter l\u2019action protectrice et r\u00e9g\u00e9n\u00e9rante de la cr\u00e8me r\u00e9paratrice mains et ongles ASABIO.<\/p>\n<p>Certifi\u00e9e Bio. Tous les ingr\u00e9dients utilis\u00e9s dans cette cr\u00e8me sont d\u2019origine 100% biologique : ils ont \u00e9t\u00e9 cultiv\u00e9s par des agriculteurs europ\u00e9ens respectueux de l\u2019environnement.<\/p>\n<p>Tube de 45ml<\/p>\n<p>Contient 200mg de CBD<\/p>\n","protected":false},"excerpt":{"rendered":"<p>La peau des mains est celle qui est la plus mise \u00e0 l\u2019\u00e9preuve de tout notre corps, et il est essentiel de venir la prot\u00e9ger r\u00e9guli\u00e8rement, et de l\u2019aider \u00e0 se r\u00e9g\u00e9n\u00e9rer au mieux.<\/p>\n<p>La Cr\u00e8me R\u00e9paratrice mains et ongles ASABIO va venir apporter richesses, vitamines et acides gras, qui vont aider et acc\u00e9l\u00e9rer la r\u00e9g\u00e9n\u00e9ration des cellules.<\/p>\n","protected":false},"featured_media":1921,"template":"","meta":{"ocean_post_layout":"","ocean_both_sidebars_style":"","ocean_both_sidebars_content_width":0,"ocean_both_sidebars_sidebars_width":0,"ocean_sidebar":"0","ocean_second_sidebar":"0","ocean_disable_margins":"enable","ocean_add_body_class":"","ocean_shortcode_before_top_bar":"","ocean_shortcode_after_top_bar":"","ocean_shortcode_before_header":"","ocean_shortcode_after_header":"","ocean_has_shortcode":"","ocean_shortcode_after_title":"","ocean_shortcode_before_footer_widgets":"","ocean_shortcode_after_footer_widgets":"","ocean_shortcode_before_footer_bottom":"","ocean_shortcode_after_footer_bottom":"","ocean_display_top_bar":"default","ocean_display_header":"default","ocean_header_style":"","ocean_center_header_left_menu":"0","ocean_custom_header_template":"0","ocean_custom_logo":0,"ocean_custom_retina_logo":0,"ocean_custom_logo_max_width":0,"ocean_custom_logo_tablet_max_width":0,"ocean_custom_logo_mobile_max_width":0,"ocean_custom_logo_max_height":0,"ocean_custom_logo_tablet_max_height":0,"ocean_custom_logo_mobile_max_height":0,"ocean_header_custom_menu":"0","ocean_menu_typo_font_family":"0","ocean_menu_typo_font_subset":"","ocean_menu_typo_font_size":0,"ocean_menu_typo_font_size_tablet":0,"ocean_menu_typo_font_size_mobile":0,"ocean_menu_typo_font_size_unit":"px","ocean_menu_typo_font_weight":"","ocean_menu_typo_font_weight_tablet":"","ocean_menu_typo_font_weight_mobile":"","ocean_menu_typo_transform":"","ocean_menu_typo_transform_tablet":"","ocean_menu_typo_transform_mobile":"","ocean_menu_typo_line_height":0,"ocean_menu_typo_line_height_tablet":0,"ocean_menu_typo_line_height_mobile":0,"ocean_menu_typo_line_height_unit":"","ocean_menu_typo_spacing":0,"ocean_menu_typo_spacing_tablet":0,"ocean_menu_typo_spacing_mobile":0,"ocean_menu_typo_spacing_unit":"","ocean_menu_link_color":"","ocean_menu_link_color_hover":"","ocean_menu_link_color_active":"","ocean_menu_link_background":"","ocean_menu_link_hover_background":"","ocean_menu_link_active_background":"","ocean_menu_social_links_bg":"","ocean_menu_social_hover_links_bg":"","ocean_menu_social_links_color":"","ocean_menu_social_hover_links_color":"","ocean_disable_title":"default","ocean_disable_heading":"default","ocean_post_title":"","ocean_post_subheading":"","ocean_post_title_style":"","ocean_post_title_background_color":"","ocean_post_title_background":0,"ocean_post_title_bg_image_position":"","ocean_post_title_bg_image_attachment":"","ocean_post_title_bg_image_repeat":"","ocean_post_title_bg_image_size":"","ocean_post_title_height":0,"ocean_post_title_bg_overlay":0.5,"ocean_post_title_bg_overlay_color":"","ocean_disable_breadcrumbs":"default","ocean_breadcrumbs_color":"","ocean_breadcrumbs_separator_color":"","ocean_breadcrumbs_links_color":"","ocean_breadcrumbs_links_hover_color":"","ocean_display_footer_widgets":"default","ocean_display_footer_bottom":"default","ocean_custom_footer_template":"0"},"product_brand":[39],"product_cat":[34,29],"product_tag":[],"class_list":{"0":"post-1919","1":"product","2":"type-product","3":"status-publish","4":"has-post-thumbnail","6":"product_brand-asabio","7":"product_cat-cremes","8":"product_cat-produits-a-base-de-cbd","10":"entry","11":"has-media","13":"first","14":"instock","15":"shipping-taxable","16":"purchasable","17":"product-type-simple","18":"has-product-nav","19":"col","20":"span_1_of_4","21":"owp-content-center","22":"owp-thumbs-layout-horizontal","23":"owp-btn-normal","24":"owp-tabs-layout-horizontal","25":"has-no-thumbnails"},"_links":{"self":[{"href":"https:\/\/pierredelune-sceaux.fr\/index.php\/wp-json\/wp\/v2\/product\/1919","targetHints":{"allow":["GET"]}}],"collection":[{"href":"https:\/\/pierredelune-sceaux.fr\/index.php\/wp-json\/wp\/v2\/product"}],"about":[{"href":"https:\/\/pierredelune-sceaux.fr\/index.php\/wp-json\/wp\/v2\/types\/product"}],"wp:featuredmedia":[{"embeddable":true,"href":"https:\/\/pierredelune-sceaux.fr\/index.php\/wp-json\/wp\/v2\/media\/1921"}],"wp:attachment":[{"href":"https:\/\/pierredelune-sceaux.fr\/index.php\/wp-json\/wp\/v2\/media?parent=1919"}],"wp:term":[{"taxonomy":"product_brand","embeddable":true,"href":"https:\/\/pierredelune-sceaux.fr\/index.php\/wp-json\/wp\/v2\/product_brand?post=1919"},{"taxonomy":"product_cat","embeddable":true,"href":"https:\/\/pierredelune-sceaux.fr\/index.php\/wp-json\/wp\/v2\/product_cat?post=1919"},{"taxonomy":"product_tag","embeddable":true,"href":"https:\/\/pierredelune-sceaux.fr\/index.php\/wp-json\/wp\/v2\/product_tag?post=1919"}],"curies":[{"name":"wp","href":"https:\/\/api.w.org\/{rel}","templated":true}]}}