{"id":1925,"date":"2025-11-13T22:57:11","date_gmt":"2025-11-13T21:57:11","guid":{"rendered":"https:\/\/pierredelune-sceaux.fr\/?post_type=product&#038;p=1925"},"modified":"2026-02-16T18:33:53","modified_gmt":"2026-02-16T17:33:53","slug":"huile-cbd-20-pour-chien","status":"publish","type":"product","link":"https:\/\/pierredelune-sceaux.fr\/index.php\/produit\/huile-cbd-20-pour-chien\/","title":{"rendered":"Huile CBD 20% pour chien"},"content":{"rendered":"<p>Facile d&rsquo;utilisation : dans l&rsquo;alimentation ou sur la langue de votre animal.<\/p>\n<p>Canidiol est une solution naturelle qui peut favoriser la d\u00e9tente, r\u00e9duire le stress et am\u00e9liorer le confort articulaire chez les chiens. Choisissez la qualit\u00e9 pour accompagner la vitalit\u00e9 et le bien-\u00eatre de votre fid\u00e8le compagnon.<\/p>\n<p>&nbsp;<\/p>\n<p>Base Huile de Saumon de Norv\u00e8ge riche en Om\u00e9ga-3<\/p>\n<p>Sans THC, sans OGM, sans additifs, sans colorants<\/p>\n<p>Chaque flacon contient 200 gouttes et chaque goutte contient 10mg de cannabidiol<\/p>\n<p>&nbsp;<\/p>\n<p>Pour tout types de chiens : petits, moyens et grands<\/p>\n<p>Dosages recommand\u00e9s : bien secouer avant usage<br \/>\n&#8211; chien &lt; 10kg = 1 goutte le soir<br \/>\n&#8211; chien entre 10 et 20kg = 1 goutte le matin et 1 goutte le soir<br \/>\n&#8211; chien &gt; 20kg = 1 goutte le matin, 1 goutte le midi, 1 goutte le soir<\/p>\n<p>Vous pourrez aller jusqu\u2019\u00e0 doubler la prise dans la journ\u00e9e. Si tel est le cas , alors il faudra donner la deuxi\u00e8me dose le matin ou une trentaine de minutes avant une situation de stress (comme les transports par exemple).<\/p>\n<p>&nbsp;<\/p>\n<p><span style=\"text-decoration: underline;\">Comment voir si l&rsquo;huile CBD produit des effets ?<\/span><\/p>\n<p>Soyez attentifs au comportement de votre animal. Pour ce faire, attendez d\u2019avoir un peu de recul au niveau nerveux. Le CBD agit assez vite sur les\u00a0troubles du comportement,\u00a0comptez entre\u00a03 jours et une semaine pour une action de fond.<\/p>\n<p>En cas de\u00a0crise passag\u00e8re, comme par exemple de l\u2019\u00e9pilepsie, votre animal peut b\u00e9n\u00e9ficier de l\u2019effet calmant de la prise de CBD sous\u00a015 \u00e0 30 minutes apr\u00e8s administration.<\/p>\n<p>Pour les probl\u00e8mes de mobilit\u00e9, ou de douleurs, soyez plus patients, comptez entre\u00a02 semaines et 2 mois\u00a0selon les pathologies. L\u2019huile CBD chien Canidiol\u00ae peut aider sur les douleurs musculaires, articulaires et arthrose l\u00e9g\u00e8re.<\/p>\n<p>Canidiol est approuv\u00e9 par des comportementalistes. Nous avons \u00e9labor\u00e9 cette formule en collaboration avec des dresseurs pour animaux afin de trouver le bon dosage et la bonne huile support (l\u2019huile de saumon).<\/p>\n<p>L\u2019huile CBD chien Canidiol\u00ae est maintenant r\u00e9guli\u00e8rement utilis\u00e9e dans les centres de dressage afin d\u2019accompagner les animaux et leurs ma\u00eetres lorsque les troubles \u00e9voqu\u00e9s plus hauts sont pr\u00e9sents. La SPA utilise \u00e9galement ce produit pour calmer les chiens stress\u00e9s, anxieux ou agressifs.<\/p>\n","protected":false},"excerpt":{"rendered":"<p>D\u00e9couvrez Canidiol, l&rsquo;huile CBD 20% sp\u00e9cialement con\u00e7ue pour les chiens.<\/p>\n<p>Offrez \u00e0 votre compagnon canin une exp\u00e9rience bien-\u00eatre exceptionnelle avec cette formule hautement concentr\u00e9e.<\/p>\n<p>Nous avons travaill\u00e9 plusieurs mois avec nos \u00e9ducateurs comportementalistes canins\u00a0pour \u00e9laborer l\u2019huile CBD chien et elle peut aider votre animal dans les cas suivants :<\/p>\n<ul>\n<li>Troubles du comportement (hyperactivit\u00e9, angoisses, peurs\u2026) chien stress\u00e9<\/li>\n<li>Probl\u00e8mes de mobilit\u00e9 (douleurs chroniques, inflammations\u2026)<\/li>\n<li>Epilepsie<\/li>\n<\/ul>\n","protected":false},"featured_media":1927,"template":"","meta":{"ocean_post_layout":"","ocean_both_sidebars_style":"","ocean_both_sidebars_content_width":0,"ocean_both_sidebars_sidebars_width":0,"ocean_sidebar":"0","ocean_second_sidebar":"0","ocean_disable_margins":"enable","ocean_add_body_class":"","ocean_shortcode_before_top_bar":"","ocean_shortcode_after_top_bar":"","ocean_shortcode_before_header":"","ocean_shortcode_after_header":"","ocean_has_shortcode":"","ocean_shortcode_after_title":"","ocean_shortcode_before_footer_widgets":"","ocean_shortcode_after_footer_widgets":"","ocean_shortcode_before_footer_bottom":"","ocean_shortcode_after_footer_bottom":"","ocean_display_top_bar":"default","ocean_display_header":"default","ocean_header_style":"","ocean_center_header_left_menu":"0","ocean_custom_header_template":"0","ocean_custom_logo":0,"ocean_custom_retina_logo":0,"ocean_custom_logo_max_width":0,"ocean_custom_logo_tablet_max_width":0,"ocean_custom_logo_mobile_max_width":0,"ocean_custom_logo_max_height":0,"ocean_custom_logo_tablet_max_height":0,"ocean_custom_logo_mobile_max_height":0,"ocean_header_custom_menu":"0","ocean_menu_typo_font_family":"0","ocean_menu_typo_font_subset":"","ocean_menu_typo_font_size":0,"ocean_menu_typo_font_size_tablet":0,"ocean_menu_typo_font_size_mobile":0,"ocean_menu_typo_font_size_unit":"px","ocean_menu_typo_font_weight":"","ocean_menu_typo_font_weight_tablet":"","ocean_menu_typo_font_weight_mobile":"","ocean_menu_typo_transform":"","ocean_menu_typo_transform_tablet":"","ocean_menu_typo_transform_mobile":"","ocean_menu_typo_line_height":0,"ocean_menu_typo_line_height_tablet":0,"ocean_menu_typo_line_height_mobile":0,"ocean_menu_typo_line_height_unit":"","ocean_menu_typo_spacing":0,"ocean_menu_typo_spacing_tablet":0,"ocean_menu_typo_spacing_mobile":0,"ocean_menu_typo_spacing_unit":"","ocean_menu_link_color":"","ocean_menu_link_color_hover":"","ocean_menu_link_color_active":"","ocean_menu_link_background":"","ocean_menu_link_hover_background":"","ocean_menu_link_active_background":"","ocean_menu_social_links_bg":"","ocean_menu_social_hover_links_bg":"","ocean_menu_social_links_color":"","ocean_menu_social_hover_links_color":"","ocean_disable_title":"default","ocean_disable_heading":"default","ocean_post_title":"","ocean_post_subheading":"","ocean_post_title_style":"","ocean_post_title_background_color":"","ocean_post_title_background":0,"ocean_post_title_bg_image_position":"","ocean_post_title_bg_image_attachment":"","ocean_post_title_bg_image_repeat":"","ocean_post_title_bg_image_size":"","ocean_post_title_height":0,"ocean_post_title_bg_overlay":0.5,"ocean_post_title_bg_overlay_color":"","ocean_disable_breadcrumbs":"default","ocean_breadcrumbs_color":"","ocean_breadcrumbs_separator_color":"","ocean_breadcrumbs_links_color":"","ocean_breadcrumbs_links_hover_color":"","ocean_display_footer_widgets":"default","ocean_display_footer_bottom":"default","ocean_custom_footer_template":"0"},"product_brand":[41],"product_cat":[30,29],"product_tag":[],"class_list":{"0":"post-1925","1":"product","2":"type-product","3":"status-publish","4":"has-post-thumbnail","6":"product_brand-canidiol","7":"product_cat-huiles","8":"product_cat-produits-a-base-de-cbd","10":"entry","11":"has-media","13":"first","14":"instock","15":"shipping-taxable","16":"purchasable","17":"product-type-simple","18":"has-product-nav","19":"col","20":"span_1_of_4","21":"owp-content-center","22":"owp-thumbs-layout-horizontal","23":"owp-btn-normal","24":"owp-tabs-layout-horizontal","25":"has-no-thumbnails"},"_links":{"self":[{"href":"https:\/\/pierredelune-sceaux.fr\/index.php\/wp-json\/wp\/v2\/product\/1925","targetHints":{"allow":["GET"]}}],"collection":[{"href":"https:\/\/pierredelune-sceaux.fr\/index.php\/wp-json\/wp\/v2\/product"}],"about":[{"href":"https:\/\/pierredelune-sceaux.fr\/index.php\/wp-json\/wp\/v2\/types\/product"}],"wp:featuredmedia":[{"embeddable":true,"href":"https:\/\/pierredelune-sceaux.fr\/index.php\/wp-json\/wp\/v2\/media\/1927"}],"wp:attachment":[{"href":"https:\/\/pierredelune-sceaux.fr\/index.php\/wp-json\/wp\/v2\/media?parent=1925"}],"wp:term":[{"taxonomy":"product_brand","embeddable":true,"href":"https:\/\/pierredelune-sceaux.fr\/index.php\/wp-json\/wp\/v2\/product_brand?post=1925"},{"taxonomy":"product_cat","embeddable":true,"href":"https:\/\/pierredelune-sceaux.fr\/index.php\/wp-json\/wp\/v2\/product_cat?post=1925"},{"taxonomy":"product_tag","embeddable":true,"href":"https:\/\/pierredelune-sceaux.fr\/index.php\/wp-json\/wp\/v2\/product_tag?post=1925"}],"curies":[{"name":"wp","href":"https:\/\/api.w.org\/{rel}","templated":true}]}}