{"id":1928,"date":"2025-10-21T17:45:30","date_gmt":"2025-10-21T15:45:30","guid":{"rendered":"https:\/\/pierredelune-sceaux.fr\/?post_type=product&#038;p=1928"},"modified":"2025-11-13T22:57:15","modified_gmt":"2025-11-13T21:57:15","slug":"huile-cbd-10-pour-chat","status":"publish","type":"product","link":"https:\/\/pierredelune-sceaux.fr\/index.php\/produit\/huile-cbd-10-pour-chat\/","title":{"rendered":"Huile CBD 10% pour chat"},"content":{"rendered":"<p>Facile d&rsquo;utilisation : dans l&rsquo;alimentation ou sur la langue de votre animal.<\/p>\n<p>F\u00e9lidiol est une solution naturelle qui peut favoriser la d\u00e9tente, r\u00e9duire le stress et am\u00e9liorer le confort articulaire chez les chats. Choisissez la qualit\u00e9 pour accompagner la vitalit\u00e9 et le bien-\u00eatre de votre compagnon.<\/p>\n<p>&nbsp;<\/p>\n<p>Base Huile de Saumon de Norv\u00e8ge riche en Om\u00e9ga-3<\/p>\n<p>Sans THC, sans OGM, sans pesticides<\/p>\n<p>Chaque flacon contient 200 gouttes et chaque goutte contient 5mg de cannabidiol<\/p>\n<p>&nbsp;<\/p>\n<p><span style=\"text-decoration: underline;\">Comment d\u00e9finir la bonne quantit\u00e9 \u00e0 donner ?<\/span><\/p>\n<p>Afin d\u2019\u00e9tablir la bonne quantit\u00e9 de CBD \u00e0 donner \u00e0 votre f\u00e9lin, vous devez conna\u00eetre son poids. Chez F\u00e9lidiol, nous recommandons, en fonction de votre situation, la\u00a0Posologie CBD chat\u00a0suivante:<\/p>\n<ul>\n<li>Pour calmer votre chat stress\u00e9 : donnez lui 1 goutte par tranche de 5kg directement dans la gueule et jusqu\u2019\u00e0 2 prises par jour.<\/li>\n<li>Pour des douleurs articulaire, arthrose.. : Vous pouvez donner 2 gouttes par tranche de 5kg 2 fois par jour<\/li>\n<li>Pour des crises d\u2019\u00e9pilepsie : Donner jusqu\u2019\u00e0 2 gouttes par tranche de 5 Kg avec 2 \u00e0 3 prises par jour.<\/li>\n<\/ul>\n<p>Une prise en fin de journ\u00e9e ou le soir est pr\u00e9f\u00e9rable car le cannabidiol poss\u00e8de des propri\u00e9t\u00e9s relaxantes, d\u00e9contractantes et il aidera votre compagnon \u00e0 quatre pattes \u00e0 mieux dormir. En effet, le CBD peut provoquer un peu de somnolence.<\/p>\n<p>Ce produit n\u2019est pas un m\u00e9dicament. L\u2019huile CBD aide votre animal \u00e0 \u00eatre moins stress\u00e9, \u00e0 r\u00e9guler son app\u00e9tit, son sommeil et peut r\u00e9duire l\u00e9g\u00e8rement les douleurs de type inflammatoires ou les crises d\u2019\u00e9pilepsie.<\/p>\n<p>Si votre animal est sous traitement, demandez\u00a0des conseils \u00e0 votre v\u00e9t\u00e9rinaire\u00a0avant de donner de l\u2019huile CBD chat F\u00e9lidiol \u00e0 votre animal.<\/p>\n<p>&nbsp;<\/p>\n<p><span style=\"text-decoration: underline;\">Comment voir si l\u2019huile CBD produit des effets ?<\/span><\/p>\n<p>Une fois que vous aurez commencer \u00e0 donner de l\u2019huile de CBD \u00e0 votre chat, soyez attentifs au comportement de votre animal. Vous pouvez vous posez les questions suivantes :<\/p>\n<ul>\n<li>Mon animal est-il plus calme ? Moins agressif ? Urine-t-il dans sa liti\u00e8re ou \u00e0 l\u2019ext\u00e9rieur plut\u00f4t que sur le carrelage ?<\/li>\n<li>Dort il davantage ?<\/li>\n<li>Bouge-t-il avec moins de difficult\u00e9 ? Sa mobilit\u00e9 g\u00e9n\u00e9rale est-elle meilleure ?<\/li>\n<\/ul>\n<p>Le CBD agit assez vite sur les\u00a0troubles nerveux et sur le calme.\u00a0Si vous comptez sur une action de fond, v\u00e9rifiez l\u2019\u00e9volution entre\u00a03 jours et une semaine.<\/p>\n","protected":false},"excerpt":{"rendered":"<p>D\u00e9couvrez F\u00e9lidiol, l&rsquo;huile CBD 10% sp\u00e9cialement con\u00e7ue pour les chats.<\/p>\n<p>Offrez \u00e0 votre compagnon f\u00e9lin une exp\u00e9rience bien-\u00eatre exceptionnelle avec cette formule concentr\u00e9e.<\/p>\n<p>Vous pouvez donner du CBD \u00e0 votre chat dans les situations suivantes :<br \/>\n&#8211; chat stress\u00e9 = 1 prise par jour<br \/>\n&#8211; chat\u00a0\u00e2g\u00e9 et souffrant de\u00a0douleurs articulaires et musculaires = 2 prises par jour<br \/>\n&#8211; chat atteint d\u2019arthrose = 2 prises par jour<br \/>\n&#8211; chat \u00e9pileptique\u00a0= jusqu\u2019\u00e0 3 prises par jour<\/p>\n","protected":false},"featured_media":1929,"template":"","meta":{"ocean_post_layout":"","ocean_both_sidebars_style":"","ocean_both_sidebars_content_width":0,"ocean_both_sidebars_sidebars_width":0,"ocean_sidebar":"0","ocean_second_sidebar":"0","ocean_disable_margins":"enable","ocean_add_body_class":"","ocean_shortcode_before_top_bar":"","ocean_shortcode_after_top_bar":"","ocean_shortcode_before_header":"","ocean_shortcode_after_header":"","ocean_has_shortcode":"","ocean_shortcode_after_title":"","ocean_shortcode_before_footer_widgets":"","ocean_shortcode_after_footer_widgets":"","ocean_shortcode_before_footer_bottom":"","ocean_shortcode_after_footer_bottom":"","ocean_display_top_bar":"default","ocean_display_header":"default","ocean_header_style":"","ocean_center_header_left_menu":"0","ocean_custom_header_template":"0","ocean_custom_logo":0,"ocean_custom_retina_logo":0,"ocean_custom_logo_max_width":0,"ocean_custom_logo_tablet_max_width":0,"ocean_custom_logo_mobile_max_width":0,"ocean_custom_logo_max_height":0,"ocean_custom_logo_tablet_max_height":0,"ocean_custom_logo_mobile_max_height":0,"ocean_header_custom_menu":"0","ocean_menu_typo_font_family":"0","ocean_menu_typo_font_subset":"","ocean_menu_typo_font_size":0,"ocean_menu_typo_font_size_tablet":0,"ocean_menu_typo_font_size_mobile":0,"ocean_menu_typo_font_size_unit":"px","ocean_menu_typo_font_weight":"","ocean_menu_typo_font_weight_tablet":"","ocean_menu_typo_font_weight_mobile":"","ocean_menu_typo_transform":"","ocean_menu_typo_transform_tablet":"","ocean_menu_typo_transform_mobile":"","ocean_menu_typo_line_height":0,"ocean_menu_typo_line_height_tablet":0,"ocean_menu_typo_line_height_mobile":0,"ocean_menu_typo_line_height_unit":"","ocean_menu_typo_spacing":0,"ocean_menu_typo_spacing_tablet":0,"ocean_menu_typo_spacing_mobile":0,"ocean_menu_typo_spacing_unit":"","ocean_menu_link_color":"","ocean_menu_link_color_hover":"","ocean_menu_link_color_active":"","ocean_menu_link_background":"","ocean_menu_link_hover_background":"","ocean_menu_link_active_background":"","ocean_menu_social_links_bg":"","ocean_menu_social_hover_links_bg":"","ocean_menu_social_links_color":"","ocean_menu_social_hover_links_color":"","ocean_disable_title":"default","ocean_disable_heading":"default","ocean_post_title":"","ocean_post_subheading":"","ocean_post_title_style":"","ocean_post_title_background_color":"","ocean_post_title_background":0,"ocean_post_title_bg_image_position":"","ocean_post_title_bg_image_attachment":"","ocean_post_title_bg_image_repeat":"","ocean_post_title_bg_image_size":"","ocean_post_title_height":0,"ocean_post_title_bg_overlay":0.5,"ocean_post_title_bg_overlay_color":"","ocean_disable_breadcrumbs":"default","ocean_breadcrumbs_color":"","ocean_breadcrumbs_separator_color":"","ocean_breadcrumbs_links_color":"","ocean_breadcrumbs_links_hover_color":"","ocean_display_footer_widgets":"default","ocean_display_footer_bottom":"default","ocean_custom_footer_template":"0"},"product_brand":[42],"product_cat":[30,29],"product_tag":[],"class_list":{"0":"post-1928","1":"product","2":"type-product","3":"status-publish","4":"has-post-thumbnail","6":"product_brand-felidiol","7":"product_cat-huiles","8":"product_cat-produits-a-base-de-cbd","10":"entry","11":"has-media","13":"first","14":"instock","15":"shipping-taxable","16":"purchasable","17":"product-type-simple","18":"has-product-nav","19":"col","20":"span_1_of_4","21":"owp-content-center","22":"owp-thumbs-layout-horizontal","23":"owp-btn-normal","24":"owp-tabs-layout-horizontal","25":"has-no-thumbnails"},"_links":{"self":[{"href":"https:\/\/pierredelune-sceaux.fr\/index.php\/wp-json\/wp\/v2\/product\/1928","targetHints":{"allow":["GET"]}}],"collection":[{"href":"https:\/\/pierredelune-sceaux.fr\/index.php\/wp-json\/wp\/v2\/product"}],"about":[{"href":"https:\/\/pierredelune-sceaux.fr\/index.php\/wp-json\/wp\/v2\/types\/product"}],"wp:featuredmedia":[{"embeddable":true,"href":"https:\/\/pierredelune-sceaux.fr\/index.php\/wp-json\/wp\/v2\/media\/1929"}],"wp:attachment":[{"href":"https:\/\/pierredelune-sceaux.fr\/index.php\/wp-json\/wp\/v2\/media?parent=1928"}],"wp:term":[{"taxonomy":"product_brand","embeddable":true,"href":"https:\/\/pierredelune-sceaux.fr\/index.php\/wp-json\/wp\/v2\/product_brand?post=1928"},{"taxonomy":"product_cat","embeddable":true,"href":"https:\/\/pierredelune-sceaux.fr\/index.php\/wp-json\/wp\/v2\/product_cat?post=1928"},{"taxonomy":"product_tag","embeddable":true,"href":"https:\/\/pierredelune-sceaux.fr\/index.php\/wp-json\/wp\/v2\/product_tag?post=1928"}],"curies":[{"name":"wp","href":"https:\/\/api.w.org\/{rel}","templated":true}]}}