{"id":1962,"date":"2025-11-13T22:55:26","date_gmt":"2025-11-13T21:55:26","guid":{"rendered":"https:\/\/pierredelune-sceaux.fr\/?post_type=product&#038;p=1962"},"modified":"2025-11-13T22:55:26","modified_gmt":"2025-11-13T21:55:26","slug":"huile-parfumee-palo-santo-green-tree","status":"publish","type":"product","link":"https:\/\/pierredelune-sceaux.fr\/index.php\/produit\/huile-parfumee-palo-santo-green-tree\/","title":{"rendered":"Huile parfum\u00e9e &#8211; Palo Santo &#8211; Green Tree"},"content":{"rendered":"<p>Bulnesia sarmientoi &#8211; Plante magique et sacr\u00e9e &#8211; Pouvoir odorant hautement spirituel consid\u00e9r\u00e9 par les chamans et les gu\u00e9risseurs, utilis\u00e9 pour des rites sacr\u00e9s de purification de lieux ou de personnes.<\/p>\n<p>Utilisation :<br \/>\nHuile pour diffuseur. Mettre quelques gouttes dans la coupelle ou sur les herbes magiques plac\u00e9es dans la coupelle du diffuseur.<\/p>\n<p>Usage :<br \/>\nCette huile est exclusivement r\u00e9serv\u00e9e aux br\u00fble-parfums et diffuseurs. Elle ne s\u2019applique pas sur la peau et n\u2019est pas comestible.<\/p>\n<p>Flacon de 10 ml sous \u00e9tuis carton.<\/p>\n","protected":false},"excerpt":{"rendered":"<p>L\u2019encens Palo Santo (Bulnesia sarmientoi) a des effets b\u00e9n\u00e9fiques qui viennent de tr\u00e8s loin.<\/p>\n<p>Il est d\u00e9fini comme une plante magique, mystique, rare, sacr\u00e9e et unique. Son bois odorant consid\u00e9r\u00e9 hautement spirituel par les chamans et les gu\u00e9risseurs, a \u00e9t\u00e9 utilis\u00e9 dans les rites sacr\u00e9s et ceux de purification depuis des milliers d\u2019ann\u00e9es par les peuples indig\u00e8nes d&rsquo;Am\u00e9rique du Sud. Il est \u00e9galement tr\u00e8s populaire en Europe en \u00e9sot\u00e9risme.<\/p>\n<p>L\u2019encens Palo Santo est utilis\u00e9 dans le chamanisme pour purifier les lieux mais aussi pour purifier les personnes des mauvaises \u00e9nergies ou des entit\u00e9s.<\/p>\n","protected":false},"featured_media":1964,"template":"","meta":{"ocean_post_layout":"","ocean_both_sidebars_style":"","ocean_both_sidebars_content_width":0,"ocean_both_sidebars_sidebars_width":0,"ocean_sidebar":"0","ocean_second_sidebar":"0","ocean_disable_margins":"enable","ocean_add_body_class":"","ocean_shortcode_before_top_bar":"","ocean_shortcode_after_top_bar":"","ocean_shortcode_before_header":"","ocean_shortcode_after_header":"","ocean_has_shortcode":"","ocean_shortcode_after_title":"","ocean_shortcode_before_footer_widgets":"","ocean_shortcode_after_footer_widgets":"","ocean_shortcode_before_footer_bottom":"","ocean_shortcode_after_footer_bottom":"","ocean_display_top_bar":"default","ocean_display_header":"default","ocean_header_style":"","ocean_center_header_left_menu":"0","ocean_custom_header_template":"0","ocean_custom_logo":0,"ocean_custom_retina_logo":0,"ocean_custom_logo_max_width":0,"ocean_custom_logo_tablet_max_width":0,"ocean_custom_logo_mobile_max_width":0,"ocean_custom_logo_max_height":0,"ocean_custom_logo_tablet_max_height":0,"ocean_custom_logo_mobile_max_height":0,"ocean_header_custom_menu":"0","ocean_menu_typo_font_family":"0","ocean_menu_typo_font_subset":"","ocean_menu_typo_font_size":0,"ocean_menu_typo_font_size_tablet":0,"ocean_menu_typo_font_size_mobile":0,"ocean_menu_typo_font_size_unit":"px","ocean_menu_typo_font_weight":"","ocean_menu_typo_font_weight_tablet":"","ocean_menu_typo_font_weight_mobile":"","ocean_menu_typo_transform":"","ocean_menu_typo_transform_tablet":"","ocean_menu_typo_transform_mobile":"","ocean_menu_typo_line_height":0,"ocean_menu_typo_line_height_tablet":0,"ocean_menu_typo_line_height_mobile":0,"ocean_menu_typo_line_height_unit":"","ocean_menu_typo_spacing":0,"ocean_menu_typo_spacing_tablet":0,"ocean_menu_typo_spacing_mobile":0,"ocean_menu_typo_spacing_unit":"","ocean_menu_link_color":"","ocean_menu_link_color_hover":"","ocean_menu_link_color_active":"","ocean_menu_link_background":"","ocean_menu_link_hover_background":"","ocean_menu_link_active_background":"","ocean_menu_social_links_bg":"","ocean_menu_social_hover_links_bg":"","ocean_menu_social_links_color":"","ocean_menu_social_hover_links_color":"","ocean_disable_title":"default","ocean_disable_heading":"default","ocean_post_title":"","ocean_post_subheading":"","ocean_post_title_style":"","ocean_post_title_background_color":"","ocean_post_title_background":0,"ocean_post_title_bg_image_position":"","ocean_post_title_bg_image_attachment":"","ocean_post_title_bg_image_repeat":"","ocean_post_title_bg_image_size":"","ocean_post_title_height":0,"ocean_post_title_bg_overlay":0.5,"ocean_post_title_bg_overlay_color":"","ocean_disable_breadcrumbs":"default","ocean_breadcrumbs_color":"","ocean_breadcrumbs_separator_color":"","ocean_breadcrumbs_links_color":"","ocean_breadcrumbs_links_hover_color":"","ocean_display_footer_widgets":"default","ocean_display_footer_bottom":"default","ocean_custom_footer_template":"0"},"product_brand":[27],"product_cat":[24,28],"product_tag":[],"class_list":{"0":"post-1962","1":"product","2":"type-product","3":"status-publish","4":"has-post-thumbnail","6":"product_brand-herboristerie-du-valmont","7":"product_cat-herboristerie","8":"product_cat-huile","10":"entry","11":"has-media","13":"first","14":"instock","15":"shipping-taxable","16":"purchasable","17":"product-type-simple","18":"has-product-nav","19":"col","20":"span_1_of_4","21":"owp-content-center","22":"owp-thumbs-layout-horizontal","23":"owp-btn-normal","24":"owp-tabs-layout-horizontal","25":"has-no-thumbnails"},"_links":{"self":[{"href":"https:\/\/pierredelune-sceaux.fr\/index.php\/wp-json\/wp\/v2\/product\/1962","targetHints":{"allow":["GET"]}}],"collection":[{"href":"https:\/\/pierredelune-sceaux.fr\/index.php\/wp-json\/wp\/v2\/product"}],"about":[{"href":"https:\/\/pierredelune-sceaux.fr\/index.php\/wp-json\/wp\/v2\/types\/product"}],"wp:featuredmedia":[{"embeddable":true,"href":"https:\/\/pierredelune-sceaux.fr\/index.php\/wp-json\/wp\/v2\/media\/1964"}],"wp:attachment":[{"href":"https:\/\/pierredelune-sceaux.fr\/index.php\/wp-json\/wp\/v2\/media?parent=1962"}],"wp:term":[{"taxonomy":"product_brand","embeddable":true,"href":"https:\/\/pierredelune-sceaux.fr\/index.php\/wp-json\/wp\/v2\/product_brand?post=1962"},{"taxonomy":"product_cat","embeddable":true,"href":"https:\/\/pierredelune-sceaux.fr\/index.php\/wp-json\/wp\/v2\/product_cat?post=1962"},{"taxonomy":"product_tag","embeddable":true,"href":"https:\/\/pierredelune-sceaux.fr\/index.php\/wp-json\/wp\/v2\/product_tag?post=1962"}],"curies":[{"name":"wp","href":"https:\/\/api.w.org\/{rel}","templated":true}]}}