{"id":2066,"date":"2025-11-13T22:52:35","date_gmt":"2025-11-13T21:52:35","guid":{"rendered":"https:\/\/pierredelune-sceaux.fr\/?post_type=product&#038;p=2066"},"modified":"2025-11-13T22:52:35","modified_gmt":"2025-11-13T21:52:35","slug":"vitamine-d3-2000-ui","status":"publish","type":"product","link":"https:\/\/pierredelune-sceaux.fr\/index.php\/produit\/vitamine-d3-2000-ui\/","title":{"rendered":"Vitamine D3 &#8211; 2000 UI"},"content":{"rendered":"<p>Ingr\u00e9dients : poudre de feuille d&rsquo;ortie (<em>Urtica dioica<\/em>), g\u00e9lule v\u00e9g\u00e9tale (hypromellose), vitamine D3 (chol\u00e9calcif\u00e9rol)<\/p>\n<p>Conseil d&rsquo;utilisation : 1 g\u00e9lule\/jour, avec un grand verre d&rsquo;eau, pendant le repas du soir.<\/p>\n<p>La\u00a0vitamine D3 des Laboratoires FENIOUX reste d\u2019origine v\u00e9g\u00e9tale\u00a0issue du\u00a0lichen bor\u00e9al.<\/p>\n<p>Cette\u00a0plante\u00a0(symbiose d\u2019une algue et d\u2019un champignon), aussi appel\u00e9e arbre \u00e0 Rennes, est maintenant\u00a0reconnue\u00a0pour son\u00a0riche apport en vitamine D3.<\/p>\n<p>D\u2019origine v\u00e9g\u00e9tale, ce produit\u00a0convient\u00a0parfaitement aux\u00a0v\u00e9gans, v\u00e9g\u00e9taliens et v\u00e9g\u00e9tariens.<\/p>\n<p>Cette formule apporte un dosage de 2000 Unit\u00e9s Internationales en vitamine D3 pour seulement une g\u00e9lule par jour. Cet apport contribue \u00e0 compl\u00e9ter les d\u00e9ficiences alimentaires.<\/p>\n<p>Ne pas d\u00e9passer la dose journali\u00e8re recommand\u00e9e.<br \/>\nTenir hors de port\u00e9e des jeunes enfants.<\/p>\n<p>Un compl\u00e9ment alimentaire ne doit pas se substituer \u00e0 une alimentation vari\u00e9e et \u00e9quilibr\u00e9e et \u00e0 un mode de vie sain.<\/p>\n<p>Conserver le produit \u00e0 l&rsquo;abri de la lumi\u00e8re, de la chaleur et de l&rsquo;humidit\u00e9.<br \/>\nD\u00e9conseill\u00e9 aux femmes enceintes ou allaitantes, aux enfants de moins de 12 ans et en cas d&rsquo;insuffisance cardiaque ou r\u00e9nale \u0153d\u00e9mateuses.<\/p>\n","protected":false},"excerpt":{"rendered":"<p>Les\u00a0vitamines D\u00a0sont un\u00a0groupe de compos\u00e9s liposolubles, essentiel au maintien de l\u2019\u00e9quilibre min\u00e9ral de l\u2019organisme.<\/p>\n<p>La\u00a0forme de vitamine D synth\u00e9tis\u00e9e par l\u2019homme est appel\u00e9e chol\u00e9calcif\u00e9rol\u00a0(vitamine D3).<\/p>\n<p>La vitamine D est\u00a0essentielle\u00a0\u00e0 la\u00a0min\u00e9ralisation osseuse. Elle contribue\u00a0au\u00a0maintien d&rsquo;une ossature normale, \u00e0 l&rsquo;absorption\u00a0et \u00e0\u00a0l&rsquo;utilisation normales du calcium\u00a0et du\u00a0phosphore.<\/p>\n<p>Elle\u00a0intervient au niveau intestinal, en\u00a0stimulant l\u2019absorption du calcium et du phosphore, qui se fixe sur l\u2019os par la suite.<\/p>\n<p>Bo\u00eete de 90 g\u00e9lules de 210mg<\/p>\n","protected":false},"featured_media":2068,"template":"","meta":{"ocean_post_layout":"","ocean_both_sidebars_style":"","ocean_both_sidebars_content_width":0,"ocean_both_sidebars_sidebars_width":0,"ocean_sidebar":"0","ocean_second_sidebar":"0","ocean_disable_margins":"enable","ocean_add_body_class":"","ocean_shortcode_before_top_bar":"","ocean_shortcode_after_top_bar":"","ocean_shortcode_before_header":"","ocean_shortcode_after_header":"","ocean_has_shortcode":"","ocean_shortcode_after_title":"","ocean_shortcode_before_footer_widgets":"","ocean_shortcode_after_footer_widgets":"","ocean_shortcode_before_footer_bottom":"","ocean_shortcode_after_footer_bottom":"","ocean_display_top_bar":"default","ocean_display_header":"default","ocean_header_style":"","ocean_center_header_left_menu":"0","ocean_custom_header_template":"0","ocean_custom_logo":0,"ocean_custom_retina_logo":0,"ocean_custom_logo_max_width":0,"ocean_custom_logo_tablet_max_width":0,"ocean_custom_logo_mobile_max_width":0,"ocean_custom_logo_max_height":0,"ocean_custom_logo_tablet_max_height":0,"ocean_custom_logo_mobile_max_height":0,"ocean_header_custom_menu":"0","ocean_menu_typo_font_family":"0","ocean_menu_typo_font_subset":"","ocean_menu_typo_font_size":0,"ocean_menu_typo_font_size_tablet":0,"ocean_menu_typo_font_size_mobile":0,"ocean_menu_typo_font_size_unit":"px","ocean_menu_typo_font_weight":"","ocean_menu_typo_font_weight_tablet":"","ocean_menu_typo_font_weight_mobile":"","ocean_menu_typo_transform":"","ocean_menu_typo_transform_tablet":"","ocean_menu_typo_transform_mobile":"","ocean_menu_typo_line_height":0,"ocean_menu_typo_line_height_tablet":0,"ocean_menu_typo_line_height_mobile":0,"ocean_menu_typo_line_height_unit":"","ocean_menu_typo_spacing":0,"ocean_menu_typo_spacing_tablet":0,"ocean_menu_typo_spacing_mobile":0,"ocean_menu_typo_spacing_unit":"","ocean_menu_link_color":"","ocean_menu_link_color_hover":"","ocean_menu_link_color_active":"","ocean_menu_link_background":"","ocean_menu_link_hover_background":"","ocean_menu_link_active_background":"","ocean_menu_social_links_bg":"","ocean_menu_social_hover_links_bg":"","ocean_menu_social_links_color":"","ocean_menu_social_hover_links_color":"","ocean_disable_title":"default","ocean_disable_heading":"default","ocean_post_title":"","ocean_post_subheading":"","ocean_post_title_style":"","ocean_post_title_background_color":"","ocean_post_title_background":0,"ocean_post_title_bg_image_position":"","ocean_post_title_bg_image_attachment":"","ocean_post_title_bg_image_repeat":"","ocean_post_title_bg_image_size":"","ocean_post_title_height":0,"ocean_post_title_bg_overlay":0.5,"ocean_post_title_bg_overlay_color":"","ocean_disable_breadcrumbs":"default","ocean_breadcrumbs_color":"","ocean_breadcrumbs_separator_color":"","ocean_breadcrumbs_links_color":"","ocean_breadcrumbs_links_hover_color":"","ocean_display_footer_widgets":"default","ocean_display_footer_bottom":"default","ocean_custom_footer_template":"0"},"product_brand":[49],"product_cat":[48],"product_tag":[],"class_list":{"0":"post-2066","1":"product","2":"type-product","3":"status-publish","4":"has-post-thumbnail","6":"product_brand-laboratoire-fenioux","7":"product_cat-complements-alimentaires","9":"entry","10":"has-media","12":"first","13":"instock","14":"shipping-taxable","15":"purchasable","16":"product-type-simple","17":"has-product-nav","18":"col","19":"span_1_of_4","20":"owp-content-center","21":"owp-thumbs-layout-horizontal","22":"owp-btn-normal","23":"owp-tabs-layout-horizontal","24":"has-no-thumbnails"},"_links":{"self":[{"href":"https:\/\/pierredelune-sceaux.fr\/index.php\/wp-json\/wp\/v2\/product\/2066","targetHints":{"allow":["GET"]}}],"collection":[{"href":"https:\/\/pierredelune-sceaux.fr\/index.php\/wp-json\/wp\/v2\/product"}],"about":[{"href":"https:\/\/pierredelune-sceaux.fr\/index.php\/wp-json\/wp\/v2\/types\/product"}],"wp:featuredmedia":[{"embeddable":true,"href":"https:\/\/pierredelune-sceaux.fr\/index.php\/wp-json\/wp\/v2\/media\/2068"}],"wp:attachment":[{"href":"https:\/\/pierredelune-sceaux.fr\/index.php\/wp-json\/wp\/v2\/media?parent=2066"}],"wp:term":[{"taxonomy":"product_brand","embeddable":true,"href":"https:\/\/pierredelune-sceaux.fr\/index.php\/wp-json\/wp\/v2\/product_brand?post=2066"},{"taxonomy":"product_cat","embeddable":true,"href":"https:\/\/pierredelune-sceaux.fr\/index.php\/wp-json\/wp\/v2\/product_cat?post=2066"},{"taxonomy":"product_tag","embeddable":true,"href":"https:\/\/pierredelune-sceaux.fr\/index.php\/wp-json\/wp\/v2\/product_tag?post=2066"}],"curies":[{"name":"wp","href":"https:\/\/api.w.org\/{rel}","templated":true}]}}