{"id":2069,"date":"2025-11-13T22:46:00","date_gmt":"2025-11-13T21:46:00","guid":{"rendered":"https:\/\/pierredelune-sceaux.fr\/?post_type=product&#038;p=2069"},"modified":"2025-11-13T22:46:00","modified_gmt":"2025-11-13T21:46:00","slug":"tout-en-vie-defenses-naturelles-et-fatigue","status":"publish","type":"product","link":"https:\/\/pierredelune-sceaux.fr\/index.php\/produit\/tout-en-vie-defenses-naturelles-et-fatigue\/","title":{"rendered":"Tout en vie &#8211; d\u00e9fenses naturelles et fatigue"},"content":{"rendered":"<p>La\u00a0spiruline,\u00a0gr\u00e2ce \u00e0 sa\u00a0richesse en antioxydants, aide \u00e0\u00a0am\u00e9liorer l&rsquo;\u00e9nergie et le tonus.<\/p>\n<p>De plus, la\u00a0phycocyanine\u00a0de la spiruline est un\u00a0puissant stimulant immunitaire.<\/p>\n<p>La\u00a0vitamine C\u00a0contribue au fonctionnement normal du\u00a0syst\u00e8me immunitaire\u00a0et \u00e0\u00a0r\u00e9duire la fatigue.<\/p>\n<p>Tout En Vie\u00ae\u00a0est particuli\u00e8rement recommand\u00e9 pour\u00a0renforcer ses d\u00e9fenses naturelles\u00a0et\u00a0apporter tonus et vitalit\u00e9.<\/p>\n<p>Il s\u2019agit d\u2019un compl\u00e9ment alimentaire de choix en\u00a0p\u00e9riode de convalescence et de fatigue.<\/p>\n<p>Ingr\u00e9dients : eau, stabilisant : glyc\u00e9rol*, extrait de fruit d&rsquo;ac\u00e9rola (<em>Malpighia punicifolia<\/em>) \u00e0 25% de vitamine C, extrait de plante de spiruline (<em>Spirulina platensis<\/em>) \u00e0 50% de phycocyanine, ar\u00f4me naturel orange, conservateur : sorbate de potassium<\/p>\n<div class=\"container\">\n<div class=\"tabs product-tabs\">\n<div class=\"row\">\n<div class=\"col-12 col-lg-6\">\n<div id=\"pills-tabContent\" class=\"product-ingredients-container tab-content\">\n<div id=\"pills-all\" class=\"product-ingredients tab-pane fade show active\" role=\"tabpanel\" aria-labelledby=\"pills-all-tab\">\n<p class=\"im-all-description-container\">*Une consommation excessive peut avoir des effets laxatifs<\/p>\n<p>Conseils d&rsquo;utilisation : 1 \u00e0 2 unicadoses\/jour, \u00e0 prendre en dehors des repas et en matin\u00e9e<\/p>\n<p>Agiter l&rsquo;Unicadose avant son ouverture.<br \/>\nAvant d&rsquo;avaler, garder en bouche environ 1 minute.<\/p>\n<p>L&rsquo;ouverture facile d&rsquo;Unicadose, ampoule s\u00e9cable d&rsquo;une simple pression du doigt, rend son contenu directement buvable, tout en \u00e9liminant les risques d&rsquo;absorption et de blessures li\u00e9es aux fragments de verre.<\/p>\n<p>Ne pas d\u00e9passer la dose journali\u00e8re recommand\u00e9e.<br \/>\nTenir hors de port\u00e9e des jeunes enfants.<\/p>\n<p>Un compl\u00e9ment alimentaire ne doit pas se substituer \u00e0 une alimentation vari\u00e9e et \u00e9quilibr\u00e9e et \u00e0 un mode de vie sain.<\/p>\n<p>Conserver le produit \u00e0 l&rsquo;abri de la lumi\u00e8re, de la chaleur et de l&rsquo;humidit\u00e9.<br \/>\nD\u00e9conseill\u00e9 aux enfants de 10 ans ou moins.<br \/>\nPour les femmes enceintes ou allaitantes, consulter un professionnel de sant\u00e9.<\/p>\n<\/div>\n<\/div>\n<\/div>\n<\/div>\n<\/div>\n<\/div>\n","protected":false},"excerpt":{"rendered":"<p>Vous sentez une perte de tonus et de vitalit\u00e9 ? De la fatigue passag\u00e8re ? Vous d\u00e9sirez stimuler votre immunit\u00e9 ? Gr\u00e2ce aux unicadoses faciles \u00e0 ouvrir, vous serez serein.<\/p>\n<p>Les\u00a0Laboratoires FENIOUX\u00a0vous proposent un nouveau compl\u00e9ment alimentaire, sous forme d&rsquo;ampoule s\u00e9cable\u00a0d&rsquo;une simple pression du doigt,\u00a0Tout En Vie.<\/p>\n<p>Il est donc compos\u00e9 d\u2019un\u00a0extrait de spiruline\u00a0\u00e0\u00a050 % de phycocyanine\u00a0et d\u2019ac\u00e9rola\u00a0\u00e0\u00a025 % de vitamine C.<\/p>\n<p>La\u00a0spiruline\u00a0est l\u2019aliment le plus complet que l\u2019on connaisse\u00a0dans la nature.<\/p>\n<p>Cette microalgue apporte en effet\u00a0prot\u00e9ines,\u00a0oligo-\u00e9l\u00e9ments,\u00a0vitamines\u00a0\u2026 mais aussi de nombreux pigments dont la\u00a0phycocyanine.<\/p>\n<p>C\u2019est ce pigment qui donne d\u2019ailleurs \u00e0 la spiruline sa couleur bleu-vert et ses propri\u00e9t\u00e9s physiologiques.<\/p>\n<p>Bo\u00eete de 14 unicadoses de 10ml.<\/p>\n","protected":false},"featured_media":2333,"template":"","meta":{"ocean_post_layout":"","ocean_both_sidebars_style":"","ocean_both_sidebars_content_width":0,"ocean_both_sidebars_sidebars_width":0,"ocean_sidebar":"0","ocean_second_sidebar":"0","ocean_disable_margins":"enable","ocean_add_body_class":"","ocean_shortcode_before_top_bar":"","ocean_shortcode_after_top_bar":"","ocean_shortcode_before_header":"","ocean_shortcode_after_header":"","ocean_has_shortcode":"","ocean_shortcode_after_title":"","ocean_shortcode_before_footer_widgets":"","ocean_shortcode_after_footer_widgets":"","ocean_shortcode_before_footer_bottom":"","ocean_shortcode_after_footer_bottom":"","ocean_display_top_bar":"default","ocean_display_header":"default","ocean_header_style":"","ocean_center_header_left_menu":"0","ocean_custom_header_template":"0","ocean_custom_logo":0,"ocean_custom_retina_logo":0,"ocean_custom_logo_max_width":0,"ocean_custom_logo_tablet_max_width":0,"ocean_custom_logo_mobile_max_width":0,"ocean_custom_logo_max_height":0,"ocean_custom_logo_tablet_max_height":0,"ocean_custom_logo_mobile_max_height":0,"ocean_header_custom_menu":"0","ocean_menu_typo_font_family":"0","ocean_menu_typo_font_subset":"","ocean_menu_typo_font_size":0,"ocean_menu_typo_font_size_tablet":0,"ocean_menu_typo_font_size_mobile":0,"ocean_menu_typo_font_size_unit":"px","ocean_menu_typo_font_weight":"","ocean_menu_typo_font_weight_tablet":"","ocean_menu_typo_font_weight_mobile":"","ocean_menu_typo_transform":"","ocean_menu_typo_transform_tablet":"","ocean_menu_typo_transform_mobile":"","ocean_menu_typo_line_height":0,"ocean_menu_typo_line_height_tablet":0,"ocean_menu_typo_line_height_mobile":0,"ocean_menu_typo_line_height_unit":"","ocean_menu_typo_spacing":0,"ocean_menu_typo_spacing_tablet":0,"ocean_menu_typo_spacing_mobile":0,"ocean_menu_typo_spacing_unit":"","ocean_menu_link_color":"","ocean_menu_link_color_hover":"","ocean_menu_link_color_active":"","ocean_menu_link_background":"","ocean_menu_link_hover_background":"","ocean_menu_link_active_background":"","ocean_menu_social_links_bg":"","ocean_menu_social_hover_links_bg":"","ocean_menu_social_links_color":"","ocean_menu_social_hover_links_color":"","ocean_disable_title":"default","ocean_disable_heading":"default","ocean_post_title":"","ocean_post_subheading":"","ocean_post_title_style":"","ocean_post_title_background_color":"","ocean_post_title_background":0,"ocean_post_title_bg_image_position":"","ocean_post_title_bg_image_attachment":"","ocean_post_title_bg_image_repeat":"","ocean_post_title_bg_image_size":"","ocean_post_title_height":0,"ocean_post_title_bg_overlay":0.5,"ocean_post_title_bg_overlay_color":"","ocean_disable_breadcrumbs":"default","ocean_breadcrumbs_color":"","ocean_breadcrumbs_separator_color":"","ocean_breadcrumbs_links_color":"","ocean_breadcrumbs_links_hover_color":"","ocean_display_footer_widgets":"default","ocean_display_footer_bottom":"default","ocean_custom_footer_template":"0"},"product_brand":[49],"product_cat":[48],"product_tag":[],"class_list":{"0":"post-2069","1":"product","2":"type-product","3":"status-publish","4":"has-post-thumbnail","6":"product_brand-laboratoire-fenioux","7":"product_cat-complements-alimentaires","9":"entry","10":"has-media","12":"first","13":"instock","14":"shipping-taxable","15":"purchasable","16":"product-type-simple","17":"has-product-nav","18":"col","19":"span_1_of_4","20":"owp-content-center","21":"owp-thumbs-layout-horizontal","22":"owp-btn-normal","23":"owp-tabs-layout-horizontal","24":"has-no-thumbnails"},"_links":{"self":[{"href":"https:\/\/pierredelune-sceaux.fr\/index.php\/wp-json\/wp\/v2\/product\/2069","targetHints":{"allow":["GET"]}}],"collection":[{"href":"https:\/\/pierredelune-sceaux.fr\/index.php\/wp-json\/wp\/v2\/product"}],"about":[{"href":"https:\/\/pierredelune-sceaux.fr\/index.php\/wp-json\/wp\/v2\/types\/product"}],"wp:featuredmedia":[{"embeddable":true,"href":"https:\/\/pierredelune-sceaux.fr\/index.php\/wp-json\/wp\/v2\/media\/2333"}],"wp:attachment":[{"href":"https:\/\/pierredelune-sceaux.fr\/index.php\/wp-json\/wp\/v2\/media?parent=2069"}],"wp:term":[{"taxonomy":"product_brand","embeddable":true,"href":"https:\/\/pierredelune-sceaux.fr\/index.php\/wp-json\/wp\/v2\/product_brand?post=2069"},{"taxonomy":"product_cat","embeddable":true,"href":"https:\/\/pierredelune-sceaux.fr\/index.php\/wp-json\/wp\/v2\/product_cat?post=2069"},{"taxonomy":"product_tag","embeddable":true,"href":"https:\/\/pierredelune-sceaux.fr\/index.php\/wp-json\/wp\/v2\/product_tag?post=2069"}],"curies":[{"name":"wp","href":"https:\/\/api.w.org\/{rel}","templated":true}]}}