{"id":2085,"date":"2025-11-13T22:52:22","date_gmt":"2025-11-13T21:52:22","guid":{"rendered":"https:\/\/pierredelune-sceaux.fr\/?post_type=product&#038;p=2085"},"modified":"2025-11-13T22:52:22","modified_gmt":"2025-11-13T21:52:22","slug":"probio-permea-souches-probiotiques-fructo-oligosaccharides","status":"publish","type":"product","link":"https:\/\/pierredelune-sceaux.fr\/index.php\/produit\/probio-permea-souches-probiotiques-fructo-oligosaccharides\/","title":{"rendered":"Probio Perm\u00e9a &#8211; souches probiotiques \/ fructo-oligosaccharides"},"content":{"rendered":"<p>La\u00a0muqueuse intestinale\u00a0est souvent\u00a0endommag\u00e9e\u00a0et \u00ab\u00a0fuyante\u00a0\u00bb pour de nombreuses personnes.<\/p>\n<p>Les\u00a0probiotiques sont des microorganismes vivants qui, administr\u00e9s en quantit\u00e9 ad\u00e9quate conf\u00e8rent un b\u00e9n\u00e9fice pour la sant\u00e9 de l&rsquo;h\u00f4te et maintiennent l&rsquo;\u00e9quilibre de la flore intestinale.<\/p>\n<p>Le\u00a0zinc, connu pour son r\u00f4le sur le bon fonctionnement du\u00a0syst\u00e8me immunitaire\u00a0et le\u00a0renouvellement cellulaire, appara\u00eet comme un facteur cl\u00e9 pour la\u00a0muqueuse digestive\u00a0tout comme la\u00a0L-Glutamine, acide amin\u00e9 indispensable \u00e0 la structure des cellules intestinales.<\/p>\n<p>Les\u00a0pr\u00e9biotiques sont des substances alimentaires qui sont cens\u00e9es promouvoir de fa\u00e7on s\u00e9lective l&rsquo;activit\u00e9 du microbiote et qui apportent un b\u00e9n\u00e9fice \u00e0 la sant\u00e9.<\/p>\n<p>Les\u00a0fructo-oligosaccharides\u00a0sont extraits de la racine de\u00a0chicor\u00e9e.<\/p>\n<p>La racine de chicor\u00e9e favorise le\u00a0confort digestif\u00a0et la\u00a0croissance d\u2019une flore intestinale saine.<\/p>\n<p>La\u00a0chlorophylline, quant \u00e0 elle, est un d\u00e9riv\u00e9 de la chlorophylle connue notamment pour son r\u00f4le sur la\u00a0flore intestinale.<\/p>\n<p>L&rsquo;extrait de racine de\u00a0curcuma\u00a0et de feuille de\u00a0m\u00e9lisse\u00a0aident \u00e0 soutenir la\u00a0digestion\u00a0et contribuent au\u00a0fonctionnement normal du tractus intestinal.<\/p>\n<p>Les\u00a0vitamines B6, B9 et B12, vitamines hydrosolubles, sont indispensables au bon fonctionnement de l&rsquo;organisme.<\/p>\n<p>La\u00a0vitamine B8, aussi appel\u00e9e biotine, contribue au\u00a0maintien de muqueuses normales.<\/p>\n<div id=\"collapse-ingredient-0\" class=\"accordion__collapse collapse show\" aria-labelledby=\"ingredient-0\" data-parent=\"#accordion-ingredient\">\n<div class=\"accordion__content accordion__content--ingredients\">\n<div id=\"collapse-0\" class=\"collapse show\" aria-labelledby=\"heading-0\">\n<div id=\"pills-tabContent-2189\" class=\"product-ingredients-container tab-content\">\n<div id=\"pills-all-2189\" class=\"product-ingredients tab-pane fade active show\" role=\"tabpanel\" aria-labelledby=\"pills-all-tab\">\n<p>Conseils d&rsquo;utilisation : 1 sachet\/jour et 1 g\u00e9lule\/jour, le matin \u00e0 jeun, diluer le sachet dans 20cl d&rsquo;eau et prendre la g\u00e9lule avec un grand verre d&rsquo;eau<\/p>\n<p><span style=\"text-decoration: underline;\">Sachets<\/span> :<\/p>\n<p>Ingr\u00e9dients : fructo-oligosaccharides, L-Glutamine, amidon de pomme de terre, ar\u00f4me naturel d&rsquo;orange, extrait de p\u00e9pins de pamplemousse (<em>Citrus paradisi<\/em>), acidifiant : acide citrique, extrait de rhizome de curcuma (<em>Curcuma longa<\/em>), probiotiques (<em>Lactobacillus rhamnosus<\/em>,\u00a0<em>Lactobacillus acidophilus<\/em>,\u00a0<em>Lactococus lactis<\/em>,\u00a0<em>Bifidobacterium breve<\/em>,\u00a0<em>Bifidobacterium bifidum<\/em>,\u00a0<em>Bifidobacterium longum<\/em>,\u00a0<em>Lactobacillus reuteri<\/em>), dextrine, extrait de feuille de m\u00e9lisse (<em>Melissa officinalis<\/em>), bisglycinate de zinc, vitamine B9 (acide folique), vitamine B12 (cyanocobalamine), vitamine B6 (chlorhydrate de pyridoxine), vitamine B8 (biotine)<\/p>\n<p>Ne pas d\u00e9passer la dose journali\u00e8re recommand\u00e9e.<br \/>\nTenir hors de port\u00e9e des jeunes enfants.<\/p>\n<p>Un compl\u00e9ment alimentaire ne doit pas se substituer \u00e0 une alimentation vari\u00e9e et \u00e9quilibr\u00e9e et \u00e0 un mode de vie sain.<\/p>\n<p>Conserver le produit \u00e0 l&rsquo;abri de la lumi\u00e8re, de la chaleur et de l\u2019humidit\u00e9.<br \/>\nD\u00e9conseill\u00e9 chez les enfants, les adolescents de moins de 18 ans, les femmes enceintes ou allaitantes.<br \/>\nD\u00e9conseill\u00e9 en cas d&rsquo;obstruction des voies biliaires, de cholangite, de maladie du foie, de calculs biliaires et toutes autres maladies biliaires.<\/p>\n<p>En cas de prise simultan\u00e9e de m\u00e9dicaments dont anticoagulant, demandez conseil \u00e0 votre m\u00e9decin.<\/p>\n<p><span style=\"text-decoration: underline;\">G\u00e9lules<\/span> :<\/p>\n<p>Ingr\u00e9dients g\u00e9lules : feuille de luzerne (<em>Medicago sativa<\/em>) dont chlorophylline magn\u00e9sienne titr\u00e9e \u00e0 95%, agent de charge : gomme d&rsquo;acacia, g\u00e9lule (g\u00e9latine), antiagglom\u00e9rant : st\u00e9arate de magn\u00e9sium<\/p>\n<p>Ne pas d\u00e9passer la dose journali\u00e8re recommand\u00e9e.<br \/>\nTenir hors de port\u00e9e des jeunes enfants.<\/p>\n<p>Un compl\u00e9ment alimentaire ne doit pas se substituer \u00e0 une alimentation vari\u00e9e et \u00e9quilibr\u00e9e et \u00e0 un mode de vie sain.<\/p>\n<p>Conserver le produit \u00e0 l&rsquo;abri de la lumi\u00e8re, de la chaleur et de l\u2019humidit\u00e9.<br \/>\nD\u00e9conseill\u00e9 aux femmes ayant des ant\u00e9c\u00e9dents familiaux ou personnels de cancer du sein.<\/p>\n<\/div>\n<\/div>\n<\/div>\n<\/div>\n<\/div>\n","protected":false},"excerpt":{"rendered":"<p>Les\u00a0Laboratoires FENIOUX\u00a0vous proposent\u00a0Probio Perm\u00e9a, un complexe ambitieux alliant :\u00a0vitamines,\u00a0min\u00e9raux,\u00a0plantes,\u00a0ferments lactiques\u00a0et\u00a0acide amin\u00e9.<\/p>\n<p>L&rsquo;intestin\u00a0est un organe aux multiples fonctions puisqu&rsquo;il est \u00e0 la fois impliqu\u00e9 dans la\u00a0digestion et l&rsquo;absorption des nutriments\u00a0mais \u00e9galement\u00a0dans l&rsquo;immunit\u00e9 gr\u00e2ce \u00e0 sa fonction barri\u00e8re.<\/p>\n<p>Il est donc essentiel de pr\u00e9server son int\u00e9grit\u00e9 (perm\u00e9abilit\u00e9) et sa sant\u00e9.<\/p>\n<p>Bo\u00eete de 30 sachets de 8,6g et de 30 g\u00e9lules de 250mg<\/p>\n","protected":false},"featured_media":2087,"template":"","meta":{"ocean_post_layout":"","ocean_both_sidebars_style":"","ocean_both_sidebars_content_width":0,"ocean_both_sidebars_sidebars_width":0,"ocean_sidebar":"0","ocean_second_sidebar":"0","ocean_disable_margins":"enable","ocean_add_body_class":"","ocean_shortcode_before_top_bar":"","ocean_shortcode_after_top_bar":"","ocean_shortcode_before_header":"","ocean_shortcode_after_header":"","ocean_has_shortcode":"","ocean_shortcode_after_title":"","ocean_shortcode_before_footer_widgets":"","ocean_shortcode_after_footer_widgets":"","ocean_shortcode_before_footer_bottom":"","ocean_shortcode_after_footer_bottom":"","ocean_display_top_bar":"default","ocean_display_header":"default","ocean_header_style":"","ocean_center_header_left_menu":"0","ocean_custom_header_template":"0","ocean_custom_logo":0,"ocean_custom_retina_logo":0,"ocean_custom_logo_max_width":0,"ocean_custom_logo_tablet_max_width":0,"ocean_custom_logo_mobile_max_width":0,"ocean_custom_logo_max_height":0,"ocean_custom_logo_tablet_max_height":0,"ocean_custom_logo_mobile_max_height":0,"ocean_header_custom_menu":"0","ocean_menu_typo_font_family":"0","ocean_menu_typo_font_subset":"","ocean_menu_typo_font_size":0,"ocean_menu_typo_font_size_tablet":0,"ocean_menu_typo_font_size_mobile":0,"ocean_menu_typo_font_size_unit":"px","ocean_menu_typo_font_weight":"","ocean_menu_typo_font_weight_tablet":"","ocean_menu_typo_font_weight_mobile":"","ocean_menu_typo_transform":"","ocean_menu_typo_transform_tablet":"","ocean_menu_typo_transform_mobile":"","ocean_menu_typo_line_height":0,"ocean_menu_typo_line_height_tablet":0,"ocean_menu_typo_line_height_mobile":0,"ocean_menu_typo_line_height_unit":"","ocean_menu_typo_spacing":0,"ocean_menu_typo_spacing_tablet":0,"ocean_menu_typo_spacing_mobile":0,"ocean_menu_typo_spacing_unit":"","ocean_menu_link_color":"","ocean_menu_link_color_hover":"","ocean_menu_link_color_active":"","ocean_menu_link_background":"","ocean_menu_link_hover_background":"","ocean_menu_link_active_background":"","ocean_menu_social_links_bg":"","ocean_menu_social_hover_links_bg":"","ocean_menu_social_links_color":"","ocean_menu_social_hover_links_color":"","ocean_disable_title":"default","ocean_disable_heading":"default","ocean_post_title":"","ocean_post_subheading":"","ocean_post_title_style":"","ocean_post_title_background_color":"","ocean_post_title_background":0,"ocean_post_title_bg_image_position":"","ocean_post_title_bg_image_attachment":"","ocean_post_title_bg_image_repeat":"","ocean_post_title_bg_image_size":"","ocean_post_title_height":0,"ocean_post_title_bg_overlay":0.5,"ocean_post_title_bg_overlay_color":"","ocean_disable_breadcrumbs":"default","ocean_breadcrumbs_color":"","ocean_breadcrumbs_separator_color":"","ocean_breadcrumbs_links_color":"","ocean_breadcrumbs_links_hover_color":"","ocean_display_footer_widgets":"default","ocean_display_footer_bottom":"default","ocean_custom_footer_template":"0"},"product_brand":[49],"product_cat":[48],"product_tag":[],"class_list":{"0":"post-2085","1":"product","2":"type-product","3":"status-publish","4":"has-post-thumbnail","6":"product_brand-laboratoire-fenioux","7":"product_cat-complements-alimentaires","9":"entry","10":"has-media","12":"first","13":"instock","14":"shipping-taxable","15":"purchasable","16":"product-type-simple","17":"has-product-nav","18":"col","19":"span_1_of_4","20":"owp-content-center","21":"owp-thumbs-layout-horizontal","22":"owp-btn-normal","23":"owp-tabs-layout-horizontal","24":"has-no-thumbnails"},"_links":{"self":[{"href":"https:\/\/pierredelune-sceaux.fr\/index.php\/wp-json\/wp\/v2\/product\/2085","targetHints":{"allow":["GET"]}}],"collection":[{"href":"https:\/\/pierredelune-sceaux.fr\/index.php\/wp-json\/wp\/v2\/product"}],"about":[{"href":"https:\/\/pierredelune-sceaux.fr\/index.php\/wp-json\/wp\/v2\/types\/product"}],"wp:featuredmedia":[{"embeddable":true,"href":"https:\/\/pierredelune-sceaux.fr\/index.php\/wp-json\/wp\/v2\/media\/2087"}],"wp:attachment":[{"href":"https:\/\/pierredelune-sceaux.fr\/index.php\/wp-json\/wp\/v2\/media?parent=2085"}],"wp:term":[{"taxonomy":"product_brand","embeddable":true,"href":"https:\/\/pierredelune-sceaux.fr\/index.php\/wp-json\/wp\/v2\/product_brand?post=2085"},{"taxonomy":"product_cat","embeddable":true,"href":"https:\/\/pierredelune-sceaux.fr\/index.php\/wp-json\/wp\/v2\/product_cat?post=2085"},{"taxonomy":"product_tag","embeddable":true,"href":"https:\/\/pierredelune-sceaux.fr\/index.php\/wp-json\/wp\/v2\/product_tag?post=2085"}],"curies":[{"name":"wp","href":"https:\/\/api.w.org\/{rel}","templated":true}]}}