{"id":2088,"date":"2025-11-13T22:52:17","date_gmt":"2025-11-13T21:52:17","guid":{"rendered":"https:\/\/pierredelune-sceaux.fr\/?post_type=product&#038;p=2088"},"modified":"2025-11-13T22:52:17","modified_gmt":"2025-11-13T21:52:17","slug":"omega-3-fort-360","status":"publish","type":"product","link":"https:\/\/pierredelune-sceaux.fr\/index.php\/produit\/omega-3-fort-360\/","title":{"rendered":"Om\u00e9ga 3 fort &#8211; 360"},"content":{"rendered":"<p>L&rsquo;effet b\u00e9n\u00e9fique est obtenu par la consommation journali\u00e8re de 250 mg d&rsquo;EPA et de DHA.<\/p>\n<p>L\u2019indice totox permet d\u2019\u00e9valuer l\u2019oxydation des lipides appel\u00e9e peroxydation, notamment pour \u00e9valuer la qualit\u00e9 des om\u00e9ga 3.<br \/>\n&#8211; Totox en dessous de 10 : l\u2019huile est de bonne qualit\u00e9 et peu oxyd\u00e9e\u2009;<br \/>\n&#8211; Totox en dessous de 26 : consid\u00e8re la qualit\u00e9 de l\u2019huile comme \u00ab\u2009acceptable\u2009\u00bb. C\u2019est le seuil \u00e0 ne pas d\u00e9passer.<br \/>\n&#8211; Indice Totox au-dessus de 26 : l\u2019huile est tr\u00e8s oxyd\u00e9e, il faut donc l\u2019\u00e9viter.<\/p>\n<p>Valeur indice totox : 5.94<\/p>\n<p>Ingr\u00e9dients : huile de poissons, capsule (g\u00e9latine de\u00a0poisson, humectant : glyc\u00e9rol), antioxydant : extrait de feuille de romarin (Rosmarinus officinalis)<\/p>\n<p>Conseils d&rsquo;utilisation : 2 \u00e0 4 capsules\/jour r\u00e9parties en 2 prises avec un grand verre d&rsquo;eau, au cours des repas<\/p>\n<p>Ne pas d\u00e9passer la dose journali\u00e8re recommand\u00e9e.<br \/>\nTenir hors de port\u00e9e des jeunes enfants.<\/p>\n<p>Un compl\u00e9ment alimentaire ne doit pas se substituer \u00e0 une alimentation vari\u00e9e et \u00e9quilibr\u00e9e et \u00e0 un mode de vie sain.<br \/>\nConserver le produit \u00e0 l&rsquo;abri de la lumi\u00e8re, de la chaleur et de l&rsquo;humidit\u00e9.<\/p>\n","protected":false},"excerpt":{"rendered":"<p>L&rsquo;\u00e9laboration d&rsquo;Om\u00e9ga 3 fort s&rsquo;inscrit toujours dans l&rsquo;exigence\u00a0FENIOUX\u00a0: le naturel avant tout.<\/p>\n<p>L&rsquo;Om\u00e9ga 3 fort\u00a0des\u00a0Laboratoires FENIOUX\u00a0est un d\u00e9riv\u00e9 du produit Om\u00e9ga 3, qui apporte une\u00a0concentration \u00e9lev\u00e9e en EPA et DHA, pour seulement 4 g\u00e9lules.<\/p>\n<p>Ce produit propose de vous apporter des om\u00e9ga 3, l&rsquo;EPA\u00a0et le\u00a0DHA,\u00a0tir\u00e9s d&rsquo;huiles de poissons (sardines, maquereaux, anchois, saumons) \u00e0 un dosage sup\u00e9rieur \u00e0 250mg\/jour, ce qui est la dose efficace pour contribuer \u00e0 une\u00a0fonction cardiaque normale.<\/p>\n<p>De plus, le DHA aide au\u00a0fonctionnement normal du cerveau.<\/p>\n<p>L&rsquo;acide docosahexa\u00e9no\u00efque (DHA) contribue au\u00a0maintien d&rsquo;une vision normale.<\/p>\n<p>Bo\u00eete de 360 capsules.<\/p>\n","protected":false},"featured_media":2090,"template":"","meta":{"ocean_post_layout":"","ocean_both_sidebars_style":"","ocean_both_sidebars_content_width":0,"ocean_both_sidebars_sidebars_width":0,"ocean_sidebar":"0","ocean_second_sidebar":"0","ocean_disable_margins":"enable","ocean_add_body_class":"","ocean_shortcode_before_top_bar":"","ocean_shortcode_after_top_bar":"","ocean_shortcode_before_header":"","ocean_shortcode_after_header":"","ocean_has_shortcode":"","ocean_shortcode_after_title":"","ocean_shortcode_before_footer_widgets":"","ocean_shortcode_after_footer_widgets":"","ocean_shortcode_before_footer_bottom":"","ocean_shortcode_after_footer_bottom":"","ocean_display_top_bar":"default","ocean_display_header":"default","ocean_header_style":"","ocean_center_header_left_menu":"0","ocean_custom_header_template":"0","ocean_custom_logo":0,"ocean_custom_retina_logo":0,"ocean_custom_logo_max_width":0,"ocean_custom_logo_tablet_max_width":0,"ocean_custom_logo_mobile_max_width":0,"ocean_custom_logo_max_height":0,"ocean_custom_logo_tablet_max_height":0,"ocean_custom_logo_mobile_max_height":0,"ocean_header_custom_menu":"0","ocean_menu_typo_font_family":"0","ocean_menu_typo_font_subset":"","ocean_menu_typo_font_size":0,"ocean_menu_typo_font_size_tablet":0,"ocean_menu_typo_font_size_mobile":0,"ocean_menu_typo_font_size_unit":"px","ocean_menu_typo_font_weight":"","ocean_menu_typo_font_weight_tablet":"","ocean_menu_typo_font_weight_mobile":"","ocean_menu_typo_transform":"","ocean_menu_typo_transform_tablet":"","ocean_menu_typo_transform_mobile":"","ocean_menu_typo_line_height":0,"ocean_menu_typo_line_height_tablet":0,"ocean_menu_typo_line_height_mobile":0,"ocean_menu_typo_line_height_unit":"","ocean_menu_typo_spacing":0,"ocean_menu_typo_spacing_tablet":0,"ocean_menu_typo_spacing_mobile":0,"ocean_menu_typo_spacing_unit":"","ocean_menu_link_color":"","ocean_menu_link_color_hover":"","ocean_menu_link_color_active":"","ocean_menu_link_background":"","ocean_menu_link_hover_background":"","ocean_menu_link_active_background":"","ocean_menu_social_links_bg":"","ocean_menu_social_hover_links_bg":"","ocean_menu_social_links_color":"","ocean_menu_social_hover_links_color":"","ocean_disable_title":"default","ocean_disable_heading":"default","ocean_post_title":"","ocean_post_subheading":"","ocean_post_title_style":"","ocean_post_title_background_color":"","ocean_post_title_background":0,"ocean_post_title_bg_image_position":"","ocean_post_title_bg_image_attachment":"","ocean_post_title_bg_image_repeat":"","ocean_post_title_bg_image_size":"","ocean_post_title_height":0,"ocean_post_title_bg_overlay":0.5,"ocean_post_title_bg_overlay_color":"","ocean_disable_breadcrumbs":"default","ocean_breadcrumbs_color":"","ocean_breadcrumbs_separator_color":"","ocean_breadcrumbs_links_color":"","ocean_breadcrumbs_links_hover_color":"","ocean_display_footer_widgets":"default","ocean_display_footer_bottom":"default","ocean_custom_footer_template":"0"},"product_brand":[49],"product_cat":[48],"product_tag":[],"class_list":{"0":"post-2088","1":"product","2":"type-product","3":"status-publish","4":"has-post-thumbnail","6":"product_brand-laboratoire-fenioux","7":"product_cat-complements-alimentaires","9":"entry","10":"has-media","12":"first","13":"instock","14":"shipping-taxable","15":"purchasable","16":"product-type-simple","17":"has-product-nav","18":"col","19":"span_1_of_4","20":"owp-content-center","21":"owp-thumbs-layout-horizontal","22":"owp-btn-normal","23":"owp-tabs-layout-horizontal","24":"has-no-thumbnails"},"_links":{"self":[{"href":"https:\/\/pierredelune-sceaux.fr\/index.php\/wp-json\/wp\/v2\/product\/2088","targetHints":{"allow":["GET"]}}],"collection":[{"href":"https:\/\/pierredelune-sceaux.fr\/index.php\/wp-json\/wp\/v2\/product"}],"about":[{"href":"https:\/\/pierredelune-sceaux.fr\/index.php\/wp-json\/wp\/v2\/types\/product"}],"wp:featuredmedia":[{"embeddable":true,"href":"https:\/\/pierredelune-sceaux.fr\/index.php\/wp-json\/wp\/v2\/media\/2090"}],"wp:attachment":[{"href":"https:\/\/pierredelune-sceaux.fr\/index.php\/wp-json\/wp\/v2\/media?parent=2088"}],"wp:term":[{"taxonomy":"product_brand","embeddable":true,"href":"https:\/\/pierredelune-sceaux.fr\/index.php\/wp-json\/wp\/v2\/product_brand?post=2088"},{"taxonomy":"product_cat","embeddable":true,"href":"https:\/\/pierredelune-sceaux.fr\/index.php\/wp-json\/wp\/v2\/product_cat?post=2088"},{"taxonomy":"product_tag","embeddable":true,"href":"https:\/\/pierredelune-sceaux.fr\/index.php\/wp-json\/wp\/v2\/product_tag?post=2088"}],"curies":[{"name":"wp","href":"https:\/\/api.w.org\/{rel}","templated":true}]}}