{"id":2091,"date":"2025-11-13T22:52:13","date_gmt":"2025-11-13T21:52:13","guid":{"rendered":"https:\/\/pierredelune-sceaux.fr\/?post_type=product&#038;p=2091"},"modified":"2025-11-13T22:52:14","modified_gmt":"2025-11-13T21:52:14","slug":"morphea-spray-sommeil-reparateur","status":"publish","type":"product","link":"https:\/\/pierredelune-sceaux.fr\/index.php\/produit\/morphea-spray-sommeil-reparateur\/","title":{"rendered":"Morph\u00e9a spray &#8211; sommeil r\u00e9parateur"},"content":{"rendered":"<p>Morph\u00e9a Spray\u00a0est un produit original par sa composition et sa gal\u00e9nique qui vous permettra de\u00a0r\u00e9duire\u00a0significativement votre\u00a0temps d\u2019endormissement\u00a0et de\u00a0b\u00e9n\u00e9ficier d\u2019un sommeil r\u00e9parateur.<\/p>\n<p>La m\u00e9latonine r\u00e9duit le temps d\u2019endormissement et att\u00e9nue les effets du d\u00e9calage horaire.<\/p>\n<p>Le coquelicot, un indispensable dans nos formules Morph\u00e9a, car il exerce une double action. Il permet de diminuer l\u2019irritabilit\u00e9 et la nervosit\u00e9 qui nous emp\u00eachent souvent de trouver le sommeil. Il favorise ainsi un meilleur sommeil.<\/p>\n<p>La\u00a0m\u00e9lisse\u00a0vient compl\u00e9ter et renforcer l\u2019action du coquelicot. Elle\u00a0am\u00e9liore la qualit\u00e9 du sommeil, facilite la somnolence\u00a0et contribue \u00e0\u00a0diminuer l\u2019agitation.<\/p>\n<p>Les vitamines B1 et B6 sont impliqu\u00e9es dans la production d\u2019\u00e9nergie, elles contribuent \u00e0 un m\u00e9tabolisme \u00e9nerg\u00e9tique normal et au fonctionnement normal du syst\u00e8me nerveux. La vitamine B9 aide \u00e0 r\u00e9duire la fatigue.<\/p>\n<p>Ingr\u00e9dients : eau, stabilisant : glyc\u00e9rol, m\u00e9latonine, acidifiant : acide citrique, extrait de feuille de m\u00e9lisse (<em>Melissa officinalis<\/em>), extrait de p\u00e9tale de coquelicot (Papaver rhoeas), vitamine B6 (chlorhydrate de pyridoxine), vitamine B1 (chlorydrate de thiamine), \u00e9paississant : gomme xanthane, conservateurs : benzoate de sodium et sorbate de potassium, vitamine B9 (acide folique)<\/p>\n<p>Conseils d&rsquo;utilisation : dans la bouche, 4 pulv\u00e9risations\/jour avant le coucher ou au cours d&rsquo;un r\u00e9veil nocturne<\/p>\n<p>Ne pas d\u00e9passer la dose journali\u00e8re recommand\u00e9e.<br \/>\nTenir hors de port\u00e9e des jeunes enfants.<\/p>\n<p>Un compl\u00e9ment alimentaire ne doit pas se substituer \u00e0 une alimentation vari\u00e9e et \u00e9quilibr\u00e9e et \u00e0 un mode de vie sain. Conserver le produit \u00e0 l&rsquo;abri de la lumi\u00e8re, de la chaleur et de l&rsquo;humidit\u00e9.<\/p>\n<p>D\u00e9conseill\u00e9 aux femmes enceintes ou allaitantes, aux personnes \u00e9pileptiques, asthmatiques ou sous traitement m\u00e9dicamenteux, aux personnes souffrant de troubles de l&rsquo;humeur, du comportement ou de la personnalit\u00e9, de maladies inflammatoires ou auto-immunes.<\/p>\n<p>Ne doit pas \u00eatre consomm\u00e9 par les personnes devant r\u00e9aliser une activit\u00e9 n\u00e9cessitant une vigilance soutenue et pouvant poser un probl\u00e8me de s\u00e9curit\u00e9 en cas de somnolence.<br \/>\nR\u00e9serv\u00e9 \u00e0 l&rsquo;adulte.<\/p>\n<p>L&rsquo;effet b\u00e9n\u00e9fique de la m\u00e9latonine est obtenu par la consommation de 1 mg de m\u00e9latonine avant le coucher.<\/p>\n","protected":false},"excerpt":{"rendered":"<p>Vous souffrez d&rsquo;un sommeil d\u00e9structur\u00e9 ? Vous \u00eates victime du d\u00e9calage horaire ? Avec ce produit, diminuez votre temps d&rsquo;endormissement.<\/p>\n<p>Pratique lorsque l&rsquo;on sait que le sommeil est primordial pour \u00eatre en bonne sant\u00e9.<\/p>\n<p>Lorsque nous dormons, notre corps r\u00e9alise de nombreuses r\u00e9actions m\u00e9taboliques\u00a0: il fait le\u00a0plein d\u2019\u00e9nergie,\u00a0r\u00e9g\u00e9n\u00e8re nos cellules, r\u00e9gule notre temp\u00e9rature corporelle, r\u00e9ajuste les s\u00e9cr\u00e9tions d\u2019hormones, permet le d\u00e9veloppement et le maintien de bonnes capacit\u00e9s cognitives et intellectuelles\u2026<\/p>\n<p>\u00c0 l\u2019inverse, un manque de sommeil ou un sommeil de mauvaise qualit\u00e9 peut avoir des effets d\u00e9l\u00e9t\u00e8res : prise de poids, risques cardiovasculaires, irritabilit\u00e9, mauvaise \u00e9limination des toxines\u2026<\/p>\n<p>Spray de 50mL<\/p>\n","protected":false},"featured_media":2093,"template":"","meta":{"ocean_post_layout":"","ocean_both_sidebars_style":"","ocean_both_sidebars_content_width":0,"ocean_both_sidebars_sidebars_width":0,"ocean_sidebar":"0","ocean_second_sidebar":"0","ocean_disable_margins":"enable","ocean_add_body_class":"","ocean_shortcode_before_top_bar":"","ocean_shortcode_after_top_bar":"","ocean_shortcode_before_header":"","ocean_shortcode_after_header":"","ocean_has_shortcode":"","ocean_shortcode_after_title":"","ocean_shortcode_before_footer_widgets":"","ocean_shortcode_after_footer_widgets":"","ocean_shortcode_before_footer_bottom":"","ocean_shortcode_after_footer_bottom":"","ocean_display_top_bar":"default","ocean_display_header":"default","ocean_header_style":"","ocean_center_header_left_menu":"0","ocean_custom_header_template":"0","ocean_custom_logo":0,"ocean_custom_retina_logo":0,"ocean_custom_logo_max_width":0,"ocean_custom_logo_tablet_max_width":0,"ocean_custom_logo_mobile_max_width":0,"ocean_custom_logo_max_height":0,"ocean_custom_logo_tablet_max_height":0,"ocean_custom_logo_mobile_max_height":0,"ocean_header_custom_menu":"0","ocean_menu_typo_font_family":"0","ocean_menu_typo_font_subset":"","ocean_menu_typo_font_size":0,"ocean_menu_typo_font_size_tablet":0,"ocean_menu_typo_font_size_mobile":0,"ocean_menu_typo_font_size_unit":"px","ocean_menu_typo_font_weight":"","ocean_menu_typo_font_weight_tablet":"","ocean_menu_typo_font_weight_mobile":"","ocean_menu_typo_transform":"","ocean_menu_typo_transform_tablet":"","ocean_menu_typo_transform_mobile":"","ocean_menu_typo_line_height":0,"ocean_menu_typo_line_height_tablet":0,"ocean_menu_typo_line_height_mobile":0,"ocean_menu_typo_line_height_unit":"","ocean_menu_typo_spacing":0,"ocean_menu_typo_spacing_tablet":0,"ocean_menu_typo_spacing_mobile":0,"ocean_menu_typo_spacing_unit":"","ocean_menu_link_color":"","ocean_menu_link_color_hover":"","ocean_menu_link_color_active":"","ocean_menu_link_background":"","ocean_menu_link_hover_background":"","ocean_menu_link_active_background":"","ocean_menu_social_links_bg":"","ocean_menu_social_hover_links_bg":"","ocean_menu_social_links_color":"","ocean_menu_social_hover_links_color":"","ocean_disable_title":"default","ocean_disable_heading":"default","ocean_post_title":"","ocean_post_subheading":"","ocean_post_title_style":"","ocean_post_title_background_color":"","ocean_post_title_background":0,"ocean_post_title_bg_image_position":"","ocean_post_title_bg_image_attachment":"","ocean_post_title_bg_image_repeat":"","ocean_post_title_bg_image_size":"","ocean_post_title_height":0,"ocean_post_title_bg_overlay":0.5,"ocean_post_title_bg_overlay_color":"","ocean_disable_breadcrumbs":"default","ocean_breadcrumbs_color":"","ocean_breadcrumbs_separator_color":"","ocean_breadcrumbs_links_color":"","ocean_breadcrumbs_links_hover_color":"","ocean_display_footer_widgets":"default","ocean_display_footer_bottom":"default","ocean_custom_footer_template":"0"},"product_brand":[49],"product_cat":[48],"product_tag":[],"class_list":{"0":"post-2091","1":"product","2":"type-product","3":"status-publish","4":"has-post-thumbnail","6":"product_brand-laboratoire-fenioux","7":"product_cat-complements-alimentaires","9":"entry","10":"has-media","12":"first","13":"instock","14":"shipping-taxable","15":"purchasable","16":"product-type-simple","17":"has-product-nav","18":"col","19":"span_1_of_4","20":"owp-content-center","21":"owp-thumbs-layout-horizontal","22":"owp-btn-normal","23":"owp-tabs-layout-horizontal","24":"has-no-thumbnails"},"_links":{"self":[{"href":"https:\/\/pierredelune-sceaux.fr\/index.php\/wp-json\/wp\/v2\/product\/2091","targetHints":{"allow":["GET"]}}],"collection":[{"href":"https:\/\/pierredelune-sceaux.fr\/index.php\/wp-json\/wp\/v2\/product"}],"about":[{"href":"https:\/\/pierredelune-sceaux.fr\/index.php\/wp-json\/wp\/v2\/types\/product"}],"wp:featuredmedia":[{"embeddable":true,"href":"https:\/\/pierredelune-sceaux.fr\/index.php\/wp-json\/wp\/v2\/media\/2093"}],"wp:attachment":[{"href":"https:\/\/pierredelune-sceaux.fr\/index.php\/wp-json\/wp\/v2\/media?parent=2091"}],"wp:term":[{"taxonomy":"product_brand","embeddable":true,"href":"https:\/\/pierredelune-sceaux.fr\/index.php\/wp-json\/wp\/v2\/product_brand?post=2091"},{"taxonomy":"product_cat","embeddable":true,"href":"https:\/\/pierredelune-sceaux.fr\/index.php\/wp-json\/wp\/v2\/product_cat?post=2091"},{"taxonomy":"product_tag","embeddable":true,"href":"https:\/\/pierredelune-sceaux.fr\/index.php\/wp-json\/wp\/v2\/product_tag?post=2091"}],"curies":[{"name":"wp","href":"https:\/\/api.w.org\/{rel}","templated":true}]}}