{"id":2094,"date":"2025-11-13T22:52:06","date_gmt":"2025-11-13T21:52:06","guid":{"rendered":"https:\/\/pierredelune-sceaux.fr\/?post_type=product&#038;p=2094"},"modified":"2025-11-13T22:52:06","modified_gmt":"2025-11-13T21:52:06","slug":"morphea-gelules","status":"publish","type":"product","link":"https:\/\/pierredelune-sceaux.fr\/index.php\/produit\/morphea-gelules\/","title":{"rendered":"Morph\u00e9a &#8211; g\u00e9lules"},"content":{"rendered":"<p>Cette formule regroupe 5 ingr\u00e9dients :<br \/>\n&#8211; la m\u00e9latonine\u00a0contribue \u00e0\u00a0r\u00e9duire le temps d&rsquo;endormissement\u00a0et \u00e0\u00a0att\u00e9nuer les effets du d\u00e9calage horaire*<br \/>\n&#8211; le coquelicot\u00a0favorise un\u00a0bon sommeil\u00a0et permet de\u00a0r\u00e9duire les \u00e9tats de nervosit\u00e9<br \/>\n&#8211; les vitamines B1 et B6\u00a0ont une action plus cibl\u00e9e au niveau des cellules nerveuses en contribuant au\u00a0fonctionnement normal du syst\u00e8me nerveux<br \/>\n&#8211; la vitamine B6\u00a0contribue \u00e9galement \u00e0\u00a0r\u00e9duire la fatigue<br \/>\n&#8211; la L-Th\u00e9anine<\/p>\n<p>*Les effets b\u00e9n\u00e9fiques de la m\u00e9latonine s&rsquo;obtiennent \u00e0 partir d&rsquo;une prise d&rsquo;1 mg \u00e0 prendre peu de temps avant le coucher.<\/p>\n<p>Ingr\u00e9dients : L-Th\u00e9anine, g\u00e9lule (g\u00e9latine), extrait de fleur de coquelicot (<em>Papaver rhoeas<\/em>), agent de charge : gomme d&rsquo;acacia, antiagglom\u00e9rant : sels de magn\u00e9sium d\u2019acides gras, vitamine B6 (chlorhydrate de pyridoxine), m\u00e9latonine, vitamine B1 (chlorydrate de thiamine)<\/p>\n<p>Conseils d&rsquo;utilisation : 2 g\u00e9lules\/jour : 1 lors du d\u00eener et 1 au coucher \u00e0 prendre avec un grand verre d&rsquo;eau<\/p>\n<p>Ne pas d\u00e9passer la dose journali\u00e8re recommand\u00e9e.<br \/>\nTenir hors de port\u00e9e des jeunes enfants.<\/p>\n<p>Un compl\u00e9ment alimentaire ne doit pas se substituer \u00e0 une alimentation vari\u00e9e et \u00e9quilibr\u00e9e et \u00e0 un mode de vie sain. Conserver le produit \u00e0 l&rsquo;abri de la lumi\u00e8re, de la chaleur et de l&rsquo;humidit\u00e9.<\/p>\n<p>D\u00e9conseill\u00e9 aux femmes enceintes ou allaitantes, aux personnes \u00e9pileptiques, asthmatiques ou sous traitement m\u00e9dicamenteux, aux personnes souffrant de troubles de l&rsquo;humeur, du comportement ou de la personnalit\u00e9, de maladies inflammatoires ou auto-immunes.<\/p>\n<p>Ne doit pas \u00eatre consomm\u00e9 par les personnes devant r\u00e9aliser une activit\u00e9 n\u00e9cessitant une vigilance soutenue et pouvant poser un probl\u00e8me de s\u00e9curit\u00e9 en cas de somnolence.<\/p>\n<p>R\u00e9serv\u00e9 \u00e0 l&rsquo;adulte.<br \/>\nL&rsquo;effet b\u00e9n\u00e9fique est obtenu par la consommation de 1 mg de m\u00e9latonine avant le coucher.<\/p>\n","protected":false},"excerpt":{"rendered":"<p>Vous \u00eates victime d&rsquo;un sommeil d\u00e9structur\u00e9 ? Vous d\u00e9sirez r\u00e9duire votre temps d&rsquo;endormissement, la nervosit\u00e9 et la fatigue ? Ces g\u00e9lules favorisent un sommeil r\u00e9parateur gr\u00e2ce \u00e0 l&rsquo;association de m\u00e9latonine, du coquelicot, de la vitamine B1 et B6.<\/p>\n<p>Morph\u00e9a\u00a0est une association judicieusement \u00e9tudi\u00e9e correspondant au concept de Phyto-Micronutrition d\u00e9velopp\u00e9 par les\u00a0Laboratoires FENIOUX, c&rsquo;est-\u00e0-dire \u00e0 l&rsquo;association entre les plantes et la micronutrition.<\/p>\n<p>B\u00e9n\u00e9ficier d&rsquo;un\u00a0sommeil r\u00e9parateur est essentiel pour garantir d&rsquo;utiliser ses pleines capacit\u00e9s intellectuelles et physiques au cours de chaque journ\u00e9e. Morph\u00e9a y contribue en vous permettant d&rsquo;obtenir un sommeil apais\u00e9.<\/p>\n<p>Vous d\u00e9marrez ainsi la journ\u00e9e en pleine forme gr\u00e2ce \u00e0 des\u00a0nuits plus longues et un sommeil de qualit\u00e9.<\/p>\n<p>Bo\u00eete de 60 g\u00e9lules de 250mg<\/p>\n","protected":false},"featured_media":2096,"template":"","meta":{"ocean_post_layout":"","ocean_both_sidebars_style":"","ocean_both_sidebars_content_width":0,"ocean_both_sidebars_sidebars_width":0,"ocean_sidebar":"0","ocean_second_sidebar":"0","ocean_disable_margins":"enable","ocean_add_body_class":"","ocean_shortcode_before_top_bar":"","ocean_shortcode_after_top_bar":"","ocean_shortcode_before_header":"","ocean_shortcode_after_header":"","ocean_has_shortcode":"","ocean_shortcode_after_title":"","ocean_shortcode_before_footer_widgets":"","ocean_shortcode_after_footer_widgets":"","ocean_shortcode_before_footer_bottom":"","ocean_shortcode_after_footer_bottom":"","ocean_display_top_bar":"default","ocean_display_header":"default","ocean_header_style":"","ocean_center_header_left_menu":"0","ocean_custom_header_template":"0","ocean_custom_logo":0,"ocean_custom_retina_logo":0,"ocean_custom_logo_max_width":0,"ocean_custom_logo_tablet_max_width":0,"ocean_custom_logo_mobile_max_width":0,"ocean_custom_logo_max_height":0,"ocean_custom_logo_tablet_max_height":0,"ocean_custom_logo_mobile_max_height":0,"ocean_header_custom_menu":"0","ocean_menu_typo_font_family":"0","ocean_menu_typo_font_subset":"","ocean_menu_typo_font_size":0,"ocean_menu_typo_font_size_tablet":0,"ocean_menu_typo_font_size_mobile":0,"ocean_menu_typo_font_size_unit":"px","ocean_menu_typo_font_weight":"","ocean_menu_typo_font_weight_tablet":"","ocean_menu_typo_font_weight_mobile":"","ocean_menu_typo_transform":"","ocean_menu_typo_transform_tablet":"","ocean_menu_typo_transform_mobile":"","ocean_menu_typo_line_height":0,"ocean_menu_typo_line_height_tablet":0,"ocean_menu_typo_line_height_mobile":0,"ocean_menu_typo_line_height_unit":"","ocean_menu_typo_spacing":0,"ocean_menu_typo_spacing_tablet":0,"ocean_menu_typo_spacing_mobile":0,"ocean_menu_typo_spacing_unit":"","ocean_menu_link_color":"","ocean_menu_link_color_hover":"","ocean_menu_link_color_active":"","ocean_menu_link_background":"","ocean_menu_link_hover_background":"","ocean_menu_link_active_background":"","ocean_menu_social_links_bg":"","ocean_menu_social_hover_links_bg":"","ocean_menu_social_links_color":"","ocean_menu_social_hover_links_color":"","ocean_disable_title":"default","ocean_disable_heading":"default","ocean_post_title":"","ocean_post_subheading":"","ocean_post_title_style":"","ocean_post_title_background_color":"","ocean_post_title_background":0,"ocean_post_title_bg_image_position":"","ocean_post_title_bg_image_attachment":"","ocean_post_title_bg_image_repeat":"","ocean_post_title_bg_image_size":"","ocean_post_title_height":0,"ocean_post_title_bg_overlay":0.5,"ocean_post_title_bg_overlay_color":"","ocean_disable_breadcrumbs":"default","ocean_breadcrumbs_color":"","ocean_breadcrumbs_separator_color":"","ocean_breadcrumbs_links_color":"","ocean_breadcrumbs_links_hover_color":"","ocean_display_footer_widgets":"default","ocean_display_footer_bottom":"default","ocean_custom_footer_template":"0"},"product_brand":[49],"product_cat":[48],"product_tag":[],"class_list":{"0":"post-2094","1":"product","2":"type-product","3":"status-publish","4":"has-post-thumbnail","6":"product_brand-laboratoire-fenioux","7":"product_cat-complements-alimentaires","9":"entry","10":"has-media","12":"first","13":"instock","14":"shipping-taxable","15":"purchasable","16":"product-type-simple","17":"has-product-nav","18":"col","19":"span_1_of_4","20":"owp-content-center","21":"owp-thumbs-layout-horizontal","22":"owp-btn-normal","23":"owp-tabs-layout-horizontal","24":"has-no-thumbnails"},"_links":{"self":[{"href":"https:\/\/pierredelune-sceaux.fr\/index.php\/wp-json\/wp\/v2\/product\/2094","targetHints":{"allow":["GET"]}}],"collection":[{"href":"https:\/\/pierredelune-sceaux.fr\/index.php\/wp-json\/wp\/v2\/product"}],"about":[{"href":"https:\/\/pierredelune-sceaux.fr\/index.php\/wp-json\/wp\/v2\/types\/product"}],"wp:featuredmedia":[{"embeddable":true,"href":"https:\/\/pierredelune-sceaux.fr\/index.php\/wp-json\/wp\/v2\/media\/2096"}],"wp:attachment":[{"href":"https:\/\/pierredelune-sceaux.fr\/index.php\/wp-json\/wp\/v2\/media?parent=2094"}],"wp:term":[{"taxonomy":"product_brand","embeddable":true,"href":"https:\/\/pierredelune-sceaux.fr\/index.php\/wp-json\/wp\/v2\/product_brand?post=2094"},{"taxonomy":"product_cat","embeddable":true,"href":"https:\/\/pierredelune-sceaux.fr\/index.php\/wp-json\/wp\/v2\/product_cat?post=2094"},{"taxonomy":"product_tag","embeddable":true,"href":"https:\/\/pierredelune-sceaux.fr\/index.php\/wp-json\/wp\/v2\/product_tag?post=2094"}],"curies":[{"name":"wp","href":"https:\/\/api.w.org\/{rel}","templated":true}]}}