{"id":2097,"date":"2025-11-13T22:52:02","date_gmt":"2025-11-13T21:52:02","guid":{"rendered":"https:\/\/pierredelune-sceaux.fr\/?post_type=product&#038;p=2097"},"modified":"2025-11-13T22:52:02","modified_gmt":"2025-11-13T21:52:02","slug":"magnesium-marin-evolution","status":"publish","type":"product","link":"https:\/\/pierredelune-sceaux.fr\/index.php\/produit\/magnesium-marin-evolution\/","title":{"rendered":"Magn\u00e9sium marin &#8211; \u00c9volution"},"content":{"rendered":"<p>Pour optimiser son efficacit\u00e9 et obtenir une meilleure synergie, les Laboratoires Fenioux l\u2019associent \u00e0 huit vitamines du groupe B : vitamine B1 (thiamine), vitamine B2 (riboflavine), vitamine B3 (niacine), vitamine B5 (acide panthoth\u00e9nique), vitamine B6 (pyridoxine), vitamine B8 (biotine), vitamine B9 (acide folique ou folate) et vitamine B12 (cobalamine).<\/p>\n<p>Toutes ces vitamines du groupe B sont impliqu\u00e9es dans de nombreux r\u00f4les, tels que la production d\u2019\u00e9nergie et le bon fonctionnement du syst\u00e8me nerveux.<\/p>\n<p>De plus, la plupart des vitamines B ne sont pas stock\u00e9es dans l\u2019organisme en quantit\u00e9 suffisante.<\/p>\n<p>De par sa richesse en magn\u00e9sium, Magn\u00e9sium marin Evolution vous permettra ainsi de lutter notamment contre une fatigue ainsi que de maintenir le fonctionnement normal du syst\u00e8me nerveux et musculaire.<\/p>\n<p>Par ailleurs, l&rsquo;acide pantoth\u00e9nique contribue \u00e0 la synth\u00e8se normale et au m\u00e9tabolisme normal des hormones st\u00e9ro\u00efdes. La vitamine B6 contribue \u00e0 r\u00e9guler l&rsquo;activit\u00e9 hormonale.<\/p>\n<hr \/>\n<p>Ingr\u00e9dients : oxyde de magn\u00e9sium d&rsquo;origine marine, agent de charge : cellulose microcristalline, \u00e9mulsifiant : sels de magn\u00e9sium d\u2019acides gras, vitamine B6 (chlorhydrate de pyridoxine)<\/p>\n<p>Conseils d&rsquo;utilisation : 1 comprim\u00e9\/jour avec un grand verre d&rsquo;eau, 10mn avant le repas<\/p>\n<hr \/>\n<p>Ne pas d\u00e9passer la dose journali\u00e8re recommand\u00e9e.<br \/>\nTenir hors de port\u00e9e des jeunes enfants.<\/p>\n<p>Un compl\u00e9ment alimentaire ne doit pas se substituer \u00e0 une alimentation vari\u00e9e et \u00e9quilibr\u00e9e et \u00e0 un mode de vie sain.<\/p>\n<p>Conserver le produit \u00e0 l&rsquo;abri de la lumi\u00e8re, de la chaleur et de l&rsquo;humidit\u00e9.<\/p>\n<p>Pour les femmes enceintes ou allaitantes, consulter un professionnel de sant\u00e9.<br \/>\nR\u00e9serv\u00e9 \u00e0 l&rsquo;adulte.<\/p>\n","protected":false},"excerpt":{"rendered":"<p>Le magn\u00e9sium marin est extrait de l\u2019eau de mer et du sel qu\u2019elle contient.<\/p>\n<p>Ce min\u00e9ral d\u2019origine naturelle est facilement tol\u00e9r\u00e9 par l\u2019organisme, contrairement \u00e0 d\u2019autres types de magn\u00e9sium.<\/p>\n<p>Le magn\u00e9sium est l&rsquo;un des min\u00e9raux les plus importants de l\u2019organisme et pourtant, 1 fran\u00e7ais sur 3 n\u2019en consomme pas assez et serait en d\u00e9ficit sans le savoir.<\/p>\n<p>Une d\u00e9ficience en magn\u00e9sium peut engendrer de nombreuses cons\u00e9quences dont des crampes musculaires, des tremblements de paupi\u00e8res, une fatigue durable, une irritabilit\u00e9.<\/p>\n<p>Notre alimentation actuelle \u00e9tant de plus en plus appauvrie en magn\u00e9sium, il est important de faire r\u00e9guli\u00e8rement des cures de magn\u00e9sium.<\/p>\n<p>Bo\u00eete de 30 comprim\u00e9s de 638mg.<\/p>\n","protected":false},"featured_media":2099,"template":"","meta":{"ocean_post_layout":"","ocean_both_sidebars_style":"","ocean_both_sidebars_content_width":0,"ocean_both_sidebars_sidebars_width":0,"ocean_sidebar":"0","ocean_second_sidebar":"0","ocean_disable_margins":"enable","ocean_add_body_class":"","ocean_shortcode_before_top_bar":"","ocean_shortcode_after_top_bar":"","ocean_shortcode_before_header":"","ocean_shortcode_after_header":"","ocean_has_shortcode":"","ocean_shortcode_after_title":"","ocean_shortcode_before_footer_widgets":"","ocean_shortcode_after_footer_widgets":"","ocean_shortcode_before_footer_bottom":"","ocean_shortcode_after_footer_bottom":"","ocean_display_top_bar":"default","ocean_display_header":"default","ocean_header_style":"","ocean_center_header_left_menu":"0","ocean_custom_header_template":"0","ocean_custom_logo":0,"ocean_custom_retina_logo":0,"ocean_custom_logo_max_width":0,"ocean_custom_logo_tablet_max_width":0,"ocean_custom_logo_mobile_max_width":0,"ocean_custom_logo_max_height":0,"ocean_custom_logo_tablet_max_height":0,"ocean_custom_logo_mobile_max_height":0,"ocean_header_custom_menu":"0","ocean_menu_typo_font_family":"0","ocean_menu_typo_font_subset":"","ocean_menu_typo_font_size":0,"ocean_menu_typo_font_size_tablet":0,"ocean_menu_typo_font_size_mobile":0,"ocean_menu_typo_font_size_unit":"px","ocean_menu_typo_font_weight":"","ocean_menu_typo_font_weight_tablet":"","ocean_menu_typo_font_weight_mobile":"","ocean_menu_typo_transform":"","ocean_menu_typo_transform_tablet":"","ocean_menu_typo_transform_mobile":"","ocean_menu_typo_line_height":0,"ocean_menu_typo_line_height_tablet":0,"ocean_menu_typo_line_height_mobile":0,"ocean_menu_typo_line_height_unit":"","ocean_menu_typo_spacing":0,"ocean_menu_typo_spacing_tablet":0,"ocean_menu_typo_spacing_mobile":0,"ocean_menu_typo_spacing_unit":"","ocean_menu_link_color":"","ocean_menu_link_color_hover":"","ocean_menu_link_color_active":"","ocean_menu_link_background":"","ocean_menu_link_hover_background":"","ocean_menu_link_active_background":"","ocean_menu_social_links_bg":"","ocean_menu_social_hover_links_bg":"","ocean_menu_social_links_color":"","ocean_menu_social_hover_links_color":"","ocean_disable_title":"default","ocean_disable_heading":"default","ocean_post_title":"","ocean_post_subheading":"","ocean_post_title_style":"","ocean_post_title_background_color":"","ocean_post_title_background":0,"ocean_post_title_bg_image_position":"","ocean_post_title_bg_image_attachment":"","ocean_post_title_bg_image_repeat":"","ocean_post_title_bg_image_size":"","ocean_post_title_height":0,"ocean_post_title_bg_overlay":0.5,"ocean_post_title_bg_overlay_color":"","ocean_disable_breadcrumbs":"default","ocean_breadcrumbs_color":"","ocean_breadcrumbs_separator_color":"","ocean_breadcrumbs_links_color":"","ocean_breadcrumbs_links_hover_color":"","ocean_display_footer_widgets":"default","ocean_display_footer_bottom":"default","ocean_custom_footer_template":"0"},"product_brand":[49],"product_cat":[48],"product_tag":[],"class_list":{"0":"post-2097","1":"product","2":"type-product","3":"status-publish","4":"has-post-thumbnail","6":"product_brand-laboratoire-fenioux","7":"product_cat-complements-alimentaires","9":"entry","10":"has-media","12":"first","13":"instock","14":"shipping-taxable","15":"purchasable","16":"product-type-simple","17":"has-product-nav","18":"col","19":"span_1_of_4","20":"owp-content-center","21":"owp-thumbs-layout-horizontal","22":"owp-btn-normal","23":"owp-tabs-layout-horizontal","24":"has-no-thumbnails"},"_links":{"self":[{"href":"https:\/\/pierredelune-sceaux.fr\/index.php\/wp-json\/wp\/v2\/product\/2097","targetHints":{"allow":["GET"]}}],"collection":[{"href":"https:\/\/pierredelune-sceaux.fr\/index.php\/wp-json\/wp\/v2\/product"}],"about":[{"href":"https:\/\/pierredelune-sceaux.fr\/index.php\/wp-json\/wp\/v2\/types\/product"}],"wp:featuredmedia":[{"embeddable":true,"href":"https:\/\/pierredelune-sceaux.fr\/index.php\/wp-json\/wp\/v2\/media\/2099"}],"wp:attachment":[{"href":"https:\/\/pierredelune-sceaux.fr\/index.php\/wp-json\/wp\/v2\/media?parent=2097"}],"wp:term":[{"taxonomy":"product_brand","embeddable":true,"href":"https:\/\/pierredelune-sceaux.fr\/index.php\/wp-json\/wp\/v2\/product_brand?post=2097"},{"taxonomy":"product_cat","embeddable":true,"href":"https:\/\/pierredelune-sceaux.fr\/index.php\/wp-json\/wp\/v2\/product_cat?post=2097"},{"taxonomy":"product_tag","embeddable":true,"href":"https:\/\/pierredelune-sceaux.fr\/index.php\/wp-json\/wp\/v2\/product_tag?post=2097"}],"curies":[{"name":"wp","href":"https:\/\/api.w.org\/{rel}","templated":true}]}}