{"id":2109,"date":"2025-11-13T22:46:31","date_gmt":"2025-11-13T21:46:31","guid":{"rendered":"https:\/\/pierredelune-sceaux.fr\/?post_type=product&#038;p=2109"},"modified":"2025-11-13T22:46:31","modified_gmt":"2025-11-13T21:46:31","slug":"cystiline-fluid","status":"publish","type":"product","link":"https:\/\/pierredelune-sceaux.fr\/index.php\/produit\/cystiline-fluid\/","title":{"rendered":"Cystiline Fluid"},"content":{"rendered":"<p>Ingr\u00e9dients : eau, extrait de plantes [obtenu \u00e0 partir : extrait de fleur d&rsquo;hibiscus (<em>Hibiscus sabdariffa<\/em>) 70%, extrait de baie de canneberge (<em>Vaccinium macrocarpon<\/em>) 30%], extrait de racine d&rsquo;ang\u00e9lique (<em>Angelica sinensis<\/em>), correcteur d&rsquo;acidit\u00e9 : acide citrique, ar\u00f4me cassis, conservateurs : benzoate de sodium et sorbate de potassium<\/p>\n<hr \/>\n<p>Conseils d&rsquo;utilisation : 1 bouchon doseur (10ml), le matin \u00e0 jeun \u00e0 diluer dans un verre d&rsquo;eau de 20cl<\/p>\n<p>Agiter avant emploi. Apr\u00e8s ouverture, conserver le produit au r\u00e9frig\u00e9rateur pendant 25 jours maximum.<\/p>\n<hr \/>\n<p>Ne pas d\u00e9passer la dose journali\u00e8re recommand\u00e9e.<br \/>\nTenir hors de port\u00e9e des jeunes enfants.<\/p>\n<p>Un compl\u00e9ment alimentaire ne doit pas se substituer \u00e0 une alimentation vari\u00e9e et \u00e9quilibr\u00e9e et \u00e0 un mode de vie sain.<\/p>\n<p>Conserver le produit \u00e0 l&rsquo;abri de la lumi\u00e8re, de la chaleur et de l&rsquo;humidit\u00e9.<\/p>\n","protected":false},"excerpt":{"rendered":"<p>Cystiline\u00ae Fluid\u00a0est un compl\u00e9ment alimentaire\u00a0aromatis\u00e9 au cassis\u00a0qui associe les\u00a0extraits d&rsquo;hibiscus, de\u00a0canneberge\u00a0et d\u2019ang\u00e9lique.<\/p>\n<p>L&rsquo;Hibiscus sabdariffa\u00a0est une plante herbac\u00e9e poussant en zone tropicale.<\/p>\n<p>L&rsquo;infusion de ses fleurs constitue une boisson traditionnelle notamment au S\u00e9n\u00e9gal, Burkina Faso et dans le nord du B\u00e9nin o\u00f9 elle est m\u00eame boisson nationale.<\/p>\n<p>L&rsquo;hibiscus\u00a0favorise l&rsquo;\u00e9limination r\u00e9nale de l&rsquo;eau.<\/p>\n<p>La\u00a0canneberge, utilis\u00e9e depuis tr\u00e8s longtemps par les indiens d\u2019Am\u00e9rique du Nord d\u2019o\u00f9 elle est originaire, est une petite\u00a0baie rouge au jus amer et acidul\u00e9 \u00e0 la fois. Ces\u00a0baies contiennent\u00a0des\u00a0flavono\u00efdes\u00a0et des\u00a0proanthocyanidines.<\/p>\n<p>L\u2019ang\u00e9lique\u00a0(Angelica sinensis) est une plante herbac\u00e9e de la famille des apiac\u00e9es. Elle contribue \u00e0 la sant\u00e9 du syst\u00e8me urog\u00e9nital.<\/p>\n<p>Utilis\u00e9e en Asie Orientale, la plante est connue en Chine sous le nom de Don Quai. L\u2019usage de l\u2019ang\u00e9lique de Chine remonte \u00e0 l\u2019Antiquit\u00e9.<\/p>\n","protected":false},"featured_media":2112,"template":"","meta":{"ocean_post_layout":"","ocean_both_sidebars_style":"","ocean_both_sidebars_content_width":0,"ocean_both_sidebars_sidebars_width":0,"ocean_sidebar":"0","ocean_second_sidebar":"0","ocean_disable_margins":"enable","ocean_add_body_class":"","ocean_shortcode_before_top_bar":"","ocean_shortcode_after_top_bar":"","ocean_shortcode_before_header":"","ocean_shortcode_after_header":"","ocean_has_shortcode":"","ocean_shortcode_after_title":"","ocean_shortcode_before_footer_widgets":"","ocean_shortcode_after_footer_widgets":"","ocean_shortcode_before_footer_bottom":"","ocean_shortcode_after_footer_bottom":"","ocean_display_top_bar":"default","ocean_display_header":"default","ocean_header_style":"","ocean_center_header_left_menu":"0","ocean_custom_header_template":"0","ocean_custom_logo":0,"ocean_custom_retina_logo":0,"ocean_custom_logo_max_width":0,"ocean_custom_logo_tablet_max_width":0,"ocean_custom_logo_mobile_max_width":0,"ocean_custom_logo_max_height":0,"ocean_custom_logo_tablet_max_height":0,"ocean_custom_logo_mobile_max_height":0,"ocean_header_custom_menu":"0","ocean_menu_typo_font_family":"0","ocean_menu_typo_font_subset":"","ocean_menu_typo_font_size":0,"ocean_menu_typo_font_size_tablet":0,"ocean_menu_typo_font_size_mobile":0,"ocean_menu_typo_font_size_unit":"px","ocean_menu_typo_font_weight":"","ocean_menu_typo_font_weight_tablet":"","ocean_menu_typo_font_weight_mobile":"","ocean_menu_typo_transform":"","ocean_menu_typo_transform_tablet":"","ocean_menu_typo_transform_mobile":"","ocean_menu_typo_line_height":0,"ocean_menu_typo_line_height_tablet":0,"ocean_menu_typo_line_height_mobile":0,"ocean_menu_typo_line_height_unit":"","ocean_menu_typo_spacing":0,"ocean_menu_typo_spacing_tablet":0,"ocean_menu_typo_spacing_mobile":0,"ocean_menu_typo_spacing_unit":"","ocean_menu_link_color":"","ocean_menu_link_color_hover":"","ocean_menu_link_color_active":"","ocean_menu_link_background":"","ocean_menu_link_hover_background":"","ocean_menu_link_active_background":"","ocean_menu_social_links_bg":"","ocean_menu_social_hover_links_bg":"","ocean_menu_social_links_color":"","ocean_menu_social_hover_links_color":"","ocean_disable_title":"default","ocean_disable_heading":"default","ocean_post_title":"","ocean_post_subheading":"","ocean_post_title_style":"","ocean_post_title_background_color":"","ocean_post_title_background":0,"ocean_post_title_bg_image_position":"","ocean_post_title_bg_image_attachment":"","ocean_post_title_bg_image_repeat":"","ocean_post_title_bg_image_size":"","ocean_post_title_height":0,"ocean_post_title_bg_overlay":0.5,"ocean_post_title_bg_overlay_color":"","ocean_disable_breadcrumbs":"default","ocean_breadcrumbs_color":"","ocean_breadcrumbs_separator_color":"","ocean_breadcrumbs_links_color":"","ocean_breadcrumbs_links_hover_color":"","ocean_display_footer_widgets":"default","ocean_display_footer_bottom":"default","ocean_custom_footer_template":"0"},"product_brand":[49],"product_cat":[48],"product_tag":[],"class_list":{"0":"post-2109","1":"product","2":"type-product","3":"status-publish","4":"has-post-thumbnail","6":"product_brand-laboratoire-fenioux","7":"product_cat-complements-alimentaires","9":"entry","10":"has-media","12":"first","13":"outofstock","14":"shipping-taxable","15":"purchasable","16":"product-type-simple","17":"has-product-nav","18":"col","19":"span_1_of_4","20":"owp-content-center","21":"owp-thumbs-layout-horizontal","22":"owp-btn-normal","23":"owp-tabs-layout-horizontal","24":"has-no-thumbnails"},"_links":{"self":[{"href":"https:\/\/pierredelune-sceaux.fr\/index.php\/wp-json\/wp\/v2\/product\/2109","targetHints":{"allow":["GET"]}}],"collection":[{"href":"https:\/\/pierredelune-sceaux.fr\/index.php\/wp-json\/wp\/v2\/product"}],"about":[{"href":"https:\/\/pierredelune-sceaux.fr\/index.php\/wp-json\/wp\/v2\/types\/product"}],"wp:featuredmedia":[{"embeddable":true,"href":"https:\/\/pierredelune-sceaux.fr\/index.php\/wp-json\/wp\/v2\/media\/2112"}],"wp:attachment":[{"href":"https:\/\/pierredelune-sceaux.fr\/index.php\/wp-json\/wp\/v2\/media?parent=2109"}],"wp:term":[{"taxonomy":"product_brand","embeddable":true,"href":"https:\/\/pierredelune-sceaux.fr\/index.php\/wp-json\/wp\/v2\/product_brand?post=2109"},{"taxonomy":"product_cat","embeddable":true,"href":"https:\/\/pierredelune-sceaux.fr\/index.php\/wp-json\/wp\/v2\/product_cat?post=2109"},{"taxonomy":"product_tag","embeddable":true,"href":"https:\/\/pierredelune-sceaux.fr\/index.php\/wp-json\/wp\/v2\/product_tag?post=2109"}],"curies":[{"name":"wp","href":"https:\/\/api.w.org\/{rel}","templated":true}]}}