{"id":2113,"date":"2025-11-13T22:46:06","date_gmt":"2025-11-13T21:46:06","guid":{"rendered":"https:\/\/pierredelune-sceaux.fr\/?post_type=product&#038;p=2113"},"modified":"2025-11-13T22:46:07","modified_gmt":"2025-11-13T21:46:07","slug":"collagene-boost","status":"publish","type":"product","link":"https:\/\/pierredelune-sceaux.fr\/index.php\/produit\/collagene-boost\/","title":{"rendered":"Collag\u00e8ne Boost"},"content":{"rendered":"<p>Par rapport aux autres sources animales, le collag\u00e8ne marin pr\u00e9sente l&rsquo;avantage d&rsquo;\u00eatre facilement\u00a0absorbable et assimilable gr\u00e2ce \u00e0 son faible poids mol\u00e9culaire (1000-2000 Da).<\/p>\n<p>Dans ce complexe, la\u00a0vitamine C contribue\u00a0\u00e0 la\u00a0formation normale de collag\u00e8ne\u00a0pour\u00a0assurer une fonction saine de la peau, des\u00a0cartilages\u00a0et des\u00a0os.<\/p>\n<p>Le\u00a0zinc\u00a0est un indispensable pour le\u00a0maintien d\u2019une peau normale en bonne sant\u00e9. Il aide \u00e9galement au\u00a0maintien d&rsquo;une ossature normale.<\/p>\n<p>La\u00a0vitamine E, quant \u00e0 elle, participe \u00e0\u00a0prot\u00e9ger les cellules du stress oxydatif.<\/p>\n<p>La\u00a0vitamine B6\u00a0est particuli\u00e8rement int\u00e9ressante car elle\u00a0contribue au m\u00e9tabolisme normal des prot\u00e9ines\u00a0telles que le collag\u00e8ne et l\u2019acide hyaluronique.<\/p>\n<hr \/>\n<p>Ingr\u00e9dients : eau osmos\u00e9e, peptides de collag\u00e8ne de poisson hydrolys\u00e9, fructose, acidifiant : acide citrique, vitamine C (acide ascorbique), gluconate de zinc, vitamine E (ac\u00e9tate de DL-alpha-tocoph\u00e9ryle), hyaluronate de sodium, conservateurs : sorbate de potassium et benzoate de sodium, ar\u00f4me raisin, vitamine B6 (chlorhydrate de pyridoxine)<\/p>\n<hr \/>\n<p>Conseils d&rsquo;utilisation : 1 unicadose\/jour, \u00e0 boire directement ou \u00e0 diluer dans un verre d&rsquo;eau, en dehors des repas<\/p>\n<p>Agiter l&rsquo;Unicadose avant son ouverture.<\/p>\n<p>L&rsquo;ouverture facile d&rsquo;Unicadose\u00ae, ampoule s\u00e9cable d&rsquo;une simple pression du doigt, rend son contenu directement buvable.<\/p>\n<hr \/>\n<p>Ne pas d\u00e9passer la dose journali\u00e8re recommand\u00e9e.<br \/>\nTenir hors de port\u00e9e des jeunes enfants.<\/p>\n<p>Un compl\u00e9ment alimentaire ne doit pas se substituer \u00e0 une alimentation vari\u00e9e et \u00e9quilibr\u00e9e et \u00e0 un mode de vie sain.<\/p>\n<p>Conserver le produit \u00e0 l&rsquo;abri de la lumi\u00e8re, de la chaleur et de l&rsquo;humidit\u00e9.<br \/>\nPour les femmes enceintes ou allaitantes, consulter un professionnel de sant\u00e9.<br \/>\nD\u00e9conseill\u00e9 aux enfants de 10 ans ou moins.<\/p>\n","protected":false},"excerpt":{"rendered":"<p>Le\u00a0collag\u00e8ne\u00a0occupe un r\u00f4le cl\u00e9 dans l\u2019organisme.<\/p>\n<p>Il\u00a0soutient la structure de divers tissus\u00a0tels que les\u00a0tendons, le\u00a0cartilage, la\u00a0peau, les\u00a0os, les\u00a0dents\u00a0et de\u00a0nombreuses autres structures\u00a0du\u00a0tissu conjonctif.<\/p>\n<p>Pour ce compl\u00e9ment alimentaire, les\u00a0Laboratoires FENIOUX\u00a0ont choisi\u00a0un\u00a0collag\u00e8ne marin hydrolys\u00e9\u00a0et de l\u2019acide hyaluronique de haute qualit\u00e9\u00a0et\u00a0test\u00e9s scientifiquement.<\/p>\n<p>Collag\u00e8ne Boost\u00a0s\u2019adresse \u00e0\u00a0toutes les g\u00e9n\u00e9rations\u00a0:<br \/>\n&#8211; pour une optimisation de la synth\u00e8se du collag\u00e8ne,<br \/>\n&#8211; pour une peau en bonne sant\u00e9<br \/>\n&#8211; et permet de garder des os et des articulations en parfait \u00e9tat de fonctionnement.<\/p>\n<p>Bo\u00eete de 14 unicadoses de 15ml<\/p>\n","protected":false},"featured_media":2332,"template":"","meta":{"ocean_post_layout":"","ocean_both_sidebars_style":"","ocean_both_sidebars_content_width":0,"ocean_both_sidebars_sidebars_width":0,"ocean_sidebar":"0","ocean_second_sidebar":"0","ocean_disable_margins":"enable","ocean_add_body_class":"","ocean_shortcode_before_top_bar":"","ocean_shortcode_after_top_bar":"","ocean_shortcode_before_header":"","ocean_shortcode_after_header":"","ocean_has_shortcode":"","ocean_shortcode_after_title":"","ocean_shortcode_before_footer_widgets":"","ocean_shortcode_after_footer_widgets":"","ocean_shortcode_before_footer_bottom":"","ocean_shortcode_after_footer_bottom":"","ocean_display_top_bar":"default","ocean_display_header":"default","ocean_header_style":"","ocean_center_header_left_menu":"0","ocean_custom_header_template":"0","ocean_custom_logo":0,"ocean_custom_retina_logo":0,"ocean_custom_logo_max_width":0,"ocean_custom_logo_tablet_max_width":0,"ocean_custom_logo_mobile_max_width":0,"ocean_custom_logo_max_height":0,"ocean_custom_logo_tablet_max_height":0,"ocean_custom_logo_mobile_max_height":0,"ocean_header_custom_menu":"0","ocean_menu_typo_font_family":"0","ocean_menu_typo_font_subset":"","ocean_menu_typo_font_size":0,"ocean_menu_typo_font_size_tablet":0,"ocean_menu_typo_font_size_mobile":0,"ocean_menu_typo_font_size_unit":"px","ocean_menu_typo_font_weight":"","ocean_menu_typo_font_weight_tablet":"","ocean_menu_typo_font_weight_mobile":"","ocean_menu_typo_transform":"","ocean_menu_typo_transform_tablet":"","ocean_menu_typo_transform_mobile":"","ocean_menu_typo_line_height":0,"ocean_menu_typo_line_height_tablet":0,"ocean_menu_typo_line_height_mobile":0,"ocean_menu_typo_line_height_unit":"","ocean_menu_typo_spacing":0,"ocean_menu_typo_spacing_tablet":0,"ocean_menu_typo_spacing_mobile":0,"ocean_menu_typo_spacing_unit":"","ocean_menu_link_color":"","ocean_menu_link_color_hover":"","ocean_menu_link_color_active":"","ocean_menu_link_background":"","ocean_menu_link_hover_background":"","ocean_menu_link_active_background":"","ocean_menu_social_links_bg":"","ocean_menu_social_hover_links_bg":"","ocean_menu_social_links_color":"","ocean_menu_social_hover_links_color":"","ocean_disable_title":"default","ocean_disable_heading":"default","ocean_post_title":"","ocean_post_subheading":"","ocean_post_title_style":"","ocean_post_title_background_color":"","ocean_post_title_background":0,"ocean_post_title_bg_image_position":"","ocean_post_title_bg_image_attachment":"","ocean_post_title_bg_image_repeat":"","ocean_post_title_bg_image_size":"","ocean_post_title_height":0,"ocean_post_title_bg_overlay":0.5,"ocean_post_title_bg_overlay_color":"","ocean_disable_breadcrumbs":"default","ocean_breadcrumbs_color":"","ocean_breadcrumbs_separator_color":"","ocean_breadcrumbs_links_color":"","ocean_breadcrumbs_links_hover_color":"","ocean_display_footer_widgets":"default","ocean_display_footer_bottom":"default","ocean_custom_footer_template":"0"},"product_brand":[49],"product_cat":[48],"product_tag":[],"class_list":{"0":"post-2113","1":"product","2":"type-product","3":"status-publish","4":"has-post-thumbnail","6":"product_brand-laboratoire-fenioux","7":"product_cat-complements-alimentaires","9":"entry","10":"has-media","12":"first","13":"instock","14":"shipping-taxable","15":"purchasable","16":"product-type-simple","17":"has-product-nav","18":"col","19":"span_1_of_4","20":"owp-content-center","21":"owp-thumbs-layout-horizontal","22":"owp-btn-normal","23":"owp-tabs-layout-horizontal","24":"has-no-thumbnails"},"_links":{"self":[{"href":"https:\/\/pierredelune-sceaux.fr\/index.php\/wp-json\/wp\/v2\/product\/2113","targetHints":{"allow":["GET"]}}],"collection":[{"href":"https:\/\/pierredelune-sceaux.fr\/index.php\/wp-json\/wp\/v2\/product"}],"about":[{"href":"https:\/\/pierredelune-sceaux.fr\/index.php\/wp-json\/wp\/v2\/types\/product"}],"wp:featuredmedia":[{"embeddable":true,"href":"https:\/\/pierredelune-sceaux.fr\/index.php\/wp-json\/wp\/v2\/media\/2332"}],"wp:attachment":[{"href":"https:\/\/pierredelune-sceaux.fr\/index.php\/wp-json\/wp\/v2\/media?parent=2113"}],"wp:term":[{"taxonomy":"product_brand","embeddable":true,"href":"https:\/\/pierredelune-sceaux.fr\/index.php\/wp-json\/wp\/v2\/product_brand?post=2113"},{"taxonomy":"product_cat","embeddable":true,"href":"https:\/\/pierredelune-sceaux.fr\/index.php\/wp-json\/wp\/v2\/product_cat?post=2113"},{"taxonomy":"product_tag","embeddable":true,"href":"https:\/\/pierredelune-sceaux.fr\/index.php\/wp-json\/wp\/v2\/product_tag?post=2113"}],"curies":[{"name":"wp","href":"https:\/\/api.w.org\/{rel}","templated":true}]}}