{"id":2117,"date":"2025-11-13T22:45:13","date_gmt":"2025-11-13T21:45:13","guid":{"rendered":"https:\/\/pierredelune-sceaux.fr\/?post_type=product&#038;p=2117"},"modified":"2025-11-13T22:45:13","modified_gmt":"2025-11-13T21:45:13","slug":"coenzyme-q10-fort-stress-oxydatif","status":"publish","type":"product","link":"https:\/\/pierredelune-sceaux.fr\/index.php\/produit\/coenzyme-q10-fort-stress-oxydatif\/","title":{"rendered":"Coenzyme Q10 Fort &#8211; stress oxydatif"},"content":{"rendered":"<p>La pr\u00e9sence de coenzyme Q10 est une condition essentielle \u00e0 la r\u00e9alisation de la \u00ab\u00a0respiration\u00a0\u00bb cellulaire. Sans coenzyme Q10, aucune vie n\u2019est possible.<\/p>\n<p>La coenzyme Q10 est fabriqu\u00e9e naturellement par notre organisme mais est \u00e9galement apport\u00e9e par notre alimentation.<\/p>\n<p>N\u00e9anmoins, la fabrication de la coenzyme Q10 s\u2019att\u00e9nue avec les ann\u00e9es.<\/p>\n<p>Physiologiquement, sa synth\u00e8se commence \u00e0 diminuer\u00a0d\u00e8s la quarantaine\u00a0et\u00a0notre alimentation moderne n\u2019en apporte pas suffisamment pour satisfaire nos besoins.<\/p>\n<p>Le Coenzyme Q10 Fort est donc \u00e0 proposer :<br \/>\n&#8211; Pour aider \u00e0 ralentir le vieillissement cellulaire.<br \/>\n&#8211; En cas de prise de m\u00e9dicaments\u00a0(les\u00a0statines bloquant la synth\u00e8se de la coenzyme Q10).<\/p>\n<p>La\u00a0gomme d\u2019acacia, qui vient compl\u00e9ter le Coenzyme Q10 Fort,\u00a0contient des fibres alimentaires.<\/p>\n<hr \/>\n<p>Ingr\u00e9dients : agent de charge : gomme d&rsquo;acacia, Coenzyme Q10, g\u00e9lule (g\u00e9latine), levure (<em>Saccharomyces cerevisiae<\/em>) enrichie en s\u00e9l\u00e9nium<\/p>\n<hr \/>\n<p>Conseils d&rsquo;utilisation : prendre 1 \u00e0 2 g\u00e9lules\/jour, au cours des repas, avec un grand verre d&rsquo;eau<\/p>\n<hr \/>\n<p>Ne pas d\u00e9passer la dose journali\u00e8re recommand\u00e9e.<br \/>\nTenir hors de port\u00e9e des jeunes enfants.<\/p>\n<p>Un compl\u00e9ment alimentaire ne doit pas se substituer \u00e0 une alimentation vari\u00e9e et \u00e9quilibr\u00e9e et \u00e0 un mode de vie sain.<\/p>\n<p>Conserver le produit \u00e0 l&rsquo;abri de la lumi\u00e8re, de la chaleur et de l&rsquo;humidit\u00e9.<\/p>\n<p>Pour les femmes enceintes ou allaitantes, consulter un professionnel de sant\u00e9.<br \/>\nR\u00e9serve \u00e0 l&rsquo;adulte.<\/p>\n","protected":false},"excerpt":{"rendered":"<p>Le\u00a0Coenzyme Q10 Fort\u00a0est toujours compos\u00e9 de\u00a0coenzyme Q10\u00a0et de\u00a0s\u00e9l\u00e9nium.<\/p>\n<p>Les\u00a0Laboratoires FENIOUX\u00a0ont d\u00e9cid\u00e9 de\u00a0doubler le dosage de s\u00e9l\u00e9nium\u00a0afin d\u2019apporter une protection, encore plus accrue,\u00a0des cellules contre le stress oxydatif.<\/p>\n<p>On trouve la coenzyme Q10 partout dans la nature\u00a0: dans les micro-organismes, les plantes, les animaux, les \u00eatres humains.<\/p>\n<p>Bo\u00eete de 30 g\u00e9lules de 250mg.<\/p>\n","protected":false},"featured_media":2344,"template":"","meta":{"ocean_post_layout":"","ocean_both_sidebars_style":"","ocean_both_sidebars_content_width":0,"ocean_both_sidebars_sidebars_width":0,"ocean_sidebar":"0","ocean_second_sidebar":"0","ocean_disable_margins":"enable","ocean_add_body_class":"","ocean_shortcode_before_top_bar":"","ocean_shortcode_after_top_bar":"","ocean_shortcode_before_header":"","ocean_shortcode_after_header":"","ocean_has_shortcode":"","ocean_shortcode_after_title":"","ocean_shortcode_before_footer_widgets":"","ocean_shortcode_after_footer_widgets":"","ocean_shortcode_before_footer_bottom":"","ocean_shortcode_after_footer_bottom":"","ocean_display_top_bar":"default","ocean_display_header":"default","ocean_header_style":"","ocean_center_header_left_menu":"0","ocean_custom_header_template":"0","ocean_custom_logo":0,"ocean_custom_retina_logo":0,"ocean_custom_logo_max_width":0,"ocean_custom_logo_tablet_max_width":0,"ocean_custom_logo_mobile_max_width":0,"ocean_custom_logo_max_height":0,"ocean_custom_logo_tablet_max_height":0,"ocean_custom_logo_mobile_max_height":0,"ocean_header_custom_menu":"0","ocean_menu_typo_font_family":"0","ocean_menu_typo_font_subset":"","ocean_menu_typo_font_size":0,"ocean_menu_typo_font_size_tablet":0,"ocean_menu_typo_font_size_mobile":0,"ocean_menu_typo_font_size_unit":"px","ocean_menu_typo_font_weight":"","ocean_menu_typo_font_weight_tablet":"","ocean_menu_typo_font_weight_mobile":"","ocean_menu_typo_transform":"","ocean_menu_typo_transform_tablet":"","ocean_menu_typo_transform_mobile":"","ocean_menu_typo_line_height":0,"ocean_menu_typo_line_height_tablet":0,"ocean_menu_typo_line_height_mobile":0,"ocean_menu_typo_line_height_unit":"","ocean_menu_typo_spacing":0,"ocean_menu_typo_spacing_tablet":0,"ocean_menu_typo_spacing_mobile":0,"ocean_menu_typo_spacing_unit":"","ocean_menu_link_color":"","ocean_menu_link_color_hover":"","ocean_menu_link_color_active":"","ocean_menu_link_background":"","ocean_menu_link_hover_background":"","ocean_menu_link_active_background":"","ocean_menu_social_links_bg":"","ocean_menu_social_hover_links_bg":"","ocean_menu_social_links_color":"","ocean_menu_social_hover_links_color":"","ocean_disable_title":"default","ocean_disable_heading":"default","ocean_post_title":"","ocean_post_subheading":"","ocean_post_title_style":"","ocean_post_title_background_color":"","ocean_post_title_background":0,"ocean_post_title_bg_image_position":"","ocean_post_title_bg_image_attachment":"","ocean_post_title_bg_image_repeat":"","ocean_post_title_bg_image_size":"","ocean_post_title_height":0,"ocean_post_title_bg_overlay":0.5,"ocean_post_title_bg_overlay_color":"","ocean_disable_breadcrumbs":"default","ocean_breadcrumbs_color":"","ocean_breadcrumbs_separator_color":"","ocean_breadcrumbs_links_color":"","ocean_breadcrumbs_links_hover_color":"","ocean_display_footer_widgets":"default","ocean_display_footer_bottom":"default","ocean_custom_footer_template":"0"},"product_brand":[49],"product_cat":[48],"product_tag":[],"class_list":{"0":"post-2117","1":"product","2":"type-product","3":"status-publish","4":"has-post-thumbnail","6":"product_brand-laboratoire-fenioux","7":"product_cat-complements-alimentaires","9":"entry","10":"has-media","12":"first","13":"instock","14":"shipping-taxable","15":"purchasable","16":"product-type-simple","17":"has-product-nav","18":"col","19":"span_1_of_4","20":"owp-content-center","21":"owp-thumbs-layout-horizontal","22":"owp-btn-normal","23":"owp-tabs-layout-horizontal"},"_links":{"self":[{"href":"https:\/\/pierredelune-sceaux.fr\/index.php\/wp-json\/wp\/v2\/product\/2117","targetHints":{"allow":["GET"]}}],"collection":[{"href":"https:\/\/pierredelune-sceaux.fr\/index.php\/wp-json\/wp\/v2\/product"}],"about":[{"href":"https:\/\/pierredelune-sceaux.fr\/index.php\/wp-json\/wp\/v2\/types\/product"}],"wp:featuredmedia":[{"embeddable":true,"href":"https:\/\/pierredelune-sceaux.fr\/index.php\/wp-json\/wp\/v2\/media\/2344"}],"wp:attachment":[{"href":"https:\/\/pierredelune-sceaux.fr\/index.php\/wp-json\/wp\/v2\/media?parent=2117"}],"wp:term":[{"taxonomy":"product_brand","embeddable":true,"href":"https:\/\/pierredelune-sceaux.fr\/index.php\/wp-json\/wp\/v2\/product_brand?post=2117"},{"taxonomy":"product_cat","embeddable":true,"href":"https:\/\/pierredelune-sceaux.fr\/index.php\/wp-json\/wp\/v2\/product_cat?post=2117"},{"taxonomy":"product_tag","embeddable":true,"href":"https:\/\/pierredelune-sceaux.fr\/index.php\/wp-json\/wp\/v2\/product_tag?post=2117"}],"curies":[{"name":"wp","href":"https:\/\/api.w.org\/{rel}","templated":true}]}}