{"id":2124,"date":"2025-11-13T22:51:49","date_gmt":"2025-11-13T21:51:49","guid":{"rendered":"https:\/\/pierredelune-sceaux.fr\/?post_type=product&#038;p=2124"},"modified":"2025-11-13T22:51:49","modified_gmt":"2025-11-13T21:51:49","slug":"c-b-c-complexe-b-charbon","status":"publish","type":"product","link":"https:\/\/pierredelune-sceaux.fr\/index.php\/produit\/c-b-c-complexe-b-charbon\/","title":{"rendered":"C.B.C &#8211; Complexe B Charbon"},"content":{"rendered":"<p>Le\u00a0charbon v\u00e9g\u00e9tal activ\u00e9\u00a0utilis\u00e9 par les\u00a0Laboratoires FENIOUX\u00a0est\u00a0obtenu par calcination de mati\u00e8res organiques v\u00e9g\u00e9tales\u00a0: plus sp\u00e9cifiquement de\u00a0coques de noix de coco.<\/p>\n<p>Il permet de\u00a0limiter l&rsquo;absorption digestive\u00a0et, de ce fait, est particuli\u00e8rement conseill\u00e9\u00a0en cas de mauvaise hygi\u00e8ne alimentaire\u00a0provoquant des\u00a0gaz intestinaux\u00a0ou\u00a0pendant et apr\u00e8s les f\u00eates.<\/p>\n<p>Le\u00a0charbon actif\u00a0contribue \u00e0\u00a0r\u00e9duire l&rsquo;exc\u00e8s de flatulence apr\u00e8s le repas\u00a0et\u00a0favorise le confort digestif.<\/p>\n<p>L\u2019effet b\u00e9n\u00e9fique est obtenu par la consommation de 1 g au moins 30 minutes avant le repas et de 1g juste apr\u00e8s celui-ci.<\/p>\n<hr \/>\n<p>Ingr\u00e9dients : poudre de levure de bi\u00e8re (Saccharomyces cerevisiae) (c\u00e9r\u00e9ales contenant du\u00a0gluten), poudre de charbon v\u00e9g\u00e9tal, g\u00e9lule (g\u00e9latine)<\/p>\n<hr \/>\n<p>Conseils d&rsquo;utilisation : 3 \u00e0 6 g\u00e9lules\/jour, r\u00e9parties en 2 prises avec un grand verre d&rsquo;eau, 30 minutes avant les repas<\/p>\n<hr \/>\n<p>Ne pas d\u00e9passer la dose journali\u00e8re recommand\u00e9e.<br \/>\nTenir hors de port\u00e9e des jeunes enfants.<\/p>\n<p>Un compl\u00e9ment alimentaire ne doit pas se substituer \u00e0 une alimentation vari\u00e9e et \u00e9quilibr\u00e9e et \u00e0 un mode de vie sain.<\/p>\n<p>Conserver le produit \u00e0 l&rsquo;abri de la lumi\u00e8re, de la chaleur et de l&rsquo;humidit\u00e9.<\/p>\n","protected":false},"excerpt":{"rendered":"<p>Vous souffrez de troubles digestifs, de ballonnements ? Ce produit permet une meilleure hygi\u00e8ne intestinale et r\u00e9duit l&rsquo;exc\u00e8s de flatulence.<\/p>\n<p class=\"product-short-description\">CBC Complexe B Charbon favorise le confort digestif en agissant notamment sur les flatulences gr\u00e2ce au charbon actif qui le compose.<\/p>\n<p>Les\u00a0Laboratoires FENIOUX\u00a0ont associ\u00e9 dans ce compl\u00e9ment alimentaire, le\u00a0C.B.C. Complexe B Charbon, de la\u00a0levure de bi\u00e8re\u00a0et du\u00a0charbon v\u00e9g\u00e9tal.<\/p>\n<p>Bo\u00eete de 200 g\u00e9lules de 225mg<\/p>\n","protected":false},"featured_media":2126,"template":"","meta":{"ocean_post_layout":"","ocean_both_sidebars_style":"","ocean_both_sidebars_content_width":0,"ocean_both_sidebars_sidebars_width":0,"ocean_sidebar":"0","ocean_second_sidebar":"0","ocean_disable_margins":"enable","ocean_add_body_class":"","ocean_shortcode_before_top_bar":"","ocean_shortcode_after_top_bar":"","ocean_shortcode_before_header":"","ocean_shortcode_after_header":"","ocean_has_shortcode":"","ocean_shortcode_after_title":"","ocean_shortcode_before_footer_widgets":"","ocean_shortcode_after_footer_widgets":"","ocean_shortcode_before_footer_bottom":"","ocean_shortcode_after_footer_bottom":"","ocean_display_top_bar":"default","ocean_display_header":"default","ocean_header_style":"","ocean_center_header_left_menu":"0","ocean_custom_header_template":"0","ocean_custom_logo":0,"ocean_custom_retina_logo":0,"ocean_custom_logo_max_width":0,"ocean_custom_logo_tablet_max_width":0,"ocean_custom_logo_mobile_max_width":0,"ocean_custom_logo_max_height":0,"ocean_custom_logo_tablet_max_height":0,"ocean_custom_logo_mobile_max_height":0,"ocean_header_custom_menu":"0","ocean_menu_typo_font_family":"0","ocean_menu_typo_font_subset":"","ocean_menu_typo_font_size":0,"ocean_menu_typo_font_size_tablet":0,"ocean_menu_typo_font_size_mobile":0,"ocean_menu_typo_font_size_unit":"px","ocean_menu_typo_font_weight":"","ocean_menu_typo_font_weight_tablet":"","ocean_menu_typo_font_weight_mobile":"","ocean_menu_typo_transform":"","ocean_menu_typo_transform_tablet":"","ocean_menu_typo_transform_mobile":"","ocean_menu_typo_line_height":0,"ocean_menu_typo_line_height_tablet":0,"ocean_menu_typo_line_height_mobile":0,"ocean_menu_typo_line_height_unit":"","ocean_menu_typo_spacing":0,"ocean_menu_typo_spacing_tablet":0,"ocean_menu_typo_spacing_mobile":0,"ocean_menu_typo_spacing_unit":"","ocean_menu_link_color":"","ocean_menu_link_color_hover":"","ocean_menu_link_color_active":"","ocean_menu_link_background":"","ocean_menu_link_hover_background":"","ocean_menu_link_active_background":"","ocean_menu_social_links_bg":"","ocean_menu_social_hover_links_bg":"","ocean_menu_social_links_color":"","ocean_menu_social_hover_links_color":"","ocean_disable_title":"default","ocean_disable_heading":"default","ocean_post_title":"","ocean_post_subheading":"","ocean_post_title_style":"","ocean_post_title_background_color":"","ocean_post_title_background":0,"ocean_post_title_bg_image_position":"","ocean_post_title_bg_image_attachment":"","ocean_post_title_bg_image_repeat":"","ocean_post_title_bg_image_size":"","ocean_post_title_height":0,"ocean_post_title_bg_overlay":0.5,"ocean_post_title_bg_overlay_color":"","ocean_disable_breadcrumbs":"default","ocean_breadcrumbs_color":"","ocean_breadcrumbs_separator_color":"","ocean_breadcrumbs_links_color":"","ocean_breadcrumbs_links_hover_color":"","ocean_display_footer_widgets":"default","ocean_display_footer_bottom":"default","ocean_custom_footer_template":"0"},"product_brand":[49],"product_cat":[48],"product_tag":[],"class_list":{"0":"post-2124","1":"product","2":"type-product","3":"status-publish","4":"has-post-thumbnail","6":"product_brand-laboratoire-fenioux","7":"product_cat-complements-alimentaires","9":"entry","10":"has-media","12":"first","13":"instock","14":"shipping-taxable","15":"purchasable","16":"product-type-simple","17":"has-product-nav","18":"col","19":"span_1_of_4","20":"owp-content-center","21":"owp-thumbs-layout-horizontal","22":"owp-btn-normal","23":"owp-tabs-layout-horizontal","24":"has-no-thumbnails"},"_links":{"self":[{"href":"https:\/\/pierredelune-sceaux.fr\/index.php\/wp-json\/wp\/v2\/product\/2124","targetHints":{"allow":["GET"]}}],"collection":[{"href":"https:\/\/pierredelune-sceaux.fr\/index.php\/wp-json\/wp\/v2\/product"}],"about":[{"href":"https:\/\/pierredelune-sceaux.fr\/index.php\/wp-json\/wp\/v2\/types\/product"}],"wp:featuredmedia":[{"embeddable":true,"href":"https:\/\/pierredelune-sceaux.fr\/index.php\/wp-json\/wp\/v2\/media\/2126"}],"wp:attachment":[{"href":"https:\/\/pierredelune-sceaux.fr\/index.php\/wp-json\/wp\/v2\/media?parent=2124"}],"wp:term":[{"taxonomy":"product_brand","embeddable":true,"href":"https:\/\/pierredelune-sceaux.fr\/index.php\/wp-json\/wp\/v2\/product_brand?post=2124"},{"taxonomy":"product_cat","embeddable":true,"href":"https:\/\/pierredelune-sceaux.fr\/index.php\/wp-json\/wp\/v2\/product_cat?post=2124"},{"taxonomy":"product_tag","embeddable":true,"href":"https:\/\/pierredelune-sceaux.fr\/index.php\/wp-json\/wp\/v2\/product_tag?post=2124"}],"curies":[{"name":"wp","href":"https:\/\/api.w.org\/{rel}","templated":true}]}}