{"id":2127,"date":"2025-11-13T22:45:03","date_gmt":"2025-11-13T21:45:03","guid":{"rendered":"https:\/\/pierredelune-sceaux.fr\/?post_type=product&#038;p=2127"},"modified":"2025-11-13T22:45:04","modified_gmt":"2025-11-13T21:45:04","slug":"b-o-concept-fatigue-cerebrale","status":"publish","type":"product","link":"https:\/\/pierredelune-sceaux.fr\/index.php\/produit\/b-o-concept-fatigue-cerebrale\/","title":{"rendered":"B.O Concept &#8211; fatigue c\u00e9r\u00e9brale"},"content":{"rendered":"<p>La\u00a0rhodiola\u00a0venue de Sib\u00e9rie et de Scandinavie, doit sa r\u00e9putation \u00e0 la force l\u00e9gendaire des vikings qui en consommaient.<br \/>\nCette plante est dot\u00e9e d&rsquo;une\u00a0substance active, la\u00a0rosavine.<br \/>\nElle\u00a0augmente la capacit\u00e9\u00a0du corps\u00a0\u00e0 s&rsquo;adapter\u00a0\u00e0 diverses situations de\u00a0stress \u00e9motionnel.<br \/>\nElle a un\u00a0effet b\u00e9n\u00e9fique\u00a0sur la\u00a0fatigue\u00a0et la baisse des\u00a0performances du cerveau au travail.<br \/>\nElle contribue \u00e0 une\u00a0activit\u00e9 mentale optimale et aux performances du cerveau.<\/p>\n<p>L&rsquo;ashwagandha\u00a0a une\u00a0action normalisatrice\u00a0sur de nombreux organes ou fonctions physiologiques.<br \/>\nAinsi, il\u00a0permet\u00a0\u00e0 l&rsquo;organisme\u00a0de s&rsquo;adapter \u00e0 diff\u00e9rents types de stress.<br \/>\nL\u2019ashwagandha\u00a0favorise une\u00a0bonne activit\u00e9 mentale\u00a0en cas de perte de concentration.<\/p>\n<hr \/>\n<p>Ingr\u00e9dients : extrait de racine de rhodiola (<em>Rhodiola rosea<\/em>) titr\u00e9 \u00e0 5% de rosavines, extrait de racine d&rsquo;ashwagandha (<em>Withania somnifera<\/em>) titr\u00e9 \u00e0 5% de withanolides, g\u00e9lule (g\u00e9latine), antiagglom\u00e9rant : sels de magn\u00e9sium d\u2019acides gras<\/p>\n<hr \/>\n<p>Conseils d&rsquo;utilisation : 1 g\u00e9lule le matin, 1 g\u00e9lule le midi avec un grand verre d&rsquo;eau au cours des repas<\/p>\n<hr \/>\n<p>Ne pas d\u00e9passer la dose journali\u00e8re recommand\u00e9e.<br \/>\nTenir hors de port\u00e9e des jeunes enfants.<\/p>\n<p>Un compl\u00e9ment alimentaire ne doit pas se substituer \u00e0 une alimentation vari\u00e9e et \u00e9quilibr\u00e9e et \u00e0 un mode de vie sain.<\/p>\n<p>Conserver le produit a l&rsquo;abri de la lumi\u00e8re, de la chaleur et de l&rsquo;humidit\u00e9.<\/p>\n<p>D\u00e9conseill\u00e9 aux femmes enceintes ou allaitantes.<br \/>\nConsulter votre m\u00e9decin en cas de prise simultan\u00e9e de m\u00e9dicaments.<br \/>\nR\u00e9serv\u00e9 \u00e0 l&rsquo;adulte.<\/p>\n","protected":false},"excerpt":{"rendered":"<p class=\"product-short-description\">Compl\u00e9ment alimentaire de r\u00e9f\u00e9rence pour faire face aux situations \u00e9motionnellement stressantes du quotidien.<\/p>\n<p>Parce que\u00a0le stress peut envahir notre quotidien\u00a0mais aussi\u00a0g\u00e9n\u00e9rer fatigue et angoisse, il est important d&rsquo;agir rapidement.<\/p>\n<p>Avant que l&rsquo;organisme, constamment en mode de d\u00e9fense, ne s&rsquo;\u00e9puise, nous pouvons l&rsquo;aider \u00e0\u00a0mieux r\u00e9sister\u00a0gr\u00e2ce \u00e0 cette association de deux plantes.<\/p>\n<p>Il s&rsquo;agit d&rsquo;un\u00a0v\u00e9ritable atout\u00a0pour ceux qui cherchent \u00e0\u00a0retrouver des capacit\u00e9s mentales et physiques optimales en p\u00e9riode de stress.<\/p>\n<p>Bo\u00eete de 60 g\u00e9lules de 490mg<\/p>\n","protected":false},"featured_media":2347,"template":"","meta":{"ocean_post_layout":"","ocean_both_sidebars_style":"","ocean_both_sidebars_content_width":0,"ocean_both_sidebars_sidebars_width":0,"ocean_sidebar":"0","ocean_second_sidebar":"0","ocean_disable_margins":"enable","ocean_add_body_class":"","ocean_shortcode_before_top_bar":"","ocean_shortcode_after_top_bar":"","ocean_shortcode_before_header":"","ocean_shortcode_after_header":"","ocean_has_shortcode":"","ocean_shortcode_after_title":"","ocean_shortcode_before_footer_widgets":"","ocean_shortcode_after_footer_widgets":"","ocean_shortcode_before_footer_bottom":"","ocean_shortcode_after_footer_bottom":"","ocean_display_top_bar":"default","ocean_display_header":"default","ocean_header_style":"","ocean_center_header_left_menu":"0","ocean_custom_header_template":"0","ocean_custom_logo":0,"ocean_custom_retina_logo":0,"ocean_custom_logo_max_width":0,"ocean_custom_logo_tablet_max_width":0,"ocean_custom_logo_mobile_max_width":0,"ocean_custom_logo_max_height":0,"ocean_custom_logo_tablet_max_height":0,"ocean_custom_logo_mobile_max_height":0,"ocean_header_custom_menu":"0","ocean_menu_typo_font_family":"0","ocean_menu_typo_font_subset":"","ocean_menu_typo_font_size":0,"ocean_menu_typo_font_size_tablet":0,"ocean_menu_typo_font_size_mobile":0,"ocean_menu_typo_font_size_unit":"px","ocean_menu_typo_font_weight":"","ocean_menu_typo_font_weight_tablet":"","ocean_menu_typo_font_weight_mobile":"","ocean_menu_typo_transform":"","ocean_menu_typo_transform_tablet":"","ocean_menu_typo_transform_mobile":"","ocean_menu_typo_line_height":0,"ocean_menu_typo_line_height_tablet":0,"ocean_menu_typo_line_height_mobile":0,"ocean_menu_typo_line_height_unit":"","ocean_menu_typo_spacing":0,"ocean_menu_typo_spacing_tablet":0,"ocean_menu_typo_spacing_mobile":0,"ocean_menu_typo_spacing_unit":"","ocean_menu_link_color":"","ocean_menu_link_color_hover":"","ocean_menu_link_color_active":"","ocean_menu_link_background":"","ocean_menu_link_hover_background":"","ocean_menu_link_active_background":"","ocean_menu_social_links_bg":"","ocean_menu_social_hover_links_bg":"","ocean_menu_social_links_color":"","ocean_menu_social_hover_links_color":"","ocean_disable_title":"default","ocean_disable_heading":"default","ocean_post_title":"","ocean_post_subheading":"","ocean_post_title_style":"","ocean_post_title_background_color":"","ocean_post_title_background":0,"ocean_post_title_bg_image_position":"","ocean_post_title_bg_image_attachment":"","ocean_post_title_bg_image_repeat":"","ocean_post_title_bg_image_size":"","ocean_post_title_height":0,"ocean_post_title_bg_overlay":0.5,"ocean_post_title_bg_overlay_color":"","ocean_disable_breadcrumbs":"default","ocean_breadcrumbs_color":"","ocean_breadcrumbs_separator_color":"","ocean_breadcrumbs_links_color":"","ocean_breadcrumbs_links_hover_color":"","ocean_display_footer_widgets":"default","ocean_display_footer_bottom":"default","ocean_custom_footer_template":"0"},"product_brand":[49],"product_cat":[48],"product_tag":[],"class_list":{"0":"post-2127","1":"product","2":"type-product","3":"status-publish","4":"has-post-thumbnail","6":"product_brand-laboratoire-fenioux","7":"product_cat-complements-alimentaires","9":"entry","10":"has-media","12":"first","13":"instock","14":"shipping-taxable","15":"purchasable","16":"product-type-simple","17":"has-product-nav","18":"col","19":"span_1_of_4","20":"owp-content-center","21":"owp-thumbs-layout-horizontal","22":"owp-btn-normal","23":"owp-tabs-layout-horizontal"},"_links":{"self":[{"href":"https:\/\/pierredelune-sceaux.fr\/index.php\/wp-json\/wp\/v2\/product\/2127","targetHints":{"allow":["GET"]}}],"collection":[{"href":"https:\/\/pierredelune-sceaux.fr\/index.php\/wp-json\/wp\/v2\/product"}],"about":[{"href":"https:\/\/pierredelune-sceaux.fr\/index.php\/wp-json\/wp\/v2\/types\/product"}],"wp:featuredmedia":[{"embeddable":true,"href":"https:\/\/pierredelune-sceaux.fr\/index.php\/wp-json\/wp\/v2\/media\/2347"}],"wp:attachment":[{"href":"https:\/\/pierredelune-sceaux.fr\/index.php\/wp-json\/wp\/v2\/media?parent=2127"}],"wp:term":[{"taxonomy":"product_brand","embeddable":true,"href":"https:\/\/pierredelune-sceaux.fr\/index.php\/wp-json\/wp\/v2\/product_brand?post=2127"},{"taxonomy":"product_cat","embeddable":true,"href":"https:\/\/pierredelune-sceaux.fr\/index.php\/wp-json\/wp\/v2\/product_cat?post=2127"},{"taxonomy":"product_tag","embeddable":true,"href":"https:\/\/pierredelune-sceaux.fr\/index.php\/wp-json\/wp\/v2\/product_tag?post=2127"}],"curies":[{"name":"wp","href":"https:\/\/api.w.org\/{rel}","templated":true}]}}