{"id":2130,"date":"2025-11-13T22:46:18","date_gmt":"2025-11-13T21:46:18","guid":{"rendered":"https:\/\/pierredelune-sceaux.fr\/?post_type=product&#038;p=2130"},"modified":"2025-11-13T22:46:18","modified_gmt":"2025-11-13T21:46:18","slug":"artichondrine-plus-evolution","status":"publish","type":"product","link":"https:\/\/pierredelune-sceaux.fr\/index.php\/produit\/artichondrine-plus-evolution\/","title":{"rendered":"Artichondrine Plus \u00c9volution"},"content":{"rendered":"<p>Artichondrine Plus\u00ae Evolution est une version enrichie d&rsquo;Artichondrine. En effet, elle associe \u00e0 la brom\u00e9la\u00efne, des sulfates de glucosamine et de chondro\u00eftine, du curcuma, du cuivre et du mangan\u00e8se. Le mangan\u00e8se participe au\u00a0maintien d&rsquo;une ossature normale.<\/p>\n<p>Le\u00a0curcuma\u00a0pr\u00e9sent dans la formulation d&rsquo;Artichondrine Plus\u00ae Evolution, aide \u00e0\u00a0maintenir la\u00a0flexibilit\u00e9 des articulations. Il\u00a0permet\u00a0\u00e9galement de\u00a0prot\u00e9ger les articulations\u00a0et de\u00a0maintenir la sant\u00e9 des os.<\/p>\n<p>Artichondrine Plus\u00ae Evolution\u00a0poss\u00e8de une\u00a0biodisponibilit\u00e9 accrue\u00a0gr\u00e2ce \u00e0 la\u00a0g\u00e9lule r\u00e9sistante \u00e0 l\u2019acidit\u00e9\u00a0(DRcaps\u00ae) qui prot\u00e8ge son contenu. La\u00a0bio activit\u00e9 des principes actifs\u00a0s\u2019en trouve ainsi\u00a0renforc\u00e9e.<\/p>\n<hr \/>\n<p>Ingr\u00e9dients : glucosamine sulfate\u00a0(crustac\u00e9s), chondro\u00eftine sulfate\u00a0(poissons), g\u00e9lule v\u00e9g\u00e9tale DR-caps\u00ae (hypromellose, g\u00e9lifiant : gomme gellane, colorant : complexe cuivre-chlorophylle)*, poudre de rhizome de curcuma (Curcuma longa), brom\u00e9la\u00efne \u00e0 2500 GDU\/g, extrait de rhizome de curcuma (Curcuma longa), antiagglom\u00e9rant : sels de magn\u00e9sium d\u2019acides gras, poudre de graine de poivre noir (Piper nigrum), sulfate de cuivre, sulfate de mangan\u00e8se<\/p>\n<p>*G\u00e9lule r\u00e9sistante \u00e0 l&rsquo;acidit\u00e9<\/p>\n<hr \/>\n<p>Conseils d&rsquo;utilisation : 3 \u00e0 4 g\u00e9lules\/jour, r\u00e9parties en 2 prises avec un grand verre d&rsquo;eau, 10 minutes avant les repas.<\/p>\n<hr \/>\n<p>Ne pas d\u00e9passer la dose journali\u00e8re recommand\u00e9e.<br \/>\nTenir hors de port\u00e9e des jeunes enfants.<\/p>\n<p>Un compl\u00e9ment alimentaire ne doit pas se substituer \u00e0 une alimentation vari\u00e9e et \u00e9quilibr\u00e9e et \u00e0 un mode de vie sain.<\/p>\n<p>Conserver le produit \u00e0 l&rsquo;abri de la lumi\u00e8re, de la chaleur et de l&rsquo;humidit\u00e9.<\/p>\n<p>D\u00e9conseill\u00e9 aux femmes enceintes ou allaitantes, aux personnes diab\u00e9tiques ou asthmatiques, allergiques \u00e0 l&rsquo;iode ou aux fruits de mer et trait\u00e9es par anti-vitamine K.<br \/>\nD\u00e9conseill\u00e9 en cas d&rsquo;obstruction des voies biliaires, de cholangite, de maladie du foie, de calculs biliaires et toutes autres maladies biliaires.<\/p>\n<p>En cas de prise simultan\u00e9e de m\u00e9dicaments (dont anticoagulant, anticanc\u00e9reux et immunosuppresseurs), demander l&rsquo;avis d&rsquo;un professionnel de sant\u00e9.<br \/>\nR\u00e9serv\u00e9 a l&rsquo;adulte.<\/p>\n","protected":false},"excerpt":{"rendered":"<p>Ce produit contribue au maintien de la flexibilit\u00e9 et \u00e0 la protection des articulations, tout en maintenant la sant\u00e9 des os.<\/p>\n<p>Bo\u00eete de 180 g\u00e9lules de 522mg<\/p>\n","protected":false},"featured_media":2329,"template":"","meta":{"ocean_post_layout":"","ocean_both_sidebars_style":"","ocean_both_sidebars_content_width":0,"ocean_both_sidebars_sidebars_width":0,"ocean_sidebar":"0","ocean_second_sidebar":"0","ocean_disable_margins":"enable","ocean_add_body_class":"","ocean_shortcode_before_top_bar":"","ocean_shortcode_after_top_bar":"","ocean_shortcode_before_header":"","ocean_shortcode_after_header":"","ocean_has_shortcode":"","ocean_shortcode_after_title":"","ocean_shortcode_before_footer_widgets":"","ocean_shortcode_after_footer_widgets":"","ocean_shortcode_before_footer_bottom":"","ocean_shortcode_after_footer_bottom":"","ocean_display_top_bar":"default","ocean_display_header":"default","ocean_header_style":"","ocean_center_header_left_menu":"0","ocean_custom_header_template":"0","ocean_custom_logo":0,"ocean_custom_retina_logo":0,"ocean_custom_logo_max_width":0,"ocean_custom_logo_tablet_max_width":0,"ocean_custom_logo_mobile_max_width":0,"ocean_custom_logo_max_height":0,"ocean_custom_logo_tablet_max_height":0,"ocean_custom_logo_mobile_max_height":0,"ocean_header_custom_menu":"0","ocean_menu_typo_font_family":"0","ocean_menu_typo_font_subset":"","ocean_menu_typo_font_size":0,"ocean_menu_typo_font_size_tablet":0,"ocean_menu_typo_font_size_mobile":0,"ocean_menu_typo_font_size_unit":"px","ocean_menu_typo_font_weight":"","ocean_menu_typo_font_weight_tablet":"","ocean_menu_typo_font_weight_mobile":"","ocean_menu_typo_transform":"","ocean_menu_typo_transform_tablet":"","ocean_menu_typo_transform_mobile":"","ocean_menu_typo_line_height":0,"ocean_menu_typo_line_height_tablet":0,"ocean_menu_typo_line_height_mobile":0,"ocean_menu_typo_line_height_unit":"","ocean_menu_typo_spacing":0,"ocean_menu_typo_spacing_tablet":0,"ocean_menu_typo_spacing_mobile":0,"ocean_menu_typo_spacing_unit":"","ocean_menu_link_color":"","ocean_menu_link_color_hover":"","ocean_menu_link_color_active":"","ocean_menu_link_background":"","ocean_menu_link_hover_background":"","ocean_menu_link_active_background":"","ocean_menu_social_links_bg":"","ocean_menu_social_hover_links_bg":"","ocean_menu_social_links_color":"","ocean_menu_social_hover_links_color":"","ocean_disable_title":"default","ocean_disable_heading":"default","ocean_post_title":"","ocean_post_subheading":"","ocean_post_title_style":"","ocean_post_title_background_color":"","ocean_post_title_background":0,"ocean_post_title_bg_image_position":"","ocean_post_title_bg_image_attachment":"","ocean_post_title_bg_image_repeat":"","ocean_post_title_bg_image_size":"","ocean_post_title_height":0,"ocean_post_title_bg_overlay":0.5,"ocean_post_title_bg_overlay_color":"","ocean_disable_breadcrumbs":"default","ocean_breadcrumbs_color":"","ocean_breadcrumbs_separator_color":"","ocean_breadcrumbs_links_color":"","ocean_breadcrumbs_links_hover_color":"","ocean_display_footer_widgets":"default","ocean_display_footer_bottom":"default","ocean_custom_footer_template":"0"},"product_brand":[49],"product_cat":[48],"product_tag":[],"class_list":{"0":"post-2130","1":"product","2":"type-product","3":"status-publish","4":"has-post-thumbnail","6":"product_brand-laboratoire-fenioux","7":"product_cat-complements-alimentaires","9":"entry","10":"has-media","12":"first","13":"instock","14":"shipping-taxable","15":"purchasable","16":"product-type-simple","17":"has-product-nav","18":"col","19":"span_1_of_4","20":"owp-content-center","21":"owp-thumbs-layout-horizontal","22":"owp-btn-normal","23":"owp-tabs-layout-horizontal","24":"has-no-thumbnails"},"_links":{"self":[{"href":"https:\/\/pierredelune-sceaux.fr\/index.php\/wp-json\/wp\/v2\/product\/2130","targetHints":{"allow":["GET"]}}],"collection":[{"href":"https:\/\/pierredelune-sceaux.fr\/index.php\/wp-json\/wp\/v2\/product"}],"about":[{"href":"https:\/\/pierredelune-sceaux.fr\/index.php\/wp-json\/wp\/v2\/types\/product"}],"wp:featuredmedia":[{"embeddable":true,"href":"https:\/\/pierredelune-sceaux.fr\/index.php\/wp-json\/wp\/v2\/media\/2329"}],"wp:attachment":[{"href":"https:\/\/pierredelune-sceaux.fr\/index.php\/wp-json\/wp\/v2\/media?parent=2130"}],"wp:term":[{"taxonomy":"product_brand","embeddable":true,"href":"https:\/\/pierredelune-sceaux.fr\/index.php\/wp-json\/wp\/v2\/product_brand?post=2130"},{"taxonomy":"product_cat","embeddable":true,"href":"https:\/\/pierredelune-sceaux.fr\/index.php\/wp-json\/wp\/v2\/product_cat?post=2130"},{"taxonomy":"product_tag","embeddable":true,"href":"https:\/\/pierredelune-sceaux.fr\/index.php\/wp-json\/wp\/v2\/product_tag?post=2130"}],"curies":[{"name":"wp","href":"https:\/\/api.w.org\/{rel}","templated":true}]}}