{"id":2134,"date":"2025-11-13T22:51:45","date_gmt":"2025-11-13T21:51:45","guid":{"rendered":"https:\/\/pierredelune-sceaux.fr\/?post_type=product&#038;p=2134"},"modified":"2025-11-13T22:51:45","modified_gmt":"2025-11-13T21:51:45","slug":"venopycnol-circulation-veineuse","status":"publish","type":"product","link":"https:\/\/pierredelune-sceaux.fr\/index.php\/produit\/venopycnol-circulation-veineuse\/","title":{"rendered":"Venopycnol\u00ae &#8211; circulation veineuse"},"content":{"rendered":"<p>Ingr\u00e9dients : poudre d&rsquo;\u00e9corce de marronnier d&rsquo;Inde (<em>Aesculus hippocastanum<\/em>), g\u00e9lule (g\u00e9latine), extrait d&rsquo;\u00e9corce de pin maritime (<em>Pinus pinaster<\/em>), querc\u00e9tine, extrait de p\u00e9pins de raisin (<em>Vitis vinifera<\/em>), rutine<\/p>\n<hr \/>\n<p>Conseils d&rsquo;utilisation : 4 g\u00e9lule\/jour, r\u00e9parties en 2 prises avec un grand verre d&rsquo;eau, 10mn avant les repas<\/p>\n<hr \/>\n<p>Ne pas d\u00e9passer la dose journali\u00e8re recommand\u00e9e.<br \/>\nTenir hors de port\u00e9e des jeunes enfants.<\/p>\n<p>Un compl\u00e9ment alimentaire ne doit pas se substituer \u00e0 une alimentation vari\u00e9e et \u00e9quilibr\u00e9e et \u00e0 un mode de vie sain.<\/p>\n<p>Conserver le produit \u00e0 l&rsquo;abri de la lumi\u00e8re, de la chaleur et de l&rsquo;humidit\u00e9.<\/p>\n<p>D\u00e9conseill\u00e9 aux femmes enceintes ou allaitantes et aux personnes sous traitement anticoagulant.<br \/>\nR\u00e9serv\u00e9 a l&rsquo;adulte.<\/p>\n","protected":false},"excerpt":{"rendered":"<p>La bonne circulation sanguine d\u00e9cline avec l&rsquo;\u00e2ge, surtout chez les femmes.<\/p>\n<p>Venopycnol\u00ae est une association d&rsquo;\u00e9corce de marronnier d&rsquo;Inde (Aesculus hippocastanum), d&rsquo;extraits de pin maritime (Pinus pinaster) et de p\u00e9pins de raisin (Vitis vinifera), auxquels s&rsquo;ajoutent dans cette nouvelle formule, de la querc\u00e9tine et de la rutine.<\/p>\n<p>Le marronnier d&rsquo;Inde favorise une bonne circulation sanguine et contribue ainsi \u00e0 maintenir une circulation saine au niveau des jambes.<\/p>\n<p>L&rsquo;extrait de p\u00e9pin de raisin, \u00e0 95 % d&rsquo;OPC, antioxydant naturel, aide \u00e0 prot\u00e9ger les cellules de l&rsquo;oxydation et \u00e0 la circulation veineuse en maintenant l&rsquo;int\u00e9grit\u00e9 des vaisseaux sanguins sains.<\/p>\n<p>La\u00a0querc\u00e9tine\u00a0et la\u00a0rutine\u00a0sont deux\u00a0flavono\u00efdes\u00a0naturels extraits de la\u00a0renou\u00e9e du Japon\u00a0(Sophorae japonica).<\/p>\n<p>Originaire d\u2019Asie, cette plante a d\u2019abord \u00e9t\u00e9 consid\u00e9r\u00e9e comme une plante envahissante avant d\u2019\u00eatre cultiv\u00e9e et consomm\u00e9e pour ses nombreuses vertus et actifs.<\/p>\n<p>Bo\u00eete de 120 g\u00e9lules de 330mg<\/p>\n","protected":false},"featured_media":2136,"template":"","meta":{"ocean_post_layout":"","ocean_both_sidebars_style":"","ocean_both_sidebars_content_width":0,"ocean_both_sidebars_sidebars_width":0,"ocean_sidebar":"0","ocean_second_sidebar":"0","ocean_disable_margins":"enable","ocean_add_body_class":"","ocean_shortcode_before_top_bar":"","ocean_shortcode_after_top_bar":"","ocean_shortcode_before_header":"","ocean_shortcode_after_header":"","ocean_has_shortcode":"","ocean_shortcode_after_title":"","ocean_shortcode_before_footer_widgets":"","ocean_shortcode_after_footer_widgets":"","ocean_shortcode_before_footer_bottom":"","ocean_shortcode_after_footer_bottom":"","ocean_display_top_bar":"default","ocean_display_header":"default","ocean_header_style":"","ocean_center_header_left_menu":"0","ocean_custom_header_template":"0","ocean_custom_logo":0,"ocean_custom_retina_logo":0,"ocean_custom_logo_max_width":0,"ocean_custom_logo_tablet_max_width":0,"ocean_custom_logo_mobile_max_width":0,"ocean_custom_logo_max_height":0,"ocean_custom_logo_tablet_max_height":0,"ocean_custom_logo_mobile_max_height":0,"ocean_header_custom_menu":"0","ocean_menu_typo_font_family":"0","ocean_menu_typo_font_subset":"","ocean_menu_typo_font_size":0,"ocean_menu_typo_font_size_tablet":0,"ocean_menu_typo_font_size_mobile":0,"ocean_menu_typo_font_size_unit":"px","ocean_menu_typo_font_weight":"","ocean_menu_typo_font_weight_tablet":"","ocean_menu_typo_font_weight_mobile":"","ocean_menu_typo_transform":"","ocean_menu_typo_transform_tablet":"","ocean_menu_typo_transform_mobile":"","ocean_menu_typo_line_height":0,"ocean_menu_typo_line_height_tablet":0,"ocean_menu_typo_line_height_mobile":0,"ocean_menu_typo_line_height_unit":"","ocean_menu_typo_spacing":0,"ocean_menu_typo_spacing_tablet":0,"ocean_menu_typo_spacing_mobile":0,"ocean_menu_typo_spacing_unit":"","ocean_menu_link_color":"","ocean_menu_link_color_hover":"","ocean_menu_link_color_active":"","ocean_menu_link_background":"","ocean_menu_link_hover_background":"","ocean_menu_link_active_background":"","ocean_menu_social_links_bg":"","ocean_menu_social_hover_links_bg":"","ocean_menu_social_links_color":"","ocean_menu_social_hover_links_color":"","ocean_disable_title":"default","ocean_disable_heading":"default","ocean_post_title":"","ocean_post_subheading":"","ocean_post_title_style":"","ocean_post_title_background_color":"","ocean_post_title_background":0,"ocean_post_title_bg_image_position":"","ocean_post_title_bg_image_attachment":"","ocean_post_title_bg_image_repeat":"","ocean_post_title_bg_image_size":"","ocean_post_title_height":0,"ocean_post_title_bg_overlay":0.5,"ocean_post_title_bg_overlay_color":"","ocean_disable_breadcrumbs":"default","ocean_breadcrumbs_color":"","ocean_breadcrumbs_separator_color":"","ocean_breadcrumbs_links_color":"","ocean_breadcrumbs_links_hover_color":"","ocean_display_footer_widgets":"default","ocean_display_footer_bottom":"default","ocean_custom_footer_template":"0"},"product_brand":[49],"product_cat":[48],"product_tag":[],"class_list":{"0":"post-2134","1":"product","2":"type-product","3":"status-publish","4":"has-post-thumbnail","6":"product_brand-laboratoire-fenioux","7":"product_cat-complements-alimentaires","9":"entry","10":"has-media","12":"first","13":"instock","14":"shipping-taxable","15":"purchasable","16":"product-type-simple","17":"has-product-nav","18":"col","19":"span_1_of_4","20":"owp-content-center","21":"owp-thumbs-layout-horizontal","22":"owp-btn-normal","23":"owp-tabs-layout-horizontal","24":"has-no-thumbnails"},"_links":{"self":[{"href":"https:\/\/pierredelune-sceaux.fr\/index.php\/wp-json\/wp\/v2\/product\/2134","targetHints":{"allow":["GET"]}}],"collection":[{"href":"https:\/\/pierredelune-sceaux.fr\/index.php\/wp-json\/wp\/v2\/product"}],"about":[{"href":"https:\/\/pierredelune-sceaux.fr\/index.php\/wp-json\/wp\/v2\/types\/product"}],"wp:featuredmedia":[{"embeddable":true,"href":"https:\/\/pierredelune-sceaux.fr\/index.php\/wp-json\/wp\/v2\/media\/2136"}],"wp:attachment":[{"href":"https:\/\/pierredelune-sceaux.fr\/index.php\/wp-json\/wp\/v2\/media?parent=2134"}],"wp:term":[{"taxonomy":"product_brand","embeddable":true,"href":"https:\/\/pierredelune-sceaux.fr\/index.php\/wp-json\/wp\/v2\/product_brand?post=2134"},{"taxonomy":"product_cat","embeddable":true,"href":"https:\/\/pierredelune-sceaux.fr\/index.php\/wp-json\/wp\/v2\/product_cat?post=2134"},{"taxonomy":"product_tag","embeddable":true,"href":"https:\/\/pierredelune-sceaux.fr\/index.php\/wp-json\/wp\/v2\/product_tag?post=2134"}],"curies":[{"name":"wp","href":"https:\/\/api.w.org\/{rel}","templated":true}]}}