{"id":2186,"date":"2025-11-13T22:50:14","date_gmt":"2025-11-13T21:50:14","guid":{"rendered":"https:\/\/pierredelune-sceaux.fr\/?post_type=product&#038;p=2186"},"modified":"2025-11-13T22:50:14","modified_gmt":"2025-11-13T21:50:14","slug":"diffuseur-prague","status":"publish","type":"product","link":"https:\/\/pierredelune-sceaux.fr\/index.php\/produit\/diffuseur-prague\/","title":{"rendered":"Diffuseur Prague"},"content":{"rendered":"<p>Diffusion jusqu&rsquo;\u00e0 40m\u00b2.<br \/>\nDiffusion \u00e0 froid pour conserver les vertus des huiles essentielles.<br \/>\nArr\u00eat automatique si r\u00e9servoir vide.<br \/>\nEclairage LED \u00e0 variation de couleur automatique, possibilit\u00e9 de fixer l&rsquo;\u00e9clairage.<br \/>\nBranchement sur secteur.<br \/>\nSc\u00e9narios de diffusion personnalisables et programmables.<br \/>\nContr\u00f4le par application + muni de boutons de commande pour une utilisation classique.<\/p>\n<p>Hauteur : 15 cm<br \/>\nDiam\u00e8tre : 9cm<br \/>\nContenu : un diffuseur, un c\u00e2ble et un transformateur<br \/>\nNotice : multilingue<br \/>\nPoids : 0,60 kg<\/p>\n<hr \/>\n<p>Utilisation via l&rsquo;application :<\/p>\n<ol>\n<li>T\u00e9l\u00e9chargez et installez l&rsquo;application Smart Life \/ Tuya Smart ou scannez le QR code pr\u00e9sent dans la notice.<\/li>\n<li>Recherchez \u00ab\u00a0Smart Life \/ Tuya Smart\u00a0\u00bb dans l&rsquo;App Store pour t\u00e9l\u00e9charger et installer l&rsquo;application.<\/li>\n<li>Inscrivez-vous ou connectez-vous. Avant la premi\u00e8re utilisation, veuillez cr\u00e9er un compte en utilisant votre adresse e-mail ou votre num\u00e9ro de t\u00e9l\u00e9phone. Si vous avez d\u00e9j\u00e0 un compte, connectez-vous simplement avec vos identifiants.<\/li>\n<li>Ajoutez l&rsquo;appareil, \u00ab\u00a0diffuseur Prague\u00a0\u00bb. Une fois l&rsquo;appareil associ\u00e9, vous pouvez :<br \/>\n&#8211; D\u00e9finir l&rsquo;heure de d\u00e9but et de fin de diffusion.<br \/>\n&#8211; D\u00e9finir l&rsquo;heure de d\u00e9but et de fin d&rsquo;\u00e9clairage.<br \/>\n&#8211; Ajuster l&rsquo;intensit\u00e9 de la diffusion et de l&rsquo;\u00e9clairage.<br \/>\n&#8211; S\u00e9lectionner la couleur de l&rsquo;\u00e9clairage.<\/li>\n<\/ol>\n","protected":false},"excerpt":{"rendered":"<p>Diffuseur connect\u00e9 Prague : nouveaut\u00e9 2023 !<\/p>\n<p>Enfin, nous pr\u00e9sentons notre diffuseur connect\u00e9 Prague, contr\u00f4le par l&rsquo;application \u00ab\u00a0Prague\u00a0\u00bb via Tuya, et compatible avec Alexa et Assistant Google.<\/p>\n<p>Notre derni\u00e8re cr\u00e9ation en c\u00e9ramique translucide qui met en valeur l&rsquo;\u00e9clairage int\u00e9gr\u00e9 une fois allum\u00e9.<\/p>\n<p>Gr\u00e2ce \u00e0 son approche moderne et innovante, ce diffuseur des huiles essentielles offre une exp\u00e9rience olfactive unique et ludique.<\/p>\n<p>Cr\u00e9ez vos sc\u00e9narios de diffusion et enregistrez-les dans l&rsquo;application. Les possibilit\u00e9s de programmation sont multiples et r\u00e9pondront \u00e0 tous vos besoins.<\/p>\n","protected":false},"featured_media":2188,"template":"","meta":{"ocean_post_layout":"","ocean_both_sidebars_style":"","ocean_both_sidebars_content_width":0,"ocean_both_sidebars_sidebars_width":0,"ocean_sidebar":"0","ocean_second_sidebar":"0","ocean_disable_margins":"enable","ocean_add_body_class":"","ocean_shortcode_before_top_bar":"","ocean_shortcode_after_top_bar":"","ocean_shortcode_before_header":"","ocean_shortcode_after_header":"","ocean_has_shortcode":"","ocean_shortcode_after_title":"","ocean_shortcode_before_footer_widgets":"","ocean_shortcode_after_footer_widgets":"","ocean_shortcode_before_footer_bottom":"","ocean_shortcode_after_footer_bottom":"","ocean_display_top_bar":"default","ocean_display_header":"default","ocean_header_style":"","ocean_center_header_left_menu":"0","ocean_custom_header_template":"0","ocean_custom_logo":0,"ocean_custom_retina_logo":0,"ocean_custom_logo_max_width":0,"ocean_custom_logo_tablet_max_width":0,"ocean_custom_logo_mobile_max_width":0,"ocean_custom_logo_max_height":0,"ocean_custom_logo_tablet_max_height":0,"ocean_custom_logo_mobile_max_height":0,"ocean_header_custom_menu":"0","ocean_menu_typo_font_family":"0","ocean_menu_typo_font_subset":"","ocean_menu_typo_font_size":0,"ocean_menu_typo_font_size_tablet":0,"ocean_menu_typo_font_size_mobile":0,"ocean_menu_typo_font_size_unit":"px","ocean_menu_typo_font_weight":"","ocean_menu_typo_font_weight_tablet":"","ocean_menu_typo_font_weight_mobile":"","ocean_menu_typo_transform":"","ocean_menu_typo_transform_tablet":"","ocean_menu_typo_transform_mobile":"","ocean_menu_typo_line_height":0,"ocean_menu_typo_line_height_tablet":0,"ocean_menu_typo_line_height_mobile":0,"ocean_menu_typo_line_height_unit":"","ocean_menu_typo_spacing":0,"ocean_menu_typo_spacing_tablet":0,"ocean_menu_typo_spacing_mobile":0,"ocean_menu_typo_spacing_unit":"","ocean_menu_link_color":"","ocean_menu_link_color_hover":"","ocean_menu_link_color_active":"","ocean_menu_link_background":"","ocean_menu_link_hover_background":"","ocean_menu_link_active_background":"","ocean_menu_social_links_bg":"","ocean_menu_social_hover_links_bg":"","ocean_menu_social_links_color":"","ocean_menu_social_hover_links_color":"","ocean_disable_title":"default","ocean_disable_heading":"default","ocean_post_title":"","ocean_post_subheading":"","ocean_post_title_style":"","ocean_post_title_background_color":"","ocean_post_title_background":0,"ocean_post_title_bg_image_position":"","ocean_post_title_bg_image_attachment":"","ocean_post_title_bg_image_repeat":"","ocean_post_title_bg_image_size":"","ocean_post_title_height":0,"ocean_post_title_bg_overlay":0.5,"ocean_post_title_bg_overlay_color":"","ocean_disable_breadcrumbs":"default","ocean_breadcrumbs_color":"","ocean_breadcrumbs_separator_color":"","ocean_breadcrumbs_links_color":"","ocean_breadcrumbs_links_hover_color":"","ocean_display_footer_widgets":"default","ocean_display_footer_bottom":"default","ocean_custom_footer_template":"0"},"product_brand":[23],"product_cat":[61,22,60],"product_tag":[],"class_list":{"0":"post-2186","1":"product","2":"type-product","3":"status-publish","4":"has-post-thumbnail","6":"product_brand-zenaromes","7":"product_cat-diffuseurs-connectes","8":"product_cat-diffuseurs-dhuiles-essentielles","9":"product_cat-diffuseurs-ultrasoniques","11":"entry","12":"has-media","14":"first","15":"instock","16":"shipping-taxable","17":"purchasable","18":"product-type-simple","19":"has-product-nav","20":"col","21":"span_1_of_4","22":"owp-content-center","23":"owp-thumbs-layout-horizontal","24":"owp-btn-normal","25":"owp-tabs-layout-horizontal"},"_links":{"self":[{"href":"https:\/\/pierredelune-sceaux.fr\/index.php\/wp-json\/wp\/v2\/product\/2186","targetHints":{"allow":["GET"]}}],"collection":[{"href":"https:\/\/pierredelune-sceaux.fr\/index.php\/wp-json\/wp\/v2\/product"}],"about":[{"href":"https:\/\/pierredelune-sceaux.fr\/index.php\/wp-json\/wp\/v2\/types\/product"}],"wp:featuredmedia":[{"embeddable":true,"href":"https:\/\/pierredelune-sceaux.fr\/index.php\/wp-json\/wp\/v2\/media\/2188"}],"wp:attachment":[{"href":"https:\/\/pierredelune-sceaux.fr\/index.php\/wp-json\/wp\/v2\/media?parent=2186"}],"wp:term":[{"taxonomy":"product_brand","embeddable":true,"href":"https:\/\/pierredelune-sceaux.fr\/index.php\/wp-json\/wp\/v2\/product_brand?post=2186"},{"taxonomy":"product_cat","embeddable":true,"href":"https:\/\/pierredelune-sceaux.fr\/index.php\/wp-json\/wp\/v2\/product_cat?post=2186"},{"taxonomy":"product_tag","embeddable":true,"href":"https:\/\/pierredelune-sceaux.fr\/index.php\/wp-json\/wp\/v2\/product_tag?post=2186"}],"curies":[{"name":"wp","href":"https:\/\/api.w.org\/{rel}","templated":true}]}}