{"id":2199,"date":"2025-11-13T22:49:59","date_gmt":"2025-11-13T21:49:59","guid":{"rendered":"https:\/\/pierredelune-sceaux.fr\/?post_type=product&#038;p=2199"},"modified":"2025-11-13T22:49:59","modified_gmt":"2025-11-13T21:49:59","slug":"lampe-unique-cristal-de-sel-dhimalaya-4-a-8kg","status":"publish","type":"product","link":"https:\/\/pierredelune-sceaux.fr\/index.php\/produit\/lampe-unique-cristal-de-sel-dhimalaya-4-a-8kg\/","title":{"rendered":"Lampe unique &#8211; cristal de sel d&rsquo;Himalaya (4 \u00e0 8kg)"},"content":{"rendered":"<p>Nos lampes sont sculpt\u00e9es \u00e0 la main, chaque lampe est unique. On lui pr\u00eate \u00e9galement des bienfaits pour am\u00e9liorer notre bien-\u00eatre au quotidien gr\u00e2ce aux ions n\u00e9gatifs que la lampe g\u00e9n\u00e8re :<\/p>\n<p>Purifie l\u2019air en neutralisant la pollution, r\u00e9duisant la poussi\u00e8re, le pollen et d\u2019autres contaminants de notre air ambient. En cons\u00e9quence, elle aide \u00e0 diminuer vos sympt\u00f4mes d\u2019allergie et d\u2019asthme.<\/p>\n<p>R\u00e9duit le rayonnement \u00e9lectromagn\u00e9tique lib\u00e9r\u00e9 par nos appareils \u00e9lectrom\u00e9nager, appareil high tech (ordinateur, t\u00e9l\u00e9phone etc).<\/p>\n<hr \/>\n<p align=\"\">Diam\u00e8tre : de 16 \u00e0 19 cm.<br \/>\nHauteur: de 26 \u00e0 29 cm.<br \/>\nPoids: de 4 \u00e0 8 kg.<br \/>\nMati\u00e8re : bois et sel d\u2019Himalaya.<br \/>\nFonctionne sur secteur 230V\/50Hz.<br \/>\nContenu: base en bois, une ampoule E14.<\/p>\n<hr \/>\n<p>Conseils d&rsquo;utilisation :<\/p>\n<p>Placez la lampe dans un endroit sec et une pi\u00e8ce a\u00e9r\u00e9e. Ne pas mettre la lampe en contact avec de l\u2019eau.<\/p>\n<p>Ne pas mettre la lampe en contact avec de l\u2019eau. Placez-la dans un endroit sec et une pi\u00e8ce a\u00e9r\u00e9e, sur une surface dure, plane, stable, non glissante et non sensible \u00e0 l&rsquo;humidit\u00e9 et sur une sous-couche protectrice afin d\u2019\u00e9viter tout endommagement en raison de la condensation du sel.<\/p>\n","protected":false},"excerpt":{"rendered":"<p>La lampe de sel d\u2019Himalaya (aussi appel\u00e9e lampe en pierre de sel rose) est une source naturelle d\u2019air frais et sain.<\/p>\n<p>Esth\u00e9tique, son look naturel et brut se marie parfaitement \u00e0 tous les styles de d\u00e9co et \u00e0 toutes les pi\u00e8ces. Sculpt\u00e9e \u00e0 la main.<\/p>\n<p>La lumi\u00e8re chaleureuse qu\u2019elle \u00e9met cr\u00e9\u00e9e une ambiance intime et reposante.<\/p>\n<p>Placez-la dans votre chambre afin d\u2019am\u00e9liorer la qualit\u00e9 de l\u2019air et de vous aider \u00e0 retrouver une nuit de sommeil apaisante.<\/p>\n","protected":false},"featured_media":2201,"template":"","meta":{"ocean_post_layout":"","ocean_both_sidebars_style":"","ocean_both_sidebars_content_width":0,"ocean_both_sidebars_sidebars_width":0,"ocean_sidebar":"0","ocean_second_sidebar":"0","ocean_disable_margins":"enable","ocean_add_body_class":"","ocean_shortcode_before_top_bar":"","ocean_shortcode_after_top_bar":"","ocean_shortcode_before_header":"","ocean_shortcode_after_header":"","ocean_has_shortcode":"","ocean_shortcode_after_title":"","ocean_shortcode_before_footer_widgets":"","ocean_shortcode_after_footer_widgets":"","ocean_shortcode_before_footer_bottom":"","ocean_shortcode_after_footer_bottom":"","ocean_display_top_bar":"default","ocean_display_header":"default","ocean_header_style":"","ocean_center_header_left_menu":"0","ocean_custom_header_template":"0","ocean_custom_logo":0,"ocean_custom_retina_logo":0,"ocean_custom_logo_max_width":0,"ocean_custom_logo_tablet_max_width":0,"ocean_custom_logo_mobile_max_width":0,"ocean_custom_logo_max_height":0,"ocean_custom_logo_tablet_max_height":0,"ocean_custom_logo_mobile_max_height":0,"ocean_header_custom_menu":"0","ocean_menu_typo_font_family":"0","ocean_menu_typo_font_subset":"","ocean_menu_typo_font_size":0,"ocean_menu_typo_font_size_tablet":0,"ocean_menu_typo_font_size_mobile":0,"ocean_menu_typo_font_size_unit":"px","ocean_menu_typo_font_weight":"","ocean_menu_typo_font_weight_tablet":"","ocean_menu_typo_font_weight_mobile":"","ocean_menu_typo_transform":"","ocean_menu_typo_transform_tablet":"","ocean_menu_typo_transform_mobile":"","ocean_menu_typo_line_height":0,"ocean_menu_typo_line_height_tablet":0,"ocean_menu_typo_line_height_mobile":0,"ocean_menu_typo_line_height_unit":"","ocean_menu_typo_spacing":0,"ocean_menu_typo_spacing_tablet":0,"ocean_menu_typo_spacing_mobile":0,"ocean_menu_typo_spacing_unit":"","ocean_menu_link_color":"","ocean_menu_link_color_hover":"","ocean_menu_link_color_active":"","ocean_menu_link_background":"","ocean_menu_link_hover_background":"","ocean_menu_link_active_background":"","ocean_menu_social_links_bg":"","ocean_menu_social_hover_links_bg":"","ocean_menu_social_links_color":"","ocean_menu_social_hover_links_color":"","ocean_disable_title":"default","ocean_disable_heading":"default","ocean_post_title":"","ocean_post_subheading":"","ocean_post_title_style":"","ocean_post_title_background_color":"","ocean_post_title_background":0,"ocean_post_title_bg_image_position":"","ocean_post_title_bg_image_attachment":"","ocean_post_title_bg_image_repeat":"","ocean_post_title_bg_image_size":"","ocean_post_title_height":0,"ocean_post_title_bg_overlay":0.5,"ocean_post_title_bg_overlay_color":"","ocean_disable_breadcrumbs":"default","ocean_breadcrumbs_color":"","ocean_breadcrumbs_separator_color":"","ocean_breadcrumbs_links_color":"","ocean_breadcrumbs_links_hover_color":"","ocean_display_footer_widgets":"default","ocean_display_footer_bottom":"default","ocean_custom_footer_template":"0"},"product_brand":[62],"product_cat":[56],"product_tag":[],"class_list":{"0":"post-2199","1":"product","2":"type-product","3":"status-publish","4":"has-post-thumbnail","6":"product_brand-zenlight","7":"product_cat-lampes-a-sel","9":"entry","10":"has-media","12":"first","13":"instock","14":"shipping-taxable","15":"purchasable","16":"product-type-simple","17":"has-product-nav","18":"col","19":"span_1_of_4","20":"owp-content-center","21":"owp-thumbs-layout-horizontal","22":"owp-btn-normal","23":"owp-tabs-layout-horizontal"},"_links":{"self":[{"href":"https:\/\/pierredelune-sceaux.fr\/index.php\/wp-json\/wp\/v2\/product\/2199","targetHints":{"allow":["GET"]}}],"collection":[{"href":"https:\/\/pierredelune-sceaux.fr\/index.php\/wp-json\/wp\/v2\/product"}],"about":[{"href":"https:\/\/pierredelune-sceaux.fr\/index.php\/wp-json\/wp\/v2\/types\/product"}],"wp:featuredmedia":[{"embeddable":true,"href":"https:\/\/pierredelune-sceaux.fr\/index.php\/wp-json\/wp\/v2\/media\/2201"}],"wp:attachment":[{"href":"https:\/\/pierredelune-sceaux.fr\/index.php\/wp-json\/wp\/v2\/media?parent=2199"}],"wp:term":[{"taxonomy":"product_brand","embeddable":true,"href":"https:\/\/pierredelune-sceaux.fr\/index.php\/wp-json\/wp\/v2\/product_brand?post=2199"},{"taxonomy":"product_cat","embeddable":true,"href":"https:\/\/pierredelune-sceaux.fr\/index.php\/wp-json\/wp\/v2\/product_cat?post=2199"},{"taxonomy":"product_tag","embeddable":true,"href":"https:\/\/pierredelune-sceaux.fr\/index.php\/wp-json\/wp\/v2\/product_tag?post=2199"}],"curies":[{"name":"wp","href":"https:\/\/api.w.org\/{rel}","templated":true}]}}