{"id":2211,"date":"2025-11-13T22:49:33","date_gmt":"2025-11-13T21:49:33","guid":{"rendered":"https:\/\/pierredelune-sceaux.fr\/?post_type=product&#038;p=2211"},"modified":"2025-11-13T22:49:33","modified_gmt":"2025-11-13T21:49:33","slug":"brule-parfum-nenuphar","status":"publish","type":"product","link":"https:\/\/pierredelune-sceaux.fr\/index.php\/produit\/brule-parfum-nenuphar\/","title":{"rendered":"Br\u00fble parfum &#8211; N\u00e9nuphar"},"content":{"rendered":"<p>Conseils d&rsquo;utilisation :<\/p>\n<p>Son utilisation est simple : placez la bougie sur son support, mettez vos cires, fondants parfum\u00e9s, senteurs, huiles essentielles ou autres solutions parfum\u00e9es dans la cavit\u00e9 en haut. \u00c0 l\u2019aide de la chaleur d\u2019une bougie chauffe-plat, et en quelques instants, votre parfum pr\u00e9f\u00e9r\u00e9 se diffusera pour embaumer votre int\u00e9rieur.<\/p>\n<p>Simple, efficace, et facile \u00e0 utiliser, de plus son c\u00f4t\u00e9 d\u00e9coratif ajoutera une touche de charme \u00e0 votre espace.<\/p>\n<div align=\"justify\">\n<p>Nos br\u00fble-parfum doivent \u00eatre utilis\u00e9s avec des bougies chauffe-plat de diam\u00e8tre 4 cm et d\u2019un temps de combustion de 4 heures maximum (non fournie).<\/p>\n<p>La bougie doit r\u00e9pondre aux normes en vigueurs.<\/p>\n<p>Veillez \u00e9galement \u00e0 respecter les consignes de s\u00e9curit\u00e9s indiqu\u00e9es sur la bougie.<\/p>\n<\/div>\n<hr \/>\n<p>Dimensions: 9 x 9 x 10,5 cm.<br \/>\nPoids: 0,35 kg.<br \/>\nMati\u00e8re : c\u00e9ramique.<br \/>\nContenance: 50 ml.<br \/>\nManuel d\u2019utilisation: multiligne.<br \/>\nContenu: un br\u00fble parfum.<\/p>\n","protected":false},"excerpt":{"rendered":"<p>Ses grandes ouvertures laissent s&rsquo;\u00e9vader une douce lueur de bougie, accompagn\u00e9e par la diffusion des senteurs cr\u00e9ant ainsi une ambiance chaleureuse et d\u00e9licieusement parfum\u00e9e.<\/p>\n<p>Simple, efficace, et facile \u00e0 utiliser, de plus son c\u00f4t\u00e9 d\u00e9coratif ajoutera une touche de charme \u00e0 votre espace.<\/p>\n<p>Le support de bougie est amovible, ce qui simplifie leur utilisation et leur nettoyage.<\/p>\n","protected":false},"featured_media":2225,"template":"","meta":{"ocean_post_layout":"","ocean_both_sidebars_style":"","ocean_both_sidebars_content_width":0,"ocean_both_sidebars_sidebars_width":0,"ocean_sidebar":"0","ocean_second_sidebar":"0","ocean_disable_margins":"enable","ocean_add_body_class":"","ocean_shortcode_before_top_bar":"","ocean_shortcode_after_top_bar":"","ocean_shortcode_before_header":"","ocean_shortcode_after_header":"","ocean_has_shortcode":"","ocean_shortcode_after_title":"","ocean_shortcode_before_footer_widgets":"","ocean_shortcode_after_footer_widgets":"","ocean_shortcode_before_footer_bottom":"","ocean_shortcode_after_footer_bottom":"","ocean_display_top_bar":"default","ocean_display_header":"default","ocean_header_style":"","ocean_center_header_left_menu":"0","ocean_custom_header_template":"0","ocean_custom_logo":0,"ocean_custom_retina_logo":0,"ocean_custom_logo_max_width":0,"ocean_custom_logo_tablet_max_width":0,"ocean_custom_logo_mobile_max_width":0,"ocean_custom_logo_max_height":0,"ocean_custom_logo_tablet_max_height":0,"ocean_custom_logo_mobile_max_height":0,"ocean_header_custom_menu":"0","ocean_menu_typo_font_family":"0","ocean_menu_typo_font_subset":"","ocean_menu_typo_font_size":0,"ocean_menu_typo_font_size_tablet":0,"ocean_menu_typo_font_size_mobile":0,"ocean_menu_typo_font_size_unit":"px","ocean_menu_typo_font_weight":"","ocean_menu_typo_font_weight_tablet":"","ocean_menu_typo_font_weight_mobile":"","ocean_menu_typo_transform":"","ocean_menu_typo_transform_tablet":"","ocean_menu_typo_transform_mobile":"","ocean_menu_typo_line_height":0,"ocean_menu_typo_line_height_tablet":0,"ocean_menu_typo_line_height_mobile":0,"ocean_menu_typo_line_height_unit":"","ocean_menu_typo_spacing":0,"ocean_menu_typo_spacing_tablet":0,"ocean_menu_typo_spacing_mobile":0,"ocean_menu_typo_spacing_unit":"","ocean_menu_link_color":"","ocean_menu_link_color_hover":"","ocean_menu_link_color_active":"","ocean_menu_link_background":"","ocean_menu_link_hover_background":"","ocean_menu_link_active_background":"","ocean_menu_social_links_bg":"","ocean_menu_social_hover_links_bg":"","ocean_menu_social_links_color":"","ocean_menu_social_hover_links_color":"","ocean_disable_title":"default","ocean_disable_heading":"default","ocean_post_title":"","ocean_post_subheading":"","ocean_post_title_style":"","ocean_post_title_background_color":"","ocean_post_title_background":0,"ocean_post_title_bg_image_position":"","ocean_post_title_bg_image_attachment":"","ocean_post_title_bg_image_repeat":"","ocean_post_title_bg_image_size":"","ocean_post_title_height":0,"ocean_post_title_bg_overlay":0.5,"ocean_post_title_bg_overlay_color":"","ocean_disable_breadcrumbs":"default","ocean_breadcrumbs_color":"","ocean_breadcrumbs_separator_color":"","ocean_breadcrumbs_links_color":"","ocean_breadcrumbs_links_hover_color":"","ocean_display_footer_widgets":"default","ocean_display_footer_bottom":"default","ocean_custom_footer_template":"0"},"product_brand":[23],"product_cat":[57],"product_tag":[],"class_list":{"0":"post-2211","1":"product","2":"type-product","3":"status-publish","4":"has-post-thumbnail","6":"product_brand-zenaromes","7":"product_cat-brules-parfum","9":"entry","10":"has-media","12":"first","13":"instock","14":"shipping-taxable","15":"purchasable","16":"product-type-simple","17":"has-product-nav","18":"col","19":"span_1_of_4","20":"owp-content-center","21":"owp-thumbs-layout-horizontal","22":"owp-btn-normal","23":"owp-tabs-layout-horizontal"},"_links":{"self":[{"href":"https:\/\/pierredelune-sceaux.fr\/index.php\/wp-json\/wp\/v2\/product\/2211","targetHints":{"allow":["GET"]}}],"collection":[{"href":"https:\/\/pierredelune-sceaux.fr\/index.php\/wp-json\/wp\/v2\/product"}],"about":[{"href":"https:\/\/pierredelune-sceaux.fr\/index.php\/wp-json\/wp\/v2\/types\/product"}],"wp:featuredmedia":[{"embeddable":true,"href":"https:\/\/pierredelune-sceaux.fr\/index.php\/wp-json\/wp\/v2\/media\/2225"}],"wp:attachment":[{"href":"https:\/\/pierredelune-sceaux.fr\/index.php\/wp-json\/wp\/v2\/media?parent=2211"}],"wp:term":[{"taxonomy":"product_brand","embeddable":true,"href":"https:\/\/pierredelune-sceaux.fr\/index.php\/wp-json\/wp\/v2\/product_brand?post=2211"},{"taxonomy":"product_cat","embeddable":true,"href":"https:\/\/pierredelune-sceaux.fr\/index.php\/wp-json\/wp\/v2\/product_cat?post=2211"},{"taxonomy":"product_tag","embeddable":true,"href":"https:\/\/pierredelune-sceaux.fr\/index.php\/wp-json\/wp\/v2\/product_tag?post=2211"}],"curies":[{"name":"wp","href":"https:\/\/api.w.org\/{rel}","templated":true}]}}