{"id":2216,"date":"2025-11-13T22:49:50","date_gmt":"2025-11-13T21:49:50","guid":{"rendered":"https:\/\/pierredelune-sceaux.fr\/?post_type=product&#038;p=2216"},"modified":"2025-11-13T22:49:50","modified_gmt":"2025-11-13T21:49:50","slug":"brule-parfum-serie-inspiration-seis","status":"publish","type":"product","link":"https:\/\/pierredelune-sceaux.fr\/index.php\/produit\/brule-parfum-serie-inspiration-seis\/","title":{"rendered":"Br\u00fble parfum &#8211; S\u00e9rie Inspiration &#8211; Seis"},"content":{"rendered":"<p>Conseils d&rsquo;utilisation :<\/p>\n<p>Nos br\u00fble-parfum doivent \u00eatre utilis\u00e9s avec des bougies chauffe-plat de diam\u00e8tre 4 cm et d\u2019un temps de combustion de 4 heures maximum (non fournie).<\/p>\n<p>La bougie doit r\u00e9pondre aux normes en vigueurs.<\/p>\n<p>Veillez \u00e9galement \u00e0 respecter les consignes de s\u00e9curit\u00e9s indiqu\u00e9es sur la bougie.<\/p>\n<hr \/>\n<p>Dimensions: 10,5 x 10,5 x 19 cm.<br \/>\nPoids: 0,25 kg.<br \/>\nMati\u00e8res : c\u00e9ramique et m\u00e9tal.<br \/>\nContenance: 60 ml.<br \/>\nManuel d\u2019utilisation: fran\u00e7ais, anglais.<br \/>\nContenu: un \u00e9l\u00e9ment en c\u00e9ramique, un support en m\u00e9tal.<\/p>\n","protected":false},"excerpt":{"rendered":"<p>Inspir\u00e9 du quotidien et de la nature, la nouvelle s\u00e9rie Inspiration porte bien son nom. Guid\u00e9 par notre volont\u00e9 et motivation de faire d\u2019une simple id\u00e9e un objet original, fonctionnel et source de bien-\u00eatre. Seis est n\u00e9 dans cette logique, occupant le 6\u00e8me place de cette s\u00e9rie.<\/p>\n<p>Design sobre et contemporain, il saura trouver sa place dans n&rsquo;importe quelle pi\u00e8ce.<\/p>\n<p>La forme du fer forg\u00e9 et la couleur vert olive de la c\u00e9ramique lui donnent un allure naturelle et \u00e9lanc\u00e9e.<\/p>\n<p>Le panier en c\u00e9ramique est amovible, ceci facilite le remplissage et l&rsquo;entretien, et peut accueillir vos cires parfum\u00e9es, senteurs, huiles essentielles ou autres solutions parfum\u00e9es.<\/p>\n","protected":false},"featured_media":2218,"template":"","meta":{"ocean_post_layout":"","ocean_both_sidebars_style":"","ocean_both_sidebars_content_width":0,"ocean_both_sidebars_sidebars_width":0,"ocean_sidebar":"0","ocean_second_sidebar":"0","ocean_disable_margins":"enable","ocean_add_body_class":"","ocean_shortcode_before_top_bar":"","ocean_shortcode_after_top_bar":"","ocean_shortcode_before_header":"","ocean_shortcode_after_header":"","ocean_has_shortcode":"","ocean_shortcode_after_title":"","ocean_shortcode_before_footer_widgets":"","ocean_shortcode_after_footer_widgets":"","ocean_shortcode_before_footer_bottom":"","ocean_shortcode_after_footer_bottom":"","ocean_display_top_bar":"default","ocean_display_header":"default","ocean_header_style":"","ocean_center_header_left_menu":"0","ocean_custom_header_template":"0","ocean_custom_logo":0,"ocean_custom_retina_logo":0,"ocean_custom_logo_max_width":0,"ocean_custom_logo_tablet_max_width":0,"ocean_custom_logo_mobile_max_width":0,"ocean_custom_logo_max_height":0,"ocean_custom_logo_tablet_max_height":0,"ocean_custom_logo_mobile_max_height":0,"ocean_header_custom_menu":"0","ocean_menu_typo_font_family":"0","ocean_menu_typo_font_subset":"","ocean_menu_typo_font_size":0,"ocean_menu_typo_font_size_tablet":0,"ocean_menu_typo_font_size_mobile":0,"ocean_menu_typo_font_size_unit":"px","ocean_menu_typo_font_weight":"","ocean_menu_typo_font_weight_tablet":"","ocean_menu_typo_font_weight_mobile":"","ocean_menu_typo_transform":"","ocean_menu_typo_transform_tablet":"","ocean_menu_typo_transform_mobile":"","ocean_menu_typo_line_height":0,"ocean_menu_typo_line_height_tablet":0,"ocean_menu_typo_line_height_mobile":0,"ocean_menu_typo_line_height_unit":"","ocean_menu_typo_spacing":0,"ocean_menu_typo_spacing_tablet":0,"ocean_menu_typo_spacing_mobile":0,"ocean_menu_typo_spacing_unit":"","ocean_menu_link_color":"","ocean_menu_link_color_hover":"","ocean_menu_link_color_active":"","ocean_menu_link_background":"","ocean_menu_link_hover_background":"","ocean_menu_link_active_background":"","ocean_menu_social_links_bg":"","ocean_menu_social_hover_links_bg":"","ocean_menu_social_links_color":"","ocean_menu_social_hover_links_color":"","ocean_disable_title":"default","ocean_disable_heading":"default","ocean_post_title":"","ocean_post_subheading":"","ocean_post_title_style":"","ocean_post_title_background_color":"","ocean_post_title_background":0,"ocean_post_title_bg_image_position":"","ocean_post_title_bg_image_attachment":"","ocean_post_title_bg_image_repeat":"","ocean_post_title_bg_image_size":"","ocean_post_title_height":0,"ocean_post_title_bg_overlay":0.5,"ocean_post_title_bg_overlay_color":"","ocean_disable_breadcrumbs":"default","ocean_breadcrumbs_color":"","ocean_breadcrumbs_separator_color":"","ocean_breadcrumbs_links_color":"","ocean_breadcrumbs_links_hover_color":"","ocean_display_footer_widgets":"default","ocean_display_footer_bottom":"default","ocean_custom_footer_template":"0"},"product_brand":[23],"product_cat":[57],"product_tag":[],"class_list":{"0":"post-2216","1":"product","2":"type-product","3":"status-publish","4":"has-post-thumbnail","6":"product_brand-zenaromes","7":"product_cat-brules-parfum","9":"entry","10":"has-media","12":"first","13":"instock","14":"shipping-taxable","15":"purchasable","16":"product-type-simple","17":"has-product-nav","18":"col","19":"span_1_of_4","20":"owp-content-center","21":"owp-thumbs-layout-horizontal","22":"owp-btn-normal","23":"owp-tabs-layout-horizontal"},"_links":{"self":[{"href":"https:\/\/pierredelune-sceaux.fr\/index.php\/wp-json\/wp\/v2\/product\/2216","targetHints":{"allow":["GET"]}}],"collection":[{"href":"https:\/\/pierredelune-sceaux.fr\/index.php\/wp-json\/wp\/v2\/product"}],"about":[{"href":"https:\/\/pierredelune-sceaux.fr\/index.php\/wp-json\/wp\/v2\/types\/product"}],"wp:featuredmedia":[{"embeddable":true,"href":"https:\/\/pierredelune-sceaux.fr\/index.php\/wp-json\/wp\/v2\/media\/2218"}],"wp:attachment":[{"href":"https:\/\/pierredelune-sceaux.fr\/index.php\/wp-json\/wp\/v2\/media?parent=2216"}],"wp:term":[{"taxonomy":"product_brand","embeddable":true,"href":"https:\/\/pierredelune-sceaux.fr\/index.php\/wp-json\/wp\/v2\/product_brand?post=2216"},{"taxonomy":"product_cat","embeddable":true,"href":"https:\/\/pierredelune-sceaux.fr\/index.php\/wp-json\/wp\/v2\/product_cat?post=2216"},{"taxonomy":"product_tag","embeddable":true,"href":"https:\/\/pierredelune-sceaux.fr\/index.php\/wp-json\/wp\/v2\/product_tag?post=2216"}],"curies":[{"name":"wp","href":"https:\/\/api.w.org\/{rel}","templated":true}]}}