{"id":2226,"date":"2025-11-13T22:49:28","date_gmt":"2025-11-13T21:49:28","guid":{"rendered":"https:\/\/pierredelune-sceaux.fr\/?post_type=product&#038;p=2226"},"modified":"2025-11-13T22:49:28","modified_gmt":"2025-11-13T21:49:28","slug":"fontaine-dinterieur-lhassa","status":"publish","type":"product","link":"https:\/\/pierredelune-sceaux.fr\/index.php\/produit\/fontaine-dinterieur-lhassa\/","title":{"rendered":"Fontaine d&rsquo;int\u00e9rieur &#8211; Lhassa"},"content":{"rendered":"<p>Conseils d&rsquo;utilisation :<\/p>\n<p>Son installation ne prend que quelques minutes pour raccorder la pompe \u00e0 la fontaine et positionner l\u2019\u00e9clairage \u00e0 son emplacement.<\/p>\n<p>Tout est fourni, vous n\u2019avez plus qu\u2019\u00e0 remplir la vasque avec de l&rsquo;eau claire, placer la fontaine dessus et raccorder \u00e0 une prise \u00e9lectrique. La pompe permettra \u00e0 l\u2019eau de s\u2019\u00e9couler en circuit ferm\u00e9.<\/p>\n<p>Un \u00e9clairage LED offrant une variation de couleur automatique apporte une lumi\u00e8re d\u2019ambiance agr\u00e9able mettant en valeur le relief du d\u00e9cor et le mouvement de l\u2019eau.<\/p>\n<hr \/>\n<p>Diam\u00e8tre : 30 cm.<br \/>\nHauteur : 19 cm.<br \/>\nPoids : 3,50 kg.<br \/>\nMati\u00e8re : r\u00e9sine.<br \/>\nContenu : fontaine, boule en verre, vasque, pompe avec LED.<br \/>\nManuel d\u2019utilisation : fran\u00e7ais, anglais, espagnol, italien et allemand.<\/p>\n","protected":false},"excerpt":{"rendered":"<p>La fontaine Lhassa est l\u2019\u00e9l\u00e9ment d\u00e9coratif qui manque \u00e0 votre int\u00e9rieur pour cr\u00e9er une atmosph\u00e8re zen essentielle \u00e0 vos moments de d\u00e9tente et de relaxation.<\/p>\n<p>Elle repr\u00e9sente deux mains jointes au milieu desquelles se trouve une boule de verre entra\u00een\u00e9e en rotation par le mouvement d\u2019eau.<\/p>\n<p>L\u2019eau s\u2019\u00e9coule ensuite entre les doigts. Son \u00e9clairage souligne le mouvement d&rsquo;eau et met en valeur cette fontaine dans une ambiance cosy et intime.<\/p>\n","protected":false},"featured_media":2228,"template":"","meta":{"ocean_post_layout":"","ocean_both_sidebars_style":"","ocean_both_sidebars_content_width":0,"ocean_both_sidebars_sidebars_width":0,"ocean_sidebar":"0","ocean_second_sidebar":"0","ocean_disable_margins":"enable","ocean_add_body_class":"","ocean_shortcode_before_top_bar":"","ocean_shortcode_after_top_bar":"","ocean_shortcode_before_header":"","ocean_shortcode_after_header":"","ocean_has_shortcode":"","ocean_shortcode_after_title":"","ocean_shortcode_before_footer_widgets":"","ocean_shortcode_after_footer_widgets":"","ocean_shortcode_before_footer_bottom":"","ocean_shortcode_after_footer_bottom":"","ocean_display_top_bar":"default","ocean_display_header":"default","ocean_header_style":"","ocean_center_header_left_menu":"0","ocean_custom_header_template":"0","ocean_custom_logo":0,"ocean_custom_retina_logo":0,"ocean_custom_logo_max_width":0,"ocean_custom_logo_tablet_max_width":0,"ocean_custom_logo_mobile_max_width":0,"ocean_custom_logo_max_height":0,"ocean_custom_logo_tablet_max_height":0,"ocean_custom_logo_mobile_max_height":0,"ocean_header_custom_menu":"0","ocean_menu_typo_font_family":"0","ocean_menu_typo_font_subset":"","ocean_menu_typo_font_size":0,"ocean_menu_typo_font_size_tablet":0,"ocean_menu_typo_font_size_mobile":0,"ocean_menu_typo_font_size_unit":"px","ocean_menu_typo_font_weight":"","ocean_menu_typo_font_weight_tablet":"","ocean_menu_typo_font_weight_mobile":"","ocean_menu_typo_transform":"","ocean_menu_typo_transform_tablet":"","ocean_menu_typo_transform_mobile":"","ocean_menu_typo_line_height":0,"ocean_menu_typo_line_height_tablet":0,"ocean_menu_typo_line_height_mobile":0,"ocean_menu_typo_line_height_unit":"","ocean_menu_typo_spacing":0,"ocean_menu_typo_spacing_tablet":0,"ocean_menu_typo_spacing_mobile":0,"ocean_menu_typo_spacing_unit":"","ocean_menu_link_color":"","ocean_menu_link_color_hover":"","ocean_menu_link_color_active":"","ocean_menu_link_background":"","ocean_menu_link_hover_background":"","ocean_menu_link_active_background":"","ocean_menu_social_links_bg":"","ocean_menu_social_hover_links_bg":"","ocean_menu_social_links_color":"","ocean_menu_social_hover_links_color":"","ocean_disable_title":"default","ocean_disable_heading":"default","ocean_post_title":"","ocean_post_subheading":"","ocean_post_title_style":"","ocean_post_title_background_color":"","ocean_post_title_background":0,"ocean_post_title_bg_image_position":"","ocean_post_title_bg_image_attachment":"","ocean_post_title_bg_image_repeat":"","ocean_post_title_bg_image_size":"","ocean_post_title_height":0,"ocean_post_title_bg_overlay":0.5,"ocean_post_title_bg_overlay_color":"","ocean_disable_breadcrumbs":"default","ocean_breadcrumbs_color":"","ocean_breadcrumbs_separator_color":"","ocean_breadcrumbs_links_color":"","ocean_breadcrumbs_links_hover_color":"","ocean_display_footer_widgets":"default","ocean_display_footer_bottom":"default","ocean_custom_footer_template":"0"},"product_brand":[23],"product_cat":[58],"product_tag":[],"class_list":{"0":"post-2226","1":"product","2":"type-product","3":"status-publish","4":"has-post-thumbnail","6":"product_brand-zenaromes","7":"product_cat-fontaines","9":"entry","10":"has-media","12":"first","13":"instock","14":"shipping-taxable","15":"purchasable","16":"product-type-simple","17":"has-product-nav","18":"col","19":"span_1_of_4","20":"owp-content-center","21":"owp-thumbs-layout-horizontal","22":"owp-btn-normal","23":"owp-tabs-layout-horizontal","24":"has-no-thumbnails"},"_links":{"self":[{"href":"https:\/\/pierredelune-sceaux.fr\/index.php\/wp-json\/wp\/v2\/product\/2226","targetHints":{"allow":["GET"]}}],"collection":[{"href":"https:\/\/pierredelune-sceaux.fr\/index.php\/wp-json\/wp\/v2\/product"}],"about":[{"href":"https:\/\/pierredelune-sceaux.fr\/index.php\/wp-json\/wp\/v2\/types\/product"}],"wp:featuredmedia":[{"embeddable":true,"href":"https:\/\/pierredelune-sceaux.fr\/index.php\/wp-json\/wp\/v2\/media\/2228"}],"wp:attachment":[{"href":"https:\/\/pierredelune-sceaux.fr\/index.php\/wp-json\/wp\/v2\/media?parent=2226"}],"wp:term":[{"taxonomy":"product_brand","embeddable":true,"href":"https:\/\/pierredelune-sceaux.fr\/index.php\/wp-json\/wp\/v2\/product_brand?post=2226"},{"taxonomy":"product_cat","embeddable":true,"href":"https:\/\/pierredelune-sceaux.fr\/index.php\/wp-json\/wp\/v2\/product_cat?post=2226"},{"taxonomy":"product_tag","embeddable":true,"href":"https:\/\/pierredelune-sceaux.fr\/index.php\/wp-json\/wp\/v2\/product_tag?post=2226"}],"curies":[{"name":"wp","href":"https:\/\/api.w.org\/{rel}","templated":true}]}}