{"id":2255,"date":"2025-11-13T22:46:35","date_gmt":"2025-11-13T21:46:35","guid":{"rendered":"https:\/\/pierredelune-sceaux.fr\/?post_type=product&#038;p=2255"},"modified":"2025-11-13T22:46:35","modified_gmt":"2025-11-13T21:46:35","slug":"masque-visage-konjac-collagene","status":"publish","type":"product","link":"https:\/\/pierredelune-sceaux.fr\/index.php\/produit\/masque-visage-konjac-collagene\/","title":{"rendered":"Masque visage Konjac &#8211; Collag\u00e8ne"},"content":{"rendered":"<p>Conseils d&rsquo;utilisation &amp; conservation :<\/p>\n<p>Pour une sensation de fra\u00eecheur, placez-le dans le r\u00e9frig\u00e9rateur au moins 2 heures avant utilisation.<\/p>\n<p>Notre masque \u00e9tant r\u00e9utilisable, nous vous conseillons de le remettre d\u00e9licatement dans son sachet refermable. Conservez-le au r\u00e9frig\u00e9rateur.<\/p>\n<p>Lorsque le masque ne contient plus de s\u00e9rum et qu\u2019il est sec au toucher, vous pouvez l\u2019utiliser comme support neutre.<\/p>\n<p>Les fibres naturelles qui le composent permettent de prolonger sa dur\u00e9e de vie en ajoutant une solution adapt\u00e9e (par exemple eau de rose) que vous versez dans le sachet pour que le masque s\u2019en impr\u00e8gne.<\/p>\n<p>Une fois que le masque a absorb\u00e9 cette solution, appliquez-le comme indiqu\u00e9 ci-dessus.<\/p>\n","protected":false},"excerpt":{"rendered":"<p>Un produit R\u00e9volutionnaire ! Un masque fabriqu\u00e9 exclusivement \u00e0 partir d&rsquo;authentiques racines de Konjac, 100% naturel et r\u00e9utilisable gr\u00e2ce aux propri\u00e9t\u00e9s antibact\u00e9riennes des fibres de Konjac Naturel.<\/p>\n<p>Cette version est enrichie au collag\u00e8ne qui est reconnu pour ses propri\u00e9t\u00e9s Liftant, Raffermissant, Anti-\u00e2ge, Hydratant et Repulpant.<\/p>\n<p>Notre masque hydrate en profondeur et \u00e9quilibre le pH de votre peau.<\/p>\n<p>Une utilisation r\u00e9guli\u00e8re de ce masque favorise la circulation sanguine pour r\u00e9duire le dess\u00e8chement de l&rsquo;\u00e9piderme et conserver une peau plus nette et plus claire.<\/p>\n","protected":false},"featured_media":2257,"template":"","meta":{"ocean_post_layout":"","ocean_both_sidebars_style":"","ocean_both_sidebars_content_width":0,"ocean_both_sidebars_sidebars_width":0,"ocean_sidebar":"0","ocean_second_sidebar":"0","ocean_disable_margins":"enable","ocean_add_body_class":"","ocean_shortcode_before_top_bar":"","ocean_shortcode_after_top_bar":"","ocean_shortcode_before_header":"","ocean_shortcode_after_header":"","ocean_has_shortcode":"","ocean_shortcode_after_title":"","ocean_shortcode_before_footer_widgets":"","ocean_shortcode_after_footer_widgets":"","ocean_shortcode_before_footer_bottom":"","ocean_shortcode_after_footer_bottom":"","ocean_display_top_bar":"default","ocean_display_header":"default","ocean_header_style":"","ocean_center_header_left_menu":"0","ocean_custom_header_template":"0","ocean_custom_logo":0,"ocean_custom_retina_logo":0,"ocean_custom_logo_max_width":0,"ocean_custom_logo_tablet_max_width":0,"ocean_custom_logo_mobile_max_width":0,"ocean_custom_logo_max_height":0,"ocean_custom_logo_tablet_max_height":0,"ocean_custom_logo_mobile_max_height":0,"ocean_header_custom_menu":"0","ocean_menu_typo_font_family":"0","ocean_menu_typo_font_subset":"","ocean_menu_typo_font_size":0,"ocean_menu_typo_font_size_tablet":0,"ocean_menu_typo_font_size_mobile":0,"ocean_menu_typo_font_size_unit":"px","ocean_menu_typo_font_weight":"","ocean_menu_typo_font_weight_tablet":"","ocean_menu_typo_font_weight_mobile":"","ocean_menu_typo_transform":"","ocean_menu_typo_transform_tablet":"","ocean_menu_typo_transform_mobile":"","ocean_menu_typo_line_height":0,"ocean_menu_typo_line_height_tablet":0,"ocean_menu_typo_line_height_mobile":0,"ocean_menu_typo_line_height_unit":"","ocean_menu_typo_spacing":0,"ocean_menu_typo_spacing_tablet":0,"ocean_menu_typo_spacing_mobile":0,"ocean_menu_typo_spacing_unit":"","ocean_menu_link_color":"","ocean_menu_link_color_hover":"","ocean_menu_link_color_active":"","ocean_menu_link_background":"","ocean_menu_link_hover_background":"","ocean_menu_link_active_background":"","ocean_menu_social_links_bg":"","ocean_menu_social_hover_links_bg":"","ocean_menu_social_links_color":"","ocean_menu_social_hover_links_color":"","ocean_disable_title":"default","ocean_disable_heading":"default","ocean_post_title":"","ocean_post_subheading":"","ocean_post_title_style":"","ocean_post_title_background_color":"","ocean_post_title_background":0,"ocean_post_title_bg_image_position":"","ocean_post_title_bg_image_attachment":"","ocean_post_title_bg_image_repeat":"","ocean_post_title_bg_image_size":"","ocean_post_title_height":0,"ocean_post_title_bg_overlay":0.5,"ocean_post_title_bg_overlay_color":"","ocean_disable_breadcrumbs":"default","ocean_breadcrumbs_color":"","ocean_breadcrumbs_separator_color":"","ocean_breadcrumbs_links_color":"","ocean_breadcrumbs_links_hover_color":"","ocean_display_footer_widgets":"default","ocean_display_footer_bottom":"default","ocean_custom_footer_template":"0"},"product_brand":[64],"product_cat":[63,66],"product_tag":[],"class_list":{"0":"post-2255","1":"product","2":"type-product","3":"status-publish","4":"has-post-thumbnail","6":"product_brand-sun-sia","7":"product_cat-konjac","8":"product_cat-masque","10":"entry","11":"has-media","13":"first","14":"instock","15":"shipping-taxable","16":"purchasable","17":"product-type-simple","18":"has-product-nav","19":"col","20":"span_1_of_4","21":"owp-content-center","22":"owp-thumbs-layout-horizontal","23":"owp-btn-normal","24":"owp-tabs-layout-horizontal","25":"has-no-thumbnails"},"_links":{"self":[{"href":"https:\/\/pierredelune-sceaux.fr\/index.php\/wp-json\/wp\/v2\/product\/2255","targetHints":{"allow":["GET"]}}],"collection":[{"href":"https:\/\/pierredelune-sceaux.fr\/index.php\/wp-json\/wp\/v2\/product"}],"about":[{"href":"https:\/\/pierredelune-sceaux.fr\/index.php\/wp-json\/wp\/v2\/types\/product"}],"wp:featuredmedia":[{"embeddable":true,"href":"https:\/\/pierredelune-sceaux.fr\/index.php\/wp-json\/wp\/v2\/media\/2257"}],"wp:attachment":[{"href":"https:\/\/pierredelune-sceaux.fr\/index.php\/wp-json\/wp\/v2\/media?parent=2255"}],"wp:term":[{"taxonomy":"product_brand","embeddable":true,"href":"https:\/\/pierredelune-sceaux.fr\/index.php\/wp-json\/wp\/v2\/product_brand?post=2255"},{"taxonomy":"product_cat","embeddable":true,"href":"https:\/\/pierredelune-sceaux.fr\/index.php\/wp-json\/wp\/v2\/product_cat?post=2255"},{"taxonomy":"product_tag","embeddable":true,"href":"https:\/\/pierredelune-sceaux.fr\/index.php\/wp-json\/wp\/v2\/product_tag?post=2255"}],"curies":[{"name":"wp","href":"https:\/\/api.w.org\/{rel}","templated":true}]}}