{"id":2277,"date":"2025-11-13T22:48:30","date_gmt":"2025-11-13T21:48:30","guid":{"rendered":"https:\/\/pierredelune-sceaux.fr\/?post_type=product&#038;p=2277"},"modified":"2025-11-13T22:48:30","modified_gmt":"2025-11-13T21:48:30","slug":"elixir-concentration","status":"publish","type":"product","link":"https:\/\/pierredelune-sceaux.fr\/index.php\/produit\/elixir-concentration\/","title":{"rendered":"\u00c9lixir &#8211; Concentration"},"content":{"rendered":"<p>Contient les fleurs de Bach suivantes :<\/p>\n<p>Bourgeon de Marronnier : nous rend plus conscient des erreurs afin de ne pas les r\u00e9p\u00e9ter.<\/p>\n<p>Charme : aide \u00e0 se sortir d&rsquo;une certaine paresse intellectuelle.<\/p>\n<p>Ch\u00e8vrefeuille : ram\u00e8ne son attention sur l&rsquo;instant pr\u00e9sent.<\/p>\n<p>Cl\u00e9matite : pour \u00eatre en prise directe avec la r\u00e9alit\u00e9.<\/p>\n<p>\u00c9glantine : favorise l&rsquo;int\u00e9r\u00eat \u00e0 l&rsquo;\u00e9gard des choses, d&rsquo;une situation ou d&rsquo;autrui.<\/p>\n<p>Gnavelle annuelle : permet d&rsquo;avoir plus de r\u00e9solution mentale. Aide \u00e0 canaliser, \u00e0 focaliser son attention, \u00e0 ne pas s&rsquo;\u00e9parpiller.<\/p>\n<p>Marronnier blanc : apaise le man\u00e8ge mental et le flot anarchique des pens\u00e9es.<\/p>\n<hr \/>\n<p>Conseils d&rsquo;utilisation :<\/p>\n<p>Pour les probl\u00e8mes ponctuels : prendre 4 gouttes plusieurs fois par jour, tant que le besoin s\u2019en fait sentir.<br \/>\nPour les probl\u00e8mes chroniques ou les troubles anciens, prendre chaque jour :<br \/>\n&#8211; Soit 4 gouttes dilu\u00e9es dans un verre d\u2019eau ou une boisson, et ce plusieurs fois dans la journ\u00e9e.<br \/>\n&#8211; Soit 16 gouttes ajout\u00e9es \u00e0 votre bouteille d&rsquo;eau habituelle.<br \/>\nSur plusieurs semaines ou tant que le besoin s&rsquo;en fait sentir.<\/p>\n<p>Ingr\u00e9dients : Brandy bio (99,6%) 40% vol, extraits aqueux de plantes* 0,4% (1\/250): Bourgeon de marronnier (Chesnut bud \/ Aesculus hippocastanum), Charme (Hornbeam \/ Carpinus betulus), Ch\u00e8vrefeuille (Honeysuckle \/ Lonicera caprifolium), Cl\u00e9matite (Clematis \/ Clematis vitalba), Eglantine (Wild rose \/ Rosa canina), Gnavelle (Scleranthus \/ Scleranthus annuus), Marronnier blanc (White chestnut \/ Aesculus hippocastanum).<\/p>\n<p>* Ingr\u00e9dients issus de l\u2019agriculture biologique.<\/p>\n<p>Certifi\u00e9 bio par Ecocert<\/p>\n","protected":false},"excerpt":{"rendered":"<p>Concentration aide \u00e0 moins s\u2019\u00e9parpiller et \u00e0 optimiser la m\u00e9moire. Cet \u00e9lixir est conseill\u00e9 \u00e9galement quand on se sent en d\u00e9calage avec la r\u00e9alit\u00e9 mat\u00e9rielle par manque de concentration, d\u2019attention, ou de vigilance.<\/p>\n<p>Contient diff\u00e9rentes Fleurs de Bach : voir ci-dessous<\/p>\n<p>Flacon compte-gouttes de 20ml<\/p>\n","protected":false},"featured_media":2279,"template":"","meta":{"ocean_post_layout":"","ocean_both_sidebars_style":"","ocean_both_sidebars_content_width":0,"ocean_both_sidebars_sidebars_width":0,"ocean_sidebar":"0","ocean_second_sidebar":"0","ocean_disable_margins":"enable","ocean_add_body_class":"","ocean_shortcode_before_top_bar":"","ocean_shortcode_after_top_bar":"","ocean_shortcode_before_header":"","ocean_shortcode_after_header":"","ocean_has_shortcode":"","ocean_shortcode_after_title":"","ocean_shortcode_before_footer_widgets":"","ocean_shortcode_after_footer_widgets":"","ocean_shortcode_before_footer_bottom":"","ocean_shortcode_after_footer_bottom":"","ocean_display_top_bar":"default","ocean_display_header":"default","ocean_header_style":"","ocean_center_header_left_menu":"0","ocean_custom_header_template":"0","ocean_custom_logo":0,"ocean_custom_retina_logo":0,"ocean_custom_logo_max_width":0,"ocean_custom_logo_tablet_max_width":0,"ocean_custom_logo_mobile_max_width":0,"ocean_custom_logo_max_height":0,"ocean_custom_logo_tablet_max_height":0,"ocean_custom_logo_mobile_max_height":0,"ocean_header_custom_menu":"0","ocean_menu_typo_font_family":"0","ocean_menu_typo_font_subset":"","ocean_menu_typo_font_size":0,"ocean_menu_typo_font_size_tablet":0,"ocean_menu_typo_font_size_mobile":0,"ocean_menu_typo_font_size_unit":"px","ocean_menu_typo_font_weight":"","ocean_menu_typo_font_weight_tablet":"","ocean_menu_typo_font_weight_mobile":"","ocean_menu_typo_transform":"","ocean_menu_typo_transform_tablet":"","ocean_menu_typo_transform_mobile":"","ocean_menu_typo_line_height":0,"ocean_menu_typo_line_height_tablet":0,"ocean_menu_typo_line_height_mobile":0,"ocean_menu_typo_line_height_unit":"","ocean_menu_typo_spacing":0,"ocean_menu_typo_spacing_tablet":0,"ocean_menu_typo_spacing_mobile":0,"ocean_menu_typo_spacing_unit":"","ocean_menu_link_color":"","ocean_menu_link_color_hover":"","ocean_menu_link_color_active":"","ocean_menu_link_background":"","ocean_menu_link_hover_background":"","ocean_menu_link_active_background":"","ocean_menu_social_links_bg":"","ocean_menu_social_hover_links_bg":"","ocean_menu_social_links_color":"","ocean_menu_social_hover_links_color":"","ocean_disable_title":"default","ocean_disable_heading":"default","ocean_post_title":"","ocean_post_subheading":"","ocean_post_title_style":"","ocean_post_title_background_color":"","ocean_post_title_background":0,"ocean_post_title_bg_image_position":"","ocean_post_title_bg_image_attachment":"","ocean_post_title_bg_image_repeat":"","ocean_post_title_bg_image_size":"","ocean_post_title_height":0,"ocean_post_title_bg_overlay":0.5,"ocean_post_title_bg_overlay_color":"","ocean_disable_breadcrumbs":"default","ocean_breadcrumbs_color":"","ocean_breadcrumbs_separator_color":"","ocean_breadcrumbs_links_color":"","ocean_breadcrumbs_links_hover_color":"","ocean_display_footer_widgets":"default","ocean_display_footer_bottom":"default","ocean_custom_footer_template":"0"},"product_brand":[70],"product_cat":[69],"product_tag":[],"class_list":{"0":"post-2277","1":"product","2":"type-product","3":"status-publish","4":"has-post-thumbnail","6":"product_brand-elixirs-co","7":"product_cat-produits-a-base-de-fleurs-de-bach","9":"entry","10":"has-media","12":"first","13":"instock","14":"shipping-taxable","15":"purchasable","16":"product-type-simple","17":"has-product-nav","18":"col","19":"span_1_of_4","20":"owp-content-center","21":"owp-thumbs-layout-horizontal","22":"owp-btn-normal","23":"owp-tabs-layout-horizontal","24":"has-no-thumbnails"},"_links":{"self":[{"href":"https:\/\/pierredelune-sceaux.fr\/index.php\/wp-json\/wp\/v2\/product\/2277","targetHints":{"allow":["GET"]}}],"collection":[{"href":"https:\/\/pierredelune-sceaux.fr\/index.php\/wp-json\/wp\/v2\/product"}],"about":[{"href":"https:\/\/pierredelune-sceaux.fr\/index.php\/wp-json\/wp\/v2\/types\/product"}],"wp:featuredmedia":[{"embeddable":true,"href":"https:\/\/pierredelune-sceaux.fr\/index.php\/wp-json\/wp\/v2\/media\/2279"}],"wp:attachment":[{"href":"https:\/\/pierredelune-sceaux.fr\/index.php\/wp-json\/wp\/v2\/media?parent=2277"}],"wp:term":[{"taxonomy":"product_brand","embeddable":true,"href":"https:\/\/pierredelune-sceaux.fr\/index.php\/wp-json\/wp\/v2\/product_brand?post=2277"},{"taxonomy":"product_cat","embeddable":true,"href":"https:\/\/pierredelune-sceaux.fr\/index.php\/wp-json\/wp\/v2\/product_cat?post=2277"},{"taxonomy":"product_tag","embeddable":true,"href":"https:\/\/pierredelune-sceaux.fr\/index.php\/wp-json\/wp\/v2\/product_tag?post=2277"}],"curies":[{"name":"wp","href":"https:\/\/api.w.org\/{rel}","templated":true}]}}