{"id":2280,"date":"2025-11-13T22:48:25","date_gmt":"2025-11-13T21:48:25","guid":{"rendered":"https:\/\/pierredelune-sceaux.fr\/?post_type=product&#038;p=2280"},"modified":"2025-11-13T22:48:25","modified_gmt":"2025-11-13T21:48:25","slug":"elixir-decision","status":"publish","type":"product","link":"https:\/\/pierredelune-sceaux.fr\/index.php\/produit\/elixir-decision\/","title":{"rendered":"\u00c9lixir &#8211; D\u00e9cision"},"content":{"rendered":"<p>Contient les fleurs de Bach suivantes :<\/p>\n<p>Avoine sauvage : permet de choisir quand plusieurs ou trop de voies se pr\u00e9sentent \u00e0 nous.<\/p>\n<p>Charme : pour trouver en soi l&rsquo;impulsion n\u00e9cessaire pour faire le premier pas et aller de l&rsquo;avant.<\/p>\n<p>\u00c9glantine : aide \u00e0 reprendre go\u00fbt aux choses et \u00e0 entreprendre.<\/p>\n<p>Gnavelle annuelle : incite \u00e0 une attitude r\u00e9solue et conduit \u00e0 la constance.<\/p>\n<p>Mimule : donne le courage de d\u00e9passer des craintes ou des peurs d\u00e9finies, au quotidien.<\/p>\n<p>Noyer : renforce son immunit\u00e9 \u00e9motionnelle et intellectuelle. Prot\u00e8ge des influences.<\/p>\n<p>Plumbago : favorise la confiance par l&rsquo;affirmation de soi et de ses opinions.<\/p>\n<hr \/>\n<p>Conseils d&rsquo;utilisation :<\/p>\n<p>Pour les probl\u00e8mes ponctuels : prendre 4 gouttes plusieurs fois par jour, tant que le besoin s\u2019en fait sentir.<br \/>\nPour les probl\u00e8mes chroniques ou les troubles anciens, prendre chaque jour :<br \/>\n&#8211; Soit 4 gouttes dilu\u00e9es dans un verre d\u2019eau ou une boisson, et ce plusieurs fois dans la journ\u00e9e.<br \/>\n&#8211; Soit 16 gouttes ajout\u00e9es \u00e0 votre bouteille d&rsquo;eau habituelle. Sur plusieurs semaines ou tant que le besoin s&rsquo;en fait sentir.<\/p>\n<hr \/>\n<p>Ingr\u00e9dients : Brandy bio (99,6%) 40% vol, extraits aqueux de plantes* 0,4% (1\/250): Avoine sauvage (Wild oat \/ Bromus ramosus), Charme (Hornbeam \/ Carpinus betulus), Eglantine (Wild rose \/ Rosa canina), Gnavelle annuelle (Scleranthus \/ Scleranthus annuus), Mimule (Mimulus \/ Mimulus guttatus), Noyer (Walnut \/ Juglans regia), Plumbago (Cerato \/ Caratostigma wilmottiana).<\/p>\n<p>* Ingr\u00e9dients issus de l\u2019agriculture biologique.<\/p>\n<p>Certifi\u00e9 bio par Ecocert<\/p>\n","protected":false},"excerpt":{"rendered":"<p>D\u00e9cision aide \u00e0 avoir une vision plus claire et raisonn\u00e9e du choix \u00e0 faire. Pour ceux qui se sentent perdus face aux choix et ne peuvent s\u2019y r\u00e9soudre rapidement, cet \u00e9lixir leur servira \u00e0 se d\u00e9terminer, \u00e0 se d\u00e9cider et \u00e0 tenir leurs r\u00e9solutions.<\/p>\n<p>Contient un m\u00e9lange de fleurs de Bach, voir ci-dessous<\/p>\n<p>Disponible en flacon compte-gouttes de 20ml<\/p>\n","protected":false},"featured_media":2282,"template":"","meta":{"ocean_post_layout":"","ocean_both_sidebars_style":"","ocean_both_sidebars_content_width":0,"ocean_both_sidebars_sidebars_width":0,"ocean_sidebar":"0","ocean_second_sidebar":"0","ocean_disable_margins":"enable","ocean_add_body_class":"","ocean_shortcode_before_top_bar":"","ocean_shortcode_after_top_bar":"","ocean_shortcode_before_header":"","ocean_shortcode_after_header":"","ocean_has_shortcode":"","ocean_shortcode_after_title":"","ocean_shortcode_before_footer_widgets":"","ocean_shortcode_after_footer_widgets":"","ocean_shortcode_before_footer_bottom":"","ocean_shortcode_after_footer_bottom":"","ocean_display_top_bar":"default","ocean_display_header":"default","ocean_header_style":"","ocean_center_header_left_menu":"0","ocean_custom_header_template":"0","ocean_custom_logo":0,"ocean_custom_retina_logo":0,"ocean_custom_logo_max_width":0,"ocean_custom_logo_tablet_max_width":0,"ocean_custom_logo_mobile_max_width":0,"ocean_custom_logo_max_height":0,"ocean_custom_logo_tablet_max_height":0,"ocean_custom_logo_mobile_max_height":0,"ocean_header_custom_menu":"0","ocean_menu_typo_font_family":"0","ocean_menu_typo_font_subset":"","ocean_menu_typo_font_size":0,"ocean_menu_typo_font_size_tablet":0,"ocean_menu_typo_font_size_mobile":0,"ocean_menu_typo_font_size_unit":"px","ocean_menu_typo_font_weight":"","ocean_menu_typo_font_weight_tablet":"","ocean_menu_typo_font_weight_mobile":"","ocean_menu_typo_transform":"","ocean_menu_typo_transform_tablet":"","ocean_menu_typo_transform_mobile":"","ocean_menu_typo_line_height":0,"ocean_menu_typo_line_height_tablet":0,"ocean_menu_typo_line_height_mobile":0,"ocean_menu_typo_line_height_unit":"","ocean_menu_typo_spacing":0,"ocean_menu_typo_spacing_tablet":0,"ocean_menu_typo_spacing_mobile":0,"ocean_menu_typo_spacing_unit":"","ocean_menu_link_color":"","ocean_menu_link_color_hover":"","ocean_menu_link_color_active":"","ocean_menu_link_background":"","ocean_menu_link_hover_background":"","ocean_menu_link_active_background":"","ocean_menu_social_links_bg":"","ocean_menu_social_hover_links_bg":"","ocean_menu_social_links_color":"","ocean_menu_social_hover_links_color":"","ocean_disable_title":"default","ocean_disable_heading":"default","ocean_post_title":"","ocean_post_subheading":"","ocean_post_title_style":"","ocean_post_title_background_color":"","ocean_post_title_background":0,"ocean_post_title_bg_image_position":"","ocean_post_title_bg_image_attachment":"","ocean_post_title_bg_image_repeat":"","ocean_post_title_bg_image_size":"","ocean_post_title_height":0,"ocean_post_title_bg_overlay":0.5,"ocean_post_title_bg_overlay_color":"","ocean_disable_breadcrumbs":"default","ocean_breadcrumbs_color":"","ocean_breadcrumbs_separator_color":"","ocean_breadcrumbs_links_color":"","ocean_breadcrumbs_links_hover_color":"","ocean_display_footer_widgets":"default","ocean_display_footer_bottom":"default","ocean_custom_footer_template":"0"},"product_brand":[70],"product_cat":[69],"product_tag":[],"class_list":{"0":"post-2280","1":"product","2":"type-product","3":"status-publish","4":"has-post-thumbnail","6":"product_brand-elixirs-co","7":"product_cat-produits-a-base-de-fleurs-de-bach","9":"entry","10":"has-media","12":"first","13":"instock","14":"shipping-taxable","15":"purchasable","16":"product-type-simple","17":"has-product-nav","18":"col","19":"span_1_of_4","20":"owp-content-center","21":"owp-thumbs-layout-horizontal","22":"owp-btn-normal","23":"owp-tabs-layout-horizontal","24":"has-no-thumbnails"},"_links":{"self":[{"href":"https:\/\/pierredelune-sceaux.fr\/index.php\/wp-json\/wp\/v2\/product\/2280","targetHints":{"allow":["GET"]}}],"collection":[{"href":"https:\/\/pierredelune-sceaux.fr\/index.php\/wp-json\/wp\/v2\/product"}],"about":[{"href":"https:\/\/pierredelune-sceaux.fr\/index.php\/wp-json\/wp\/v2\/types\/product"}],"wp:featuredmedia":[{"embeddable":true,"href":"https:\/\/pierredelune-sceaux.fr\/index.php\/wp-json\/wp\/v2\/media\/2282"}],"wp:attachment":[{"href":"https:\/\/pierredelune-sceaux.fr\/index.php\/wp-json\/wp\/v2\/media?parent=2280"}],"wp:term":[{"taxonomy":"product_brand","embeddable":true,"href":"https:\/\/pierredelune-sceaux.fr\/index.php\/wp-json\/wp\/v2\/product_brand?post=2280"},{"taxonomy":"product_cat","embeddable":true,"href":"https:\/\/pierredelune-sceaux.fr\/index.php\/wp-json\/wp\/v2\/product_cat?post=2280"},{"taxonomy":"product_tag","embeddable":true,"href":"https:\/\/pierredelune-sceaux.fr\/index.php\/wp-json\/wp\/v2\/product_tag?post=2280"}],"curies":[{"name":"wp","href":"https:\/\/api.w.org\/{rel}","templated":true}]}}