{"id":2292,"date":"2025-11-13T22:47:57","date_gmt":"2025-11-13T21:47:57","guid":{"rendered":"https:\/\/pierredelune-sceaux.fr\/?post_type=product&#038;p=2292"},"modified":"2025-11-13T22:47:57","modified_gmt":"2025-11-13T21:47:57","slug":"chene-oak-n22-fleurs-de-bach-authentiques","status":"publish","type":"product","link":"https:\/\/pierredelune-sceaux.fr\/index.php\/produit\/chene-oak-n22-fleurs-de-bach-authentiques\/","title":{"rendered":"Ch\u00eane \/ Oak n\u00b022 &#8211; Fleurs de Bach authentiques"},"content":{"rendered":"<p>Le ch\u00eane commun ou p\u00e9doncul\u00e9, l&rsquo;arbre sacr\u00e9 du monde celte, poss\u00e8de une long\u00e9vit\u00e9 impressionnante.<\/p>\n<p>Sa vitalit\u00e9 qui s&rsquo;exprime dans la solidit\u00e9 de son bois se lit aussi dans les bourgeons se formant parfois sous l&rsquo;\u00e9corce et qui peuvent se d\u00e9velopper en nouvelles branches des ann\u00e9es apr\u00e8s leur apparition.<\/p>\n<p>Son \u00e9corce riche en calcium est utilis\u00e9e en agriculture biodynamique pour fortifier la terre. Tout en lui sugg\u00e8re robustesse et r\u00e9sistance.<\/p>\n<p>Le ch\u00eane qui symbolise l&rsquo;endurance concerne les courageux qui ne baissent jamais les bras, \u00e9galement ceux qui sont engag\u00e9s dans une poursuite obstin\u00e9e de la performance. Il s&rsquo;agit de tenir \u00e0 tout prix, d&rsquo;aller jusqu&rsquo;au bout, malgr\u00e9 l&rsquo;\u00e9puisement.<\/p>\n<p>L&rsquo;\u00e9lixir all\u00e8ge les tensions int\u00e9rieures, apporte de la l\u00e9g\u00e8ret\u00e9 et permet une circulation plus harmonieuse de l&rsquo;\u00e9nergie.<\/p>\n","protected":false},"excerpt":{"rendered":"<p>Pr\u00e9paration pour boisson<\/p>\n<p>\u00ab Pour ceux qui luttent et se battent vigoureusement pour aller bien, ou pour assumer le quotidien. Ils vont jusqu\u2019au bout m\u00eame quand leur cas peut sembler d\u00e9sesp\u00e9r\u00e9, \u00e9puisant toutes les possibilit\u00e9s qui se pr\u00e9sentent. Ils poursuivront le combat. Ils sont m\u00e9contents d\u2019eux si la maladie les emp\u00eache d\u2019accomplir leur devoir ou d\u2019aider autrui. Ce sont des gens courageux qui, dans de grandes difficult\u00e9s, se d\u00e9m\u00e8nent sans perdre espoir ni rel\u00e2cher leurs efforts. \u00bb<\/p>\n<p>Extrait de l&rsquo;\u00e9dition de \u00ab\u00a0The Twelve Healers \u00a0\u00bb de 1936, traduite en fran\u00e7ais par C. L\u00e9vi et G. Wolf.<\/p>\n<p>Flacon de 10ml<\/p>\n","protected":false},"featured_media":2294,"template":"","meta":{"ocean_post_layout":"","ocean_both_sidebars_style":"","ocean_both_sidebars_content_width":0,"ocean_both_sidebars_sidebars_width":0,"ocean_sidebar":"0","ocean_second_sidebar":"0","ocean_disable_margins":"enable","ocean_add_body_class":"","ocean_shortcode_before_top_bar":"","ocean_shortcode_after_top_bar":"","ocean_shortcode_before_header":"","ocean_shortcode_after_header":"","ocean_has_shortcode":"","ocean_shortcode_after_title":"","ocean_shortcode_before_footer_widgets":"","ocean_shortcode_after_footer_widgets":"","ocean_shortcode_before_footer_bottom":"","ocean_shortcode_after_footer_bottom":"","ocean_display_top_bar":"default","ocean_display_header":"default","ocean_header_style":"","ocean_center_header_left_menu":"0","ocean_custom_header_template":"0","ocean_custom_logo":0,"ocean_custom_retina_logo":0,"ocean_custom_logo_max_width":0,"ocean_custom_logo_tablet_max_width":0,"ocean_custom_logo_mobile_max_width":0,"ocean_custom_logo_max_height":0,"ocean_custom_logo_tablet_max_height":0,"ocean_custom_logo_mobile_max_height":0,"ocean_header_custom_menu":"0","ocean_menu_typo_font_family":"0","ocean_menu_typo_font_subset":"","ocean_menu_typo_font_size":0,"ocean_menu_typo_font_size_tablet":0,"ocean_menu_typo_font_size_mobile":0,"ocean_menu_typo_font_size_unit":"px","ocean_menu_typo_font_weight":"","ocean_menu_typo_font_weight_tablet":"","ocean_menu_typo_font_weight_mobile":"","ocean_menu_typo_transform":"","ocean_menu_typo_transform_tablet":"","ocean_menu_typo_transform_mobile":"","ocean_menu_typo_line_height":0,"ocean_menu_typo_line_height_tablet":0,"ocean_menu_typo_line_height_mobile":0,"ocean_menu_typo_line_height_unit":"","ocean_menu_typo_spacing":0,"ocean_menu_typo_spacing_tablet":0,"ocean_menu_typo_spacing_mobile":0,"ocean_menu_typo_spacing_unit":"","ocean_menu_link_color":"","ocean_menu_link_color_hover":"","ocean_menu_link_color_active":"","ocean_menu_link_background":"","ocean_menu_link_hover_background":"","ocean_menu_link_active_background":"","ocean_menu_social_links_bg":"","ocean_menu_social_hover_links_bg":"","ocean_menu_social_links_color":"","ocean_menu_social_hover_links_color":"","ocean_disable_title":"default","ocean_disable_heading":"default","ocean_post_title":"","ocean_post_subheading":"","ocean_post_title_style":"","ocean_post_title_background_color":"","ocean_post_title_background":0,"ocean_post_title_bg_image_position":"","ocean_post_title_bg_image_attachment":"","ocean_post_title_bg_image_repeat":"","ocean_post_title_bg_image_size":"","ocean_post_title_height":0,"ocean_post_title_bg_overlay":0.5,"ocean_post_title_bg_overlay_color":"","ocean_disable_breadcrumbs":"default","ocean_breadcrumbs_color":"","ocean_breadcrumbs_separator_color":"","ocean_breadcrumbs_links_color":"","ocean_breadcrumbs_links_hover_color":"","ocean_display_footer_widgets":"default","ocean_display_footer_bottom":"default","ocean_custom_footer_template":"0"},"product_brand":[70],"product_cat":[69],"product_tag":[],"class_list":{"0":"post-2292","1":"product","2":"type-product","3":"status-publish","4":"has-post-thumbnail","6":"product_brand-elixirs-co","7":"product_cat-produits-a-base-de-fleurs-de-bach","9":"entry","10":"has-media","12":"first","13":"instock","14":"shipping-taxable","15":"purchasable","16":"product-type-simple","17":"has-product-nav","18":"col","19":"span_1_of_4","20":"owp-content-center","21":"owp-thumbs-layout-horizontal","22":"owp-btn-normal","23":"owp-tabs-layout-horizontal","24":"has-no-thumbnails"},"_links":{"self":[{"href":"https:\/\/pierredelune-sceaux.fr\/index.php\/wp-json\/wp\/v2\/product\/2292","targetHints":{"allow":["GET"]}}],"collection":[{"href":"https:\/\/pierredelune-sceaux.fr\/index.php\/wp-json\/wp\/v2\/product"}],"about":[{"href":"https:\/\/pierredelune-sceaux.fr\/index.php\/wp-json\/wp\/v2\/types\/product"}],"wp:featuredmedia":[{"embeddable":true,"href":"https:\/\/pierredelune-sceaux.fr\/index.php\/wp-json\/wp\/v2\/media\/2294"}],"wp:attachment":[{"href":"https:\/\/pierredelune-sceaux.fr\/index.php\/wp-json\/wp\/v2\/media?parent=2292"}],"wp:term":[{"taxonomy":"product_brand","embeddable":true,"href":"https:\/\/pierredelune-sceaux.fr\/index.php\/wp-json\/wp\/v2\/product_brand?post=2292"},{"taxonomy":"product_cat","embeddable":true,"href":"https:\/\/pierredelune-sceaux.fr\/index.php\/wp-json\/wp\/v2\/product_cat?post=2292"},{"taxonomy":"product_tag","embeddable":true,"href":"https:\/\/pierredelune-sceaux.fr\/index.php\/wp-json\/wp\/v2\/product_tag?post=2292"}],"curies":[{"name":"wp","href":"https:\/\/api.w.org\/{rel}","templated":true}]}}