{"id":2295,"date":"2025-11-13T22:47:49","date_gmt":"2025-11-13T21:47:49","guid":{"rendered":"https:\/\/pierredelune-sceaux.fr\/?post_type=product&#038;p=2295"},"modified":"2025-11-13T22:47:50","modified_gmt":"2025-11-13T21:47:50","slug":"dame-donze-heures-star-of-bethlehem-n29-fleurs-de-bach-authentiques","status":"publish","type":"product","link":"https:\/\/pierredelune-sceaux.fr\/index.php\/produit\/dame-donze-heures-star-of-bethlehem-n29-fleurs-de-bach-authentiques\/","title":{"rendered":"Dame d&rsquo;Onze Heures \/ Star Of Bethlehem n\u00b029 &#8211; Fleurs de Bach authentiques"},"content":{"rendered":"<p>La Dame D\u2019Onze Heures aide au r\u00e9confort, \u00e0 la consolation des peines et \u00e0 l&rsquo;apaisement. La dame d&rsquo;onze heures est une petite plante sauvage \u00e0 bulbe, tr\u00e8s commune en Europe. Ses fleurs en \u00e9toile blanc brillant sont \u00e0 l&rsquo;origine de son nom. Elles s&rsquo;ouvrent quand le soleil est au z\u00e9nith et se ferment dans l&rsquo;apr\u00e8s-midi, man\u00e8ge r\u00e9gulier r\u00e9p\u00e9t\u00e9 jour apr\u00e8s jour lors de la floraison qui dure trois semaines. Elles dessinent une g\u00e9om\u00e9trie tr\u00e8s ordonn\u00e9e avec six p\u00e9tales et six \u00e9tamines dispos\u00e9es en rosace autour d&rsquo;un c\u0153ur tr\u00e8s jaune. Leur apparence incarne un \u00e9quilibre pos\u00e9 et harmonieux.<\/p>\n<p>Bach les a choisies comme alli\u00e9es pour restructurer des vies secou\u00e9es ou d\u00e9vast\u00e9es par un choc, que le traumatisme soit r\u00e9cent ou ancien. elles apportent du r\u00e9confort \u00e0 ceux qui sont accabl\u00e9s et ne parviennent pas \u00e0 reprendre le dessus \u00e0 la suite d&rsquo;une mauvaise nouvelle, d&rsquo;un accident ou du souvenir d&rsquo;\u00e9preuves pass\u00e9es. Elles recentrent, r\u00e9-harmonisent et aident \u00e0 retrouver la parole et le souffle.<\/p>\n","protected":false},"excerpt":{"rendered":"<p>Pr\u00e9paration pour boisson<\/p>\n<p>\u00ab Pour ceux que des conditions traumatisantes ont mis en grande d\u00e9tresse : le choc caus\u00e9 par une nouvelle importante, la perte d\u2019un \u00eatre cher, la peur cons\u00e9cutive \u00e0 un accident, et autres \u00e9motions fortes de cette nature. Ce rem\u00e8de r\u00e9conforte ceux qui, pour l\u2019heure, refusent de se consoler. \u00bb Extrait de l&rsquo;\u00e9dition de \u00ab\u00a0The Twelve Healers \u00a0\u00bb de 1936, traduite en fran\u00e7ais par C. L\u00e9vi et G. Wolf.<\/p>\n<p>Texte librement adapt\u00e9 de l&rsquo;ouvrage \u00e9crit par Martine Azoulay \u00a0\u00bb Fleurs de Bach\u00a0\u00bb \u00e9ditions Marie Claire<\/p>\n","protected":false},"featured_media":2297,"template":"","meta":{"ocean_post_layout":"","ocean_both_sidebars_style":"","ocean_both_sidebars_content_width":0,"ocean_both_sidebars_sidebars_width":0,"ocean_sidebar":"0","ocean_second_sidebar":"0","ocean_disable_margins":"enable","ocean_add_body_class":"","ocean_shortcode_before_top_bar":"","ocean_shortcode_after_top_bar":"","ocean_shortcode_before_header":"","ocean_shortcode_after_header":"","ocean_has_shortcode":"","ocean_shortcode_after_title":"","ocean_shortcode_before_footer_widgets":"","ocean_shortcode_after_footer_widgets":"","ocean_shortcode_before_footer_bottom":"","ocean_shortcode_after_footer_bottom":"","ocean_display_top_bar":"default","ocean_display_header":"default","ocean_header_style":"","ocean_center_header_left_menu":"0","ocean_custom_header_template":"0","ocean_custom_logo":0,"ocean_custom_retina_logo":0,"ocean_custom_logo_max_width":0,"ocean_custom_logo_tablet_max_width":0,"ocean_custom_logo_mobile_max_width":0,"ocean_custom_logo_max_height":0,"ocean_custom_logo_tablet_max_height":0,"ocean_custom_logo_mobile_max_height":0,"ocean_header_custom_menu":"0","ocean_menu_typo_font_family":"0","ocean_menu_typo_font_subset":"","ocean_menu_typo_font_size":0,"ocean_menu_typo_font_size_tablet":0,"ocean_menu_typo_font_size_mobile":0,"ocean_menu_typo_font_size_unit":"px","ocean_menu_typo_font_weight":"","ocean_menu_typo_font_weight_tablet":"","ocean_menu_typo_font_weight_mobile":"","ocean_menu_typo_transform":"","ocean_menu_typo_transform_tablet":"","ocean_menu_typo_transform_mobile":"","ocean_menu_typo_line_height":0,"ocean_menu_typo_line_height_tablet":0,"ocean_menu_typo_line_height_mobile":0,"ocean_menu_typo_line_height_unit":"","ocean_menu_typo_spacing":0,"ocean_menu_typo_spacing_tablet":0,"ocean_menu_typo_spacing_mobile":0,"ocean_menu_typo_spacing_unit":"","ocean_menu_link_color":"","ocean_menu_link_color_hover":"","ocean_menu_link_color_active":"","ocean_menu_link_background":"","ocean_menu_link_hover_background":"","ocean_menu_link_active_background":"","ocean_menu_social_links_bg":"","ocean_menu_social_hover_links_bg":"","ocean_menu_social_links_color":"","ocean_menu_social_hover_links_color":"","ocean_disable_title":"default","ocean_disable_heading":"default","ocean_post_title":"","ocean_post_subheading":"","ocean_post_title_style":"","ocean_post_title_background_color":"","ocean_post_title_background":0,"ocean_post_title_bg_image_position":"","ocean_post_title_bg_image_attachment":"","ocean_post_title_bg_image_repeat":"","ocean_post_title_bg_image_size":"","ocean_post_title_height":0,"ocean_post_title_bg_overlay":0.5,"ocean_post_title_bg_overlay_color":"","ocean_disable_breadcrumbs":"default","ocean_breadcrumbs_color":"","ocean_breadcrumbs_separator_color":"","ocean_breadcrumbs_links_color":"","ocean_breadcrumbs_links_hover_color":"","ocean_display_footer_widgets":"default","ocean_display_footer_bottom":"default","ocean_custom_footer_template":"0"},"product_brand":[70],"product_cat":[69],"product_tag":[],"class_list":{"0":"post-2295","1":"product","2":"type-product","3":"status-publish","4":"has-post-thumbnail","6":"product_brand-elixirs-co","7":"product_cat-produits-a-base-de-fleurs-de-bach","9":"entry","10":"has-media","12":"first","13":"instock","14":"shipping-taxable","15":"purchasable","16":"product-type-simple","17":"has-product-nav","18":"col","19":"span_1_of_4","20":"owp-content-center","21":"owp-thumbs-layout-horizontal","22":"owp-btn-normal","23":"owp-tabs-layout-horizontal","24":"has-no-thumbnails"},"_links":{"self":[{"href":"https:\/\/pierredelune-sceaux.fr\/index.php\/wp-json\/wp\/v2\/product\/2295","targetHints":{"allow":["GET"]}}],"collection":[{"href":"https:\/\/pierredelune-sceaux.fr\/index.php\/wp-json\/wp\/v2\/product"}],"about":[{"href":"https:\/\/pierredelune-sceaux.fr\/index.php\/wp-json\/wp\/v2\/types\/product"}],"wp:featuredmedia":[{"embeddable":true,"href":"https:\/\/pierredelune-sceaux.fr\/index.php\/wp-json\/wp\/v2\/media\/2297"}],"wp:attachment":[{"href":"https:\/\/pierredelune-sceaux.fr\/index.php\/wp-json\/wp\/v2\/media?parent=2295"}],"wp:term":[{"taxonomy":"product_brand","embeddable":true,"href":"https:\/\/pierredelune-sceaux.fr\/index.php\/wp-json\/wp\/v2\/product_brand?post=2295"},{"taxonomy":"product_cat","embeddable":true,"href":"https:\/\/pierredelune-sceaux.fr\/index.php\/wp-json\/wp\/v2\/product_cat?post=2295"},{"taxonomy":"product_tag","embeddable":true,"href":"https:\/\/pierredelune-sceaux.fr\/index.php\/wp-json\/wp\/v2\/product_tag?post=2295"}],"curies":[{"name":"wp","href":"https:\/\/api.w.org\/{rel}","templated":true}]}}