{"id":2298,"date":"2025-11-13T22:47:45","date_gmt":"2025-11-13T21:47:45","guid":{"rendered":"https:\/\/pierredelune-sceaux.fr\/?post_type=product&#038;p=2298"},"modified":"2025-11-13T22:47:45","modified_gmt":"2025-11-13T21:47:45","slug":"marronnier-blanc-white-chestnut-n35-fleurs-de-bach-authentiques","status":"publish","type":"product","link":"https:\/\/pierredelune-sceaux.fr\/index.php\/produit\/marronnier-blanc-white-chestnut-n35-fleurs-de-bach-authentiques\/","title":{"rendered":"Marronnier blanc \/ White Chestnut n\u00b035 &#8211; Fleurs de Bach authentiques"},"content":{"rendered":"<p>Bien acclimat\u00e9 dans les parcs et les jardins, le marronnier d&rsquo;Inde \u00e0 fleurs blanches est en r\u00e9alit\u00e9 originaire d&rsquo;Asie centrale, de l&rsquo;Hymalaya ou du Caucase. Bach l&rsquo;a employ\u00e9 \u00e0 deux reprises, pour ses bourgeons ainsi que pour ses fleurs tr\u00e8s parfum\u00e9es \u00e0 maturit\u00e9 et appr\u00e9ci\u00e9es des abeilles. Elles se d\u00e9voilent en p\u00e9tales blancs tachet\u00e9s d&rsquo;un jaune qui vire au rouge apr\u00e8s la pollinisation. regroup\u00e9es en grappes pyramidales, elles s&rsquo;ouvrent de fa\u00e7on irr\u00e9guli\u00e8re, donnant une impression globale confuse. Malgr\u00e9 leur profusion, elles produisent peu de graines, dont quelques-unes seulement parviendront \u00e0 former des marrons.<\/p>\n<p>Ce foisonnement floral qui fructifie si peu est une illustration \u00e9vocatrice du rem\u00e8de, destin\u00e9 aux hyperactifs du mental, \u00e0 ceux dont les pens\u00e9es envahissantes et obsessionnelles tournent en rond dans la t\u00eate sans aboutir. Cet harassant dialogue int\u00e9rieur qui se r\u00e9p\u00e8te en boucle nourrit souvent les insomnies. Le marronnier blanc est conseill\u00e9 pour dissoudre ce process de pens\u00e9es qui b\u00e9gaient et pour apporter calme et clart\u00e9 d&rsquo;esprit.<\/p>\n","protected":false},"excerpt":{"rendered":"<p>Pr\u00e9paration pour boisson<\/p>\n<p>\u00ab Pour ceux qui n\u2019arrivent pas \u00e0 emp\u00eacher certaines id\u00e9es, pens\u00e9es, r\u00e9flexions dont ils ne veulent pas, de leur tourner dans la t\u00eate. Cela se produit habituellement lorsque leur int\u00e9r\u00eat pour l\u2019instant pr\u00e9sent est trop faible pour occuper la totalit\u00e9 de leur esprit. Les pens\u00e9es tourmentent et demeurent, et si l\u2019on arrive \u00e0 les chasser, elles reviennent, tournent en rond et torturent le mental. Ce genre de pens\u00e9es d\u00e9plaisantes chasse le repos et emp\u00eache d\u2019\u00eatre pr\u00e9sent \u00e0 ce qu\u2019on a \u00e0 faire ou aux plaisirs de l\u2019existence. \u00bb Extrait de l&rsquo;\u00e9dition de \u00ab\u00a0The Twelve Healers\u00a0\u00bb de 1936, traduite en fran\u00e7ais par C. L\u00e9vi et G. Wolf.<\/p>\n<p>Texte librement adapt\u00e9 de l&rsquo;ouvrage \u00e9crit par Martine Azoulay \u00a0\u00bb Fleurs de Bach\u00a0\u00bb \u00e9ditions Marie Claire<\/p>\n","protected":false},"featured_media":2301,"template":"","meta":{"ocean_post_layout":"","ocean_both_sidebars_style":"","ocean_both_sidebars_content_width":0,"ocean_both_sidebars_sidebars_width":0,"ocean_sidebar":"0","ocean_second_sidebar":"0","ocean_disable_margins":"enable","ocean_add_body_class":"","ocean_shortcode_before_top_bar":"","ocean_shortcode_after_top_bar":"","ocean_shortcode_before_header":"","ocean_shortcode_after_header":"","ocean_has_shortcode":"","ocean_shortcode_after_title":"","ocean_shortcode_before_footer_widgets":"","ocean_shortcode_after_footer_widgets":"","ocean_shortcode_before_footer_bottom":"","ocean_shortcode_after_footer_bottom":"","ocean_display_top_bar":"default","ocean_display_header":"default","ocean_header_style":"","ocean_center_header_left_menu":"0","ocean_custom_header_template":"0","ocean_custom_logo":0,"ocean_custom_retina_logo":0,"ocean_custom_logo_max_width":0,"ocean_custom_logo_tablet_max_width":0,"ocean_custom_logo_mobile_max_width":0,"ocean_custom_logo_max_height":0,"ocean_custom_logo_tablet_max_height":0,"ocean_custom_logo_mobile_max_height":0,"ocean_header_custom_menu":"0","ocean_menu_typo_font_family":"0","ocean_menu_typo_font_subset":"","ocean_menu_typo_font_size":0,"ocean_menu_typo_font_size_tablet":0,"ocean_menu_typo_font_size_mobile":0,"ocean_menu_typo_font_size_unit":"px","ocean_menu_typo_font_weight":"","ocean_menu_typo_font_weight_tablet":"","ocean_menu_typo_font_weight_mobile":"","ocean_menu_typo_transform":"","ocean_menu_typo_transform_tablet":"","ocean_menu_typo_transform_mobile":"","ocean_menu_typo_line_height":0,"ocean_menu_typo_line_height_tablet":0,"ocean_menu_typo_line_height_mobile":0,"ocean_menu_typo_line_height_unit":"","ocean_menu_typo_spacing":0,"ocean_menu_typo_spacing_tablet":0,"ocean_menu_typo_spacing_mobile":0,"ocean_menu_typo_spacing_unit":"","ocean_menu_link_color":"","ocean_menu_link_color_hover":"","ocean_menu_link_color_active":"","ocean_menu_link_background":"","ocean_menu_link_hover_background":"","ocean_menu_link_active_background":"","ocean_menu_social_links_bg":"","ocean_menu_social_hover_links_bg":"","ocean_menu_social_links_color":"","ocean_menu_social_hover_links_color":"","ocean_disable_title":"default","ocean_disable_heading":"default","ocean_post_title":"","ocean_post_subheading":"","ocean_post_title_style":"","ocean_post_title_background_color":"","ocean_post_title_background":0,"ocean_post_title_bg_image_position":"","ocean_post_title_bg_image_attachment":"","ocean_post_title_bg_image_repeat":"","ocean_post_title_bg_image_size":"","ocean_post_title_height":0,"ocean_post_title_bg_overlay":0.5,"ocean_post_title_bg_overlay_color":"","ocean_disable_breadcrumbs":"default","ocean_breadcrumbs_color":"","ocean_breadcrumbs_separator_color":"","ocean_breadcrumbs_links_color":"","ocean_breadcrumbs_links_hover_color":"","ocean_display_footer_widgets":"default","ocean_display_footer_bottom":"default","ocean_custom_footer_template":"0"},"product_brand":[70],"product_cat":[69],"product_tag":[],"class_list":{"0":"post-2298","1":"product","2":"type-product","3":"status-publish","4":"has-post-thumbnail","6":"product_brand-elixirs-co","7":"product_cat-produits-a-base-de-fleurs-de-bach","9":"entry","10":"has-media","12":"first","13":"instock","14":"shipping-taxable","15":"purchasable","16":"product-type-simple","17":"has-product-nav","18":"col","19":"span_1_of_4","20":"owp-content-center","21":"owp-thumbs-layout-horizontal","22":"owp-btn-normal","23":"owp-tabs-layout-horizontal","24":"has-no-thumbnails"},"_links":{"self":[{"href":"https:\/\/pierredelune-sceaux.fr\/index.php\/wp-json\/wp\/v2\/product\/2298","targetHints":{"allow":["GET"]}}],"collection":[{"href":"https:\/\/pierredelune-sceaux.fr\/index.php\/wp-json\/wp\/v2\/product"}],"about":[{"href":"https:\/\/pierredelune-sceaux.fr\/index.php\/wp-json\/wp\/v2\/types\/product"}],"wp:featuredmedia":[{"embeddable":true,"href":"https:\/\/pierredelune-sceaux.fr\/index.php\/wp-json\/wp\/v2\/media\/2301"}],"wp:attachment":[{"href":"https:\/\/pierredelune-sceaux.fr\/index.php\/wp-json\/wp\/v2\/media?parent=2298"}],"wp:term":[{"taxonomy":"product_brand","embeddable":true,"href":"https:\/\/pierredelune-sceaux.fr\/index.php\/wp-json\/wp\/v2\/product_brand?post=2298"},{"taxonomy":"product_cat","embeddable":true,"href":"https:\/\/pierredelune-sceaux.fr\/index.php\/wp-json\/wp\/v2\/product_cat?post=2298"},{"taxonomy":"product_tag","embeddable":true,"href":"https:\/\/pierredelune-sceaux.fr\/index.php\/wp-json\/wp\/v2\/product_tag?post=2298"}],"curies":[{"name":"wp","href":"https:\/\/api.w.org\/{rel}","templated":true}]}}