{"id":2305,"date":"2025-11-13T22:47:25","date_gmt":"2025-11-13T21:47:25","guid":{"rendered":"https:\/\/pierredelune-sceaux.fr\/?post_type=product&#038;p=2305"},"modified":"2025-11-13T22:47:26","modified_gmt":"2025-11-13T21:47:26","slug":"pin-pine-n-24-fleurs-de-bach-authentiques","status":"publish","type":"product","link":"https:\/\/pierredelune-sceaux.fr\/index.php\/produit\/pin-pine-n-24-fleurs-de-bach-authentiques\/","title":{"rendered":"Pin \/ Pine n \u00b024 &#8211; Fleurs de Bach authentiques"},"content":{"rendered":"<p>Le Pin aide \u00e0 se d\u00e9gager du fardeau de la culpabilit\u00e9. Le Pin Sylvestre est l&rsquo;un des plus beaux conif\u00e8res des for\u00eats europ\u00e9ennes avec son tronc droit s&rsquo;\u00e9lan\u00e7ant vers la lumi\u00e8re, et sa coiffe d&rsquo;aiguilles bleu\u00e2tres qui foncent avec l&rsquo;\u00e2ge. Comme elles se d\u00e9composent au sol en lui apportant beaucoup d&rsquo;acidit\u00e9, l&rsquo;arbre st\u00e9rilise les alentours. Avec son feuillage persistant et sa r\u00e9sine il a \u00e9t\u00e9 un des symboles de l&rsquo;immortalit\u00e9. Distill\u00e9es, ses aiguilles donnent une huile essentielle tr\u00e8s tonifiante .<\/p>\n<p>Le rapprochement symbolique entre le pin et les \u00e9motions qu&rsquo;il soigne n&rsquo;est pas \u00e9vident. Et les explications de Bach ne sont pas l\u00e0 pour l&rsquo;\u00e9clairer, car le docteur d\u00e9truisait la plupart de ses notes au fur et \u00e0 mesure. L&rsquo;\u00e9lixir de pin concerne ceux qui se sentent coupable et responsables de tout ce qui ne va pas. Se faisant une image d\u00e9valoris\u00e9e d&rsquo;eux m\u00eames. \u00ab\u00a0Ils travaillent dur et souffrent beaucoup des fautes qu&rsquo;ils s&rsquo;attribuent\u00a0\u00bb, notait Bach \u00e0 leur propos. Le rem\u00e8de aide \u00e0 prendre de la distance envers sa culpabilit\u00e9. On se pardonne, parce qu&rsquo;on le vaut bien. et on s&rsquo;accepte tel qu&rsquo;on est.<\/p>\n","protected":false},"excerpt":{"rendered":"<p>Pr\u00e9paration pour boisson<\/p>\n<p>\u00ab Pour ceux qui se font des reproches. M\u00eame quand ils ont r\u00e9ussi, ils pensent qu\u2019ils auraient pu faire mieux et ne sont jamais satisfaits de leurs efforts ou de leurs r\u00e9sultats. Ils travaillent dur et souffrent beaucoup beaucoup des fautes dont ils se pensent coupables. S\u2019il se produit une erreur et qu\u2019elle soit le fait de quelqu\u2019un d\u2019autre, ils en revendiquent quand m\u00eame la responsabilit\u00e9. \u00bb<\/p>\n<p>Texte librement adapt\u00e9 de l&rsquo;ouvrage \u00e9crit par Martine Azoulay \u00a0\u00bb Fleurs de Bach\u00a0\u00bb \u00e9ditions Marie Claire<\/p>\n","protected":false},"featured_media":2307,"template":"","meta":{"ocean_post_layout":"","ocean_both_sidebars_style":"","ocean_both_sidebars_content_width":0,"ocean_both_sidebars_sidebars_width":0,"ocean_sidebar":"0","ocean_second_sidebar":"0","ocean_disable_margins":"enable","ocean_add_body_class":"","ocean_shortcode_before_top_bar":"","ocean_shortcode_after_top_bar":"","ocean_shortcode_before_header":"","ocean_shortcode_after_header":"","ocean_has_shortcode":"","ocean_shortcode_after_title":"","ocean_shortcode_before_footer_widgets":"","ocean_shortcode_after_footer_widgets":"","ocean_shortcode_before_footer_bottom":"","ocean_shortcode_after_footer_bottom":"","ocean_display_top_bar":"default","ocean_display_header":"default","ocean_header_style":"","ocean_center_header_left_menu":"0","ocean_custom_header_template":"0","ocean_custom_logo":0,"ocean_custom_retina_logo":0,"ocean_custom_logo_max_width":0,"ocean_custom_logo_tablet_max_width":0,"ocean_custom_logo_mobile_max_width":0,"ocean_custom_logo_max_height":0,"ocean_custom_logo_tablet_max_height":0,"ocean_custom_logo_mobile_max_height":0,"ocean_header_custom_menu":"0","ocean_menu_typo_font_family":"0","ocean_menu_typo_font_subset":"","ocean_menu_typo_font_size":0,"ocean_menu_typo_font_size_tablet":0,"ocean_menu_typo_font_size_mobile":0,"ocean_menu_typo_font_size_unit":"px","ocean_menu_typo_font_weight":"","ocean_menu_typo_font_weight_tablet":"","ocean_menu_typo_font_weight_mobile":"","ocean_menu_typo_transform":"","ocean_menu_typo_transform_tablet":"","ocean_menu_typo_transform_mobile":"","ocean_menu_typo_line_height":0,"ocean_menu_typo_line_height_tablet":0,"ocean_menu_typo_line_height_mobile":0,"ocean_menu_typo_line_height_unit":"","ocean_menu_typo_spacing":0,"ocean_menu_typo_spacing_tablet":0,"ocean_menu_typo_spacing_mobile":0,"ocean_menu_typo_spacing_unit":"","ocean_menu_link_color":"","ocean_menu_link_color_hover":"","ocean_menu_link_color_active":"","ocean_menu_link_background":"","ocean_menu_link_hover_background":"","ocean_menu_link_active_background":"","ocean_menu_social_links_bg":"","ocean_menu_social_hover_links_bg":"","ocean_menu_social_links_color":"","ocean_menu_social_hover_links_color":"","ocean_disable_title":"default","ocean_disable_heading":"default","ocean_post_title":"","ocean_post_subheading":"","ocean_post_title_style":"","ocean_post_title_background_color":"","ocean_post_title_background":0,"ocean_post_title_bg_image_position":"","ocean_post_title_bg_image_attachment":"","ocean_post_title_bg_image_repeat":"","ocean_post_title_bg_image_size":"","ocean_post_title_height":0,"ocean_post_title_bg_overlay":0.5,"ocean_post_title_bg_overlay_color":"","ocean_disable_breadcrumbs":"default","ocean_breadcrumbs_color":"","ocean_breadcrumbs_separator_color":"","ocean_breadcrumbs_links_color":"","ocean_breadcrumbs_links_hover_color":"","ocean_display_footer_widgets":"default","ocean_display_footer_bottom":"default","ocean_custom_footer_template":"0"},"product_brand":[70],"product_cat":[69],"product_tag":[],"class_list":{"0":"post-2305","1":"product","2":"type-product","3":"status-publish","4":"has-post-thumbnail","6":"product_brand-elixirs-co","7":"product_cat-produits-a-base-de-fleurs-de-bach","9":"entry","10":"has-media","12":"first","13":"instock","14":"shipping-taxable","15":"purchasable","16":"product-type-simple","17":"has-product-nav","18":"col","19":"span_1_of_4","20":"owp-content-center","21":"owp-thumbs-layout-horizontal","22":"owp-btn-normal","23":"owp-tabs-layout-horizontal","24":"has-no-thumbnails"},"_links":{"self":[{"href":"https:\/\/pierredelune-sceaux.fr\/index.php\/wp-json\/wp\/v2\/product\/2305","targetHints":{"allow":["GET"]}}],"collection":[{"href":"https:\/\/pierredelune-sceaux.fr\/index.php\/wp-json\/wp\/v2\/product"}],"about":[{"href":"https:\/\/pierredelune-sceaux.fr\/index.php\/wp-json\/wp\/v2\/types\/product"}],"wp:featuredmedia":[{"embeddable":true,"href":"https:\/\/pierredelune-sceaux.fr\/index.php\/wp-json\/wp\/v2\/media\/2307"}],"wp:attachment":[{"href":"https:\/\/pierredelune-sceaux.fr\/index.php\/wp-json\/wp\/v2\/media?parent=2305"}],"wp:term":[{"taxonomy":"product_brand","embeddable":true,"href":"https:\/\/pierredelune-sceaux.fr\/index.php\/wp-json\/wp\/v2\/product_brand?post=2305"},{"taxonomy":"product_cat","embeddable":true,"href":"https:\/\/pierredelune-sceaux.fr\/index.php\/wp-json\/wp\/v2\/product_cat?post=2305"},{"taxonomy":"product_tag","embeddable":true,"href":"https:\/\/pierredelune-sceaux.fr\/index.php\/wp-json\/wp\/v2\/product_tag?post=2305"}],"curies":[{"name":"wp","href":"https:\/\/api.w.org\/{rel}","templated":true}]}}