{"id":2315,"date":"2025-11-13T22:47:07","date_gmt":"2025-11-13T21:47:07","guid":{"rendered":"https:\/\/pierredelune-sceaux.fr\/?post_type=product&#038;p=2315"},"modified":"2026-02-16T18:35:21","modified_gmt":"2026-02-16T17:35:21","slug":"huile-essentielle-ylang-ylang","status":"publish","type":"product","link":"https:\/\/pierredelune-sceaux.fr\/index.php\/produit\/huile-essentielle-ylang-ylang\/","title":{"rendered":"Huile essentielle &#8211; Ylang Ylang"},"content":{"rendered":"<p>Composition<br \/>\nHuile essentielle de Cananga odorata Bio.<br \/>\nExtraction par distillation compl\u00e8te \u00e0 la vapeur d\u2019eau des fleurs fra\u00eeches.<\/p>\n<hr \/>\n<p>Mode d&#8217;emploi<br \/>\nVoie buccale : Sur avis<\/p>\n<p>Sur la peau : En onction localis\u00e9e, sur le plexus solaire et la nuque, les tempes, les poignets, seule ou associ\u00e9e pour calmer stress et nervosit\u00e9 excessive.On la dilue l\u00e9g\u00e8rement pour les onctions. 3 gouttes d\u2019huile essentielle pour 3 gouttes d\u2019huile v\u00e9g\u00e9tale de jojoba, amande douce ou autre.<\/p>\n<p>En massages prolong\u00e9s : on dilue l\u2019huile essentielle d\u2019Ylang-ylang plus largement pour ne pas \u00eatre indispos\u00e9 par son odeur tr\u00e8s puissante.<\/p>\n<p>Pour un sommeil r\u00e9parateur, en cas d\u2019angoisse, de fatigue nerveuse, apr\u00e8s une grosse journ\u00e9e stressante : appliquer derri\u00e8re les oreilles, sur la nuque et au creux des poignets 2 \u00e0 3 gouttes d\u2019huile essentielle d\u2019Ylang-ylang compl\u00e8te avec un peu de cr\u00e8me ou d\u2019huile de soin si la peau est sensible.<\/p>\n<p>Bain: Pour un bain d\u00e9tente oriental, 10 \u00e0 12 gouttes d\u2019huile essentielle d\u2019Ylang-ylang dilu\u00e9e dans une cuiller\u00e9e de lait en poudre et m\u00e9lang\u00e9es activement \u00e0 l\u2019eau du bain. On peut y ajouter d\u2019autres huiles essentielles : C\u00e8dre de l\u2019atlas, G\u00e9ranium rosat, Lavande, dans les m\u00eames proportions<\/p>\n<p>En diffusion: Tr\u00e8s agr\u00e9able \u00e0 diffuser, en association avec du Petit grain bigaradier, du C\u00e8dre, du Pin sylvestre. Respirer quelques gouttes sur un mouchoir en cas de grand stress, de nervosit\u00e9 excessive. Ou pour aider \u00e0 l\u2019endormissement, seule ou associ\u00e9e au lavandin super.<\/p>\n<p>Soin du corps: Pour les d\u00e9s\u00e9quilibres du cuir chevelu, la chute des cheveux: en friction, Ylang-ylang extra avec de l\u2019huile essentielle de Romarin camphr\u00e9 cin\u00e9ole sur de l\u2019huile v\u00e9g\u00e9tale de jojoba, 1 \u00e0 2 fois par semaine et \u00bd heure avant le shampoing.<\/p>\n<p>En cuisine:<br \/>\nCompte tenu de la puissance de son ar\u00f4me, une seule goutte peut suffire pour nombre de recettes sucr\u00e9es sal\u00e9es, pour les desserts, des boissons cocktails\u2026<\/p>\n<hr \/>\n<p>IMPORTANT : Respecter les modes et pr\u00e9cautions d\u2019emploi, dosages. Pratiquer un test cutan\u00e9 au pli du coude pour \u00e9viter un risque d\u2019allergie toujours possible. Appliquer une goutte et attendre 24 H pour une \u00e9ventuelle r\u00e9action cutan\u00e9e ou autre. Attention aux yeux !<\/p>\n<hr \/>\n<p>Pour tout usage th\u00e9rapeutique d\u2019huiles essentielles ou usage interne, usage durant la grossesse, durant l\u2019allaitement, pour les enfants en bas \u00e2ge, consulter un m\u00e9decin sp\u00e9cialiste. Pour plus d\u2019informations et usages th\u00e9rapeutiques, consulter un m\u00e9decin sp\u00e9cialiste. Les informations cit\u00e9es sur ce site sont tir\u00e9es d\u2019ouvrages de r\u00e9f\u00e9rence scientifique en aromath\u00e9rapie et ne sauraient en aucun cas constituer une information m\u00e9dicale, faire usage de diagnostic ou d\u2019ordonnance, ni engager la responsabilit\u00e9 du site.<\/p>\n<p>Il est recommand\u00e9 de veiller \u00e0 avoir une alimentation vari\u00e9e et \u00e9quilibr\u00e9e et un mode de vie sain. Tenir hors de port\u00e9e des enfants. Ce produit n\u2019est pas un m\u00e9dicament<\/p>\n","protected":false},"excerpt":{"rendered":"<p>\u00c9quilibrante nerveuse. Calmante, anti-spasmodique. Soin du cheveu.<\/p>\n<p>On l\u2019utilise en externe dilu\u00e9e dans une huile v\u00e9g\u00e9tale. Aucune autre contre-indication aux doses et usages recommand\u00e9s sur avis d&rsquo;un m\u00e9decin sp\u00e9cialiste.<\/p>\n<p>Propri\u00e9t\u00e9s et indications th\u00e9rapeutiques principales :<br \/>\nCalmante et anti-spasmodique &#8211; \u00c9quilibrante nerveuse &#8211; Soin de cheveux et du cuir chevelu &#8211; L\u00e9g\u00e8rement aphrodisiaque.<\/p>\n<p>On l\u2019utilisera principalement pour apaiser et d\u00e9tendre l\u2019esprit et le corps. Elle sera pr\u00e9cieuse dans tous les moments de stress, d\u2019anxi\u00e9t\u00e9, de d\u00e9prime, que ce soit en massages ou en diffusion respiration.<\/p>\n<p>Elle d\u00e9contracte les muscles tendus et les organes internes. En cas de troubles spasmophiles.<\/p>\n<p>L&rsquo;huile essentielle d&rsquo;Ylang-ylang est r\u00e9ellement efficace pour \u00e9quilibrer le cuir chevelu et freiner la chute des cheveux. Pour le soin de la peau en dilution dans une huile v\u00e9g\u00e9tale.<\/p>\n","protected":false},"featured_media":2317,"template":"","meta":{"ocean_post_layout":"","ocean_both_sidebars_style":"","ocean_both_sidebars_content_width":0,"ocean_both_sidebars_sidebars_width":0,"ocean_sidebar":"0","ocean_second_sidebar":"0","ocean_disable_margins":"enable","ocean_add_body_class":"","ocean_shortcode_before_top_bar":"","ocean_shortcode_after_top_bar":"","ocean_shortcode_before_header":"","ocean_shortcode_after_header":"","ocean_has_shortcode":"","ocean_shortcode_after_title":"","ocean_shortcode_before_footer_widgets":"","ocean_shortcode_after_footer_widgets":"","ocean_shortcode_before_footer_bottom":"","ocean_shortcode_after_footer_bottom":"","ocean_display_top_bar":"default","ocean_display_header":"default","ocean_header_style":"","ocean_center_header_left_menu":"0","ocean_custom_header_template":"0","ocean_custom_logo":0,"ocean_custom_retina_logo":0,"ocean_custom_logo_max_width":0,"ocean_custom_logo_tablet_max_width":0,"ocean_custom_logo_mobile_max_width":0,"ocean_custom_logo_max_height":0,"ocean_custom_logo_tablet_max_height":0,"ocean_custom_logo_mobile_max_height":0,"ocean_header_custom_menu":"0","ocean_menu_typo_font_family":"0","ocean_menu_typo_font_subset":"","ocean_menu_typo_font_size":0,"ocean_menu_typo_font_size_tablet":0,"ocean_menu_typo_font_size_mobile":0,"ocean_menu_typo_font_size_unit":"px","ocean_menu_typo_font_weight":"","ocean_menu_typo_font_weight_tablet":"","ocean_menu_typo_font_weight_mobile":"","ocean_menu_typo_transform":"","ocean_menu_typo_transform_tablet":"","ocean_menu_typo_transform_mobile":"","ocean_menu_typo_line_height":0,"ocean_menu_typo_line_height_tablet":0,"ocean_menu_typo_line_height_mobile":0,"ocean_menu_typo_line_height_unit":"","ocean_menu_typo_spacing":0,"ocean_menu_typo_spacing_tablet":0,"ocean_menu_typo_spacing_mobile":0,"ocean_menu_typo_spacing_unit":"","ocean_menu_link_color":"","ocean_menu_link_color_hover":"","ocean_menu_link_color_active":"","ocean_menu_link_background":"","ocean_menu_link_hover_background":"","ocean_menu_link_active_background":"","ocean_menu_social_links_bg":"","ocean_menu_social_hover_links_bg":"","ocean_menu_social_links_color":"","ocean_menu_social_hover_links_color":"","ocean_disable_title":"default","ocean_disable_heading":"default","ocean_post_title":"","ocean_post_subheading":"","ocean_post_title_style":"","ocean_post_title_background_color":"","ocean_post_title_background":0,"ocean_post_title_bg_image_position":"","ocean_post_title_bg_image_attachment":"","ocean_post_title_bg_image_repeat":"","ocean_post_title_bg_image_size":"","ocean_post_title_height":0,"ocean_post_title_bg_overlay":0.5,"ocean_post_title_bg_overlay_color":"","ocean_disable_breadcrumbs":"default","ocean_breadcrumbs_color":"","ocean_breadcrumbs_separator_color":"","ocean_breadcrumbs_links_color":"","ocean_breadcrumbs_links_hover_color":"","ocean_display_footer_widgets":"default","ocean_display_footer_bottom":"default","ocean_custom_footer_template":"0"},"product_brand":[53],"product_cat":[71],"product_tag":[],"class_list":{"0":"post-2315","1":"product","2":"type-product","3":"status-publish","4":"has-post-thumbnail","6":"product_brand-cevenaromes","7":"product_cat-huiles-essentielles","9":"entry","10":"has-media","12":"first","13":"instock","14":"shipping-taxable","15":"purchasable","16":"product-type-simple","17":"has-product-nav","18":"col","19":"span_1_of_4","20":"owp-content-center","21":"owp-thumbs-layout-horizontal","22":"owp-btn-normal","23":"owp-tabs-layout-horizontal","24":"has-no-thumbnails"},"_links":{"self":[{"href":"https:\/\/pierredelune-sceaux.fr\/index.php\/wp-json\/wp\/v2\/product\/2315","targetHints":{"allow":["GET"]}}],"collection":[{"href":"https:\/\/pierredelune-sceaux.fr\/index.php\/wp-json\/wp\/v2\/product"}],"about":[{"href":"https:\/\/pierredelune-sceaux.fr\/index.php\/wp-json\/wp\/v2\/types\/product"}],"wp:featuredmedia":[{"embeddable":true,"href":"https:\/\/pierredelune-sceaux.fr\/index.php\/wp-json\/wp\/v2\/media\/2317"}],"wp:attachment":[{"href":"https:\/\/pierredelune-sceaux.fr\/index.php\/wp-json\/wp\/v2\/media?parent=2315"}],"wp:term":[{"taxonomy":"product_brand","embeddable":true,"href":"https:\/\/pierredelune-sceaux.fr\/index.php\/wp-json\/wp\/v2\/product_brand?post=2315"},{"taxonomy":"product_cat","embeddable":true,"href":"https:\/\/pierredelune-sceaux.fr\/index.php\/wp-json\/wp\/v2\/product_cat?post=2315"},{"taxonomy":"product_tag","embeddable":true,"href":"https:\/\/pierredelune-sceaux.fr\/index.php\/wp-json\/wp\/v2\/product_tag?post=2315"}],"curies":[{"name":"wp","href":"https:\/\/api.w.org\/{rel}","templated":true}]}}