{"id":2354,"date":"2025-11-13T22:44:46","date_gmt":"2025-11-13T21:44:46","guid":{"rendered":"https:\/\/pierredelune-sceaux.fr\/?post_type=product&#038;p=2354"},"modified":"2025-11-13T22:44:46","modified_gmt":"2025-11-13T21:44:46","slug":"huile-essentielle-thym-bio-a-linalol","status":"publish","type":"product","link":"https:\/\/pierredelune-sceaux.fr\/index.php\/produit\/huile-essentielle-thym-bio-a-linalol\/","title":{"rendered":"Huile essentielle &#8211; Thym Bio \u00e0 Linalol"},"content":{"rendered":"<p>Propri\u00e9t\u00e9s et indications th\u00e9rapeutiques principales :<br \/>\n&#8211; Anti-infectieuse, anti-bact\u00e9rienne<br \/>\n&#8211; Anti-fongique, anti-mycosique<br \/>\n&#8211; Anti-parasitaire<br \/>\n&#8211; Anti-virale<br \/>\n&#8211; Immunostimulante l\u00e9g\u00e8re<\/p>\n<p>On l\u2019utilisera, \u00e0 la place d\u2019autres huiles essentielles de thym plus agressives, pour traiter toutes sortes d\u2019infections chez des personnes sensibles, allergiques, pour les enfants \u00e0 partir de 6 ans et chez les plus petits, en usage externe.<\/p>\n<p>Infections des voies respiratoires. Infections intestinales, candida albicans, parasites, virus\u2026 Infections urinaires et vaginales pour les personnes sensibles. L\u2019huile essentielle de Thym linalol est un excellent vermifuge pour les enfants, doux et tr\u00e8s efficace.<\/p>\n<p>Toujours pour les personnes sensibles et les enfants, elle s\u2019utilise pour lutter contre les affections virales, angine et grippe par exemple et pour stimuler le syst\u00e8me de d\u00e9fense d\u2019un organisme fatigu\u00e9.<\/p>\n<hr \/>\n<p>Composition : Huile essentielle de Thymus vulgaris linaloliferum Bio.<\/p>\n<p>Organe : Huile essentielle pure extraite des parties a\u00e9riennes de la plante.Ch\u00e9motype : Linalol.<br \/>\nMode d&rsquo;obtention : Distillation \u00e0 la vapeur d&rsquo;eau basse pression.<\/p>\n<hr \/>\n<p>Conseils d&rsquo;utilisation :<\/p>\n<p>Voie buccale : sur avis d&rsquo;un m\u00e9decin sp\u00e9cialiste<br \/>\nSur la peau : Les personnes peu sensibles peuvent l\u2019utiliser pure sur la peau, en onctions localis\u00e9es. En massages \u00e9tendus, on diluera l\u2019huile essentielle de Thym linalol dans une huile v\u00e9g\u00e9tale de calendula ou d\u2019amande douce, de s\u00e9same, de jojoba. Compter 5 \u00e0 10 ml d\u2019huile essentielle pour 30 ml d\u2019huile v\u00e9g\u00e9tale.<br \/>\nPour des affections respiratoires : pour une fatigue g\u00e9n\u00e9rale ou post-infectieuse, appliquer en friction sur la poitrine, le dos, la gorge, les sinus et la r\u00e9gion des lombaires, la plante des pieds.<br \/>\nEn diffusion: On l\u2019utilise en diffusion en association avec d\u2019autres huiles essentielles comme le Niaouli, la Lavande, le Pin, les Eucalyptus&#8230; Elle peut se respirer sur un mouchoir ou se prendre en inhalation, avec par exemple, de l\u2019eucalyptus radiata.<br \/>\nSoin du corps : L\u2019huile essentielle de Thym linalol s\u2019utilise dilu\u00e9e dans une huile de soin et avec d\u2019autres huiles essentielles b\u00e9n\u00e9fiques pour la peau &#8211; g\u00e9ranium, ciste, lavande, h\u00e9lichryse\u2026-, pour stimuler le raffermissement cutan\u00e9, pour traiter les petites dermatoses, les acn\u00e9s l\u00e9g\u00e8res.<\/p>\n<hr \/>\n<p>IMPORTANT : Respecter les modes et pr\u00e9cautions d\u2019emploi, dosages. Pratiquer un test cutan\u00e9 au pli du coude pour \u00e9viter un risque d\u2019allergie toujours possible. Appliquer une goutte et attendre 24 H pour une \u00e9ventuelle r\u00e9action cutan\u00e9e ou autre. Attention aux yeux !<\/p>\n","protected":false},"excerpt":{"rendered":"<p>D\u00e9j\u00e0 connu des Grecs et des Romains, le thym est un petit arbrisseau \u00e0 fleurs roses r\u00e9put\u00e9 depuis toujours pour ses vertus bienfaitrices sur les voies respiratoires et digestives et son action tonique g\u00e9n\u00e9rale sur l\u2019organisme. C\u2019est un condiment aromatique tr\u00e8s appr\u00e9ci\u00e9 par les cuisini\u00e8res du sud de la France.<\/p>\n<p>De toutes les huiles essentielles de thym, celle obtenue \u00e0 partir de thym \u00e0 Linalol est la plus douce, tout en gardant une activit\u00e9 anti-infectieuse importante. On l&rsquo;utilisera notamment pour les personnes sensibles, les enfants \u00e0 partir de 6 ans, selon les recommandations conseill\u00e9es.<\/p>\n<p>La plus douce des huiles essentielles de Thym ! Aucune contre-indication aux doses et usages recommand\u00e9s par un m\u00e9decin sp\u00e9cialiste..<\/p>\n<p>Flacon de 10ml<\/p>\n","protected":false},"featured_media":2356,"template":"","meta":{"ocean_post_layout":"","ocean_both_sidebars_style":"","ocean_both_sidebars_content_width":0,"ocean_both_sidebars_sidebars_width":0,"ocean_sidebar":"0","ocean_second_sidebar":"0","ocean_disable_margins":"enable","ocean_add_body_class":"","ocean_shortcode_before_top_bar":"","ocean_shortcode_after_top_bar":"","ocean_shortcode_before_header":"","ocean_shortcode_after_header":"","ocean_has_shortcode":"","ocean_shortcode_after_title":"","ocean_shortcode_before_footer_widgets":"","ocean_shortcode_after_footer_widgets":"","ocean_shortcode_before_footer_bottom":"","ocean_shortcode_after_footer_bottom":"","ocean_display_top_bar":"default","ocean_display_header":"default","ocean_header_style":"","ocean_center_header_left_menu":"0","ocean_custom_header_template":"0","ocean_custom_logo":0,"ocean_custom_retina_logo":0,"ocean_custom_logo_max_width":0,"ocean_custom_logo_tablet_max_width":0,"ocean_custom_logo_mobile_max_width":0,"ocean_custom_logo_max_height":0,"ocean_custom_logo_tablet_max_height":0,"ocean_custom_logo_mobile_max_height":0,"ocean_header_custom_menu":"0","ocean_menu_typo_font_family":"0","ocean_menu_typo_font_subset":"","ocean_menu_typo_font_size":0,"ocean_menu_typo_font_size_tablet":0,"ocean_menu_typo_font_size_mobile":0,"ocean_menu_typo_font_size_unit":"px","ocean_menu_typo_font_weight":"","ocean_menu_typo_font_weight_tablet":"","ocean_menu_typo_font_weight_mobile":"","ocean_menu_typo_transform":"","ocean_menu_typo_transform_tablet":"","ocean_menu_typo_transform_mobile":"","ocean_menu_typo_line_height":0,"ocean_menu_typo_line_height_tablet":0,"ocean_menu_typo_line_height_mobile":0,"ocean_menu_typo_line_height_unit":"","ocean_menu_typo_spacing":0,"ocean_menu_typo_spacing_tablet":0,"ocean_menu_typo_spacing_mobile":0,"ocean_menu_typo_spacing_unit":"","ocean_menu_link_color":"","ocean_menu_link_color_hover":"","ocean_menu_link_color_active":"","ocean_menu_link_background":"","ocean_menu_link_hover_background":"","ocean_menu_link_active_background":"","ocean_menu_social_links_bg":"","ocean_menu_social_hover_links_bg":"","ocean_menu_social_links_color":"","ocean_menu_social_hover_links_color":"","ocean_disable_title":"default","ocean_disable_heading":"default","ocean_post_title":"","ocean_post_subheading":"","ocean_post_title_style":"","ocean_post_title_background_color":"","ocean_post_title_background":0,"ocean_post_title_bg_image_position":"","ocean_post_title_bg_image_attachment":"","ocean_post_title_bg_image_repeat":"","ocean_post_title_bg_image_size":"","ocean_post_title_height":0,"ocean_post_title_bg_overlay":0.5,"ocean_post_title_bg_overlay_color":"","ocean_disable_breadcrumbs":"default","ocean_breadcrumbs_color":"","ocean_breadcrumbs_separator_color":"","ocean_breadcrumbs_links_color":"","ocean_breadcrumbs_links_hover_color":"","ocean_display_footer_widgets":"default","ocean_display_footer_bottom":"default","ocean_custom_footer_template":"0"},"product_brand":[53],"product_cat":[71],"product_tag":[],"class_list":{"0":"post-2354","1":"product","2":"type-product","3":"status-publish","4":"has-post-thumbnail","6":"product_brand-cevenaromes","7":"product_cat-huiles-essentielles","9":"entry","10":"has-media","12":"first","13":"instock","14":"shipping-taxable","15":"purchasable","16":"product-type-simple","17":"has-product-nav","18":"col","19":"span_1_of_4","20":"owp-content-center","21":"owp-thumbs-layout-horizontal","22":"owp-btn-normal","23":"owp-tabs-layout-horizontal","24":"has-no-thumbnails"},"_links":{"self":[{"href":"https:\/\/pierredelune-sceaux.fr\/index.php\/wp-json\/wp\/v2\/product\/2354","targetHints":{"allow":["GET"]}}],"collection":[{"href":"https:\/\/pierredelune-sceaux.fr\/index.php\/wp-json\/wp\/v2\/product"}],"about":[{"href":"https:\/\/pierredelune-sceaux.fr\/index.php\/wp-json\/wp\/v2\/types\/product"}],"wp:featuredmedia":[{"embeddable":true,"href":"https:\/\/pierredelune-sceaux.fr\/index.php\/wp-json\/wp\/v2\/media\/2356"}],"wp:attachment":[{"href":"https:\/\/pierredelune-sceaux.fr\/index.php\/wp-json\/wp\/v2\/media?parent=2354"}],"wp:term":[{"taxonomy":"product_brand","embeddable":true,"href":"https:\/\/pierredelune-sceaux.fr\/index.php\/wp-json\/wp\/v2\/product_brand?post=2354"},{"taxonomy":"product_cat","embeddable":true,"href":"https:\/\/pierredelune-sceaux.fr\/index.php\/wp-json\/wp\/v2\/product_cat?post=2354"},{"taxonomy":"product_tag","embeddable":true,"href":"https:\/\/pierredelune-sceaux.fr\/index.php\/wp-json\/wp\/v2\/product_tag?post=2354"}],"curies":[{"name":"wp","href":"https:\/\/api.w.org\/{rel}","templated":true}]}}