{"id":2357,"date":"2025-11-13T22:44:41","date_gmt":"2025-11-13T21:44:41","guid":{"rendered":"https:\/\/pierredelune-sceaux.fr\/?post_type=product&#038;p=2357"},"modified":"2025-11-13T22:44:41","modified_gmt":"2025-11-13T21:44:41","slug":"huile-essentielle-tea-tree-bio","status":"publish","type":"product","link":"https:\/\/pierredelune-sceaux.fr\/index.php\/produit\/huile-essentielle-tea-tree-bio\/","title":{"rendered":"Huile essentielle &#8211; Tea Tree Bio"},"content":{"rendered":"<p>Petite anecdote : le Tea Tree, ou arbre \u00e0 th\u00e9, ne doit pas son nom \u00e0 une quelconque relation avec le th\u00e9 que l&rsquo;on boit, mais \u00e0 une confusion historique ! Lorsque le navigateur britannique James Cook a d\u00e9barqu\u00e9 en Australie en 1770, il a observ\u00e9 les populations aborig\u00e8nes utiliser les feuilles de cet arbre pour pr\u00e9parer une infusion. Intrigu\u00e9, il a tent\u00e9 de recr\u00e9er cette boisson, pensant qu\u2019il s\u2019agissait d\u2019un th\u00e9 local. Bien que l\u2019infusion n\u2019ait rien \u00e0 voir avec le th\u00e9 chinois ou indien, le nom \u00ab\u00a0Tea Tree\u00a0\u00bb est rest\u00e9. Aujourd\u2019hui, c\u2019est surtout pour son huile essentielle, r\u00e9put\u00e9e en aromath\u00e9rapie, que l\u2019arbre est c\u00e9l\u00e8bre !<\/p>\n<hr \/>\n<p>Conseils d&rsquo;utilisation :<\/p>\n<p>Conseils\u00a0: prendre 2 gouttes, 2 fois par jour, dilu\u00e9es sur un support neutre (miel, huile v\u00e9g\u00e9tale ou comprim\u00e9 neutre).<\/p>\n<p>Dose journali\u00e8re recommand\u00e9e\u00a0: 120 mg\/jour.<\/p>\n<hr \/>\n<p>Nom latin :\u00a0Melaleuca alternifolia.<br \/>\nChimiotypes :\u00a0Terp\u00e8ne-4-ol, y-terpin\u00e8ne, alpha-termin\u00e8ne, l-8-cin\u00e9ole.<\/p>\n<p>Compl\u00e9ment alimentaire \u00e0 consommer dans le cadre d&rsquo;un r\u00e9gime alimentaire vari\u00e9. Ne pas d\u00e9passer la dose journali\u00e8re conseill\u00e9e : 80 mg.<\/p>\n<p>Tenir hors de port\u00e9e des jeunes enfants.<\/p>\n<p>La pr\u00e9sence d&rsquo;allerg\u00e8nes peut entrainer une r\u00e9action allergique : <em>limonene<\/em>.<\/p>\n<hr \/>\n<p>Ne pas d\u00e9passer la dose journali\u00e8re recommand\u00e9e.<\/p>\n<p>Ce compl\u00e9ment alimentaire ne peut en aucun cas remplacer une alimentation \u00e9quilibr\u00e9e et vari\u00e9e ainsi qu&rsquo;un mode de vie sain.<\/p>\n<p>Ne pas utiliser de mani\u00e8re prolong\u00e9e (pas plus de 14 jours). Ne pas utiliser chez les enfants de moins de 6 ans et les femmes enceintes ou allaitantes. D\u00e9conseill\u00e9 chez les enfants de moins de 12 ans en cas d&rsquo;ant\u00e9c\u00e9dent de convulsion.<\/p>\n<p>Conserver le flacon bien ferm\u00e9 dans un endroit frais et \u00e0 l\u2019abri de la lumi\u00e8re. Tenir hors de port\u00e9e des enfants.<\/p>\n","protected":false},"excerpt":{"rendered":"<p class=\"description-cms\">Efficace contre de nombreux germes, l&rsquo;huile essentielle de Tea Tree est tr\u00e8s souvent le premier r\u00e9flexe \u00e0 avoir en cas d&rsquo;infections, qu&rsquo;il s&rsquo;agisse de probl\u00e8mes cutan\u00e9s, bucco-dentaires, ORL, gyn\u00e9cologiques, etc.<\/p>\n<p class=\"description-cms\">Antibact\u00e9rienne \u00e0 large spectre, le Tea Tree aide ainsi \u00e0 se d\u00e9barrasser des boutons d&rsquo;acn\u00e9, des infections bucco-dentaires et des infections cutan\u00e9es, entre autres.<\/p>\n<p class=\"description-cms\">\u00c9galement tr\u00e8s antifongique, elle viendra \u00e0 bout de nombreux types de mycoses. Mais surtout, c&rsquo;est l&rsquo;antiseptique \u00e0 avoir chez soi en cas de plaie ou de petit bobo !<\/p>\n<p>Flacon de 30ml.<\/p>\n","protected":false},"featured_media":2360,"template":"","meta":{"ocean_post_layout":"","ocean_both_sidebars_style":"","ocean_both_sidebars_content_width":0,"ocean_both_sidebars_sidebars_width":0,"ocean_sidebar":"0","ocean_second_sidebar":"0","ocean_disable_margins":"enable","ocean_add_body_class":"","ocean_shortcode_before_top_bar":"","ocean_shortcode_after_top_bar":"","ocean_shortcode_before_header":"","ocean_shortcode_after_header":"","ocean_has_shortcode":"","ocean_shortcode_after_title":"","ocean_shortcode_before_footer_widgets":"","ocean_shortcode_after_footer_widgets":"","ocean_shortcode_before_footer_bottom":"","ocean_shortcode_after_footer_bottom":"","ocean_display_top_bar":"default","ocean_display_header":"default","ocean_header_style":"","ocean_center_header_left_menu":"0","ocean_custom_header_template":"0","ocean_custom_logo":0,"ocean_custom_retina_logo":0,"ocean_custom_logo_max_width":0,"ocean_custom_logo_tablet_max_width":0,"ocean_custom_logo_mobile_max_width":0,"ocean_custom_logo_max_height":0,"ocean_custom_logo_tablet_max_height":0,"ocean_custom_logo_mobile_max_height":0,"ocean_header_custom_menu":"0","ocean_menu_typo_font_family":"0","ocean_menu_typo_font_subset":"","ocean_menu_typo_font_size":0,"ocean_menu_typo_font_size_tablet":0,"ocean_menu_typo_font_size_mobile":0,"ocean_menu_typo_font_size_unit":"px","ocean_menu_typo_font_weight":"","ocean_menu_typo_font_weight_tablet":"","ocean_menu_typo_font_weight_mobile":"","ocean_menu_typo_transform":"","ocean_menu_typo_transform_tablet":"","ocean_menu_typo_transform_mobile":"","ocean_menu_typo_line_height":0,"ocean_menu_typo_line_height_tablet":0,"ocean_menu_typo_line_height_mobile":0,"ocean_menu_typo_line_height_unit":"","ocean_menu_typo_spacing":0,"ocean_menu_typo_spacing_tablet":0,"ocean_menu_typo_spacing_mobile":0,"ocean_menu_typo_spacing_unit":"","ocean_menu_link_color":"","ocean_menu_link_color_hover":"","ocean_menu_link_color_active":"","ocean_menu_link_background":"","ocean_menu_link_hover_background":"","ocean_menu_link_active_background":"","ocean_menu_social_links_bg":"","ocean_menu_social_hover_links_bg":"","ocean_menu_social_links_color":"","ocean_menu_social_hover_links_color":"","ocean_disable_title":"default","ocean_disable_heading":"default","ocean_post_title":"","ocean_post_subheading":"","ocean_post_title_style":"","ocean_post_title_background_color":"","ocean_post_title_background":0,"ocean_post_title_bg_image_position":"","ocean_post_title_bg_image_attachment":"","ocean_post_title_bg_image_repeat":"","ocean_post_title_bg_image_size":"","ocean_post_title_height":0,"ocean_post_title_bg_overlay":0.5,"ocean_post_title_bg_overlay_color":"","ocean_disable_breadcrumbs":"default","ocean_breadcrumbs_color":"","ocean_breadcrumbs_separator_color":"","ocean_breadcrumbs_links_color":"","ocean_breadcrumbs_links_hover_color":"","ocean_display_footer_widgets":"default","ocean_display_footer_bottom":"default","ocean_custom_footer_template":"0"},"product_brand":[53],"product_cat":[71],"product_tag":[],"class_list":{"0":"post-2357","1":"product","2":"type-product","3":"status-publish","4":"has-post-thumbnail","6":"product_brand-cevenaromes","7":"product_cat-huiles-essentielles","9":"entry","10":"has-media","12":"first","13":"instock","14":"shipping-taxable","15":"purchasable","16":"product-type-simple","17":"has-product-nav","18":"col","19":"span_1_of_4","20":"owp-content-center","21":"owp-thumbs-layout-horizontal","22":"owp-btn-normal","23":"owp-tabs-layout-horizontal","24":"has-no-thumbnails"},"_links":{"self":[{"href":"https:\/\/pierredelune-sceaux.fr\/index.php\/wp-json\/wp\/v2\/product\/2357","targetHints":{"allow":["GET"]}}],"collection":[{"href":"https:\/\/pierredelune-sceaux.fr\/index.php\/wp-json\/wp\/v2\/product"}],"about":[{"href":"https:\/\/pierredelune-sceaux.fr\/index.php\/wp-json\/wp\/v2\/types\/product"}],"wp:featuredmedia":[{"embeddable":true,"href":"https:\/\/pierredelune-sceaux.fr\/index.php\/wp-json\/wp\/v2\/media\/2360"}],"wp:attachment":[{"href":"https:\/\/pierredelune-sceaux.fr\/index.php\/wp-json\/wp\/v2\/media?parent=2357"}],"wp:term":[{"taxonomy":"product_brand","embeddable":true,"href":"https:\/\/pierredelune-sceaux.fr\/index.php\/wp-json\/wp\/v2\/product_brand?post=2357"},{"taxonomy":"product_cat","embeddable":true,"href":"https:\/\/pierredelune-sceaux.fr\/index.php\/wp-json\/wp\/v2\/product_cat?post=2357"},{"taxonomy":"product_tag","embeddable":true,"href":"https:\/\/pierredelune-sceaux.fr\/index.php\/wp-json\/wp\/v2\/product_tag?post=2357"}],"curies":[{"name":"wp","href":"https:\/\/api.w.org\/{rel}","templated":true}]}}