{"id":2361,"date":"2025-11-13T22:44:36","date_gmt":"2025-11-13T21:44:36","guid":{"rendered":"https:\/\/pierredelune-sceaux.fr\/?post_type=product&#038;p=2361"},"modified":"2025-11-13T22:44:36","modified_gmt":"2025-11-13T21:44:36","slug":"huile-essentielle-sauge-sclaree","status":"publish","type":"product","link":"https:\/\/pierredelune-sceaux.fr\/index.php\/produit\/huile-essentielle-sauge-sclaree\/","title":{"rendered":"Huile essentielle &#8211; Sauge Sclar\u00e9e"},"content":{"rendered":"<p>Utilisation am\u00e9norrh\u00e9e et troubles gyn\u00e9cologiques m\u00e9nopause frigidit\u00e9 et impuissance fatigue nerveuse mycoses hypercholest\u00e9rol\u00e9mie troubles circulatoires<\/p>\n<hr \/>\n<p>Conseils d&rsquo;utilisation : Posologie 1 goutte, 2 fois par jour, dans une cuiller\u00e9e \u00e0 caf\u00e9 de miel ou dans un jus de fruits ou de l\u00e9gumes.<\/p>\n<p>En massage, dilu\u00e9e dans une huile v\u00e9g\u00e9tal vierge (argan, macadamia, s\u00e9same, noyaux d&rsquo;abricot&#8230;) sur le bas ventre.<\/p>\n<hr \/>\n<p>Pr\u00e9cautions particuli\u00e8res et contre indications : Mastoses et cancers<\/p>\n<p>Tenir hors de port\u00e9e des jeunes enfants. Mastoses et cancers Ce produit ne peut se substituer \u00e0 un r\u00e9gime alimentaire \u00e9quilibr\u00e9. Ne pas d\u00e9passer la dose conseill\u00e9e. Sauf avis autoris\u00e9, ne pas utiliser pendant la grossesse, l&rsquo;allaitement et chez les enfants de moins de 36 mois.<\/p>\n<p>Conserver \u00e0 l&rsquo;abri de toute source de chaleur et de lumi\u00e8re.<\/p>\n","protected":false},"excerpt":{"rendered":"<p>Bien-\u00eatre au f\u00e9minin<\/p>\n<p>Son nom vient du latin SALARE qui veut dire \u00ab\u00a0sauver\u00a0\u00bb en effet elle poss\u00e8de de nombreuses vertus m\u00e9dicinales. Distillation de la plante \u00e0 la vapeur. A ne pas confondre avec la sauge officinale (beaucoup plus dangereuse \u00e0 utiliser).<\/p>\n<p>Flacon de 20ml.<\/p>\n","protected":false},"featured_media":2365,"template":"","meta":{"ocean_post_layout":"","ocean_both_sidebars_style":"","ocean_both_sidebars_content_width":0,"ocean_both_sidebars_sidebars_width":0,"ocean_sidebar":"0","ocean_second_sidebar":"0","ocean_disable_margins":"enable","ocean_add_body_class":"","ocean_shortcode_before_top_bar":"","ocean_shortcode_after_top_bar":"","ocean_shortcode_before_header":"","ocean_shortcode_after_header":"","ocean_has_shortcode":"","ocean_shortcode_after_title":"","ocean_shortcode_before_footer_widgets":"","ocean_shortcode_after_footer_widgets":"","ocean_shortcode_before_footer_bottom":"","ocean_shortcode_after_footer_bottom":"","ocean_display_top_bar":"default","ocean_display_header":"default","ocean_header_style":"","ocean_center_header_left_menu":"0","ocean_custom_header_template":"0","ocean_custom_logo":0,"ocean_custom_retina_logo":0,"ocean_custom_logo_max_width":0,"ocean_custom_logo_tablet_max_width":0,"ocean_custom_logo_mobile_max_width":0,"ocean_custom_logo_max_height":0,"ocean_custom_logo_tablet_max_height":0,"ocean_custom_logo_mobile_max_height":0,"ocean_header_custom_menu":"0","ocean_menu_typo_font_family":"0","ocean_menu_typo_font_subset":"","ocean_menu_typo_font_size":0,"ocean_menu_typo_font_size_tablet":0,"ocean_menu_typo_font_size_mobile":0,"ocean_menu_typo_font_size_unit":"px","ocean_menu_typo_font_weight":"","ocean_menu_typo_font_weight_tablet":"","ocean_menu_typo_font_weight_mobile":"","ocean_menu_typo_transform":"","ocean_menu_typo_transform_tablet":"","ocean_menu_typo_transform_mobile":"","ocean_menu_typo_line_height":0,"ocean_menu_typo_line_height_tablet":0,"ocean_menu_typo_line_height_mobile":0,"ocean_menu_typo_line_height_unit":"","ocean_menu_typo_spacing":0,"ocean_menu_typo_spacing_tablet":0,"ocean_menu_typo_spacing_mobile":0,"ocean_menu_typo_spacing_unit":"","ocean_menu_link_color":"","ocean_menu_link_color_hover":"","ocean_menu_link_color_active":"","ocean_menu_link_background":"","ocean_menu_link_hover_background":"","ocean_menu_link_active_background":"","ocean_menu_social_links_bg":"","ocean_menu_social_hover_links_bg":"","ocean_menu_social_links_color":"","ocean_menu_social_hover_links_color":"","ocean_disable_title":"default","ocean_disable_heading":"default","ocean_post_title":"","ocean_post_subheading":"","ocean_post_title_style":"","ocean_post_title_background_color":"","ocean_post_title_background":0,"ocean_post_title_bg_image_position":"","ocean_post_title_bg_image_attachment":"","ocean_post_title_bg_image_repeat":"","ocean_post_title_bg_image_size":"","ocean_post_title_height":0,"ocean_post_title_bg_overlay":0.5,"ocean_post_title_bg_overlay_color":"","ocean_disable_breadcrumbs":"default","ocean_breadcrumbs_color":"","ocean_breadcrumbs_separator_color":"","ocean_breadcrumbs_links_color":"","ocean_breadcrumbs_links_hover_color":"","ocean_display_footer_widgets":"default","ocean_display_footer_bottom":"default","ocean_custom_footer_template":"0"},"product_brand":[53],"product_cat":[71],"product_tag":[],"class_list":{"0":"post-2361","1":"product","2":"type-product","3":"status-publish","4":"has-post-thumbnail","6":"product_brand-cevenaromes","7":"product_cat-huiles-essentielles","9":"entry","10":"has-media","12":"first","13":"instock","14":"shipping-taxable","15":"purchasable","16":"product-type-simple","17":"has-product-nav","18":"col","19":"span_1_of_4","20":"owp-content-center","21":"owp-thumbs-layout-horizontal","22":"owp-btn-normal","23":"owp-tabs-layout-horizontal","24":"has-no-thumbnails"},"_links":{"self":[{"href":"https:\/\/pierredelune-sceaux.fr\/index.php\/wp-json\/wp\/v2\/product\/2361","targetHints":{"allow":["GET"]}}],"collection":[{"href":"https:\/\/pierredelune-sceaux.fr\/index.php\/wp-json\/wp\/v2\/product"}],"about":[{"href":"https:\/\/pierredelune-sceaux.fr\/index.php\/wp-json\/wp\/v2\/types\/product"}],"wp:featuredmedia":[{"embeddable":true,"href":"https:\/\/pierredelune-sceaux.fr\/index.php\/wp-json\/wp\/v2\/media\/2365"}],"wp:attachment":[{"href":"https:\/\/pierredelune-sceaux.fr\/index.php\/wp-json\/wp\/v2\/media?parent=2361"}],"wp:term":[{"taxonomy":"product_brand","embeddable":true,"href":"https:\/\/pierredelune-sceaux.fr\/index.php\/wp-json\/wp\/v2\/product_brand?post=2361"},{"taxonomy":"product_cat","embeddable":true,"href":"https:\/\/pierredelune-sceaux.fr\/index.php\/wp-json\/wp\/v2\/product_cat?post=2361"},{"taxonomy":"product_tag","embeddable":true,"href":"https:\/\/pierredelune-sceaux.fr\/index.php\/wp-json\/wp\/v2\/product_tag?post=2361"}],"curies":[{"name":"wp","href":"https:\/\/api.w.org\/{rel}","templated":true}]}}