{"id":2363,"date":"2025-11-13T22:44:32","date_gmt":"2025-11-13T21:44:32","guid":{"rendered":"https:\/\/pierredelune-sceaux.fr\/?post_type=product&#038;p=2363"},"modified":"2025-11-13T22:44:32","modified_gmt":"2025-11-13T21:44:32","slug":"huile-essentielle-romarin-bio","status":"publish","type":"product","link":"https:\/\/pierredelune-sceaux.fr\/index.php\/produit\/huile-essentielle-romarin-bio\/","title":{"rendered":"Huile essentielle &#8211; Romarin Bio"},"content":{"rendered":"<p>Gr\u00e2ce \u00e0 ses propri\u00e9t\u00e9s stimulantes et tonifiantes, l\u2019huile essentielle Romarin \u00e0 cin\u00e9ole aide \u00e0 lutter contre la fatigue et le surmenage. Son parfum vivifiant agit sur le moral, dynamise l\u2019organisme et peut \u00eatre employ\u00e9 ponctuellement pour contrer les coups de mou, notamment en p\u00e9riode d\u2019examens ou de stress intense.<\/p>\n<p>L\u2019huile essentielle Romarin \u00e0 cin\u00e9ole agit comme un\u00a0tonique intellectuel, favorisant la concentration, la m\u00e9morisation et la rapidit\u00e9 d\u2019ex\u00e9cution. Une \u00e9tude clinique a d\u00e9montr\u00e9 que l\u2019absorption de 1,8-cin\u00e9ole, son composant principal, am\u00e9liore significativement la performance aux tests cognitifs (calcul mental, traitement de l\u2019information), sans compromis sur la pr\u00e9cision.<\/p>\n<hr \/>\n<p>Conseils d&rsquo;utilisation :<\/p>\n<p>En\u00a0voie orale\u00a0: 1 goutte 2 \u00e0 3 fois par jour, dilu\u00e9e sur un comprim\u00e9 neutre, du miel ou une huile v\u00e9g\u00e9tale alimentaire.<\/p>\n<p>En\u00a0diffusion\u00a0: 5 \u00e0 10 gouttes dans un diffuseur \u00e0 froid pour assainir l&rsquo;air et stimuler la concentration.<\/p>\n<p>En\u00a0application cutan\u00e9e\u00a0: m\u00e9langer 2 \u00e0 3 gouttes dans 10 gouttes d&rsquo;huile v\u00e9g\u00e9tale pour masser le thorax, le cuir chevelu ou les zones cibl\u00e9es.<br \/>\nPour le bain : diluer 5 \u00e0 10 gouttes dans une base neutre.<\/p>\n<p>Dur\u00e9e d\u2019utilisation adapt\u00e9e \u00e0 la probl\u00e9matique, g\u00e9n\u00e9ralement en cure de 7 \u00e0 15 jours, renouvelable.<br \/>\nId\u00e9alement le matin ou en p\u00e9riode d\u2019activit\u00e9 intense (travail, examens).<\/p>\n<hr \/>\n<p>Nom latin :\u00a0Rosmarinus officinalis.<br \/>\nChimiotypes :\u00a0camphre, born\u00e9ol, alpha-pin\u00e8ne.<\/p>\n<p>Compl\u00e9ment alimentaire \u00e0 consommer dans le cadre d&rsquo;un r\u00e9gime alimentaire vari\u00e9. Ne pas d\u00e9passer la dose journali\u00e8re conseill\u00e9e : 80 mg.<\/p>\n<p>Tenir hors de port\u00e9e des jeunes enfants.<\/p>\n<p>La pr\u00e9sence d&rsquo;allerg\u00e8nes peut entrainer une r\u00e9action allergique : <em>limonene<\/em>, <em>linalool<\/em>.<\/p>\n","protected":false},"excerpt":{"rendered":"<p>Reconnue pour ses vertus\u00a0anti-infectieuses respiratoires,\u00a0expectorantes\u00a0et\u00a0stimulantes.<\/p>\n<p>Elle soutient naturellement le confort des voies respiratoires et aide \u00e0 retrouver \u00e9nergie et vitalit\u00e9.<\/p>\n<p>En usage capillaire, elle contribue aussi \u00e0 la sant\u00e9 du cuir chevelu et \u00e0 la vitalit\u00e9 des cheveux.<\/p>\n<p>Flacon 30ml.<\/p>\n","protected":false},"featured_media":2366,"template":"","meta":{"ocean_post_layout":"","ocean_both_sidebars_style":"","ocean_both_sidebars_content_width":0,"ocean_both_sidebars_sidebars_width":0,"ocean_sidebar":"0","ocean_second_sidebar":"0","ocean_disable_margins":"enable","ocean_add_body_class":"","ocean_shortcode_before_top_bar":"","ocean_shortcode_after_top_bar":"","ocean_shortcode_before_header":"","ocean_shortcode_after_header":"","ocean_has_shortcode":"","ocean_shortcode_after_title":"","ocean_shortcode_before_footer_widgets":"","ocean_shortcode_after_footer_widgets":"","ocean_shortcode_before_footer_bottom":"","ocean_shortcode_after_footer_bottom":"","ocean_display_top_bar":"default","ocean_display_header":"default","ocean_header_style":"","ocean_center_header_left_menu":"0","ocean_custom_header_template":"0","ocean_custom_logo":0,"ocean_custom_retina_logo":0,"ocean_custom_logo_max_width":0,"ocean_custom_logo_tablet_max_width":0,"ocean_custom_logo_mobile_max_width":0,"ocean_custom_logo_max_height":0,"ocean_custom_logo_tablet_max_height":0,"ocean_custom_logo_mobile_max_height":0,"ocean_header_custom_menu":"0","ocean_menu_typo_font_family":"0","ocean_menu_typo_font_subset":"","ocean_menu_typo_font_size":0,"ocean_menu_typo_font_size_tablet":0,"ocean_menu_typo_font_size_mobile":0,"ocean_menu_typo_font_size_unit":"px","ocean_menu_typo_font_weight":"","ocean_menu_typo_font_weight_tablet":"","ocean_menu_typo_font_weight_mobile":"","ocean_menu_typo_transform":"","ocean_menu_typo_transform_tablet":"","ocean_menu_typo_transform_mobile":"","ocean_menu_typo_line_height":0,"ocean_menu_typo_line_height_tablet":0,"ocean_menu_typo_line_height_mobile":0,"ocean_menu_typo_line_height_unit":"","ocean_menu_typo_spacing":0,"ocean_menu_typo_spacing_tablet":0,"ocean_menu_typo_spacing_mobile":0,"ocean_menu_typo_spacing_unit":"","ocean_menu_link_color":"","ocean_menu_link_color_hover":"","ocean_menu_link_color_active":"","ocean_menu_link_background":"","ocean_menu_link_hover_background":"","ocean_menu_link_active_background":"","ocean_menu_social_links_bg":"","ocean_menu_social_hover_links_bg":"","ocean_menu_social_links_color":"","ocean_menu_social_hover_links_color":"","ocean_disable_title":"default","ocean_disable_heading":"default","ocean_post_title":"","ocean_post_subheading":"","ocean_post_title_style":"","ocean_post_title_background_color":"","ocean_post_title_background":0,"ocean_post_title_bg_image_position":"","ocean_post_title_bg_image_attachment":"","ocean_post_title_bg_image_repeat":"","ocean_post_title_bg_image_size":"","ocean_post_title_height":0,"ocean_post_title_bg_overlay":0.5,"ocean_post_title_bg_overlay_color":"","ocean_disable_breadcrumbs":"default","ocean_breadcrumbs_color":"","ocean_breadcrumbs_separator_color":"","ocean_breadcrumbs_links_color":"","ocean_breadcrumbs_links_hover_color":"","ocean_display_footer_widgets":"default","ocean_display_footer_bottom":"default","ocean_custom_footer_template":"0"},"product_brand":[53],"product_cat":[71],"product_tag":[],"class_list":{"0":"post-2363","1":"product","2":"type-product","3":"status-publish","4":"has-post-thumbnail","6":"product_brand-cevenaromes","7":"product_cat-huiles-essentielles","9":"entry","10":"has-media","12":"first","13":"instock","14":"shipping-taxable","15":"purchasable","16":"product-type-simple","17":"has-product-nav","18":"col","19":"span_1_of_4","20":"owp-content-center","21":"owp-thumbs-layout-horizontal","22":"owp-btn-normal","23":"owp-tabs-layout-horizontal","24":"has-no-thumbnails"},"_links":{"self":[{"href":"https:\/\/pierredelune-sceaux.fr\/index.php\/wp-json\/wp\/v2\/product\/2363","targetHints":{"allow":["GET"]}}],"collection":[{"href":"https:\/\/pierredelune-sceaux.fr\/index.php\/wp-json\/wp\/v2\/product"}],"about":[{"href":"https:\/\/pierredelune-sceaux.fr\/index.php\/wp-json\/wp\/v2\/types\/product"}],"wp:featuredmedia":[{"embeddable":true,"href":"https:\/\/pierredelune-sceaux.fr\/index.php\/wp-json\/wp\/v2\/media\/2366"}],"wp:attachment":[{"href":"https:\/\/pierredelune-sceaux.fr\/index.php\/wp-json\/wp\/v2\/media?parent=2363"}],"wp:term":[{"taxonomy":"product_brand","embeddable":true,"href":"https:\/\/pierredelune-sceaux.fr\/index.php\/wp-json\/wp\/v2\/product_brand?post=2363"},{"taxonomy":"product_cat","embeddable":true,"href":"https:\/\/pierredelune-sceaux.fr\/index.php\/wp-json\/wp\/v2\/product_cat?post=2363"},{"taxonomy":"product_tag","embeddable":true,"href":"https:\/\/pierredelune-sceaux.fr\/index.php\/wp-json\/wp\/v2\/product_tag?post=2363"}],"curies":[{"name":"wp","href":"https:\/\/api.w.org\/{rel}","templated":true}]}}