{"id":2367,"date":"2025-11-13T22:44:27","date_gmt":"2025-11-13T21:44:27","guid":{"rendered":"https:\/\/pierredelune-sceaux.fr\/?post_type=product&#038;p=2367"},"modified":"2025-11-13T22:44:27","modified_gmt":"2025-11-13T21:44:27","slug":"huile-essentielle-ravintsara","status":"publish","type":"product","link":"https:\/\/pierredelune-sceaux.fr\/index.php\/produit\/huile-essentielle-ravintsara\/","title":{"rendered":"Huile essentielle &#8211; Ravintsara"},"content":{"rendered":"<p>Propri\u00e9t\u00e9s antivirale et stimulante immunitaire antibact\u00e9rienne expectorante \u00e9nergisante puissante neurotonique \u00e9quilibrante<\/p>\n<p>Utilisation affections virales d\u00e9ficience immunitaire affections ORL fatigue profonde angoisse, insomnie<\/p>\n<hr \/>\n<p>Conseils d&rsquo;utilisation :<\/p>\n<p>Voie externe : 5 gouttes d\u2019huile essentielle de ravintsara, 3 fois par jour, en massage de part et d\u2019autre de la colonne vert\u00e9brale ou sur le thorax, selon les affections \u00e0 traiter. Voie interne : consultez votre m\u00e9decin.<\/p>\n<p>Pendant les \u00e9pid\u00e9mies grippales de l\u2019hiver, 6 gouttes d&rsquo;huile essentielle de ravintsara en application locale sur la vo\u00fbte plantaire ou sur le thorax, matin et soir, vous pr\u00e9serveront contre les agressions virales.<\/p>\n<p>Contre un bouton de fi\u00e8vre (A. Bitsas) : m\u00e9langer \u00e0 parts \u00e9gales de l&rsquo;huile essentielle de ravintsara et de niaouli, et appliquer 1 \u00e0 2 gouttes par jour aussi longtemps que n\u00e9cessaire.<\/p>\n<p>Pour renforcer l\u2019organisme des jeunes enfants (A.-F. Malotaux, Pranar\u00f4m) : mettre dans le creux de la main 20 gouttes d\u2019huile v\u00e9g\u00e9tale de jojoba ou de noisette, y ajouter 1 goutte d\u2019huile essentielle de ravintsara et 1 goutte d\u2019huile essentielle de bois de H\u00f4 ; bien diluer, frotter les mains l\u2019une contre l\u2019autre et appliquer sur la vo\u00fbte plantaire de l\u2019enfant.<\/p>\n<hr \/>\n<p>Tenir hors de port\u00e9e des jeunes enfants. Ce produit ne peut se substituer \u00e0 un r\u00e9gime alimentaire \u00e9quilibr\u00e9. Ne pas d\u00e9passer la dose conseill\u00e9e. Sauf avis autoris\u00e9, ne pas utiliser pendant la grossesse, l&rsquo;allaitement et pour les enfants de moins de 3 ans. Conserver \u00e0 l&rsquo;abri de toute source de chaleur et de lumi\u00e8re.<\/p>\n<hr \/>\n<p>Composition : Cinnamomum camphora ct cin\u00e9ole Mol\u00e9cule aromatique : sabin\u00e8ne, 1,8 cin\u00e9ole, alpha-terpin\u00e9ol<\/p>\n<p>Partie distill\u00e9e : la feuille Origine : Madagascar<\/p>\n","protected":false},"excerpt":{"rendered":"<p>Antivirale et parfum\u00e9e<\/p>\n<p>Originaire de Madagascar, le Ravintsara pousse \u00e0 l&rsquo;\u00e9tat sauvage dans les for\u00eats tropicales et humides.<\/p>\n<p>D\u00e9licatement parfum\u00e9e, l\u2019odeur de son huile essentielle est proche de celles de la lavande et du romarin.<\/p>\n<p>Flacon 30ml.<\/p>\n","protected":false},"featured_media":2369,"template":"","meta":{"ocean_post_layout":"","ocean_both_sidebars_style":"","ocean_both_sidebars_content_width":0,"ocean_both_sidebars_sidebars_width":0,"ocean_sidebar":"0","ocean_second_sidebar":"0","ocean_disable_margins":"enable","ocean_add_body_class":"","ocean_shortcode_before_top_bar":"","ocean_shortcode_after_top_bar":"","ocean_shortcode_before_header":"","ocean_shortcode_after_header":"","ocean_has_shortcode":"","ocean_shortcode_after_title":"","ocean_shortcode_before_footer_widgets":"","ocean_shortcode_after_footer_widgets":"","ocean_shortcode_before_footer_bottom":"","ocean_shortcode_after_footer_bottom":"","ocean_display_top_bar":"default","ocean_display_header":"default","ocean_header_style":"","ocean_center_header_left_menu":"0","ocean_custom_header_template":"0","ocean_custom_logo":0,"ocean_custom_retina_logo":0,"ocean_custom_logo_max_width":0,"ocean_custom_logo_tablet_max_width":0,"ocean_custom_logo_mobile_max_width":0,"ocean_custom_logo_max_height":0,"ocean_custom_logo_tablet_max_height":0,"ocean_custom_logo_mobile_max_height":0,"ocean_header_custom_menu":"0","ocean_menu_typo_font_family":"0","ocean_menu_typo_font_subset":"","ocean_menu_typo_font_size":0,"ocean_menu_typo_font_size_tablet":0,"ocean_menu_typo_font_size_mobile":0,"ocean_menu_typo_font_size_unit":"px","ocean_menu_typo_font_weight":"","ocean_menu_typo_font_weight_tablet":"","ocean_menu_typo_font_weight_mobile":"","ocean_menu_typo_transform":"","ocean_menu_typo_transform_tablet":"","ocean_menu_typo_transform_mobile":"","ocean_menu_typo_line_height":0,"ocean_menu_typo_line_height_tablet":0,"ocean_menu_typo_line_height_mobile":0,"ocean_menu_typo_line_height_unit":"","ocean_menu_typo_spacing":0,"ocean_menu_typo_spacing_tablet":0,"ocean_menu_typo_spacing_mobile":0,"ocean_menu_typo_spacing_unit":"","ocean_menu_link_color":"","ocean_menu_link_color_hover":"","ocean_menu_link_color_active":"","ocean_menu_link_background":"","ocean_menu_link_hover_background":"","ocean_menu_link_active_background":"","ocean_menu_social_links_bg":"","ocean_menu_social_hover_links_bg":"","ocean_menu_social_links_color":"","ocean_menu_social_hover_links_color":"","ocean_disable_title":"default","ocean_disable_heading":"default","ocean_post_title":"","ocean_post_subheading":"","ocean_post_title_style":"","ocean_post_title_background_color":"","ocean_post_title_background":0,"ocean_post_title_bg_image_position":"","ocean_post_title_bg_image_attachment":"","ocean_post_title_bg_image_repeat":"","ocean_post_title_bg_image_size":"","ocean_post_title_height":0,"ocean_post_title_bg_overlay":0.5,"ocean_post_title_bg_overlay_color":"","ocean_disable_breadcrumbs":"default","ocean_breadcrumbs_color":"","ocean_breadcrumbs_separator_color":"","ocean_breadcrumbs_links_color":"","ocean_breadcrumbs_links_hover_color":"","ocean_display_footer_widgets":"default","ocean_display_footer_bottom":"default","ocean_custom_footer_template":"0"},"product_brand":[53],"product_cat":[71],"product_tag":[],"class_list":{"0":"post-2367","1":"product","2":"type-product","3":"status-publish","4":"has-post-thumbnail","6":"product_brand-cevenaromes","7":"product_cat-huiles-essentielles","9":"entry","10":"has-media","12":"first","13":"instock","14":"shipping-taxable","15":"purchasable","16":"product-type-simple","17":"has-product-nav","18":"col","19":"span_1_of_4","20":"owp-content-center","21":"owp-thumbs-layout-horizontal","22":"owp-btn-normal","23":"owp-tabs-layout-horizontal","24":"has-no-thumbnails"},"_links":{"self":[{"href":"https:\/\/pierredelune-sceaux.fr\/index.php\/wp-json\/wp\/v2\/product\/2367","targetHints":{"allow":["GET"]}}],"collection":[{"href":"https:\/\/pierredelune-sceaux.fr\/index.php\/wp-json\/wp\/v2\/product"}],"about":[{"href":"https:\/\/pierredelune-sceaux.fr\/index.php\/wp-json\/wp\/v2\/types\/product"}],"wp:featuredmedia":[{"embeddable":true,"href":"https:\/\/pierredelune-sceaux.fr\/index.php\/wp-json\/wp\/v2\/media\/2369"}],"wp:attachment":[{"href":"https:\/\/pierredelune-sceaux.fr\/index.php\/wp-json\/wp\/v2\/media?parent=2367"}],"wp:term":[{"taxonomy":"product_brand","embeddable":true,"href":"https:\/\/pierredelune-sceaux.fr\/index.php\/wp-json\/wp\/v2\/product_brand?post=2367"},{"taxonomy":"product_cat","embeddable":true,"href":"https:\/\/pierredelune-sceaux.fr\/index.php\/wp-json\/wp\/v2\/product_cat?post=2367"},{"taxonomy":"product_tag","embeddable":true,"href":"https:\/\/pierredelune-sceaux.fr\/index.php\/wp-json\/wp\/v2\/product_tag?post=2367"}],"curies":[{"name":"wp","href":"https:\/\/api.w.org\/{rel}","templated":true}]}}