{"id":2370,"date":"2025-11-13T22:44:18","date_gmt":"2025-11-13T21:44:18","guid":{"rendered":"https:\/\/pierredelune-sceaux.fr\/?post_type=product&#038;p=2370"},"modified":"2025-11-13T22:44:18","modified_gmt":"2025-11-13T21:44:18","slug":"huile-essentielle-pin-sylvestre","status":"publish","type":"product","link":"https:\/\/pierredelune-sceaux.fr\/index.php\/produit\/huile-essentielle-pin-sylvestre\/","title":{"rendered":"Huile essentielle &#8211; Pin Sylvestre"},"content":{"rendered":"<p>Aucune contre-indication aux doses physiologiques et usages recommand\u00e9s par un m\u00e9decin sp\u00e9cialiste. Prudence toutefois chez les personnes allergiques et tr\u00e8s sensibles, en diffusion pure et sur la peau en application pure.<\/p>\n<p>Propri\u00e9t\u00e9s et indications th\u00e9rapeutiques principales :<\/p>\n<ul>\n<li>Stimulante des surr\u00e9nales, synth\u00e8se naturelle de cortisone<\/li>\n<li>Anti-infectieuse des voies respiratoires<\/li>\n<li>Expectorante<\/li>\n<li>Anti-rhumatismale<\/li>\n<li>Anti-allergique<\/li>\n<\/ul>\n<p>On pourra aussi l\u2019utiliser, avec les pr\u00e9cautions d\u2019usage, pour soulager des inflammations allergiques, asthme, rhume des foins\u2026<\/p>\n<p>On l\u2019utilisera aussi pour traiter les infections des voies respiratoires: rhume, sinusite, bronchites, pneumonies\u2026En association avec d\u2019autres huiles anti-infectieuses.<\/p>\n<p>Elle sera tr\u00e8s utile en p\u00e9riode de fatigue, pour stimuler tout l\u2019organisme.<\/p>\n<hr \/>\n<p>Ingr\u00e9dient : Pinus sylvestris Bio<\/p>\n<p>Obtenue pas distillation \u00e0 la vapeur d&rsquo;eau des rameaux et bourgeons, \u00e9pines.<\/p>\n<hr \/>\n<p>Conseils d&rsquo;utilisation :<\/p>\n<p>Voie buccale: sur avis<\/p>\n<p>Sur la peau: Il est recommand\u00e9 de la diluer dans une huile v\u00e9g\u00e9tale. 5 \u00e0 10 gouttes d\u2019huile essentielle de Pin sylvestre dans une grosse cuill\u00e8re \u00e0 soupe d\u2019huile v\u00e9g\u00e9tale ou 10 \u00e0 15 ml d\u2019huile essentielle pour 50 ml d\u2019huile v\u00e9g\u00e9tale dans un flacon.<\/p>\n<p>Vous \u00eates tr\u00e8s fatigu\u00e9, sans tonus, \u00e9puis\u00e9 physiquement et nerveusement : frictionner le bas du dos, le ventre avec quelques gouttes, le matin et le midi et un peu d\u2019huile v\u00e9g\u00e9tale.<\/p>\n<p>En traitement de probl\u00e8mes respiratoires : appliquer le m\u00e9lange pr\u00e9c\u00e9dent en onctions ou en massages plus \u00e9tendus sur le thorax, le dos, les reins, les poignets. 2 \u00e0 3 fois par jour.<\/p>\n<p>Pour soulager des douleurs et des inflammations rhumatismales : masser les zones douloureuses et le bas du dos plusieurs fois par jour avec le m\u00eame m\u00e9lange.<\/p>\n<p>Bain: Dilu\u00e9e dans un bain chaud, elle soulage rapidement les douleurs. Utiliser un diluant bain.<\/p>\n<p>En diffusion: Pour d\u00e9gager rapidement les voies respiratoires, faites une inhalation d\u2019huile essentielle. de Pin sylvestre. Se respire sur un mouchoir, s&rsquo;utilise dans un diffuseur.<\/p>\n<p>En cuisine: Il faut la tester dans de nombreuses recettes de terrine, de viande, de gibier. En p\u00e9riode de grippe, 1 goutte d\u2019huile essentielle de Pin sylvestre dans un vin chaud ou un grog.<\/p>\n<hr \/>\n<p>IMPORTANT : Respecter les modes et pr\u00e9cautions d\u2019emploi, dosages. Pratiquer un test cutan\u00e9 au pli du coude pour \u00e9viter un risque d\u2019allergie toujours possible. Appliquer une goutte et attendre 24 H pour une \u00e9ventuelle r\u00e9action cutan\u00e9e ou autre. Attention aux yeux !<\/p>\n<p>Pour tout usage th\u00e9rapeutique d\u2019huiles essentielles ou usage interne, usage durant la grossesse, durant l\u2019allaitement, pour les enfants en bas \u00e2ge, consulter un m\u00e9decin sp\u00e9cialiste.<\/p>\n<p>Pour plus d\u2019informations et usages th\u00e9rapeutiques, consulter un m\u00e9decin sp\u00e9cialiste. Les informations cit\u00e9es sur ce site sont tir\u00e9es d\u2019ouvrages de r\u00e9f\u00e9rence scientifique en aromath\u00e9rapie et ne sauraient en aucun cas constituer une information m\u00e9dicale, faire usage de diagnostic ou d\u2019ordonnance, ni engager la responsabilit\u00e9 du site.<\/p>\n<p>Il est recommand\u00e9 de veiller \u00e0 avoir une alimentation vari\u00e9e et \u00e9quilibr\u00e9e et un mode de vie sain. Tenir hors de port\u00e9e des enfants. Ce produit n\u2019est pas un m\u00e9dicament<\/p>\n","protected":false},"excerpt":{"rendered":"<p>Stimulant la production naturelle de cortisone, l\u2019huile essentielle de Pin sylvestre sera utilis\u00e9e pour soulager toutes les douleurs inflammatoires. Notamment les douleurs rhumatismales et articulaires. Pour aider \u00e0 soulager l\u2019arthrite, la polyarthrite.<\/p>\n<p>Protection des voies respiratoires.<\/p>\n<p>Anti-douleurs inflammatoires.<\/p>\n<p>Tonifiante g\u00e9n\u00e9rale<\/p>\n","protected":false},"featured_media":2372,"template":"","meta":{"ocean_post_layout":"","ocean_both_sidebars_style":"","ocean_both_sidebars_content_width":0,"ocean_both_sidebars_sidebars_width":0,"ocean_sidebar":"0","ocean_second_sidebar":"0","ocean_disable_margins":"enable","ocean_add_body_class":"","ocean_shortcode_before_top_bar":"","ocean_shortcode_after_top_bar":"","ocean_shortcode_before_header":"","ocean_shortcode_after_header":"","ocean_has_shortcode":"","ocean_shortcode_after_title":"","ocean_shortcode_before_footer_widgets":"","ocean_shortcode_after_footer_widgets":"","ocean_shortcode_before_footer_bottom":"","ocean_shortcode_after_footer_bottom":"","ocean_display_top_bar":"default","ocean_display_header":"default","ocean_header_style":"","ocean_center_header_left_menu":"0","ocean_custom_header_template":"0","ocean_custom_logo":0,"ocean_custom_retina_logo":0,"ocean_custom_logo_max_width":0,"ocean_custom_logo_tablet_max_width":0,"ocean_custom_logo_mobile_max_width":0,"ocean_custom_logo_max_height":0,"ocean_custom_logo_tablet_max_height":0,"ocean_custom_logo_mobile_max_height":0,"ocean_header_custom_menu":"0","ocean_menu_typo_font_family":"0","ocean_menu_typo_font_subset":"","ocean_menu_typo_font_size":0,"ocean_menu_typo_font_size_tablet":0,"ocean_menu_typo_font_size_mobile":0,"ocean_menu_typo_font_size_unit":"px","ocean_menu_typo_font_weight":"","ocean_menu_typo_font_weight_tablet":"","ocean_menu_typo_font_weight_mobile":"","ocean_menu_typo_transform":"","ocean_menu_typo_transform_tablet":"","ocean_menu_typo_transform_mobile":"","ocean_menu_typo_line_height":0,"ocean_menu_typo_line_height_tablet":0,"ocean_menu_typo_line_height_mobile":0,"ocean_menu_typo_line_height_unit":"","ocean_menu_typo_spacing":0,"ocean_menu_typo_spacing_tablet":0,"ocean_menu_typo_spacing_mobile":0,"ocean_menu_typo_spacing_unit":"","ocean_menu_link_color":"","ocean_menu_link_color_hover":"","ocean_menu_link_color_active":"","ocean_menu_link_background":"","ocean_menu_link_hover_background":"","ocean_menu_link_active_background":"","ocean_menu_social_links_bg":"","ocean_menu_social_hover_links_bg":"","ocean_menu_social_links_color":"","ocean_menu_social_hover_links_color":"","ocean_disable_title":"default","ocean_disable_heading":"default","ocean_post_title":"","ocean_post_subheading":"","ocean_post_title_style":"","ocean_post_title_background_color":"","ocean_post_title_background":0,"ocean_post_title_bg_image_position":"","ocean_post_title_bg_image_attachment":"","ocean_post_title_bg_image_repeat":"","ocean_post_title_bg_image_size":"","ocean_post_title_height":0,"ocean_post_title_bg_overlay":0.5,"ocean_post_title_bg_overlay_color":"","ocean_disable_breadcrumbs":"default","ocean_breadcrumbs_color":"","ocean_breadcrumbs_separator_color":"","ocean_breadcrumbs_links_color":"","ocean_breadcrumbs_links_hover_color":"","ocean_display_footer_widgets":"default","ocean_display_footer_bottom":"default","ocean_custom_footer_template":"0"},"product_brand":[53],"product_cat":[71],"product_tag":[],"class_list":{"0":"post-2370","1":"product","2":"type-product","3":"status-publish","4":"has-post-thumbnail","6":"product_brand-cevenaromes","7":"product_cat-huiles-essentielles","9":"entry","10":"has-media","12":"first","13":"instock","14":"shipping-taxable","15":"purchasable","16":"product-type-simple","17":"has-product-nav","18":"col","19":"span_1_of_4","20":"owp-content-center","21":"owp-thumbs-layout-horizontal","22":"owp-btn-normal","23":"owp-tabs-layout-horizontal","24":"has-no-thumbnails"},"_links":{"self":[{"href":"https:\/\/pierredelune-sceaux.fr\/index.php\/wp-json\/wp\/v2\/product\/2370","targetHints":{"allow":["GET"]}}],"collection":[{"href":"https:\/\/pierredelune-sceaux.fr\/index.php\/wp-json\/wp\/v2\/product"}],"about":[{"href":"https:\/\/pierredelune-sceaux.fr\/index.php\/wp-json\/wp\/v2\/types\/product"}],"wp:featuredmedia":[{"embeddable":true,"href":"https:\/\/pierredelune-sceaux.fr\/index.php\/wp-json\/wp\/v2\/media\/2372"}],"wp:attachment":[{"href":"https:\/\/pierredelune-sceaux.fr\/index.php\/wp-json\/wp\/v2\/media?parent=2370"}],"wp:term":[{"taxonomy":"product_brand","embeddable":true,"href":"https:\/\/pierredelune-sceaux.fr\/index.php\/wp-json\/wp\/v2\/product_brand?post=2370"},{"taxonomy":"product_cat","embeddable":true,"href":"https:\/\/pierredelune-sceaux.fr\/index.php\/wp-json\/wp\/v2\/product_cat?post=2370"},{"taxonomy":"product_tag","embeddable":true,"href":"https:\/\/pierredelune-sceaux.fr\/index.php\/wp-json\/wp\/v2\/product_tag?post=2370"}],"curies":[{"name":"wp","href":"https:\/\/api.w.org\/{rel}","templated":true}]}}