{"id":2373,"date":"2025-11-13T22:44:22","date_gmt":"2025-11-13T21:44:22","guid":{"rendered":"https:\/\/pierredelune-sceaux.fr\/?post_type=product&#038;p=2373"},"modified":"2025-11-13T22:44:22","modified_gmt":"2025-11-13T21:44:22","slug":"huile-essentielle-petit-grain-bigarade","status":"publish","type":"product","link":"https:\/\/pierredelune-sceaux.fr\/index.php\/produit\/huile-essentielle-petit-grain-bigarade\/","title":{"rendered":"Huile essentielle &#8211; Petit Grain Bigarade"},"content":{"rendered":"<p class=\"description-cms\">Nom latin : Citrus \u00d7 aurantium ssp. amara.<\/p>\n<p class=\"description-cms\">Partie distill\u00e9e : feuilles et petits rameaux.<\/p>\n<hr \/>\n<p>Antispasmodique ++++ (ac\u00e9tate de linalyle) :\u00a0l\u2019huile essentielle de Petit Grain Bigarade contr\u00f4le les spasmes d\u2019origine nerveuse, thoracique et gyn\u00e9cologique. L\u2019ac\u00e9tate de linalyle est \u00e9galement un antispasmodique des muscles lisses vasculaires par activation de l\u2019oxyde nitrique.<\/p>\n<p>Calmant, anxiolytique, s\u00e9datif, r\u00e9\u00e9quilibrant nerveux ++++ (linalol, ac\u00e9tate de linalyle) :\u00a0l\u2019huile essentielle de Petit Grain Bigarade est surtout connue pour aider \u00e0 la gestion du stress tout en favorisant une attention et une concentration soutenues. Des \u00e9tudes ont notamment permis de confirmer ses effets anxiolytiques et s\u00e9datifs, et de mettre en \u00e9vidence une diminution du taux de cortisol, l\u2019hormone du stress.<\/p>\n<p>Anti-infectieux ++ (linalol, \u03b1-terpin\u00e9ol) :\u00a0l\u2019huile essentielle de Petit Grain Bigarade est un anti-infectieux l\u00e9ger, agissant plut\u00f4t sur les affections des voies respiratoires<\/p>\n<p>Antalgique, an\u00e9sth\u00e9siant local ++ (linalol) :\u00a0 l\u2019huile essentielle de Petit Grain Bigarade calme les douleurs d\u2019origine nerveuse, comme certains rhumatismes. Elle agit \u00e0 la fois sur les r\u00e9cepteurs\u00a0 muscariniques, opio\u00efdes et dopaminergiques<\/p>\n<p>Mais aussi cicatrisante, anti-inflammatoire, insecticide ou r\u00e9pulsif.<\/p>\n<hr \/>\n<p>Voie externe : En massage ou simplement en application sur la peau, ou encore dilu\u00e9e dans l&rsquo;eau du bain.<\/p>\n<hr \/>\n<p>IMPORTANT : L&rsquo;huile essentielle de Petit Grain Bigarade ne pr\u00e9sente pas de risques particuliers, toutes les voies d\u2019utilisation sont possibles. Elle est d\u00e9conseill\u00e9e uniquement pour les b\u00e9b\u00e9s de moins de 3 mois et les femmes enceintes de moins de 3 mois. Elle contient cependant une quantit\u00e9 importante de linalol qui est un compos\u00e9 \u00e0 risque allerg\u00e8ne. Les personnes pr\u00e9sentant un terrain allergique doivent donc \u00eatre vigilantes. Elle est contre-indiqu\u00e9e en cas de forte hypotension. Enfin, les personnes asthmatiques doivent demander un avis m\u00e9dical avant son utilisation.<\/p>\n","protected":false},"excerpt":{"rendered":"<p class=\"description-cms\">Issue des feuilles du bigaradier, l&rsquo;huile essentielle de Petit Grain Bigarade poss\u00e8de des effets remarquables sur le syst\u00e8me nerveux.<\/p>\n<p class=\"description-cms\">V\u00e9ritable huile anti-stress, elle favorisera la d\u00e9tente et l&rsquo;apaisement par son odeur qui, selon les personnes, \u00e9voquera la fleur d&rsquo;oranger.<\/p>\n<p class=\"description-cms\">En cosm\u00e9tique, elle sera l&rsquo;alli\u00e9e des peaux grasses.<\/p>\n","protected":false},"featured_media":2375,"template":"","meta":{"ocean_post_layout":"","ocean_both_sidebars_style":"","ocean_both_sidebars_content_width":0,"ocean_both_sidebars_sidebars_width":0,"ocean_sidebar":"0","ocean_second_sidebar":"0","ocean_disable_margins":"enable","ocean_add_body_class":"","ocean_shortcode_before_top_bar":"","ocean_shortcode_after_top_bar":"","ocean_shortcode_before_header":"","ocean_shortcode_after_header":"","ocean_has_shortcode":"","ocean_shortcode_after_title":"","ocean_shortcode_before_footer_widgets":"","ocean_shortcode_after_footer_widgets":"","ocean_shortcode_before_footer_bottom":"","ocean_shortcode_after_footer_bottom":"","ocean_display_top_bar":"default","ocean_display_header":"default","ocean_header_style":"","ocean_center_header_left_menu":"0","ocean_custom_header_template":"0","ocean_custom_logo":0,"ocean_custom_retina_logo":0,"ocean_custom_logo_max_width":0,"ocean_custom_logo_tablet_max_width":0,"ocean_custom_logo_mobile_max_width":0,"ocean_custom_logo_max_height":0,"ocean_custom_logo_tablet_max_height":0,"ocean_custom_logo_mobile_max_height":0,"ocean_header_custom_menu":"0","ocean_menu_typo_font_family":"0","ocean_menu_typo_font_subset":"","ocean_menu_typo_font_size":0,"ocean_menu_typo_font_size_tablet":0,"ocean_menu_typo_font_size_mobile":0,"ocean_menu_typo_font_size_unit":"px","ocean_menu_typo_font_weight":"","ocean_menu_typo_font_weight_tablet":"","ocean_menu_typo_font_weight_mobile":"","ocean_menu_typo_transform":"","ocean_menu_typo_transform_tablet":"","ocean_menu_typo_transform_mobile":"","ocean_menu_typo_line_height":0,"ocean_menu_typo_line_height_tablet":0,"ocean_menu_typo_line_height_mobile":0,"ocean_menu_typo_line_height_unit":"","ocean_menu_typo_spacing":0,"ocean_menu_typo_spacing_tablet":0,"ocean_menu_typo_spacing_mobile":0,"ocean_menu_typo_spacing_unit":"","ocean_menu_link_color":"","ocean_menu_link_color_hover":"","ocean_menu_link_color_active":"","ocean_menu_link_background":"","ocean_menu_link_hover_background":"","ocean_menu_link_active_background":"","ocean_menu_social_links_bg":"","ocean_menu_social_hover_links_bg":"","ocean_menu_social_links_color":"","ocean_menu_social_hover_links_color":"","ocean_disable_title":"default","ocean_disable_heading":"default","ocean_post_title":"","ocean_post_subheading":"","ocean_post_title_style":"","ocean_post_title_background_color":"","ocean_post_title_background":0,"ocean_post_title_bg_image_position":"","ocean_post_title_bg_image_attachment":"","ocean_post_title_bg_image_repeat":"","ocean_post_title_bg_image_size":"","ocean_post_title_height":0,"ocean_post_title_bg_overlay":0.5,"ocean_post_title_bg_overlay_color":"","ocean_disable_breadcrumbs":"default","ocean_breadcrumbs_color":"","ocean_breadcrumbs_separator_color":"","ocean_breadcrumbs_links_color":"","ocean_breadcrumbs_links_hover_color":"","ocean_display_footer_widgets":"default","ocean_display_footer_bottom":"default","ocean_custom_footer_template":"0"},"product_brand":[53],"product_cat":[71],"product_tag":[],"class_list":{"0":"post-2373","1":"product","2":"type-product","3":"status-publish","4":"has-post-thumbnail","6":"product_brand-cevenaromes","7":"product_cat-huiles-essentielles","9":"entry","10":"has-media","12":"first","13":"instock","14":"shipping-taxable","15":"purchasable","16":"product-type-simple","17":"has-product-nav","18":"col","19":"span_1_of_4","20":"owp-content-center","21":"owp-thumbs-layout-horizontal","22":"owp-btn-normal","23":"owp-tabs-layout-horizontal","24":"has-no-thumbnails"},"_links":{"self":[{"href":"https:\/\/pierredelune-sceaux.fr\/index.php\/wp-json\/wp\/v2\/product\/2373","targetHints":{"allow":["GET"]}}],"collection":[{"href":"https:\/\/pierredelune-sceaux.fr\/index.php\/wp-json\/wp\/v2\/product"}],"about":[{"href":"https:\/\/pierredelune-sceaux.fr\/index.php\/wp-json\/wp\/v2\/types\/product"}],"wp:featuredmedia":[{"embeddable":true,"href":"https:\/\/pierredelune-sceaux.fr\/index.php\/wp-json\/wp\/v2\/media\/2375"}],"wp:attachment":[{"href":"https:\/\/pierredelune-sceaux.fr\/index.php\/wp-json\/wp\/v2\/media?parent=2373"}],"wp:term":[{"taxonomy":"product_brand","embeddable":true,"href":"https:\/\/pierredelune-sceaux.fr\/index.php\/wp-json\/wp\/v2\/product_brand?post=2373"},{"taxonomy":"product_cat","embeddable":true,"href":"https:\/\/pierredelune-sceaux.fr\/index.php\/wp-json\/wp\/v2\/product_cat?post=2373"},{"taxonomy":"product_tag","embeddable":true,"href":"https:\/\/pierredelune-sceaux.fr\/index.php\/wp-json\/wp\/v2\/product_tag?post=2373"}],"curies":[{"name":"wp","href":"https:\/\/api.w.org\/{rel}","templated":true}]}}