{"id":2378,"date":"2025-11-13T22:44:11","date_gmt":"2025-11-13T21:44:11","guid":{"rendered":"https:\/\/pierredelune-sceaux.fr\/?post_type=product&#038;p=2378"},"modified":"2025-11-13T22:44:11","modified_gmt":"2025-11-13T21:44:11","slug":"huile-essentielle-patchouli","status":"publish","type":"product","link":"https:\/\/pierredelune-sceaux.fr\/index.php\/produit\/huile-essentielle-patchouli\/","title":{"rendered":"Huile essentielle &#8211; Patchouli"},"content":{"rendered":"<p>Propri\u00e9t\u00e9s principales :<br \/>\n&#8211; D\u00e9congestionnante veineuse<br \/>\n&#8211; Soins de la peau, r\u00e9gulation peaux grasses et r\u00e9g\u00e9n\u00e9ration<br \/>\n&#8211; L\u00e9g\u00e8rement digestive<\/p>\n<p>On l\u2019utilise principalement pour aider \u00e0 traiter de nombreux troubles circulatoires veineux : varices, pr\u00e9vention de phl\u00e9bite, h\u00e9morro\u00efdes, couperose\u2026<\/p>\n<p>Elle est tr\u00e8s utilis\u00e9e en cosm\u00e9tologie, non seulement pour ses ar\u00f4mes particuliers mais aussi pour ses propri\u00e9t\u00e9s r\u00e9g\u00e9n\u00e9ratives des tissus cutan\u00e9s et de r\u00e9gulation des peaux \u00e0 tendance grasse.<\/p>\n<hr \/>\n<p>Composition : Pogostemon cablin, (Famille : lamiac\u00e9es) issu de l&rsquo;agriculture biologique<\/p>\n<p>Origine : Indon\u00e9sie<br \/>\nPartie utilis\u00e9e : feuille et distillation \u00e0 la vapeur d&rsquo;eau<br \/>\nComposants majoritaires : patchoulol<\/p>\n<hr \/>\n<p>Conseils d&rsquo;utilisation :<\/p>\n<p>Voie buccale : Tr\u00e8s peu utilis\u00e9e en interne, et sous avis d&rsquo;un sp\u00e9cialiste.<\/p>\n<p>Sur la peau : On l\u2019utilise pure en onction localis\u00e9e ou dilu\u00e9e jusqu\u2019\u00e0 40 % dans une huile v\u00e9g\u00e9tale et en massages \u00e9tendus. Une huile de Calendula par exemple pour les probl\u00e8mes circulatoires.<\/p>\n<p>Recette d\u2019huile de soin circulation : Diluer dans 100 ml d\u2019huile de Calendula ou autre, 10 ml d\u2019huile essentielle de Patchouli, 10 ml d\u2019huile essentielle de Cypr\u00e8s, 10 ml d\u2019huile essentielle de Lentisque pistachier.<\/p>\n<p>Masser les chevilles, la plante des pieds, les jambes toujours en remontant, matin et soir.<\/p>\n<p>H\u00e9morro\u00efdes : 3 gouttes d\u2019huile essentielle de Patchouli en onction pure sur des h\u00e9morro\u00efdes douloureuses internes ou externes. Appliquer ensuite du baume au souci ou calendula. 3 \u00e0 4 fois par jour les premiers jours. On peut ajouter 1 goutte de Ciste.<\/p>\n<p>En diffusion : On peut respirer l\u2019huile essentielle sur un mouchoir ou la mettre dans un diffuseur, seule ou en association.<\/p>\n<p>Soins de la peau : Utilis\u00e9e pour aider \u00e0 la r\u00e9g\u00e9n\u00e9ration de la peau et la r\u00e9gulation des peaux \u00e0 tendance grasses.<\/p>\n<p>1 \u00e0 2 gouttes m\u00e9lang\u00e9es \u00e0 un cr\u00e8me ou une huile de soin. Pour le visage ou le corps.<br \/>\nElle aide \u00e0 traiter une couperose ou une acn\u00e9 l\u00e9g\u00e8re<\/p>\n<hr \/>\n<p>Pour plus d\u2019informations et usages th\u00e9rapeutiques, consulter un m\u00e9decin sp\u00e9cialiste. Respecter les modes et pr\u00e9cautions d\u2019emploi, dosages, lire la notice avant utilisation. Les informations cit\u00e9es sur ce site sont tir\u00e9es d\u2019ouvrages de r\u00e9f\u00e9rence scientifique en aromath\u00e9rapie et ne sauraient en aucun cas constituer une information m\u00e9dicale, faire usage de diagnostic ou d\u2019ordonnance, ni engager notre responsabilit\u00e9.<\/p>\n","protected":false},"excerpt":{"rendered":"<p>Favorable \u00e0 la circulation veineuse. Soins de la peau, cosm\u00e9tologie. R\u00e9g\u00e9n\u00e9ratrice, peaux grasses, couperose. \u00c9loigne les insectes.<\/p>\n<p>En Asie, depuis toujours, le patchouli est utilis\u00e9 pour ses vertus anti-inflammatoires, antiseptiques, voire aphrodisiaques.<\/p>\n<p>En Inde, de nos jours, on se masse les pieds pour se prot\u00e9ger des morsures de serpent et des insectes. Les Indiens l\u2019utilisent aussi pour stimuler la pousse des cheveux.<\/p>\n","protected":false},"featured_media":2379,"template":"","meta":{"ocean_post_layout":"","ocean_both_sidebars_style":"","ocean_both_sidebars_content_width":0,"ocean_both_sidebars_sidebars_width":0,"ocean_sidebar":"0","ocean_second_sidebar":"0","ocean_disable_margins":"enable","ocean_add_body_class":"","ocean_shortcode_before_top_bar":"","ocean_shortcode_after_top_bar":"","ocean_shortcode_before_header":"","ocean_shortcode_after_header":"","ocean_has_shortcode":"","ocean_shortcode_after_title":"","ocean_shortcode_before_footer_widgets":"","ocean_shortcode_after_footer_widgets":"","ocean_shortcode_before_footer_bottom":"","ocean_shortcode_after_footer_bottom":"","ocean_display_top_bar":"default","ocean_display_header":"default","ocean_header_style":"","ocean_center_header_left_menu":"0","ocean_custom_header_template":"0","ocean_custom_logo":0,"ocean_custom_retina_logo":0,"ocean_custom_logo_max_width":0,"ocean_custom_logo_tablet_max_width":0,"ocean_custom_logo_mobile_max_width":0,"ocean_custom_logo_max_height":0,"ocean_custom_logo_tablet_max_height":0,"ocean_custom_logo_mobile_max_height":0,"ocean_header_custom_menu":"0","ocean_menu_typo_font_family":"0","ocean_menu_typo_font_subset":"","ocean_menu_typo_font_size":0,"ocean_menu_typo_font_size_tablet":0,"ocean_menu_typo_font_size_mobile":0,"ocean_menu_typo_font_size_unit":"px","ocean_menu_typo_font_weight":"","ocean_menu_typo_font_weight_tablet":"","ocean_menu_typo_font_weight_mobile":"","ocean_menu_typo_transform":"","ocean_menu_typo_transform_tablet":"","ocean_menu_typo_transform_mobile":"","ocean_menu_typo_line_height":0,"ocean_menu_typo_line_height_tablet":0,"ocean_menu_typo_line_height_mobile":0,"ocean_menu_typo_line_height_unit":"","ocean_menu_typo_spacing":0,"ocean_menu_typo_spacing_tablet":0,"ocean_menu_typo_spacing_mobile":0,"ocean_menu_typo_spacing_unit":"","ocean_menu_link_color":"","ocean_menu_link_color_hover":"","ocean_menu_link_color_active":"","ocean_menu_link_background":"","ocean_menu_link_hover_background":"","ocean_menu_link_active_background":"","ocean_menu_social_links_bg":"","ocean_menu_social_hover_links_bg":"","ocean_menu_social_links_color":"","ocean_menu_social_hover_links_color":"","ocean_disable_title":"default","ocean_disable_heading":"default","ocean_post_title":"","ocean_post_subheading":"","ocean_post_title_style":"","ocean_post_title_background_color":"","ocean_post_title_background":0,"ocean_post_title_bg_image_position":"","ocean_post_title_bg_image_attachment":"","ocean_post_title_bg_image_repeat":"","ocean_post_title_bg_image_size":"","ocean_post_title_height":0,"ocean_post_title_bg_overlay":0.5,"ocean_post_title_bg_overlay_color":"","ocean_disable_breadcrumbs":"default","ocean_breadcrumbs_color":"","ocean_breadcrumbs_separator_color":"","ocean_breadcrumbs_links_color":"","ocean_breadcrumbs_links_hover_color":"","ocean_display_footer_widgets":"default","ocean_display_footer_bottom":"default","ocean_custom_footer_template":"0"},"product_brand":[53],"product_cat":[71],"product_tag":[],"class_list":{"0":"post-2378","1":"product","2":"type-product","3":"status-publish","4":"has-post-thumbnail","6":"product_brand-cevenaromes","7":"product_cat-huiles-essentielles","9":"entry","10":"has-media","12":"first","13":"instock","14":"shipping-taxable","15":"purchasable","16":"product-type-simple","17":"has-product-nav","18":"col","19":"span_1_of_4","20":"owp-content-center","21":"owp-thumbs-layout-horizontal","22":"owp-btn-normal","23":"owp-tabs-layout-horizontal","24":"has-no-thumbnails"},"_links":{"self":[{"href":"https:\/\/pierredelune-sceaux.fr\/index.php\/wp-json\/wp\/v2\/product\/2378","targetHints":{"allow":["GET"]}}],"collection":[{"href":"https:\/\/pierredelune-sceaux.fr\/index.php\/wp-json\/wp\/v2\/product"}],"about":[{"href":"https:\/\/pierredelune-sceaux.fr\/index.php\/wp-json\/wp\/v2\/types\/product"}],"wp:featuredmedia":[{"embeddable":true,"href":"https:\/\/pierredelune-sceaux.fr\/index.php\/wp-json\/wp\/v2\/media\/2379"}],"wp:attachment":[{"href":"https:\/\/pierredelune-sceaux.fr\/index.php\/wp-json\/wp\/v2\/media?parent=2378"}],"wp:term":[{"taxonomy":"product_brand","embeddable":true,"href":"https:\/\/pierredelune-sceaux.fr\/index.php\/wp-json\/wp\/v2\/product_brand?post=2378"},{"taxonomy":"product_cat","embeddable":true,"href":"https:\/\/pierredelune-sceaux.fr\/index.php\/wp-json\/wp\/v2\/product_cat?post=2378"},{"taxonomy":"product_tag","embeddable":true,"href":"https:\/\/pierredelune-sceaux.fr\/index.php\/wp-json\/wp\/v2\/product_tag?post=2378"}],"curies":[{"name":"wp","href":"https:\/\/api.w.org\/{rel}","templated":true}]}}