{"id":2380,"date":"2025-11-13T22:44:02","date_gmt":"2025-11-13T21:44:02","guid":{"rendered":"https:\/\/pierredelune-sceaux.fr\/?post_type=product&#038;p=2380"},"modified":"2025-11-13T22:44:02","modified_gmt":"2025-11-13T21:44:02","slug":"huile-essentielle-pamplemousse","status":"publish","type":"product","link":"https:\/\/pierredelune-sceaux.fr\/index.php\/produit\/huile-essentielle-pamplemousse\/","title":{"rendered":"Huile essentielle &#8211; Pamplemousse"},"content":{"rendered":"<p>Composition : Citrus paradisi Bio.<\/p>\n<p>Extraction par pression m\u00e9canique \u00e0 froid du zeste.<\/p>\n<hr \/>\n<p>Conseils d&rsquo;utilisation :<\/p>\n<p>Voie buccale: sur avis<\/p>\n<p>Sur la peau:<br \/>\nAvec pr\u00e9cautions et retenue. On pourra l\u2019utiliser en onction dilu\u00e9e jusqu\u2019\u00e0 20% 30 % dans une huile v\u00e9g\u00e9tale et en massages \u00e9tendus. M\u00eame en m\u00e9lange, ne jamais appliquer avant une exposition au soleil, \u00e0 la lumi\u00e8re du jour.<\/p>\n<p>En diffusion:<br \/>\nSa d\u00e9licieuse odeur citronn\u00e9e aseptise et d\u00e9sodorise l\u2019atmosph\u00e8re et d\u00e9gage une ambiance de d\u00e9tente. Seule ou en association.<\/p>\n<p>Soin et hygi\u00e8ne du corps :<br \/>\nElle aide \u00e0 purifier les peaux grasses, dilu\u00e9e dans une huile de jojoba \u00e0 20 %. Associ\u00e9e aux huiles essentielles de Cypr\u00e8s et de C\u00e8dre, elle contribue au raffermissement de la peau. Mais il faut toujours garder \u00e0 l\u2019esprit que les parties du corps impr\u00e9gn\u00e9s d\u2019huile essentielle peuvent se trouver expos\u00e9es \u00e0 la lumi\u00e8re du jour, visage et mains notamment ! Pr\u00e9f\u00e9rer en soin de visage du soir et pour le corps apr\u00e8s la douche.<\/p>\n<p>En cuisine:<br \/>\nSa saveur citronn\u00e9e l\u00e9g\u00e8rement am\u00e8re fait merveille dans de nombreuses recettes de poissons, les crudit\u00e9s. On la conseille avec les poissons crus pour son effet antibact\u00e9rien, dans les sauces d\u2019accompagnement pour bien assimiler les graisses. Elle rel\u00e8ve le go\u00fbt des desserts par sa pointe d&rsquo;amertume : salades de fruits, sorbets, compotes. 1 \u00e0 2 gouttes suffisent.<\/p>\n<hr \/>\n<p>En diffusion atmosph\u00e9rique pour aseptiser l\u2019atmosph\u00e8re. On peut bien s\u00fbr l\u2019associer \u00e0 d\u2019autres huiles essentielles.<\/p>\n<p>Attention, cette H.E. ou essence s\u2019oxyde assez rapidement. Respecter la DLC ou DLUO indiqu\u00e9e sur le flacon.<\/p>\n<p>Elle est tr\u00e8s photosensibilisante comme toutes les huiles essentielles d\u2019agrumes ; Attention \u00e0 un usage cutan\u00e9 suivi d\u2019exposition \u00e0 la lumi\u00e8re solaire. Aucune autre contre-indication aux doses physiologiques et usages recommand\u00e9s.<\/p>\n<hr \/>\n<p>IMPORTANT : Respecter les modes et pr\u00e9cautions d\u2019emploi, dosages. Pratiquer un test cutan\u00e9 au pli du coude pour \u00e9viter un risque d\u2019allergie toujours possible. Appliquer une goutte et attendre 24 H pour une \u00e9ventuelle r\u00e9action cutan\u00e9e ou autre. Attention aux yeux !<\/p>\n<hr \/>\n<p>Pour tout usage th\u00e9rapeutique d\u2019huiles essentielles ou usage interne, usage durant la grossesse, durant l\u2019allaitement, pour les enfants en bas \u00e2ge, consulter un m\u00e9decin sp\u00e9cialiste.<\/p>\n<p>Pour plus d\u2019informations et usages th\u00e9rapeutiques, consulter un m\u00e9decin sp\u00e9cialiste. Les informations cit\u00e9es sur ce site sont tir\u00e9es d\u2019ouvrages de r\u00e9f\u00e9rence scientifique en aromath\u00e9rapie et ne sauraient en aucun cas constituer une information m\u00e9dicale, faire usage de diagnostic ou d\u2019ordonnance, ni engager la responsabilit\u00e9 du site.<\/p>\n<p>Il est recommand\u00e9 de veiller \u00e0 avoir une alimentation vari\u00e9e et \u00e9quilibr\u00e9e et un mode de vie sain. Tenir hors de port\u00e9e des enfants. Ce produit n\u2019est pas un m\u00e9dicament.<\/p>\n","protected":false},"excerpt":{"rendered":"<p>Propri\u00e9t\u00e9s et indications th\u00e9rapeutiques principales :<br \/>\n&#8211; Stimulante digestive<br \/>\n&#8211; Antiseptique a\u00e9rienne et cutan\u00e9e<br \/>\n&#8211; Soins de la peau<br \/>\n&#8211; Relaxante<\/p>\n<p>Elle purifie les peaux grasses et s\u2019utilise pour combattre la cellulite.<\/p>\n<p>Pour stimuler l\u2019activit\u00e9 digestive, h\u00e9patique.<\/p>\n<p>Flacon de 20ml.<\/p>\n","protected":false},"featured_media":2381,"template":"","meta":{"ocean_post_layout":"","ocean_both_sidebars_style":"","ocean_both_sidebars_content_width":0,"ocean_both_sidebars_sidebars_width":0,"ocean_sidebar":"0","ocean_second_sidebar":"0","ocean_disable_margins":"enable","ocean_add_body_class":"","ocean_shortcode_before_top_bar":"","ocean_shortcode_after_top_bar":"","ocean_shortcode_before_header":"","ocean_shortcode_after_header":"","ocean_has_shortcode":"","ocean_shortcode_after_title":"","ocean_shortcode_before_footer_widgets":"","ocean_shortcode_after_footer_widgets":"","ocean_shortcode_before_footer_bottom":"","ocean_shortcode_after_footer_bottom":"","ocean_display_top_bar":"default","ocean_display_header":"default","ocean_header_style":"","ocean_center_header_left_menu":"0","ocean_custom_header_template":"0","ocean_custom_logo":0,"ocean_custom_retina_logo":0,"ocean_custom_logo_max_width":0,"ocean_custom_logo_tablet_max_width":0,"ocean_custom_logo_mobile_max_width":0,"ocean_custom_logo_max_height":0,"ocean_custom_logo_tablet_max_height":0,"ocean_custom_logo_mobile_max_height":0,"ocean_header_custom_menu":"0","ocean_menu_typo_font_family":"0","ocean_menu_typo_font_subset":"","ocean_menu_typo_font_size":0,"ocean_menu_typo_font_size_tablet":0,"ocean_menu_typo_font_size_mobile":0,"ocean_menu_typo_font_size_unit":"px","ocean_menu_typo_font_weight":"","ocean_menu_typo_font_weight_tablet":"","ocean_menu_typo_font_weight_mobile":"","ocean_menu_typo_transform":"","ocean_menu_typo_transform_tablet":"","ocean_menu_typo_transform_mobile":"","ocean_menu_typo_line_height":0,"ocean_menu_typo_line_height_tablet":0,"ocean_menu_typo_line_height_mobile":0,"ocean_menu_typo_line_height_unit":"","ocean_menu_typo_spacing":0,"ocean_menu_typo_spacing_tablet":0,"ocean_menu_typo_spacing_mobile":0,"ocean_menu_typo_spacing_unit":"","ocean_menu_link_color":"","ocean_menu_link_color_hover":"","ocean_menu_link_color_active":"","ocean_menu_link_background":"","ocean_menu_link_hover_background":"","ocean_menu_link_active_background":"","ocean_menu_social_links_bg":"","ocean_menu_social_hover_links_bg":"","ocean_menu_social_links_color":"","ocean_menu_social_hover_links_color":"","ocean_disable_title":"default","ocean_disable_heading":"default","ocean_post_title":"","ocean_post_subheading":"","ocean_post_title_style":"","ocean_post_title_background_color":"","ocean_post_title_background":0,"ocean_post_title_bg_image_position":"","ocean_post_title_bg_image_attachment":"","ocean_post_title_bg_image_repeat":"","ocean_post_title_bg_image_size":"","ocean_post_title_height":0,"ocean_post_title_bg_overlay":0.5,"ocean_post_title_bg_overlay_color":"","ocean_disable_breadcrumbs":"default","ocean_breadcrumbs_color":"","ocean_breadcrumbs_separator_color":"","ocean_breadcrumbs_links_color":"","ocean_breadcrumbs_links_hover_color":"","ocean_display_footer_widgets":"default","ocean_display_footer_bottom":"default","ocean_custom_footer_template":"0"},"product_brand":[53],"product_cat":[71],"product_tag":[],"class_list":{"0":"post-2380","1":"product","2":"type-product","3":"status-publish","4":"has-post-thumbnail","6":"product_brand-cevenaromes","7":"product_cat-huiles-essentielles","9":"entry","10":"has-media","12":"first","13":"instock","14":"shipping-taxable","15":"purchasable","16":"product-type-simple","17":"has-product-nav","18":"col","19":"span_1_of_4","20":"owp-content-center","21":"owp-thumbs-layout-horizontal","22":"owp-btn-normal","23":"owp-tabs-layout-horizontal","24":"has-no-thumbnails"},"_links":{"self":[{"href":"https:\/\/pierredelune-sceaux.fr\/index.php\/wp-json\/wp\/v2\/product\/2380","targetHints":{"allow":["GET"]}}],"collection":[{"href":"https:\/\/pierredelune-sceaux.fr\/index.php\/wp-json\/wp\/v2\/product"}],"about":[{"href":"https:\/\/pierredelune-sceaux.fr\/index.php\/wp-json\/wp\/v2\/types\/product"}],"wp:featuredmedia":[{"embeddable":true,"href":"https:\/\/pierredelune-sceaux.fr\/index.php\/wp-json\/wp\/v2\/media\/2381"}],"wp:attachment":[{"href":"https:\/\/pierredelune-sceaux.fr\/index.php\/wp-json\/wp\/v2\/media?parent=2380"}],"wp:term":[{"taxonomy":"product_brand","embeddable":true,"href":"https:\/\/pierredelune-sceaux.fr\/index.php\/wp-json\/wp\/v2\/product_brand?post=2380"},{"taxonomy":"product_cat","embeddable":true,"href":"https:\/\/pierredelune-sceaux.fr\/index.php\/wp-json\/wp\/v2\/product_cat?post=2380"},{"taxonomy":"product_tag","embeddable":true,"href":"https:\/\/pierredelune-sceaux.fr\/index.php\/wp-json\/wp\/v2\/product_tag?post=2380"}],"curies":[{"name":"wp","href":"https:\/\/api.w.org\/{rel}","templated":true}]}}