{"id":2382,"date":"2025-11-13T22:43:57","date_gmt":"2025-11-13T21:43:57","guid":{"rendered":"https:\/\/pierredelune-sceaux.fr\/?post_type=product&#038;p=2382"},"modified":"2025-11-13T22:43:57","modified_gmt":"2025-11-13T21:43:57","slug":"huile-essentielle-origan","status":"publish","type":"product","link":"https:\/\/pierredelune-sceaux.fr\/index.php\/produit\/huile-essentielle-origan\/","title":{"rendered":"Huile essentielle &#8211; Origan"},"content":{"rendered":"<p>Conseils d&rsquo;utilisation :<\/p>\n<p>Voie buccale: sur avis<\/p>\n<p>Sur la peau: avec de grandes pr\u00e9cautions, tr\u00e8s dilu\u00e9e !<br \/>\n\u00c0 cause de son agressivit\u00e9 sur la peau et les muqueuses, prendre beaucoup de pr\u00e9cautions. Toujours la diluer dans une huile v\u00e9g\u00e9tale. Pas plus de 5 \u00e0 10 % d\u2019huile essentielle d\u2019Origan. Environ 20 \u00e0 40 gouttes maxi dans 100 ml d\u2019huile de jojoba, d\u2019amande douce ou autre\u2026<br \/>\nEn onction localis\u00e9e, pas de massages \u00e9tendus, sur les zones infect\u00e9es, le thorax, la gorge, la peau (dermatoses infectieuses), les reins\u2026<br \/>\nOu 1 goutte sur un coton-tige impr\u00e9gn\u00e9 d\u2019huile v\u00e9g\u00e9tale, directement sur un bouton infect\u00e9, furoncle, mycose au pied\u2026<\/p>\n<p>En diffusion:<br \/>\nElle se diffuse peu, plut\u00f4t associ\u00e9e \u00e0 un m\u00e9lange antiseptique, agrumes, pins, sapin, eucalyptus\u2026<\/p>\n<p>Soin du corps:<br \/>\nPour \u00e9liminer des cors ou durillons sur les pieds, associ\u00e9e \u00e0 l\u2019huile essentielle de Lavande, dilu\u00e9e dans une huile v\u00e9g\u00e9tale. Contre les mycoses des pieds, avec le m\u00eame m\u00e9lange, un peu plus concentr\u00e9.<\/p>\n<p>En cuisine:<br \/>\nElle apporte une note florale plus ensoleill\u00e9e que le thym. Elle convient pour la cuisine traditionnelle du Midi. Une goutte, pas plus, dans les entr\u00e9es, huiles et sauces, et les plats de viandes\u2026<\/p>\n<hr \/>\n<p>Composition : Origanum heracleoticum Bio.<\/p>\n<p>Obtenue par distillation \u00e0 la vapeur d&rsquo;eau des feuilles et sommit\u00e9s fleuries<\/p>\n<hr \/>\n<p>IMPORTANT : huile essentielle agressive sur la peau et les muqueuses \u2013dermo-caustique-. Elle doit s\u2019utiliser avec pr\u00e9cautions et \u00e0 bon escient, aux doses physiologiques et usages recommand\u00e9s. Il faut toujours la diluer dans une huile v\u00e9g\u00e9tale grasse.<\/p>\n<p>Respecter les modes et pr\u00e9cautions d\u2019emploi, dosages. Pratiquer un test cutan\u00e9 au pli du coude pour \u00e9viter un risque d\u2019allergie toujours possible. Appliquer une goutte et attendre 24 H pour une \u00e9ventuelle r\u00e9action cutan\u00e9e ou autre. Attention aux yeux !<\/p>\n<hr \/>\n<p>Contre-indication :<\/p>\n<p>D\u00e9conseill\u00e9e pendant la grossesse et chez les enfants<\/p>\n<p>Ne jamais utiliser pure sur la peau<\/p>\n<p>La pr\u00e9sence d&rsquo;allerg\u00e8ne peut d\u00e9clencher une r\u00e9action allergique : linalol<\/p>\n<hr \/>\n<p>Pour tout usage th\u00e9rapeutique d\u2019huiles essentielles ou usage interne, usage durant la grossesse, durant l\u2019allaitement, pour les enfants en bas \u00e2ge, consulter un m\u00e9decin sp\u00e9cialiste.<\/p>\n<p>Pour plus d\u2019informations et usages th\u00e9rapeutiques, consulter un m\u00e9decin sp\u00e9cialiste. Les informations cit\u00e9es sur ce site sont tir\u00e9es d\u2019ouvrages de r\u00e9f\u00e9rence scientifique en aromath\u00e9rapie et ne sauraient en aucun cas constituer une information m\u00e9dicale, faire usage de diagnostic ou d\u2019ordonnance, ni engager la responsabilit\u00e9 du site.<\/p>\n<p>Il est recommand\u00e9 de veiller \u00e0 avoir une alimentation vari\u00e9e et \u00e9quilibr\u00e9e et un mode de vie sain. Tenir hors de port\u00e9e des enfants. Ce produit n\u2019est pas un m\u00e9dicament<\/p>\n","protected":false},"excerpt":{"rendered":"<p>Propri\u00e9t\u00e9s et indications th\u00e9rapeutiques principales :<br \/>\n&#8211; Anti-infectieuse puissante<br \/>\n&#8211; Anti-bact\u00e9rienne \u00e0 large spectre d\u2019action<br \/>\n&#8211; Expectorante<br \/>\n&#8211; Anti-fongique et anti-parasitaire<br \/>\n&#8211; Tonique et immunostimulante.<\/p>\n<p>L\u2019huile essentielle d\u2019Origan sera tr\u00e8s efficace pour lutter contre tous les germes infectieux, bact\u00e9ries, champignons, parasites. Elle sera donc pr\u00e9cieuse pour le traitement d\u2019affections importantes, s\u00e9v\u00e8res, des voies respiratoires, ORL et bronchiques !<\/p>\n<p>On l\u2019utilisera \u00e9galement pour aider \u00e0 traiter des infections intestinales -ent\u00e9rocolite et urinaires -cystites, n\u00e9phrites. Ou encore pour soigner des maladies parasitaires, parasites tropicaux.<\/p>\n<p>Elle stimule l\u2019organisme en cas de grosse fatigue g\u00e9n\u00e9rale ou d\u2019immunod\u00e9pressions. Et donc pr\u00e9cieuse pour combattre les affections virales, dont la grippe.<\/p>\n","protected":false},"featured_media":2383,"template":"","meta":{"ocean_post_layout":"","ocean_both_sidebars_style":"","ocean_both_sidebars_content_width":0,"ocean_both_sidebars_sidebars_width":0,"ocean_sidebar":"0","ocean_second_sidebar":"0","ocean_disable_margins":"enable","ocean_add_body_class":"","ocean_shortcode_before_top_bar":"","ocean_shortcode_after_top_bar":"","ocean_shortcode_before_header":"","ocean_shortcode_after_header":"","ocean_has_shortcode":"","ocean_shortcode_after_title":"","ocean_shortcode_before_footer_widgets":"","ocean_shortcode_after_footer_widgets":"","ocean_shortcode_before_footer_bottom":"","ocean_shortcode_after_footer_bottom":"","ocean_display_top_bar":"default","ocean_display_header":"default","ocean_header_style":"","ocean_center_header_left_menu":"0","ocean_custom_header_template":"0","ocean_custom_logo":0,"ocean_custom_retina_logo":0,"ocean_custom_logo_max_width":0,"ocean_custom_logo_tablet_max_width":0,"ocean_custom_logo_mobile_max_width":0,"ocean_custom_logo_max_height":0,"ocean_custom_logo_tablet_max_height":0,"ocean_custom_logo_mobile_max_height":0,"ocean_header_custom_menu":"0","ocean_menu_typo_font_family":"0","ocean_menu_typo_font_subset":"","ocean_menu_typo_font_size":0,"ocean_menu_typo_font_size_tablet":0,"ocean_menu_typo_font_size_mobile":0,"ocean_menu_typo_font_size_unit":"px","ocean_menu_typo_font_weight":"","ocean_menu_typo_font_weight_tablet":"","ocean_menu_typo_font_weight_mobile":"","ocean_menu_typo_transform":"","ocean_menu_typo_transform_tablet":"","ocean_menu_typo_transform_mobile":"","ocean_menu_typo_line_height":0,"ocean_menu_typo_line_height_tablet":0,"ocean_menu_typo_line_height_mobile":0,"ocean_menu_typo_line_height_unit":"","ocean_menu_typo_spacing":0,"ocean_menu_typo_spacing_tablet":0,"ocean_menu_typo_spacing_mobile":0,"ocean_menu_typo_spacing_unit":"","ocean_menu_link_color":"","ocean_menu_link_color_hover":"","ocean_menu_link_color_active":"","ocean_menu_link_background":"","ocean_menu_link_hover_background":"","ocean_menu_link_active_background":"","ocean_menu_social_links_bg":"","ocean_menu_social_hover_links_bg":"","ocean_menu_social_links_color":"","ocean_menu_social_hover_links_color":"","ocean_disable_title":"default","ocean_disable_heading":"default","ocean_post_title":"","ocean_post_subheading":"","ocean_post_title_style":"","ocean_post_title_background_color":"","ocean_post_title_background":0,"ocean_post_title_bg_image_position":"","ocean_post_title_bg_image_attachment":"","ocean_post_title_bg_image_repeat":"","ocean_post_title_bg_image_size":"","ocean_post_title_height":0,"ocean_post_title_bg_overlay":0.5,"ocean_post_title_bg_overlay_color":"","ocean_disable_breadcrumbs":"default","ocean_breadcrumbs_color":"","ocean_breadcrumbs_separator_color":"","ocean_breadcrumbs_links_color":"","ocean_breadcrumbs_links_hover_color":"","ocean_display_footer_widgets":"default","ocean_display_footer_bottom":"default","ocean_custom_footer_template":"0"},"product_brand":[53],"product_cat":[71],"product_tag":[],"class_list":{"0":"post-2382","1":"product","2":"type-product","3":"status-publish","4":"has-post-thumbnail","6":"product_brand-cevenaromes","7":"product_cat-huiles-essentielles","9":"entry","10":"has-media","12":"first","13":"instock","14":"shipping-taxable","15":"purchasable","16":"product-type-simple","17":"has-product-nav","18":"col","19":"span_1_of_4","20":"owp-content-center","21":"owp-thumbs-layout-horizontal","22":"owp-btn-normal","23":"owp-tabs-layout-horizontal","24":"has-no-thumbnails"},"_links":{"self":[{"href":"https:\/\/pierredelune-sceaux.fr\/index.php\/wp-json\/wp\/v2\/product\/2382","targetHints":{"allow":["GET"]}}],"collection":[{"href":"https:\/\/pierredelune-sceaux.fr\/index.php\/wp-json\/wp\/v2\/product"}],"about":[{"href":"https:\/\/pierredelune-sceaux.fr\/index.php\/wp-json\/wp\/v2\/types\/product"}],"wp:featuredmedia":[{"embeddable":true,"href":"https:\/\/pierredelune-sceaux.fr\/index.php\/wp-json\/wp\/v2\/media\/2383"}],"wp:attachment":[{"href":"https:\/\/pierredelune-sceaux.fr\/index.php\/wp-json\/wp\/v2\/media?parent=2382"}],"wp:term":[{"taxonomy":"product_brand","embeddable":true,"href":"https:\/\/pierredelune-sceaux.fr\/index.php\/wp-json\/wp\/v2\/product_brand?post=2382"},{"taxonomy":"product_cat","embeddable":true,"href":"https:\/\/pierredelune-sceaux.fr\/index.php\/wp-json\/wp\/v2\/product_cat?post=2382"},{"taxonomy":"product_tag","embeddable":true,"href":"https:\/\/pierredelune-sceaux.fr\/index.php\/wp-json\/wp\/v2\/product_tag?post=2382"}],"curies":[{"name":"wp","href":"https:\/\/api.w.org\/{rel}","templated":true}]}}