{"id":2384,"date":"2025-11-13T22:43:51","date_gmt":"2025-11-13T21:43:51","guid":{"rendered":"https:\/\/pierredelune-sceaux.fr\/?post_type=product&#038;p=2384"},"modified":"2025-11-13T22:43:51","modified_gmt":"2025-11-13T21:43:51","slug":"huile-essentielle-orange-douce-bio","status":"publish","type":"product","link":"https:\/\/pierredelune-sceaux.fr\/index.php\/produit\/huile-essentielle-orange-douce-bio\/","title":{"rendered":"Huile essentielle &#8211; Orange douce bio"},"content":{"rendered":"<p>Conseils d&rsquo;utilisation :<\/p>\n<p>Voie buccale: sur avis d&rsquo;un m\u00e9decin sp\u00e9cialiste<\/p>\n<p>Sur la peau: Uniquement en onctions locales, sur le plexus solaire, la nuque, derri\u00e8re les oreilles, les poignets. Et sans exposition des zones impr\u00e9gn\u00e9es \u00e0 la lumi\u00e8re solaire ! On l\u2019utilisera dilu\u00e9e \u00e0 30% dans une huile v\u00e9g\u00e9tale d\u2019Amande douce ou autre -environ 20 \u00e0 30 gouttes pour une cuill\u00e8re \u00e0 caf\u00e9 d\u2019huile v\u00e9g\u00e9tale-<\/p>\n<p>En diffusion: Elle se diffuse agr\u00e9ablement, seule ou en association. Apporte d\u00e9tente et une d\u00e9licieuse odeur d\u2019agrumes. Elle aseptise l\u2019air ambiant et les locaux, liti\u00e8res d\u2019animaux\u2026En hiver, elle r\u00e9chauffe et donne de la joie !<\/p>\n<p>En cuisine: 1 \u00e0 2 gouttes dans la sauce de crudit\u00e9s, salade marocaine, les volailles en sauce, le jus d\u2019un r\u00f4ti. Dans les confiseries, les p\u00e2tisseries, les glaces, \u00e0 raison d\u2019une \u00e0 deux gouttes par pr\u00e9paration. Pour une excellente tisane du soir, diluer avec une grosse cuiller\u00e9e de miel, du miel d\u2019oranger ou toutes fleurs, 2 \u00e0 4 gouttes d\u2019huile essentielle d\u2019Orange douce dans une infusion de tilleul, de verveine.<\/p>\n<hr \/>\n<p>Composition : Citrus sinensis Bio.<\/p>\n<p>Extraction par pression m\u00e9canique \u00e0 froid du zeste d\u2019orange<\/p>\n<hr \/>\n<p>Attention en usage externe. Elle est tr\u00e8s photosensibilisante comme tous les agrumes.La peau peut se tacher par l\u2019effet de l\u2019huile essentielle d\u2019orange douce &#8211; qui contient des furocoumarines &#8211; et de la lumi\u00e8re solaire. Aucune autre contre-indication aux doses physiologiques et usages recommand\u00e9s par un m\u00e9decin sp\u00e9cialiste..<\/p>\n<p>Respecter les modes et pr\u00e9cautions d\u2019emploi, dosages. Pratiquer un test cutan\u00e9 au pli du coude pour \u00e9viter un risque d\u2019allergie toujours possible. Appliquer une goutte et attendre 24 H pour une \u00e9ventuelle r\u00e9action cutan\u00e9e ou autre. Attention aux yeux !<\/p>\n<hr \/>\n<p>Pour tout usage th\u00e9rapeutique d\u2019huiles essentielles ou usage interne, usage durant la grossesse, durant l\u2019allaitement, pour les enfants en bas \u00e2ge, consulter un m\u00e9decin sp\u00e9cialiste.<\/p>\n<p>Pour plus d\u2019informations et usages th\u00e9rapeutiques, consulter un m\u00e9decin sp\u00e9cialiste. Les informations cit\u00e9es sur ce site sont tir\u00e9es d\u2019ouvrages de r\u00e9f\u00e9rence scientifique en aromath\u00e9rapie et ne sauraient en aucun cas constituer une information m\u00e9dicale, faire usage de diagnostic ou d\u2019ordonnance, ni engager la responsabilit\u00e9 du site.<\/p>\n<p>Il est recommand\u00e9 de veiller \u00e0 avoir une alimentation vari\u00e9e et \u00e9quilibr\u00e9e et un mode de vie sain. Tenir hors de port\u00e9e des enfants. Ce produit n\u2019est pas un m\u00e9dicament.<\/p>\n","protected":false},"excerpt":{"rendered":"<p>Propri\u00e9t\u00e9s et indications th\u00e9rapeutiques principales :<br \/>\n&#8211; Apaisante<br \/>\n&#8211; Calmante digestive l\u00e9g\u00e8re<br \/>\n&#8211; Antiseptique.<\/p>\n<p>On l\u2019utilise pour calmer une l\u00e9g\u00e8re anxi\u00e9t\u00e9, de la nervosit\u00e9, am\u00e9liorer l\u2019endormissement, notamment des enfants agit\u00e9s.<\/p>\n<p>L&rsquo;huile essentielle d&rsquo;orange pourra apaiser de l\u00e9gers spasmes digestifs.Elle sert \u00e0 d\u00e9sinfecter des locaux, en diffusion, apportant une tr\u00e8s agr\u00e9able odeur d\u2019orange. Indispensable en cuisine, elle entre dans de nombreuses recettes sucr\u00e9es mais aussi sal\u00e9es, tisanes, grogs\u2026<\/p>\n<p>Flacon 30ml<\/p>\n","protected":false},"featured_media":2385,"template":"","meta":{"ocean_post_layout":"","ocean_both_sidebars_style":"","ocean_both_sidebars_content_width":0,"ocean_both_sidebars_sidebars_width":0,"ocean_sidebar":"0","ocean_second_sidebar":"0","ocean_disable_margins":"enable","ocean_add_body_class":"","ocean_shortcode_before_top_bar":"","ocean_shortcode_after_top_bar":"","ocean_shortcode_before_header":"","ocean_shortcode_after_header":"","ocean_has_shortcode":"","ocean_shortcode_after_title":"","ocean_shortcode_before_footer_widgets":"","ocean_shortcode_after_footer_widgets":"","ocean_shortcode_before_footer_bottom":"","ocean_shortcode_after_footer_bottom":"","ocean_display_top_bar":"default","ocean_display_header":"default","ocean_header_style":"","ocean_center_header_left_menu":"0","ocean_custom_header_template":"0","ocean_custom_logo":0,"ocean_custom_retina_logo":0,"ocean_custom_logo_max_width":0,"ocean_custom_logo_tablet_max_width":0,"ocean_custom_logo_mobile_max_width":0,"ocean_custom_logo_max_height":0,"ocean_custom_logo_tablet_max_height":0,"ocean_custom_logo_mobile_max_height":0,"ocean_header_custom_menu":"0","ocean_menu_typo_font_family":"0","ocean_menu_typo_font_subset":"","ocean_menu_typo_font_size":0,"ocean_menu_typo_font_size_tablet":0,"ocean_menu_typo_font_size_mobile":0,"ocean_menu_typo_font_size_unit":"px","ocean_menu_typo_font_weight":"","ocean_menu_typo_font_weight_tablet":"","ocean_menu_typo_font_weight_mobile":"","ocean_menu_typo_transform":"","ocean_menu_typo_transform_tablet":"","ocean_menu_typo_transform_mobile":"","ocean_menu_typo_line_height":0,"ocean_menu_typo_line_height_tablet":0,"ocean_menu_typo_line_height_mobile":0,"ocean_menu_typo_line_height_unit":"","ocean_menu_typo_spacing":0,"ocean_menu_typo_spacing_tablet":0,"ocean_menu_typo_spacing_mobile":0,"ocean_menu_typo_spacing_unit":"","ocean_menu_link_color":"","ocean_menu_link_color_hover":"","ocean_menu_link_color_active":"","ocean_menu_link_background":"","ocean_menu_link_hover_background":"","ocean_menu_link_active_background":"","ocean_menu_social_links_bg":"","ocean_menu_social_hover_links_bg":"","ocean_menu_social_links_color":"","ocean_menu_social_hover_links_color":"","ocean_disable_title":"default","ocean_disable_heading":"default","ocean_post_title":"","ocean_post_subheading":"","ocean_post_title_style":"","ocean_post_title_background_color":"","ocean_post_title_background":0,"ocean_post_title_bg_image_position":"","ocean_post_title_bg_image_attachment":"","ocean_post_title_bg_image_repeat":"","ocean_post_title_bg_image_size":"","ocean_post_title_height":0,"ocean_post_title_bg_overlay":0.5,"ocean_post_title_bg_overlay_color":"","ocean_disable_breadcrumbs":"default","ocean_breadcrumbs_color":"","ocean_breadcrumbs_separator_color":"","ocean_breadcrumbs_links_color":"","ocean_breadcrumbs_links_hover_color":"","ocean_display_footer_widgets":"default","ocean_display_footer_bottom":"default","ocean_custom_footer_template":"0"},"product_brand":[53],"product_cat":[71],"product_tag":[],"class_list":{"0":"post-2384","1":"product","2":"type-product","3":"status-publish","4":"has-post-thumbnail","6":"product_brand-cevenaromes","7":"product_cat-huiles-essentielles","9":"entry","10":"has-media","12":"first","13":"instock","14":"shipping-taxable","15":"purchasable","16":"product-type-simple","17":"has-product-nav","18":"col","19":"span_1_of_4","20":"owp-content-center","21":"owp-thumbs-layout-horizontal","22":"owp-btn-normal","23":"owp-tabs-layout-horizontal","24":"has-no-thumbnails"},"_links":{"self":[{"href":"https:\/\/pierredelune-sceaux.fr\/index.php\/wp-json\/wp\/v2\/product\/2384","targetHints":{"allow":["GET"]}}],"collection":[{"href":"https:\/\/pierredelune-sceaux.fr\/index.php\/wp-json\/wp\/v2\/product"}],"about":[{"href":"https:\/\/pierredelune-sceaux.fr\/index.php\/wp-json\/wp\/v2\/types\/product"}],"wp:featuredmedia":[{"embeddable":true,"href":"https:\/\/pierredelune-sceaux.fr\/index.php\/wp-json\/wp\/v2\/media\/2385"}],"wp:attachment":[{"href":"https:\/\/pierredelune-sceaux.fr\/index.php\/wp-json\/wp\/v2\/media?parent=2384"}],"wp:term":[{"taxonomy":"product_brand","embeddable":true,"href":"https:\/\/pierredelune-sceaux.fr\/index.php\/wp-json\/wp\/v2\/product_brand?post=2384"},{"taxonomy":"product_cat","embeddable":true,"href":"https:\/\/pierredelune-sceaux.fr\/index.php\/wp-json\/wp\/v2\/product_cat?post=2384"},{"taxonomy":"product_tag","embeddable":true,"href":"https:\/\/pierredelune-sceaux.fr\/index.php\/wp-json\/wp\/v2\/product_tag?post=2384"}],"curies":[{"name":"wp","href":"https:\/\/api.w.org\/{rel}","templated":true}]}}