{"id":2386,"date":"2025-11-13T22:43:45","date_gmt":"2025-11-13T21:43:45","guid":{"rendered":"https:\/\/pierredelune-sceaux.fr\/?post_type=product&#038;p=2386"},"modified":"2025-11-13T22:43:45","modified_gmt":"2025-11-13T21:43:45","slug":"huile-essentielle-niaouli-20ml","status":"publish","type":"product","link":"https:\/\/pierredelune-sceaux.fr\/index.php\/produit\/huile-essentielle-niaouli-20ml\/","title":{"rendered":"Huile essentielle &#8211; Niaouli &#8211; 20ml"},"content":{"rendered":"<p>Conseils d&rsquo;utilisation :<\/p>\n<p>Voie buccale: sur avis<\/p>\n<p>Sur la peau: En onctions localis\u00e9es, peu \u00e9tendues, on peut l\u2019utilisera pure, si la peau n\u2019est pas sensible, ou dilu\u00e9e \u00e0 30% dans une huile v\u00e9g\u00e9tale d\u2019Amande douce ou autre<br \/>\nEn pr\u00e9vention des infections hivernales, 2 \u00e0 4 gouttes dilu\u00e9es, sur la nuque, derri\u00e8re les oreilles, sur le cou, au creux des poignets.<\/p>\n<p>Plaies infect\u00e9es : 2 gouttes pures ou l\u00e9g\u00e8rement dilu\u00e9es. Associer l\u2019H.E. de Lavande.<\/p>\n<p>Bain: On pourra aussi utiliser l\u2019H.E. de Niaouli dans un bain chaud, dilu\u00e9e avant dans un peu de lait en poudre, un yaourt, une base sp\u00e9ciale bain.<\/p>\n<p>En diffusion: Respirer quelques gouttes de Niaouli sur un mouchoir. Utiliser dans un diffuseur seule ou en association.Ou faire une inhalation en mettant quelques gouttes d\u2019huiles essentielles de Niaouli et de Pin sylvestre dans un bol d\u2019eau bouillante.<\/p>\n<p>En cuisine: 1 \u00e0 2 gouttes dans les terrines, les viandes cuisin\u00e9es au vin.<\/p>\n<hr \/>\n<p>Associations possibles : Huiles essentielles de Thym vulgaire linalol, pin sylvestre, \u00e9pic\u00e9a, lavande, romarin 1,8 cin\u00e9ole, ravintsara<\/p>\n<hr \/>\n<p>IMPORTANT : Respecter les modes et pr\u00e9cautions d\u2019emploi, dosages. Pratiquer un test cutan\u00e9 au pli du coude pour \u00e9viter un risque d\u2019allergie toujours possible. Appliquer une goutte et attendre 24 H pour une \u00e9ventuelle r\u00e9action cutan\u00e9e ou autre. Attention aux yeux !<\/p>\n<p>Pour tout usage th\u00e9rapeutique d\u2019huiles essentielles ou usage interne, usage durant la grossesse, durant l\u2019allaitement, pour les enfants en bas \u00e2ge, consulter un m\u00e9decin sp\u00e9cialiste.<\/p>\n<p>Pour plus d\u2019informations et usages th\u00e9rapeutiques, consulter un m\u00e9decin sp\u00e9cialiste. Les informations cit\u00e9es sur ce site sont tir\u00e9es d\u2019ouvrages de r\u00e9f\u00e9rence scientifique en aromath\u00e9rapie et ne sauraient en aucun cas constituer une information m\u00e9dicale, faire usage de diagnostic ou d\u2019ordonnance, ni engager la responsabilit\u00e9 du site.<\/p>\n<p>Il est recommand\u00e9 de veiller \u00e0 avoir une alimentation vari\u00e9e et \u00e9quilibr\u00e9e et un mode de vie sain. Tenir hors de port\u00e9e des enfants. Ce produit n\u2019est pas un m\u00e9dicament<\/p>\n","protected":false},"excerpt":{"rendered":"<p>Propri\u00e9t\u00e9s de cette huile essentielle :<br \/>\n&#8211; Anti-infectieuse g\u00e9n\u00e9rale<br \/>\n&#8211; Expectorante<br \/>\n&#8211; Anti-virale<br \/>\n&#8211; Anti-fongique<\/p>\n<p>Le Niaouli est un arbre de 20 m\u00e8tres de haut. De la famille des myrtac\u00e9es.<\/p>\n<p>Extraction par distillation \u00e0 la vapeur des feuilles.<\/p>\n<p>Flacon de 20ml<\/p>\n","protected":false},"featured_media":2387,"template":"","meta":{"ocean_post_layout":"","ocean_both_sidebars_style":"","ocean_both_sidebars_content_width":0,"ocean_both_sidebars_sidebars_width":0,"ocean_sidebar":"0","ocean_second_sidebar":"0","ocean_disable_margins":"enable","ocean_add_body_class":"","ocean_shortcode_before_top_bar":"","ocean_shortcode_after_top_bar":"","ocean_shortcode_before_header":"","ocean_shortcode_after_header":"","ocean_has_shortcode":"","ocean_shortcode_after_title":"","ocean_shortcode_before_footer_widgets":"","ocean_shortcode_after_footer_widgets":"","ocean_shortcode_before_footer_bottom":"","ocean_shortcode_after_footer_bottom":"","ocean_display_top_bar":"default","ocean_display_header":"default","ocean_header_style":"","ocean_center_header_left_menu":"0","ocean_custom_header_template":"0","ocean_custom_logo":0,"ocean_custom_retina_logo":0,"ocean_custom_logo_max_width":0,"ocean_custom_logo_tablet_max_width":0,"ocean_custom_logo_mobile_max_width":0,"ocean_custom_logo_max_height":0,"ocean_custom_logo_tablet_max_height":0,"ocean_custom_logo_mobile_max_height":0,"ocean_header_custom_menu":"0","ocean_menu_typo_font_family":"0","ocean_menu_typo_font_subset":"","ocean_menu_typo_font_size":0,"ocean_menu_typo_font_size_tablet":0,"ocean_menu_typo_font_size_mobile":0,"ocean_menu_typo_font_size_unit":"px","ocean_menu_typo_font_weight":"","ocean_menu_typo_font_weight_tablet":"","ocean_menu_typo_font_weight_mobile":"","ocean_menu_typo_transform":"","ocean_menu_typo_transform_tablet":"","ocean_menu_typo_transform_mobile":"","ocean_menu_typo_line_height":0,"ocean_menu_typo_line_height_tablet":0,"ocean_menu_typo_line_height_mobile":0,"ocean_menu_typo_line_height_unit":"","ocean_menu_typo_spacing":0,"ocean_menu_typo_spacing_tablet":0,"ocean_menu_typo_spacing_mobile":0,"ocean_menu_typo_spacing_unit":"","ocean_menu_link_color":"","ocean_menu_link_color_hover":"","ocean_menu_link_color_active":"","ocean_menu_link_background":"","ocean_menu_link_hover_background":"","ocean_menu_link_active_background":"","ocean_menu_social_links_bg":"","ocean_menu_social_hover_links_bg":"","ocean_menu_social_links_color":"","ocean_menu_social_hover_links_color":"","ocean_disable_title":"default","ocean_disable_heading":"default","ocean_post_title":"","ocean_post_subheading":"","ocean_post_title_style":"","ocean_post_title_background_color":"","ocean_post_title_background":0,"ocean_post_title_bg_image_position":"","ocean_post_title_bg_image_attachment":"","ocean_post_title_bg_image_repeat":"","ocean_post_title_bg_image_size":"","ocean_post_title_height":0,"ocean_post_title_bg_overlay":0.5,"ocean_post_title_bg_overlay_color":"","ocean_disable_breadcrumbs":"default","ocean_breadcrumbs_color":"","ocean_breadcrumbs_separator_color":"","ocean_breadcrumbs_links_color":"","ocean_breadcrumbs_links_hover_color":"","ocean_display_footer_widgets":"default","ocean_display_footer_bottom":"default","ocean_custom_footer_template":"0"},"product_brand":[53],"product_cat":[71],"product_tag":[],"class_list":{"0":"post-2386","1":"product","2":"type-product","3":"status-publish","4":"has-post-thumbnail","6":"product_brand-cevenaromes","7":"product_cat-huiles-essentielles","9":"entry","10":"has-media","12":"first","13":"instock","14":"shipping-taxable","15":"purchasable","16":"product-type-simple","17":"has-product-nav","18":"col","19":"span_1_of_4","20":"owp-content-center","21":"owp-thumbs-layout-horizontal","22":"owp-btn-normal","23":"owp-tabs-layout-horizontal","24":"has-no-thumbnails"},"_links":{"self":[{"href":"https:\/\/pierredelune-sceaux.fr\/index.php\/wp-json\/wp\/v2\/product\/2386","targetHints":{"allow":["GET"]}}],"collection":[{"href":"https:\/\/pierredelune-sceaux.fr\/index.php\/wp-json\/wp\/v2\/product"}],"about":[{"href":"https:\/\/pierredelune-sceaux.fr\/index.php\/wp-json\/wp\/v2\/types\/product"}],"wp:featuredmedia":[{"embeddable":true,"href":"https:\/\/pierredelune-sceaux.fr\/index.php\/wp-json\/wp\/v2\/media\/2387"}],"wp:attachment":[{"href":"https:\/\/pierredelune-sceaux.fr\/index.php\/wp-json\/wp\/v2\/media?parent=2386"}],"wp:term":[{"taxonomy":"product_brand","embeddable":true,"href":"https:\/\/pierredelune-sceaux.fr\/index.php\/wp-json\/wp\/v2\/product_brand?post=2386"},{"taxonomy":"product_cat","embeddable":true,"href":"https:\/\/pierredelune-sceaux.fr\/index.php\/wp-json\/wp\/v2\/product_cat?post=2386"},{"taxonomy":"product_tag","embeddable":true,"href":"https:\/\/pierredelune-sceaux.fr\/index.php\/wp-json\/wp\/v2\/product_tag?post=2386"}],"curies":[{"name":"wp","href":"https:\/\/api.w.org\/{rel}","templated":true}]}}