{"id":2389,"date":"2025-11-13T22:43:15","date_gmt":"2025-11-13T21:43:15","guid":{"rendered":"https:\/\/pierredelune-sceaux.fr\/?post_type=product&#038;p=2389"},"modified":"2025-11-13T22:43:15","modified_gmt":"2025-11-13T21:43:15","slug":"huile-essentielle-menthe-poivree-bio","status":"publish","type":"product","link":"https:\/\/pierredelune-sceaux.fr\/index.php\/produit\/huile-essentielle-menthe-poivree-bio\/","title":{"rendered":"Huile essentielle &#8211; Menthe poivr\u00e9e Bio"},"content":{"rendered":"<p>Conseils d&rsquo;utilisation :<\/p>\n<p>Voie buccale : sur avis<\/p>\n<p>Sur la peau : On la dilue de pr\u00e9f\u00e9rence \u00e0 20 ou 30 % dans une huile v\u00e9g\u00e9tale de Calendula, de Jojoba, d\u2019Amande douce ou autre. Il est possible de l\u2019utiliser pure sur une zone tr\u00e8s localis\u00e9e du corps et peu sensible.<br \/>\nEn friction ou en onction sur les tempes, le front, derri\u00e8re les oreilles, la nuque pour soulager les migraines, c\u00e9phal\u00e9es, sinusites, pour dynamiser et tonifier l&rsquo;organisme et le mental.<\/p>\n<p>En diffusion : Pas plus de 10 \u00e0 15% d\u2019huile essentielle de Menthe poivr\u00e9e dans un m\u00e9lange d\u2019huiles essentielles \u00e0 diffuser. Associer les huiles essentielles de Citron, Eucalyptus, Ylang-ylang, Lavande\u2026On peut respirer quelques gouttes sur un mouchoir pour aider \u00e0 soulager des sinusites, stimuler l\u2019intellect, soulager des naus\u00e9es.<\/p>\n<p>Soin du corps : Pour rafra\u00eechir l\u2019haleine, apr\u00e8s le brossage des dents, une goutte dans un bain de bouche.<\/p>\n<p>En cuisine : Elle apporte un parfum puissant et une saveur rafra\u00eechissante. 1 \u00e0 2 gouttes seulement. Pour une boisson rafra\u00eechissante et digestive: 1 goutte dans une eau citronn\u00e9e et du miel.<\/p>\n<hr \/>\n<p>Composition: Mentha pip\u00e9rita officinalis Bio<\/p>\n<p>Obtenue par distillation \u00e0 la vapeur d&rsquo;eau des feuilles de menthe poivr\u00e9e<\/p>\n<hr \/>\n<p>IMPORTANT : Respecter les modes et pr\u00e9cautions d\u2019emploi, dosages. Pratiquer un test cutan\u00e9 au pli du coude pour \u00e9viter un risque d\u2019allergie toujours possible. Appliquer une goutte et attendre 24 H pour une \u00e9ventuelle r\u00e9action cutan\u00e9e ou autre. Attention aux yeux !<\/p>\n<p>Pour tout usage th\u00e9rapeutique d\u2019huiles essentielles ou usage interne, usage durant la grossesse, durant l\u2019allaitement, pour les enfants en bas \u00e2ge, consulter un m\u00e9decin sp\u00e9cialiste.<\/p>\n<p>Pour plus d\u2019informations et usages th\u00e9rapeutiques, consulter un m\u00e9decin sp\u00e9cialiste. Les informations cit\u00e9es sur ce site sont tir\u00e9es d\u2019ouvrages de r\u00e9f\u00e9rence scientifique en aromath\u00e9rapie et ne sauraient en aucun cas constituer une information m\u00e9dicale, faire usage de diagnostic ou d\u2019ordonnance, ni engager la responsabilit\u00e9 du site.<\/p>\n<p>Il est recommand\u00e9 de veiller \u00e0 avoir une alimentation vari\u00e9e et \u00e9quilibr\u00e9e et un mode de vie sain. Tenir hors de port\u00e9e des enfants. Ce produit n\u2019est pas un m\u00e9dicament<\/p>\n","protected":false},"excerpt":{"rendered":"<p>Propri\u00e9t\u00e9s principales :<br \/>\n&#8211; Tonique, dynamisante<br \/>\n&#8211; Stimulante digestive<br \/>\n&#8211; Anti-infectieuse<br \/>\n&#8211; Effet \u00ab froid \u00bb antalgique et anesth\u00e9siant.<\/p>\n<p>La plante est p\u00e9renne et herbac\u00e9e avec tige quadrangulaire portant des feuilles dentel\u00e9es et oppos\u00e9es. Les fleurs mauves apparaissent en \u00e9pis sur les sommit\u00e9s. Il en existe au moins 25 vari\u00e9t\u00e9s. Elles affectionnent les endroits frais et humides.<\/p>\n<p>La menthe poivr\u00e9e est une vari\u00e9t\u00e9 hybride. Elle est tr\u00e8s utilis\u00e9e en cuisine.<\/p>\n","protected":false},"featured_media":2390,"template":"","meta":{"ocean_post_layout":"","ocean_both_sidebars_style":"","ocean_both_sidebars_content_width":0,"ocean_both_sidebars_sidebars_width":0,"ocean_sidebar":"0","ocean_second_sidebar":"0","ocean_disable_margins":"enable","ocean_add_body_class":"","ocean_shortcode_before_top_bar":"","ocean_shortcode_after_top_bar":"","ocean_shortcode_before_header":"","ocean_shortcode_after_header":"","ocean_has_shortcode":"","ocean_shortcode_after_title":"","ocean_shortcode_before_footer_widgets":"","ocean_shortcode_after_footer_widgets":"","ocean_shortcode_before_footer_bottom":"","ocean_shortcode_after_footer_bottom":"","ocean_display_top_bar":"default","ocean_display_header":"default","ocean_header_style":"","ocean_center_header_left_menu":"0","ocean_custom_header_template":"0","ocean_custom_logo":0,"ocean_custom_retina_logo":0,"ocean_custom_logo_max_width":0,"ocean_custom_logo_tablet_max_width":0,"ocean_custom_logo_mobile_max_width":0,"ocean_custom_logo_max_height":0,"ocean_custom_logo_tablet_max_height":0,"ocean_custom_logo_mobile_max_height":0,"ocean_header_custom_menu":"0","ocean_menu_typo_font_family":"0","ocean_menu_typo_font_subset":"","ocean_menu_typo_font_size":0,"ocean_menu_typo_font_size_tablet":0,"ocean_menu_typo_font_size_mobile":0,"ocean_menu_typo_font_size_unit":"px","ocean_menu_typo_font_weight":"","ocean_menu_typo_font_weight_tablet":"","ocean_menu_typo_font_weight_mobile":"","ocean_menu_typo_transform":"","ocean_menu_typo_transform_tablet":"","ocean_menu_typo_transform_mobile":"","ocean_menu_typo_line_height":0,"ocean_menu_typo_line_height_tablet":0,"ocean_menu_typo_line_height_mobile":0,"ocean_menu_typo_line_height_unit":"","ocean_menu_typo_spacing":0,"ocean_menu_typo_spacing_tablet":0,"ocean_menu_typo_spacing_mobile":0,"ocean_menu_typo_spacing_unit":"","ocean_menu_link_color":"","ocean_menu_link_color_hover":"","ocean_menu_link_color_active":"","ocean_menu_link_background":"","ocean_menu_link_hover_background":"","ocean_menu_link_active_background":"","ocean_menu_social_links_bg":"","ocean_menu_social_hover_links_bg":"","ocean_menu_social_links_color":"","ocean_menu_social_hover_links_color":"","ocean_disable_title":"default","ocean_disable_heading":"default","ocean_post_title":"","ocean_post_subheading":"","ocean_post_title_style":"","ocean_post_title_background_color":"","ocean_post_title_background":0,"ocean_post_title_bg_image_position":"","ocean_post_title_bg_image_attachment":"","ocean_post_title_bg_image_repeat":"","ocean_post_title_bg_image_size":"","ocean_post_title_height":0,"ocean_post_title_bg_overlay":0.5,"ocean_post_title_bg_overlay_color":"","ocean_disable_breadcrumbs":"default","ocean_breadcrumbs_color":"","ocean_breadcrumbs_separator_color":"","ocean_breadcrumbs_links_color":"","ocean_breadcrumbs_links_hover_color":"","ocean_display_footer_widgets":"default","ocean_display_footer_bottom":"default","ocean_custom_footer_template":"0"},"product_brand":[53],"product_cat":[71],"product_tag":[],"class_list":{"0":"post-2389","1":"product","2":"type-product","3":"status-publish","4":"has-post-thumbnail","6":"product_brand-cevenaromes","7":"product_cat-huiles-essentielles","9":"entry","10":"has-media","12":"first","13":"instock","14":"shipping-taxable","15":"purchasable","16":"product-type-simple","17":"has-product-nav","18":"col","19":"span_1_of_4","20":"owp-content-center","21":"owp-thumbs-layout-horizontal","22":"owp-btn-normal","23":"owp-tabs-layout-horizontal","24":"has-no-thumbnails"},"_links":{"self":[{"href":"https:\/\/pierredelune-sceaux.fr\/index.php\/wp-json\/wp\/v2\/product\/2389","targetHints":{"allow":["GET"]}}],"collection":[{"href":"https:\/\/pierredelune-sceaux.fr\/index.php\/wp-json\/wp\/v2\/product"}],"about":[{"href":"https:\/\/pierredelune-sceaux.fr\/index.php\/wp-json\/wp\/v2\/types\/product"}],"wp:featuredmedia":[{"embeddable":true,"href":"https:\/\/pierredelune-sceaux.fr\/index.php\/wp-json\/wp\/v2\/media\/2390"}],"wp:attachment":[{"href":"https:\/\/pierredelune-sceaux.fr\/index.php\/wp-json\/wp\/v2\/media?parent=2389"}],"wp:term":[{"taxonomy":"product_brand","embeddable":true,"href":"https:\/\/pierredelune-sceaux.fr\/index.php\/wp-json\/wp\/v2\/product_brand?post=2389"},{"taxonomy":"product_cat","embeddable":true,"href":"https:\/\/pierredelune-sceaux.fr\/index.php\/wp-json\/wp\/v2\/product_cat?post=2389"},{"taxonomy":"product_tag","embeddable":true,"href":"https:\/\/pierredelune-sceaux.fr\/index.php\/wp-json\/wp\/v2\/product_tag?post=2389"}],"curies":[{"name":"wp","href":"https:\/\/api.w.org\/{rel}","templated":true}]}}