{"id":2393,"date":"2025-11-13T22:43:03","date_gmt":"2025-11-13T21:43:03","guid":{"rendered":"https:\/\/pierredelune-sceaux.fr\/?post_type=product&#038;p=2393"},"modified":"2025-11-13T22:43:03","modified_gmt":"2025-11-13T21:43:03","slug":"huile-essentielle-lemongrass","status":"publish","type":"product","link":"https:\/\/pierredelune-sceaux.fr\/index.php\/produit\/huile-essentielle-lemongrass\/","title":{"rendered":"Huile essentielle &#8211; Lemongrass"},"content":{"rendered":"<p>Huile essentielle de Cymbopogon citratus, issu de l&rsquo;agriculture biologique<br \/>\nFamille : poac\u00e9es<br \/>\nOrigine : Madagascar\/Afrique du Sud\/Inde<br \/>\nPartie utilis\u00e9e : partie a\u00e9rienne<br \/>\nMode d&rsquo;obtention : distillation traditionnelle par entra\u00eenement \u00e0 la vapeur d&rsquo;eau<br \/>\nComposants majoritaires : g\u00e9ranial, n\u00e9ra<\/p>\n<hr \/>\n<p>Conseils d&rsquo;utilisation :<\/p>\n<p>Voie buccale : 1 \u00e0 3 gouttes dilu\u00e9es avec 1 cuill\u00e9r\u00e9e \u00e0 caf\u00e9 de miel ou sur 1 comprim\u00e9 neutre, 2 \u00e0 3 fois par jour<\/p>\n<p>Sur la peau :<br \/>\nPour l\u2019utilisation en massage, on fera imp\u00e9rativement une dilution dans de l\u2019huile v\u00e9g\u00e9tale. 10 \u00e0 30 ml maximums d\u2019huile essentielle de Lemongrass dans 100 ml d\u2019huile v\u00e9g\u00e9tale.<br \/>\nPour affiner la silhouette, diminuer la cellulite, masser les zones concern\u00e9es matin et soir.<br \/>\nPour la d\u00e9tente, les blocages, massage du dos, le long de la colonne vert\u00e9brale, du plexus solaire, de la plante des pieds avec le m\u00e9lange.<\/p>\n<p>En diffusion : On l\u2019utilise beaucoup en diffusion, seule ou associ\u00e9e avec des H.E. de pin, sapin, des huiles essentielles apaisantes. On peut la respirer sur un mouchoir, mettre quelques gouttes dans un diffuseur.<\/p>\n<p>Hygi\u00e8ne &#8211; soin du corps :<br \/>\nPour lutter contre la cellulite, on massera en \u00ab palper rouler \u00bb les zones concern\u00e9es, en suivant les voies lymphatiques et en remontant vers le c\u0153ur.. Il est recommand\u00e9 d\u2019 associer les huiles essentielles de Cypr\u00e8s, de Gen\u00e9vrier, de c\u00e8dre, de G\u00e9ranium rosat, dans une huile v\u00e9g\u00e9tale de calendula. 5 ml de chaque huile essentielle dans 100 ml d\u2019huile v\u00e9g\u00e9tale.<\/p>\n<p>Cuisine : pour aromatiser 1 goutte ou 2 suffisent en g\u00e9n\u00e9ral.<\/p>\n<hr \/>\n<p>Pour plus d\u2019informations et usages th\u00e9rapeutiques, consulter un m\u00e9decin sp\u00e9cialiste.<\/p>\n<p>Respecter les modes et pr\u00e9cautions d\u2019emploi, dosages, lire la notice avant utilisation.<\/p>\n<p>Pour tout usage interne d\u2019huiles essentielles durant la grossesse, durant l\u2019allaitement, pour les enfants en bas \u00e2ge, consulter un m\u00e9decin sp\u00e9cialiste.<\/p>\n","protected":false},"excerpt":{"rendered":"<p>Cette huile essentielle est rafra\u00eechissante, d\u00e9sodorisante, assainissante et purifiante. Elle permet de se d\u00e9barrasser des odeurs de cuisine, de tabac, de d\u00e9tritus et d&rsquo;assainir l&rsquo;air ambiant notamment pendant les p\u00e9riodes \u00e9pid\u00e9miques l&rsquo;hiver.<\/p>\n<p>Garantie 100% pure, naturelle et int\u00e9grale.<\/p>\n","protected":false},"featured_media":2394,"template":"","meta":{"ocean_post_layout":"","ocean_both_sidebars_style":"","ocean_both_sidebars_content_width":0,"ocean_both_sidebars_sidebars_width":0,"ocean_sidebar":"0","ocean_second_sidebar":"0","ocean_disable_margins":"enable","ocean_add_body_class":"","ocean_shortcode_before_top_bar":"","ocean_shortcode_after_top_bar":"","ocean_shortcode_before_header":"","ocean_shortcode_after_header":"","ocean_has_shortcode":"","ocean_shortcode_after_title":"","ocean_shortcode_before_footer_widgets":"","ocean_shortcode_after_footer_widgets":"","ocean_shortcode_before_footer_bottom":"","ocean_shortcode_after_footer_bottom":"","ocean_display_top_bar":"default","ocean_display_header":"default","ocean_header_style":"","ocean_center_header_left_menu":"0","ocean_custom_header_template":"0","ocean_custom_logo":0,"ocean_custom_retina_logo":0,"ocean_custom_logo_max_width":0,"ocean_custom_logo_tablet_max_width":0,"ocean_custom_logo_mobile_max_width":0,"ocean_custom_logo_max_height":0,"ocean_custom_logo_tablet_max_height":0,"ocean_custom_logo_mobile_max_height":0,"ocean_header_custom_menu":"0","ocean_menu_typo_font_family":"0","ocean_menu_typo_font_subset":"","ocean_menu_typo_font_size":0,"ocean_menu_typo_font_size_tablet":0,"ocean_menu_typo_font_size_mobile":0,"ocean_menu_typo_font_size_unit":"px","ocean_menu_typo_font_weight":"","ocean_menu_typo_font_weight_tablet":"","ocean_menu_typo_font_weight_mobile":"","ocean_menu_typo_transform":"","ocean_menu_typo_transform_tablet":"","ocean_menu_typo_transform_mobile":"","ocean_menu_typo_line_height":0,"ocean_menu_typo_line_height_tablet":0,"ocean_menu_typo_line_height_mobile":0,"ocean_menu_typo_line_height_unit":"","ocean_menu_typo_spacing":0,"ocean_menu_typo_spacing_tablet":0,"ocean_menu_typo_spacing_mobile":0,"ocean_menu_typo_spacing_unit":"","ocean_menu_link_color":"","ocean_menu_link_color_hover":"","ocean_menu_link_color_active":"","ocean_menu_link_background":"","ocean_menu_link_hover_background":"","ocean_menu_link_active_background":"","ocean_menu_social_links_bg":"","ocean_menu_social_hover_links_bg":"","ocean_menu_social_links_color":"","ocean_menu_social_hover_links_color":"","ocean_disable_title":"default","ocean_disable_heading":"default","ocean_post_title":"","ocean_post_subheading":"","ocean_post_title_style":"","ocean_post_title_background_color":"","ocean_post_title_background":0,"ocean_post_title_bg_image_position":"","ocean_post_title_bg_image_attachment":"","ocean_post_title_bg_image_repeat":"","ocean_post_title_bg_image_size":"","ocean_post_title_height":0,"ocean_post_title_bg_overlay":0.5,"ocean_post_title_bg_overlay_color":"","ocean_disable_breadcrumbs":"default","ocean_breadcrumbs_color":"","ocean_breadcrumbs_separator_color":"","ocean_breadcrumbs_links_color":"","ocean_breadcrumbs_links_hover_color":"","ocean_display_footer_widgets":"default","ocean_display_footer_bottom":"default","ocean_custom_footer_template":"0"},"product_brand":[53],"product_cat":[71],"product_tag":[],"class_list":{"0":"post-2393","1":"product","2":"type-product","3":"status-publish","4":"has-post-thumbnail","6":"product_brand-cevenaromes","7":"product_cat-huiles-essentielles","9":"entry","10":"has-media","12":"first","13":"instock","14":"shipping-taxable","15":"purchasable","16":"product-type-simple","17":"has-product-nav","18":"col","19":"span_1_of_4","20":"owp-content-center","21":"owp-thumbs-layout-horizontal","22":"owp-btn-normal","23":"owp-tabs-layout-horizontal","24":"has-no-thumbnails"},"_links":{"self":[{"href":"https:\/\/pierredelune-sceaux.fr\/index.php\/wp-json\/wp\/v2\/product\/2393","targetHints":{"allow":["GET"]}}],"collection":[{"href":"https:\/\/pierredelune-sceaux.fr\/index.php\/wp-json\/wp\/v2\/product"}],"about":[{"href":"https:\/\/pierredelune-sceaux.fr\/index.php\/wp-json\/wp\/v2\/types\/product"}],"wp:featuredmedia":[{"embeddable":true,"href":"https:\/\/pierredelune-sceaux.fr\/index.php\/wp-json\/wp\/v2\/media\/2394"}],"wp:attachment":[{"href":"https:\/\/pierredelune-sceaux.fr\/index.php\/wp-json\/wp\/v2\/media?parent=2393"}],"wp:term":[{"taxonomy":"product_brand","embeddable":true,"href":"https:\/\/pierredelune-sceaux.fr\/index.php\/wp-json\/wp\/v2\/product_brand?post=2393"},{"taxonomy":"product_cat","embeddable":true,"href":"https:\/\/pierredelune-sceaux.fr\/index.php\/wp-json\/wp\/v2\/product_cat?post=2393"},{"taxonomy":"product_tag","embeddable":true,"href":"https:\/\/pierredelune-sceaux.fr\/index.php\/wp-json\/wp\/v2\/product_tag?post=2393"}],"curies":[{"name":"wp","href":"https:\/\/api.w.org\/{rel}","templated":true}]}}