{"id":2395,"date":"2025-11-13T22:40:10","date_gmt":"2025-11-13T21:40:10","guid":{"rendered":"https:\/\/pierredelune-sceaux.fr\/?post_type=product&#038;p=2395"},"modified":"2025-11-13T22:40:10","modified_gmt":"2025-11-13T21:40:10","slug":"huile-essentielle-lavandin-30ml","status":"publish","type":"product","link":"https:\/\/pierredelune-sceaux.fr\/index.php\/produit\/huile-essentielle-lavandin-30ml\/","title":{"rendered":"Huile essentielle &#8211; Lavandin &#8211; 30ml"},"content":{"rendered":"<p>Conseils d&rsquo;utilisation :<\/p>\n<p>Voie interne\u00a0:\u00a0quelques gouttes d&rsquo;<em>huile essentielle<\/em>\u00a0de\u00a0<em>lavandin<\/em> dans une cuill\u00e8re de miel, plusieurs fois par jour lors de probl\u00e8mes infectieux (voir indications) ; de 3 \u00e0 5 gouttes sur un sucre ou une cuiller de miel le matin et vers 11h30 en vue d?une action g\u00e9n\u00e9rale.<\/p>\n<p>Voie transcutan\u00e9e\u00a0:\u00a0Onctions directes, m\u00e9lang\u00e9 avec une huile v\u00e9g\u00e9tale vierge, sur la poitrine en cas de toux\u00a0; massages sur le plexus solaire pour tonifier le syst\u00e8me nerveux\u00a0; onctions sur la nuque pour lutter contre l&rsquo;endormissement (en voiture notamment)\u00a0; 10 gouttes dilu\u00e9es dans la dose de bain parfument le bain<\/p>\n<p>Voie transpulmonaire\u00a0:\u00a0Quelques gouttes dans l&rsquo;eau de lavage des sols parfument et assainissent.<\/p>\n","protected":false},"excerpt":{"rendered":"<p>Propri\u00e9t\u00e9s principales :<br \/>\n&#8211; Tonique g\u00e9n\u00e9ral et du syst\u00e8me nerveux<br \/>\n&#8211; Antimicrobien, bact\u00e9ricide, fongicide, virucide<br \/>\n&#8211; Anti catarrhal et expectorant.<\/p>\n<p>Calmante, d\u00e9contractante et anti-infectieuse. Elle favorise la relaxation et le bien-\u00eatre tout en cr\u00e9ant une atmosph\u00e8re apaisante. C&rsquo;est \u00e9galement un antiparasitaire qui permet de lutter efficacement contre les tiques, les poux, les puces&#8230;<\/p>\n<p>Cette huile essentielle est issue du croisement de lavandula officinalis et de lavandula latifolia. Elle est cultiv\u00e9e dans le Midi, des C\u00e9vennes aux Alpes.<\/p>\n<p>Flacon 30ml.<\/p>\n","protected":false},"featured_media":2396,"template":"","meta":{"ocean_post_layout":"","ocean_both_sidebars_style":"","ocean_both_sidebars_content_width":0,"ocean_both_sidebars_sidebars_width":0,"ocean_sidebar":"0","ocean_second_sidebar":"0","ocean_disable_margins":"enable","ocean_add_body_class":"","ocean_shortcode_before_top_bar":"","ocean_shortcode_after_top_bar":"","ocean_shortcode_before_header":"","ocean_shortcode_after_header":"","ocean_has_shortcode":"","ocean_shortcode_after_title":"","ocean_shortcode_before_footer_widgets":"","ocean_shortcode_after_footer_widgets":"","ocean_shortcode_before_footer_bottom":"","ocean_shortcode_after_footer_bottom":"","ocean_display_top_bar":"default","ocean_display_header":"default","ocean_header_style":"","ocean_center_header_left_menu":"0","ocean_custom_header_template":"0","ocean_custom_logo":0,"ocean_custom_retina_logo":0,"ocean_custom_logo_max_width":0,"ocean_custom_logo_tablet_max_width":0,"ocean_custom_logo_mobile_max_width":0,"ocean_custom_logo_max_height":0,"ocean_custom_logo_tablet_max_height":0,"ocean_custom_logo_mobile_max_height":0,"ocean_header_custom_menu":"0","ocean_menu_typo_font_family":"0","ocean_menu_typo_font_subset":"","ocean_menu_typo_font_size":0,"ocean_menu_typo_font_size_tablet":0,"ocean_menu_typo_font_size_mobile":0,"ocean_menu_typo_font_size_unit":"px","ocean_menu_typo_font_weight":"","ocean_menu_typo_font_weight_tablet":"","ocean_menu_typo_font_weight_mobile":"","ocean_menu_typo_transform":"","ocean_menu_typo_transform_tablet":"","ocean_menu_typo_transform_mobile":"","ocean_menu_typo_line_height":0,"ocean_menu_typo_line_height_tablet":0,"ocean_menu_typo_line_height_mobile":0,"ocean_menu_typo_line_height_unit":"","ocean_menu_typo_spacing":0,"ocean_menu_typo_spacing_tablet":0,"ocean_menu_typo_spacing_mobile":0,"ocean_menu_typo_spacing_unit":"","ocean_menu_link_color":"","ocean_menu_link_color_hover":"","ocean_menu_link_color_active":"","ocean_menu_link_background":"","ocean_menu_link_hover_background":"","ocean_menu_link_active_background":"","ocean_menu_social_links_bg":"","ocean_menu_social_hover_links_bg":"","ocean_menu_social_links_color":"","ocean_menu_social_hover_links_color":"","ocean_disable_title":"default","ocean_disable_heading":"default","ocean_post_title":"","ocean_post_subheading":"","ocean_post_title_style":"","ocean_post_title_background_color":"","ocean_post_title_background":0,"ocean_post_title_bg_image_position":"","ocean_post_title_bg_image_attachment":"","ocean_post_title_bg_image_repeat":"","ocean_post_title_bg_image_size":"","ocean_post_title_height":0,"ocean_post_title_bg_overlay":0.5,"ocean_post_title_bg_overlay_color":"","ocean_disable_breadcrumbs":"default","ocean_breadcrumbs_color":"","ocean_breadcrumbs_separator_color":"","ocean_breadcrumbs_links_color":"","ocean_breadcrumbs_links_hover_color":"","ocean_display_footer_widgets":"default","ocean_display_footer_bottom":"default","ocean_custom_footer_template":"0"},"product_brand":[53],"product_cat":[71],"product_tag":[],"class_list":{"0":"post-2395","1":"product","2":"type-product","3":"status-publish","4":"has-post-thumbnail","6":"product_brand-cevenaromes","7":"product_cat-huiles-essentielles","9":"entry","10":"has-media","12":"first","13":"instock","14":"shipping-taxable","15":"purchasable","16":"product-type-simple","17":"has-product-nav","18":"col","19":"span_1_of_4","20":"owp-content-center","21":"owp-thumbs-layout-horizontal","22":"owp-btn-normal","23":"owp-tabs-layout-horizontal","24":"has-no-thumbnails"},"_links":{"self":[{"href":"https:\/\/pierredelune-sceaux.fr\/index.php\/wp-json\/wp\/v2\/product\/2395","targetHints":{"allow":["GET"]}}],"collection":[{"href":"https:\/\/pierredelune-sceaux.fr\/index.php\/wp-json\/wp\/v2\/product"}],"about":[{"href":"https:\/\/pierredelune-sceaux.fr\/index.php\/wp-json\/wp\/v2\/types\/product"}],"wp:featuredmedia":[{"embeddable":true,"href":"https:\/\/pierredelune-sceaux.fr\/index.php\/wp-json\/wp\/v2\/media\/2396"}],"wp:attachment":[{"href":"https:\/\/pierredelune-sceaux.fr\/index.php\/wp-json\/wp\/v2\/media?parent=2395"}],"wp:term":[{"taxonomy":"product_brand","embeddable":true,"href":"https:\/\/pierredelune-sceaux.fr\/index.php\/wp-json\/wp\/v2\/product_brand?post=2395"},{"taxonomy":"product_cat","embeddable":true,"href":"https:\/\/pierredelune-sceaux.fr\/index.php\/wp-json\/wp\/v2\/product_cat?post=2395"},{"taxonomy":"product_tag","embeddable":true,"href":"https:\/\/pierredelune-sceaux.fr\/index.php\/wp-json\/wp\/v2\/product_tag?post=2395"}],"curies":[{"name":"wp","href":"https:\/\/api.w.org\/{rel}","templated":true}]}}